{"id":10028,"date":"2021-08-26T16:55:45","date_gmt":"2021-08-26T21:55:45","guid":{"rendered":"https:\/\/www.medellin.gov.co\/es\/?page_id=10028"},"modified":"2025-07-15T12:32:04","modified_gmt":"2025-07-15T17:32:04","slug":"politica-publica-de-equidad-de-genero","status":"publish","type":"page","link":"https:\/\/www.medellin.gov.co\/es\/secretaria-mujeres\/politica-publica-de-equidad-de-genero\/","title":{"rendered":"Pol\u00edtica P\u00fablica para la Igualdad de G\u00e9nero de las Mujeres Urbanas y Rurales de Medell\u00edn"},"content":{"rendered":"\t\t<div data-elementor-type=\"wp-page\" data-elementor-id=\"10028\" class=\"elementor elementor-10028\">\n\t\t\t\t\t\t<div class=\"elementor-inner\">\n\t\t\t\t<div class=\"elementor-section-wrap\">\n\t\t\t\t\t\t\t\t\t<section class=\"elementor-section elementor-top-section elementor-element elementor-element-dcf8de7 elementor-section-boxed elementor-section-height-default elementor-section-height-default\" data-id=\"dcf8de7\" data-element_type=\"section\">\n\t\t\t\t\t\t<div class=\"elementor-container elementor-column-gap-default\">\n\t\t\t\t\t\t\t<div class=\"elementor-row\">\n\t\t\t\t\t<div class=\"elementor-column elementor-col-100 elementor-top-column elementor-element elementor-element-e95d0bd\" data-id=\"e95d0bd\" data-element_type=\"column\">\n\t\t\t<div class=\"elementor-column-wrap elementor-element-populated\">\n\t\t\t\t\t\t\t<div class=\"elementor-widget-wrap\">\n\t\t\t\t\t\t<div class=\"elementor-element elementor-element-91b57b4 elementor-widget elementor-widget-heading\" data-id=\"91b57b4\" data-element_type=\"widget\" data-widget_type=\"heading.default\">\n\t\t\t\t<div class=\"elementor-widget-container\">\n\t\t\t<h1 class=\"elementor-heading-title elementor-size-default\">Pol\u00edtica P\u00fablica para la Igualdad de G\u00e9nero de las Mujeres Urbanas y Rurales de Medell\u00edn<\/h1>\t\t<\/div>\n\t\t\t\t<\/div>\n\t\t\t\t<div class=\"elementor-element elementor-element-5890464 elementor-widget elementor-widget-text-editor\" data-id=\"5890464\" data-element_type=\"widget\" data-widget_type=\"text-editor.default\">\n\t\t\t\t<div class=\"elementor-widget-container\">\n\t\t\t\t\t\t\t\t<div class=\"elementor-text-editor elementor-clearfix\">\n\t\t\t\t<p>La Pol\u00edtica P\u00fablica para la Igualdad de G\u00e9nero de las Mujeres Urbanas y Rurales de Medell\u00edn, fue creada desde una amplia participaci\u00f3n ciudadana, con el prop\u00f3sito de atender los intereses y solucionar las problem\u00e1ticas y las necesidades m\u00e1s sentidas de las mujeres de la ciudad.<\/p>\t\t\t\t\t<\/div>\n\t\t\t\t\t\t<\/div>\n\t\t\t\t<\/div>\n\t\t\t\t<div class=\"elementor-element elementor-element-7ce6015 elementor-mobile-align-center elementor-widget elementor-widget-button\" data-id=\"7ce6015\" data-element_type=\"widget\" data-widget_type=\"button.default\">\n\t\t\t\t<div class=\"elementor-widget-container\">\n\t\t\t\t\t<div class=\"elementor-button-wrapper\">\n\t\t\t<a href=\"https:\/\/www.medellin.gov.co\/normograma\/docs\/astrea\/docs\/D_ALCAMED_0841_2020.htm\" target=\"_blank\" class=\"elementor-button-link elementor-button elementor-size-sm\" role=\"button\">\n\t\t\t\t\t\t<span class=\"elementor-button-content-wrapper\">\n\t\t\t\t\t\t<span class=\"elementor-button-text\">Conoce el decreto de la pol\u00edtica<\/span>\n\t\t<\/span>\n\t\t\t\t\t<\/a>\n\t\t<\/div>\n\t\t\t\t<\/div>\n\t\t\t\t<\/div>\n\t\t\t\t<section class=\"elementor-section elementor-inner-section elementor-element elementor-element-7e270ce elementor-reverse-tablet elementor-reverse-mobile elementor-section-boxed elementor-section-height-default elementor-section-height-default\" data-id=\"7e270ce\" data-element_type=\"section\">\n\t\t\t\t\t\t<div class=\"elementor-container elementor-column-gap-default\">\n\t\t\t\t\t\t\t<div class=\"elementor-row\">\n\t\t\t\t\t<div class=\"elementor-column elementor-col-50 elementor-inner-column elementor-element elementor-element-91a611e\" data-id=\"91a611e\" data-element_type=\"column\">\n\t\t\t<div class=\"elementor-column-wrap elementor-element-populated\">\n\t\t\t\t\t\t\t<div class=\"elementor-widget-wrap\">\n\t\t\t\t\t\t<div class=\"elementor-element elementor-element-736fab9 elementor-widget elementor-widget-image\" data-id=\"736fab9\" data-element_type=\"widget\" data-widget_type=\"image.default\">\n\t\t\t\t<div class=\"elementor-widget-container\">\n\t\t\t\t\t\t\t\t<div class=\"elementor-image\">\n\t\t\t\t\t\t\t\t\t\t\t\t<img width=\"1200\" height=\"800\" src=\"https:\/\/www.medellin.gov.co\/es\/wp-content\/uploads\/2021\/08\/mujer-tocando-flauta.jpg\" class=\"attachment-full size-full\" alt=\"Mujer tocando flauta\" loading=\"lazy\" srcset=\"https:\/\/www.medellin.gov.co\/es\/wp-content\/uploads\/2021\/08\/mujer-tocando-flauta.jpg 1200w, https:\/\/www.medellin.gov.co\/es\/wp-content\/uploads\/2021\/08\/mujer-tocando-flauta-300x200.jpg 300w, https:\/\/www.medellin.gov.co\/es\/wp-content\/uploads\/2021\/08\/mujer-tocando-flauta-1024x683.jpg 1024w, https:\/\/www.medellin.gov.co\/es\/wp-content\/uploads\/2021\/08\/mujer-tocando-flauta-150x100.jpg 150w, https:\/\/www.medellin.gov.co\/es\/wp-content\/uploads\/2021\/08\/mujer-tocando-flauta-768x512.jpg 768w\" sizes=\"(max-width: 1200px) 100vw, 1200px\" \/>\t\t\t\t\t\t\t\t\t\t\t\t\t\t<\/div>\n\t\t\t\t\t\t<\/div>\n\t\t\t\t<\/div>\n\t\t\t\t\t\t<\/div>\n\t\t\t\t\t<\/div>\n\t\t<\/div>\n\t\t\t\t<div class=\"elementor-column elementor-col-50 elementor-inner-column elementor-element elementor-element-ad164c4\" data-id=\"ad164c4\" data-element_type=\"column\">\n\t\t\t<div class=\"elementor-column-wrap elementor-element-populated\">\n\t\t\t\t\t\t\t<div class=\"elementor-widget-wrap\">\n\t\t\t\t\t\t<div class=\"elementor-element elementor-element-cce03ce elementor-widget elementor-widget-text-editor\" data-id=\"cce03ce\" data-element_type=\"widget\" data-widget_type=\"text-editor.default\">\n\t\t\t\t<div class=\"elementor-widget-container\">\n\t\t\t\t\t\t\t\t<div class=\"elementor-text-editor elementor-clearfix\">\n\t\t\t\t<p>Seg\u00fan el Informe \u00ab\u00bfC\u00f3mo Va la Calidad de Vida de las Mujeres de Medell\u00edn?\u00bb, en el 2017, del total de personas en condici\u00f3n de pobreza. un 53,2 % fueron mujeres. Adem\u00e1s, la tasa de desempleo de ellas para 2018 fue de 13,6 % y cuando fueron empleadas ganaron en promedio el 85 % del salario de un hombre.<\/p><p>Para el a\u00f1o 2019, las mujeres dieron mayor importancia a la vivienda en la agenda p\u00fablica. El tema en el que ellas percibieron m\u00e1s desigualdad fue el acceso a salud de calidad y el 43 % expres\u00f3 que en la ciudad \u201chay poco respeto hacia ellas\u201d. A lo anterior se suman los niveles de violencias en su contra, durante el a\u00f1o 2018, el 34 % de las mujeres registraron una agresi\u00f3n en casa y, para el a\u00f1o 2019, se encontr\u00f3 que la mayor ocurrencia de casos se dio por violencias intrafamiliar y sexual (Medell\u00edn C\u00f3mo Vamos, 2019).<\/p>\t\t\t\t\t<\/div>\n\t\t\t\t\t\t<\/div>\n\t\t\t\t<\/div>\n\t\t\t\t\t\t<\/div>\n\t\t\t\t\t<\/div>\n\t\t<\/div>\n\t\t\t\t\t\t\t\t<\/div>\n\t\t\t\t\t<\/div>\n\t\t<\/section>\n\t\t\t\t<div class=\"elementor-element elementor-element-dcd6971 elementor-widget elementor-widget-text-editor\" data-id=\"dcd6971\" data-element_type=\"widget\" data-widget_type=\"text-editor.default\">\n\t\t\t\t<div class=\"elementor-widget-container\">\n\t\t\t\t\t\t\t\t<div class=\"elementor-text-editor elementor-clearfix\">\n\t\t\t\t<p>Para dar respuesta a estas problem\u00e1ticas y a las necesidades de las ciudadanas de Medell\u00edn, la Pol\u00edtica P\u00fablica integra las dimensiones de autonom\u00eda econ\u00f3mica, educaci\u00f3n, participaci\u00f3n pol\u00edtica, salud, seguridad y vida libre de violencias, y debido al contexto colombiano, incorpor\u00f3 por primera vez la dimensi\u00f3n de paz, con el fin de promover y reconocer iniciativas de paz territorial con enfoque de g\u00e9nero, para la construcci\u00f3n y el logro de una cultura de paz y reconciliaci\u00f3n.<\/p><p>Esta pol\u00edtica actualizada y establecida por el Acuerdo 102 de 2018, inici\u00f3 su ejecuci\u00f3n en 2020 con la instalaci\u00f3n de los comit\u00e9s intersectorial y de interlocuci\u00f3n, conformados por representantes de los sectores p\u00fablicos, privados, la academia y la sociedad civil, quienes en un marco de coordinaci\u00f3n y concertaci\u00f3n de acciones contribuyen al cumplimiento del Plan Estrat\u00e9gico de Igualdad, instrumento dise\u00f1ado para la implementaci\u00f3n y seguimiento de dicha pol\u00edtica p\u00fablica.<\/p>\t\t\t\t\t<\/div>\n\t\t\t\t\t\t<\/div>\n\t\t\t\t<\/div>\n\t\t\t\t<div class=\"elementor-element elementor-element-1fe1cce elementor-mobile-align-center elementor-widget elementor-widget-button\" data-id=\"1fe1cce\" data-element_type=\"widget\" data-widget_type=\"button.default\">\n\t\t\t\t<div class=\"elementor-widget-container\">\n\t\t\t\t\t<div class=\"elementor-button-wrapper\">\n\t\t\t<a href=\"https:\/\/www.medellin.gov.co\/normograma\/docs\/astrea\/docs\/a_conmed_0102_2018.htm\" target=\"_blank\" class=\"elementor-button-link elementor-button elementor-size-sm\" role=\"button\">\n\t\t\t\t\t\t<span class=\"elementor-button-content-wrapper\">\n\t\t\t\t\t\t<span class=\"elementor-button-text\">Descarga el acuerdo<\/span>\n\t\t<\/span>\n\t\t\t\t\t<\/a>\n\t\t<\/div>\n\t\t\t\t<\/div>\n\t\t\t\t<\/div>\n\t\t\t\t<div class=\"elementor-element elementor-element-af2de4b elementor-widget elementor-widget-heading\" data-id=\"af2de4b\" data-element_type=\"widget\" data-widget_type=\"heading.default\">\n\t\t\t\t<div class=\"elementor-widget-container\">\n\t\t\t<h2 class=\"elementor-heading-title elementor-size-default\"><b>Dimensiones<\/b> de la Pol\u00edtica P\u00fablica de Equidad de G\u00e9nero<\/h2>\t\t<\/div>\n\t\t\t\t<\/div>\n\t\t\t\t<div class=\"elementor-element elementor-element-af43754 elementor-widget elementor-widget-text-editor\" data-id=\"af43754\" data-element_type=\"widget\" data-widget_type=\"text-editor.default\">\n\t\t\t\t<div class=\"elementor-widget-container\">\n\t\t\t\t\t\t\t\t<div class=\"elementor-text-editor elementor-clearfix\">\n\t\t\t\t<ul><li>Autonom\u00eda econ\u00f3mica<\/li><li>Educaci\u00f3n<\/li><li>Seguridad y vida libre de violencias<\/li><li>Salud<\/li><li>Participaci\u00f3n social y pol\u00edtica<\/li><li>Paz<\/li><\/ul>\t\t\t\t\t<\/div>\n\t\t\t\t\t\t<\/div>\n\t\t\t\t<\/div>\n\t\t\t\t<div class=\"elementor-element elementor-element-1b8c25c elementor-mobile-align-left elementor-hidden-mobile elementor-widget elementor-widget-button\" data-id=\"1b8c25c\" data-element_type=\"widget\" data-widget_type=\"button.default\">\n\t\t\t\t<div class=\"elementor-widget-container\">\n\t\t\t\t\t<div class=\"elementor-button-wrapper\">\n\t\t\t<a href=\"https:\/\/www.medellin.gov.co\/es\/centro-documental\/plan-estrategico-para-la-igualdad-de-genero\/\" target=\"_blank\" class=\"elementor-button-link elementor-button elementor-size-sm\" role=\"button\">\n\t\t\t\t\t\t<span class=\"elementor-button-content-wrapper\">\n\t\t\t\t\t\t<span class=\"elementor-button-text\">Conoce el plan estrat\u00e9gico de igualdad<\/span>\n\t\t<\/span>\n\t\t\t\t\t<\/a>\n\t\t<\/div>\n\t\t\t\t<\/div>\n\t\t\t\t<\/div>\n\t\t\t\t<div class=\"elementor-element elementor-element-65b19eb elementor-mobile-align-left elementor-hidden-desktop elementor-hidden-tablet elementor-widget elementor-widget-button\" data-id=\"65b19eb\" data-element_type=\"widget\" data-widget_type=\"button.default\">\n\t\t\t\t<div class=\"elementor-widget-container\">\n\t\t\t\t\t<div class=\"elementor-button-wrapper\">\n\t\t\t<a href=\"https:\/\/www.medellin.gov.co\/es\/centro-documental\/plan-estrategico-para-la-igualdad-de-genero\/\" target=\"_blank\" class=\"elementor-button-link elementor-button elementor-size-sm\" role=\"button\">\n\t\t\t\t\t\t<span class=\"elementor-button-content-wrapper\">\n\t\t\t\t\t\t<span class=\"elementor-button-text\">Conoce el Plan Estrat\u00e9gico de Igualdad<\/span>\n\t\t<\/span>\n\t\t\t\t\t<\/a>\n\t\t<\/div>\n\t\t\t\t<\/div>\n\t\t\t\t<\/div>\n\t\t\t\t\t\t<\/div>\n\t\t\t\t\t<\/div>\n\t\t<\/div>\n\t\t\t\t\t\t\t\t<\/div>\n\t\t\t\t\t<\/div>\n\t\t<\/section>\n\t\t\t\t\t\t\t\t\t<\/div>\n\t\t\t<\/div>\n\t\t\t\t\t<\/div>\n\t\t","protected":false},"excerpt":{"rendered":"<p>Pol\u00edtica P\u00fablica para la Igualdad de G\u00e9nero de las Mujeres Urbanas y Rurales de Medell\u00edn La Pol\u00edtica P\u00fablica para la Igualdad de G\u00e9nero de las Mujeres Urbanas y Rurales de Medell\u00edn, fue creada desde una &#8230;<\/p>\n","protected":false},"author":1,"featured_media":428442,"parent":8736,"menu_order":20,"comment_status":"closed","ping_status":"closed","template":"sec-mujeres\/elementor.php","meta":[],"acf":[],"_links":{"self":[{"href":"https:\/\/www.medellin.gov.co\/es\/wp-json\/wp\/v2\/pages\/10028"}],"collection":[{"href":"https:\/\/www.medellin.gov.co\/es\/wp-json\/wp\/v2\/pages"}],"about":[{"href":"https:\/\/www.medellin.gov.co\/es\/wp-json\/wp\/v2\/types\/page"}],"author":[{"embeddable":true,"href":"https:\/\/www.medellin.gov.co\/es\/wp-json\/wp\/v2\/users\/1"}],"replies":[{"embeddable":true,"href":"https:\/\/www.medellin.gov.co\/es\/wp-json\/wp\/v2\/comments?post=10028"}],"version-history":[{"count":10,"href":"https:\/\/www.medellin.gov.co\/es\/wp-json\/wp\/v2\/pages\/10028\/revisions"}],"predecessor-version":[{"id":428464,"href":"https:\/\/www.medellin.gov.co\/es\/wp-json\/wp\/v2\/pages\/10028\/revisions\/428464"}],"up":[{"embeddable":true,"href":"https:\/\/www.medellin.gov.co\/es\/wp-json\/wp\/v2\/pages\/8736"}],"wp:featuredmedia":[{"embeddable":true,"href":"https:\/\/www.medellin.gov.co\/es\/wp-json\/wp\/v2\/media\/428442"}],"wp:attachment":[{"href":"https:\/\/www.medellin.gov.co\/es\/wp-json\/wp\/v2\/media?parent=10028"}],"curies":[{"name":"wp","href":"https:\/\/api.w.org\/{rel}","templated":true}]}}