{"id":10205,"date":"2021-08-27T11:04:43","date_gmt":"2021-08-27T16:04:43","guid":{"rendered":"https:\/\/www.medellin.gov.co\/es\/?page_id=10205"},"modified":"2025-07-15T12:49:21","modified_gmt":"2025-07-15T17:49:21","slug":"grupos-y-colectivos","status":"publish","type":"page","link":"https:\/\/www.medellin.gov.co\/es\/secretaria-mujeres\/grupos-y-colectivos\/","title":{"rendered":"Historias de grupos y colectivos de mujeres de Medell\u00edn"},"content":{"rendered":"\t\t<div data-elementor-type=\"wp-page\" data-elementor-id=\"10205\" class=\"elementor elementor-10205\">\n\t\t\t\t\t\t<div class=\"elementor-inner\">\n\t\t\t\t<div class=\"elementor-section-wrap\">\n\t\t\t\t\t\t\t\t\t<section class=\"elementor-section elementor-top-section elementor-element elementor-element-6318e31 elementor-section-boxed elementor-section-height-default elementor-section-height-default\" data-id=\"6318e31\" data-element_type=\"section\">\n\t\t\t\t\t\t<div class=\"elementor-container elementor-column-gap-default\">\n\t\t\t\t\t\t\t<div class=\"elementor-row\">\n\t\t\t\t\t<div class=\"elementor-column elementor-col-100 elementor-top-column elementor-element elementor-element-4b3bd0e\" data-id=\"4b3bd0e\" data-element_type=\"column\">\n\t\t\t<div class=\"elementor-column-wrap elementor-element-populated\">\n\t\t\t\t\t\t\t<div class=\"elementor-widget-wrap\">\n\t\t\t\t\t\t<div class=\"elementor-element elementor-element-cd80b3c elementor-widget elementor-widget-heading\" data-id=\"cd80b3c\" data-element_type=\"widget\" data-widget_type=\"heading.default\">\n\t\t\t\t<div class=\"elementor-widget-container\">\n\t\t\t<h1 class=\"elementor-heading-title elementor-size-default\">Historias de grupos y colectivos de mujeres de Medell\u00edn<\/h1>\t\t<\/div>\n\t\t\t\t<\/div>\n\t\t\t\t<section class=\"elementor-section elementor-inner-section elementor-element elementor-element-e9b1d93 elementor-reverse-tablet elementor-reverse-mobile elementor-section-boxed elementor-section-height-default elementor-section-height-default\" data-id=\"e9b1d93\" data-element_type=\"section\">\n\t\t\t\t\t\t<div class=\"elementor-container elementor-column-gap-default\">\n\t\t\t\t\t\t\t<div class=\"elementor-row\">\n\t\t\t\t\t<div class=\"elementor-column elementor-col-50 elementor-inner-column elementor-element elementor-element-d606076\" data-id=\"d606076\" data-element_type=\"column\">\n\t\t\t<div class=\"elementor-column-wrap elementor-element-populated\">\n\t\t\t\t\t\t\t<div class=\"elementor-widget-wrap\">\n\t\t\t\t\t\t<div class=\"elementor-element elementor-element-7412989 elementor-widget elementor-widget-image\" data-id=\"7412989\" data-element_type=\"widget\" data-widget_type=\"image.default\">\n\t\t\t\t<div class=\"elementor-widget-container\">\n\t\t\t\t\t\t\t\t<div class=\"elementor-image\">\n\t\t\t\t\t\t\t\t\t\t\t\t<img width=\"1024\" height=\"683\" src=\"https:\/\/www.medellin.gov.co\/es\/wp-content\/uploads\/2021\/10\/colectivo-evento.jpeg\" class=\"attachment-full size-full\" alt=\"Colectivo en evento\" loading=\"lazy\" srcset=\"https:\/\/www.medellin.gov.co\/es\/wp-content\/uploads\/2021\/10\/colectivo-evento.jpeg 1024w, https:\/\/www.medellin.gov.co\/es\/wp-content\/uploads\/2021\/10\/colectivo-evento-300x200.jpeg 300w, https:\/\/www.medellin.gov.co\/es\/wp-content\/uploads\/2021\/10\/colectivo-evento-150x100.jpeg 150w, https:\/\/www.medellin.gov.co\/es\/wp-content\/uploads\/2021\/10\/colectivo-evento-768x512.jpeg 768w\" sizes=\"(max-width: 1024px) 100vw, 1024px\" \/>\t\t\t\t\t\t\t\t\t\t\t\t\t\t<\/div>\n\t\t\t\t\t\t<\/div>\n\t\t\t\t<\/div>\n\t\t\t\t\t\t<\/div>\n\t\t\t\t\t<\/div>\n\t\t<\/div>\n\t\t\t\t<div class=\"elementor-column elementor-col-50 elementor-inner-column elementor-element elementor-element-c2b576c\" data-id=\"c2b576c\" data-element_type=\"column\">\n\t\t\t<div class=\"elementor-column-wrap elementor-element-populated\">\n\t\t\t\t\t\t\t<div class=\"elementor-widget-wrap\">\n\t\t\t\t\t\t<div class=\"elementor-element elementor-element-6c2637b elementor-widget elementor-widget-text-editor\" data-id=\"6c2637b\" data-element_type=\"widget\" data-widget_type=\"text-editor.default\">\n\t\t\t\t<div class=\"elementor-widget-container\">\n\t\t\t\t\t\t\t\t<div class=\"elementor-text-editor elementor-clearfix\">\n\t\t\t\t<p>Desde la estrategia tambi\u00e9n se fomenta la pedagog\u00eda para la paz y la visibilizaci\u00f3n de mujeres lideresas que aportan a la reconciliaci\u00f3n de las comunidades.<\/p><p>Desde la Subsecretar\u00eda de Derechos de la Secretar\u00eda de las Mujeres, a trav\u00e9s del equipo de Participaci\u00f3n Social y Pol\u00edtica, se cuenta con la estrategia de empoderamiento y liderazgo. Durante todo el a\u00f1o se realizan diversas acciones de sensibilizaci\u00f3n, talleres y asistencia t\u00e9cnica a colectivos y grupos de mujeres con el objetivo de apoyar su incidencia, participaci\u00f3n e igualdad, en los espacios donde se construye el destino de las comunidades.<\/p><p>A continuaci\u00f3n, encontrar\u00e1s algunas de las historias de vida de las integrantes de los grupos y colectivos de mujeres de Medell\u00edn.<\/p>\t\t\t\t\t<\/div>\n\t\t\t\t\t\t<\/div>\n\t\t\t\t<\/div>\n\t\t\t\t\t\t<\/div>\n\t\t\t\t\t<\/div>\n\t\t<\/div>\n\t\t\t\t\t\t\t\t<\/div>\n\t\t\t\t\t<\/div>\n\t\t<\/section>\n\t\t\t\t<div class=\"elementor-element elementor-element-b2515af elementor-widget elementor-widget-heading\" data-id=\"b2515af\" data-element_type=\"widget\" data-widget_type=\"heading.default\">\n\t\t\t\t<div class=\"elementor-widget-container\">\n\t\t\t<h2 class=\"elementor-heading-title elementor-size-default\"><b>Isabela Gil<\/b><\/h2>\t\t<\/div>\n\t\t\t\t<\/div>\n\t\t\t\t<section class=\"elementor-section elementor-inner-section elementor-element elementor-element-496d810 elementor-section-boxed elementor-section-height-default elementor-section-height-default\" data-id=\"496d810\" data-element_type=\"section\">\n\t\t\t\t\t\t<div class=\"elementor-container elementor-column-gap-default\">\n\t\t\t\t\t\t\t<div class=\"elementor-row\">\n\t\t\t\t\t<div class=\"elementor-column elementor-col-50 elementor-inner-column elementor-element elementor-element-99bae90\" data-id=\"99bae90\" data-element_type=\"column\">\n\t\t\t<div class=\"elementor-column-wrap elementor-element-populated\">\n\t\t\t\t\t\t\t<div class=\"elementor-widget-wrap\">\n\t\t\t\t\t\t<div class=\"elementor-element elementor-element-bee6993 elementor-widget elementor-widget-text-editor\" data-id=\"bee6993\" data-element_type=\"widget\" data-widget_type=\"text-editor.default\">\n\t\t\t\t<div class=\"elementor-widget-container\">\n\t\t\t\t\t\t\t\t<div class=\"elementor-text-editor elementor-clearfix\">\n\t\t\t\t<p>\u00a1Con la ciencia, las ni\u00f1as y las mujeres avanzamos!<\/p><p>Iniciamos los recorridos pedag\u00f3gicos que buscan acercar a las ni\u00f1as y adolescentes a la ciencia, como parte de las estrategias implementadas por la Secretar\u00eda de las Mujeres en el marco de la conmemoraci\u00f3n del mes por los derechos de las mujeres.<\/p><p>El martes 9 de marzo, Isabela Gil se prepar\u00f3 para asistir de manera presencial al colegio, el modelo de alternancia le ha permitido volver a disfrutar de la compa\u00f1\u00eda de sus amigas Treicy \u00c1vila y Sof\u00eda Osorio, alumnas de sexto grado de la Instituci\u00f3n Educativa Asamblea Departamental. En esta oportunidad, salieron de las aulas para llegar al Planetario de Medell\u00edn.<\/p>\t\t\t\t\t<\/div>\n\t\t\t\t\t\t<\/div>\n\t\t\t\t<\/div>\n\t\t\t\t\t\t<\/div>\n\t\t\t\t\t<\/div>\n\t\t<\/div>\n\t\t\t\t<div class=\"elementor-column elementor-col-50 elementor-inner-column elementor-element elementor-element-a5fc846\" data-id=\"a5fc846\" data-element_type=\"column\">\n\t\t\t<div class=\"elementor-column-wrap elementor-element-populated\">\n\t\t\t\t\t\t\t<div class=\"elementor-widget-wrap\">\n\t\t\t\t\t\t<div class=\"elementor-element elementor-element-bc3abca elementor-widget elementor-widget-image\" data-id=\"bc3abca\" data-element_type=\"widget\" data-widget_type=\"image.default\">\n\t\t\t\t<div class=\"elementor-widget-container\">\n\t\t\t\t\t\t\t\t<div class=\"elementor-image\">\n\t\t\t\t\t\t\t\t\t\t\t\t<img width=\"1200\" height=\"800\" src=\"https:\/\/www.medellin.gov.co\/es\/wp-content\/uploads\/2021\/08\/isabela-gil.jpg\" class=\"attachment-full size-full\" alt=\"Isabela Gil\" loading=\"lazy\" srcset=\"https:\/\/www.medellin.gov.co\/es\/wp-content\/uploads\/2021\/08\/isabela-gil.jpg 1200w, https:\/\/www.medellin.gov.co\/es\/wp-content\/uploads\/2021\/08\/isabela-gil-300x200.jpg 300w, https:\/\/www.medellin.gov.co\/es\/wp-content\/uploads\/2021\/08\/isabela-gil-1024x683.jpg 1024w, https:\/\/www.medellin.gov.co\/es\/wp-content\/uploads\/2021\/08\/isabela-gil-150x100.jpg 150w, https:\/\/www.medellin.gov.co\/es\/wp-content\/uploads\/2021\/08\/isabela-gil-768x512.jpg 768w\" sizes=\"(max-width: 1200px) 100vw, 1200px\" \/>\t\t\t\t\t\t\t\t\t\t\t\t\t\t<\/div>\n\t\t\t\t\t\t<\/div>\n\t\t\t\t<\/div>\n\t\t\t\t\t\t<\/div>\n\t\t\t\t\t<\/div>\n\t\t<\/div>\n\t\t\t\t\t\t\t\t<\/div>\n\t\t\t\t\t<\/div>\n\t\t<\/section>\n\t\t\t\t<div class=\"elementor-element elementor-element-9c8c4b7 elementor-widget elementor-widget-text-editor\" data-id=\"9c8c4b7\" data-element_type=\"widget\" data-widget_type=\"text-editor.default\">\n\t\t\t\t<div class=\"elementor-widget-container\">\n\t\t\t\t\t\t\t\t<div class=\"elementor-text-editor elementor-clearfix\">\n\t\t\t\t<p>A todas les gusta la ciencia, Sof\u00eda sue\u00f1a con viajar por el universo, a Treicy tambi\u00e9n le gustar\u00eda ser astronauta, mientras que Isabela prefiere el conocimiento de nuestro planeta y dice que quiere ser bi\u00f3loga marina para proteger a los animales de ese ecosistema.<\/p><p>Isabela es hija \u00fanica, su madre hace tortas para vender por encargos y su padre trabaja en construcci\u00f3n. Ella cree que las mujeres, tanto como los hombres, tenemos derecho a ser lo que queramos. \u201cEn Medell\u00edn no hay mar, pero yo estoy segura de que puedo ser bi\u00f3loga marina a pesar de eso, porque me gusta mucho experimentar, hacer experimentos y poco a poco puedo cumplir mi sue\u00f1o\u201d, cuenta que cuando comparte su sue\u00f1o, algunas personas le dicen que es dif\u00edcil de lograr, pero ella sigue convencida de que lo realizar\u00e1.<\/p><p>Uno de los prop\u00f3sitos de esta acci\u00f3n es la estimulaci\u00f3n vocacional para adolescentes, mediante la apropiaci\u00f3n de espacios de ciudad como el Parque Explora, Planetario y la Universidad de Antioquia. \u201cQueremos que las ni\u00f1as y adolescentes sean aut\u00f3nomas y libres para elegir su futuro, que crean en sus capacidades y no tengan temor para decidirse por carreras como las ciencias, las matem\u00e1ticas, las ingenier\u00edas y las tecnolog\u00edas\u201d, agreg\u00f3 la secretaria de las Mujeres, qui\u00e9n acompa\u00f1\u00f3 el recorrido de las estudiantes.<\/p><p>Isabela particip\u00f3 con mucho entusiasmo en las diferentes actividades y disfrut\u00f3 de cada uno de los juegos relacionados con la ciencia. \u201cMe sal\u00ed divirtiendo, vi muchos juegos que no eran juegos como tal, porque ten\u00edan una explicaci\u00f3n relacionada con el espacio, con el universo, con el n\u00facleo de la tierra, tornados y cosas as\u00ed\u201d.<\/p>\t\t\t\t\t<\/div>\n\t\t\t\t\t\t<\/div>\n\t\t\t\t<\/div>\n\t\t\t\t<section class=\"elementor-section elementor-inner-section elementor-element elementor-element-d78a780 elementor-section-boxed elementor-section-height-default elementor-section-height-default\" data-id=\"d78a780\" data-element_type=\"section\">\n\t\t\t\t\t\t<div class=\"elementor-container elementor-column-gap-default\">\n\t\t\t\t\t\t\t<div class=\"elementor-row\">\n\t\t\t\t\t<div class=\"elementor-column elementor-col-50 elementor-inner-column elementor-element elementor-element-7bae294\" data-id=\"7bae294\" data-element_type=\"column\">\n\t\t\t<div class=\"elementor-column-wrap elementor-element-populated\">\n\t\t\t\t\t\t\t<div class=\"elementor-widget-wrap\">\n\t\t\t\t\t\t<div class=\"elementor-element elementor-element-5599c99 elementor-widget elementor-widget-image\" data-id=\"5599c99\" data-element_type=\"widget\" data-widget_type=\"image.default\">\n\t\t\t\t<div class=\"elementor-widget-container\">\n\t\t\t\t\t\t\t\t<div class=\"elementor-image\">\n\t\t\t\t\t\t\t\t\t\t\t\t<img width=\"1024\" height=\"682\" src=\"https:\/\/www.medellin.gov.co\/es\/wp-content\/uploads\/2021\/10\/recorrido-parque-explora.jpg\" class=\"attachment-full size-full\" alt=\"Recorrido en Parque Explora\" loading=\"lazy\" srcset=\"https:\/\/www.medellin.gov.co\/es\/wp-content\/uploads\/2021\/10\/recorrido-parque-explora.jpg 1024w, https:\/\/www.medellin.gov.co\/es\/wp-content\/uploads\/2021\/10\/recorrido-parque-explora-300x200.jpg 300w, https:\/\/www.medellin.gov.co\/es\/wp-content\/uploads\/2021\/10\/recorrido-parque-explora-150x100.jpg 150w, https:\/\/www.medellin.gov.co\/es\/wp-content\/uploads\/2021\/10\/recorrido-parque-explora-768x512.jpg 768w\" sizes=\"(max-width: 1024px) 100vw, 1024px\" \/>\t\t\t\t\t\t\t\t\t\t\t\t\t\t<\/div>\n\t\t\t\t\t\t<\/div>\n\t\t\t\t<\/div>\n\t\t\t\t\t\t<\/div>\n\t\t\t\t\t<\/div>\n\t\t<\/div>\n\t\t\t\t<div class=\"elementor-column elementor-col-50 elementor-inner-column elementor-element elementor-element-8b9f6b4\" data-id=\"8b9f6b4\" data-element_type=\"column\">\n\t\t\t<div class=\"elementor-column-wrap elementor-element-populated\">\n\t\t\t\t\t\t\t<div class=\"elementor-widget-wrap\">\n\t\t\t\t\t\t<div class=\"elementor-element elementor-element-d9cffa0 elementor-widget elementor-widget-text-editor\" data-id=\"d9cffa0\" data-element_type=\"widget\" data-widget_type=\"text-editor.default\">\n\t\t\t\t<div class=\"elementor-widget-container\">\n\t\t\t\t\t\t\t\t<div class=\"elementor-text-editor elementor-clearfix\">\n\t\t\t\t<p><span style=\"color: var( --e-global-color-text ); font-family: var( --e-global-typography-text-font-family ), Sans-serif; font-size: var( --e-global-typography-text-font-size ); font-weight: var( --e-global-typography-text-font-weight );\">Como Isabela otras 140 ni\u00f1as de siete instituciones educativas vivir\u00e1n esta experiencia, que tal como se\u00f1ala la secretaria de las Mujeres: \u201cesperamos que sea significativa, no s\u00f3lo porque las llene de conocimiento, sino porque las ponga a pensar sobre lo que significa ser ni\u00f1a en una ciudad como Medell\u00edn\u201d.<\/span><\/p><p>Las estudiantes conocieron las historias de mujeres cient\u00edficas desde Hipatia de Alejandr\u00eda, hasta las que se destacan hoy por sus aportes al conocimiento del universo. \u201cMe pareci\u00f3 muy divertida la actividad, es una experiencia inolvidable, ser\u00eda bueno que todas las personas pudieran acceder a este lugar y pudieran aprender lo que nosotras aprendimos\u201d, agreg\u00f3 Isabela.<span style=\"color: var( --e-global-color-text ); font-family: var( --e-global-typography-text-font-family ), Sans-serif; font-size: var( --e-global-typography-text-font-size ); font-weight: var( --e-global-typography-text-font-weight );\"><br \/><\/span><\/p>\t\t\t\t\t<\/div>\n\t\t\t\t\t\t<\/div>\n\t\t\t\t<\/div>\n\t\t\t\t\t\t<\/div>\n\t\t\t\t\t<\/div>\n\t\t<\/div>\n\t\t\t\t\t\t\t\t<\/div>\n\t\t\t\t\t<\/div>\n\t\t<\/section>\n\t\t\t\t<div class=\"elementor-element elementor-element-2e64f18 elementor-widget elementor-widget-text-editor\" data-id=\"2e64f18\" data-element_type=\"widget\" data-widget_type=\"text-editor.default\">\n\t\t\t\t<div class=\"elementor-widget-container\">\n\t\t\t\t\t\t\t\t<div class=\"elementor-text-editor elementor-clearfix\">\n\t\t\t\t<p><span style=\"color: var( --e-global-color-text ); font-family: var( --e-global-typography-text-font-family ), Sans-serif; font-size: var( --e-global-typography-text-font-size ); font-weight: var( --e-global-typography-text-font-weight );\">Al finalizar, la secretaria las invit\u00f3 a compartir lo aprendido con las dem\u00e1s compa\u00f1eras para que \u201ccuando est\u00e9n viendo las mujeres que nos mostraron ese mundo, que nos se\u00f1alaron las estrellas y nos las acercaron, no dejen de pensar en que nosotras hacemos parte del cambio que requiere la sociedad para que sea m\u00e1s justa, sea m\u00e1s igualitaria y haya m\u00e1s equidad entre hombres y mujeres\u201d.<\/span><\/p><p>Los recorridos continuar\u00e1n durante este mes e incluye a estudiantes de instituciones educativas de los diferentes corregimientos de Medell\u00edn.<\/p>\t\t\t\t\t<\/div>\n\t\t\t\t\t\t<\/div>\n\t\t\t\t<\/div>\n\t\t\t\t<div class=\"elementor-element elementor-element-aad9157 elementor-widget elementor-widget-heading\" data-id=\"aad9157\" data-element_type=\"widget\" data-widget_type=\"heading.default\">\n\t\t\t\t<div class=\"elementor-widget-container\">\n\t\t\t<h2 class=\"elementor-heading-title elementor-size-default\"><b>Sofia Correa<\/b><\/h2>\t\t<\/div>\n\t\t\t\t<\/div>\n\t\t\t\t<section class=\"elementor-section elementor-inner-section elementor-element elementor-element-a82e79d elementor-section-boxed elementor-section-height-default elementor-section-height-default\" data-id=\"a82e79d\" data-element_type=\"section\">\n\t\t\t\t\t\t<div class=\"elementor-container elementor-column-gap-default\">\n\t\t\t\t\t\t\t<div class=\"elementor-row\">\n\t\t\t\t\t<div class=\"elementor-column elementor-col-50 elementor-inner-column elementor-element elementor-element-70988e4\" data-id=\"70988e4\" data-element_type=\"column\">\n\t\t\t<div class=\"elementor-column-wrap elementor-element-populated\">\n\t\t\t\t\t\t\t<div class=\"elementor-widget-wrap\">\n\t\t\t\t\t\t<div class=\"elementor-element elementor-element-4c16e32 elementor-widget elementor-widget-text-editor\" data-id=\"4c16e32\" data-element_type=\"widget\" data-widget_type=\"text-editor.default\">\n\t\t\t\t<div class=\"elementor-widget-container\">\n\t\t\t\t\t\t\t\t<div class=\"elementor-text-editor elementor-clearfix\">\n\t\t\t\t<p><span style=\"font-weight: 400;\">Las ni\u00f1as de Medell\u00edn construyen su futuro con ciencia.<\/span><\/p><p>Sof\u00eda Correa est\u00e1 en sexto grado en la Instituci\u00f3n Educativa Ciudadela Nuevo Occidente, a su corta edad ya desarrolla actividades relacionadas con las ciencias naturales. El recorrido pedag\u00f3gico en el que participaron Sof\u00eda y sus compa\u00f1eras de clase en el Parque Explora y el Planetario en marzo, ratific\u00f3 en ella su deseo de ser bi\u00f3loga.<\/p><p>Desde 2018 tiene un proyecto sobre los ar\u00e1cnidos para crear consciencia de la importancia de cuidar estos seres vivos, en sus propias palabras: \u201cson muy importantes para el ecosistema porque nos protegen de algunas enfermedades como el chikungu\u00f1a y el dengue, comi\u00e9ndose otros insectos que transmiten estas enfermedades que nos causan la muerte\u201d.<\/p>\t\t\t\t\t<\/div>\n\t\t\t\t\t\t<\/div>\n\t\t\t\t<\/div>\n\t\t\t\t\t\t<\/div>\n\t\t\t\t\t<\/div>\n\t\t<\/div>\n\t\t\t\t<div class=\"elementor-column elementor-col-50 elementor-inner-column elementor-element elementor-element-4dd2cce\" data-id=\"4dd2cce\" data-element_type=\"column\">\n\t\t\t<div class=\"elementor-column-wrap elementor-element-populated\">\n\t\t\t\t\t\t\t<div class=\"elementor-widget-wrap\">\n\t\t\t\t\t\t<div class=\"elementor-element elementor-element-919bbf2 elementor-widget elementor-widget-image\" data-id=\"919bbf2\" data-element_type=\"widget\" data-widget_type=\"image.default\">\n\t\t\t\t<div class=\"elementor-widget-container\">\n\t\t\t\t\t\t\t\t<div class=\"elementor-image\">\n\t\t\t\t\t\t\t\t\t\t\t\t<img width=\"1200\" height=\"857\" src=\"https:\/\/www.medellin.gov.co\/es\/wp-content\/uploads\/2021\/08\/nina-planetario.jpg\" class=\"attachment-full size-full\" alt=\"Ni\u00f1a en el Planetario\" loading=\"lazy\" srcset=\"https:\/\/www.medellin.gov.co\/es\/wp-content\/uploads\/2021\/08\/nina-planetario.jpg 1200w, https:\/\/www.medellin.gov.co\/es\/wp-content\/uploads\/2021\/08\/nina-planetario-300x214.jpg 300w, https:\/\/www.medellin.gov.co\/es\/wp-content\/uploads\/2021\/08\/nina-planetario-1024x731.jpg 1024w, https:\/\/www.medellin.gov.co\/es\/wp-content\/uploads\/2021\/08\/nina-planetario-150x107.jpg 150w, https:\/\/www.medellin.gov.co\/es\/wp-content\/uploads\/2021\/08\/nina-planetario-768x548.jpg 768w\" sizes=\"(max-width: 1200px) 100vw, 1200px\" \/>\t\t\t\t\t\t\t\t\t\t\t\t\t\t<\/div>\n\t\t\t\t\t\t<\/div>\n\t\t\t\t<\/div>\n\t\t\t\t\t\t<\/div>\n\t\t\t\t\t<\/div>\n\t\t<\/div>\n\t\t\t\t\t\t\t\t<\/div>\n\t\t\t\t\t<\/div>\n\t\t<\/section>\n\t\t\t\t<div class=\"elementor-element elementor-element-9ca0b96 elementor-widget elementor-widget-text-editor\" data-id=\"9ca0b96\" data-element_type=\"widget\" data-widget_type=\"text-editor.default\">\n\t\t\t\t<div class=\"elementor-widget-container\">\n\t\t\t\t\t\t\t\t<div class=\"elementor-text-editor elementor-clearfix\">\n\t\t\t\t<p>Ya hab\u00eda estado en el Planetario, lo visitaba cuando estaba muy peque\u00f1a, pero esta vez disfrut\u00f3 mucho m\u00e1s su visita, \u201clo que m\u00e1s me gust\u00f3 del recorrido fue conocer sobre los planetas, la teor\u00eda del Big Bang y c\u00f3mo se crearon los planetas\u201d. Sof\u00eda sue\u00f1a con ser bi\u00f3loga porque quiere aprender sobre la naturaleza de los seres vivos y, desde ya, se visualiza como una cient\u00edfica reconocida mundialmente.<\/p><p>Los recorridos pedag\u00f3gicos buscan acercar a las ni\u00f1as y adolescentes a la ciencia, como parte de las estrategias implementadas por la Secretar\u00eda de las Mujeres en el marco de la conmemoraci\u00f3n del mes por los derechos de las mujeres.<\/p>\t\t\t\t\t<\/div>\n\t\t\t\t\t\t<\/div>\n\t\t\t\t<\/div>\n\t\t\t\t<section class=\"elementor-section elementor-inner-section elementor-element elementor-element-2676737 elementor-reverse-tablet elementor-reverse-mobile elementor-section-boxed elementor-section-height-default elementor-section-height-default\" data-id=\"2676737\" data-element_type=\"section\">\n\t\t\t\t\t\t<div class=\"elementor-container elementor-column-gap-default\">\n\t\t\t\t\t\t\t<div class=\"elementor-row\">\n\t\t\t\t\t<div class=\"elementor-column elementor-col-50 elementor-inner-column elementor-element elementor-element-be45913\" data-id=\"be45913\" data-element_type=\"column\">\n\t\t\t<div class=\"elementor-column-wrap elementor-element-populated\">\n\t\t\t\t\t\t\t<div class=\"elementor-widget-wrap\">\n\t\t\t\t\t\t<div class=\"elementor-element elementor-element-7eff03c elementor-widget elementor-widget-image\" data-id=\"7eff03c\" data-element_type=\"widget\" data-widget_type=\"image.default\">\n\t\t\t\t<div class=\"elementor-widget-container\">\n\t\t\t\t\t\t\t\t<div class=\"elementor-image\">\n\t\t\t\t\t\t\t\t\t\t\t\t<img width=\"1200\" height=\"800\" src=\"https:\/\/www.medellin.gov.co\/es\/wp-content\/uploads\/2021\/08\/nina-evento.jpg\" class=\"attachment-full size-full\" alt=\"Ni\u00f1a en evento\" loading=\"lazy\" srcset=\"https:\/\/www.medellin.gov.co\/es\/wp-content\/uploads\/2021\/08\/nina-evento.jpg 1200w, https:\/\/www.medellin.gov.co\/es\/wp-content\/uploads\/2021\/08\/nina-evento-300x200.jpg 300w, https:\/\/www.medellin.gov.co\/es\/wp-content\/uploads\/2021\/08\/nina-evento-1024x683.jpg 1024w, https:\/\/www.medellin.gov.co\/es\/wp-content\/uploads\/2021\/08\/nina-evento-150x100.jpg 150w, https:\/\/www.medellin.gov.co\/es\/wp-content\/uploads\/2021\/08\/nina-evento-768x512.jpg 768w\" sizes=\"(max-width: 1200px) 100vw, 1200px\" \/>\t\t\t\t\t\t\t\t\t\t\t\t\t\t<\/div>\n\t\t\t\t\t\t<\/div>\n\t\t\t\t<\/div>\n\t\t\t\t\t\t<\/div>\n\t\t\t\t\t<\/div>\n\t\t<\/div>\n\t\t\t\t<div class=\"elementor-column elementor-col-50 elementor-inner-column elementor-element elementor-element-273781c\" data-id=\"273781c\" data-element_type=\"column\">\n\t\t\t<div class=\"elementor-column-wrap elementor-element-populated\">\n\t\t\t\t\t\t\t<div class=\"elementor-widget-wrap\">\n\t\t\t\t\t\t<div class=\"elementor-element elementor-element-b7ab7bd elementor-widget elementor-widget-text-editor\" data-id=\"b7ab7bd\" data-element_type=\"widget\" data-widget_type=\"text-editor.default\">\n\t\t\t\t<div class=\"elementor-widget-container\">\n\t\t\t\t\t\t\t\t<div class=\"elementor-text-editor elementor-clearfix\">\n\t\t\t\t<p>Para la secretaria, es muy significativo poder ense\u00f1ar a las ni\u00f1as referentes de mujeres que han hecho grandes aportes a la humanidad a trav\u00e9s de la ciencia, incluso en el \u00e1mbito local, pues \u201cese acceso a la educaci\u00f3n, incluyendo tambi\u00e9n actividades extracurriculares como \u00e9stas, permite que las mujeres nos empoderemos y accedamos a mejores oportunidades laborales\u201d.<\/p><p>Sof\u00eda quiso dejar un mensaje a las ni\u00f1as que como ella est\u00e1n creciendo en la ciudad: \u201cyo le dir\u00eda a esas ni\u00f1as que sue\u00f1an ser algo en un futuro, a las ni\u00f1as de Medell\u00edn y todo el mundo, que sigan sus sue\u00f1os, que no importan las adversidades ni los obst\u00e1culos, siempre los podemos pasar luchando por ellos\u201d.<\/p><p>En el mismo sentido, la secretaria expres\u00f3: \u201cqueremos que ustedes ni\u00f1as, sean en un ma\u00f1ana mujeres aut\u00f3nomas, libres y que vivan sin miedo\u201d.<\/p>\t\t\t\t\t<\/div>\n\t\t\t\t\t\t<\/div>\n\t\t\t\t<\/div>\n\t\t\t\t\t\t<\/div>\n\t\t\t\t\t<\/div>\n\t\t<\/div>\n\t\t\t\t\t\t\t\t<\/div>\n\t\t\t\t\t<\/div>\n\t\t<\/section>\n\t\t\t\t\t\t<\/div>\n\t\t\t\t\t<\/div>\n\t\t<\/div>\n\t\t\t\t\t\t\t\t<\/div>\n\t\t\t\t\t<\/div>\n\t\t<\/section>\n\t\t\t\t\t\t\t\t\t<\/div>\n\t\t\t<\/div>\n\t\t\t\t\t<\/div>\n\t\t","protected":false},"excerpt":{"rendered":"<p>Historias de grupos y colectivos de mujeres de Medell\u00edn Desde la estrategia tambi\u00e9n se fomenta la pedagog\u00eda para la paz y la visibilizaci\u00f3n de mujeres lideresas que aportan a la reconciliaci\u00f3n de las comunidades. Desde &#8230;<\/p>\n","protected":false},"author":1,"featured_media":428442,"parent":8736,"menu_order":25,"comment_status":"closed","ping_status":"closed","template":"sec-mujeres\/elementor.php","meta":[],"acf":[],"_links":{"self":[{"href":"https:\/\/www.medellin.gov.co\/es\/wp-json\/wp\/v2\/pages\/10205"}],"collection":[{"href":"https:\/\/www.medellin.gov.co\/es\/wp-json\/wp\/v2\/pages"}],"about":[{"href":"https:\/\/www.medellin.gov.co\/es\/wp-json\/wp\/v2\/types\/page"}],"author":[{"embeddable":true,"href":"https:\/\/www.medellin.gov.co\/es\/wp-json\/wp\/v2\/users\/1"}],"replies":[{"embeddable":true,"href":"https:\/\/www.medellin.gov.co\/es\/wp-json\/wp\/v2\/comments?post=10205"}],"version-history":[{"count":10,"href":"https:\/\/www.medellin.gov.co\/es\/wp-json\/wp\/v2\/pages\/10205\/revisions"}],"predecessor-version":[{"id":428470,"href":"https:\/\/www.medellin.gov.co\/es\/wp-json\/wp\/v2\/pages\/10205\/revisions\/428470"}],"up":[{"embeddable":true,"href":"https:\/\/www.medellin.gov.co\/es\/wp-json\/wp\/v2\/pages\/8736"}],"wp:featuredmedia":[{"embeddable":true,"href":"https:\/\/www.medellin.gov.co\/es\/wp-json\/wp\/v2\/media\/428442"}],"wp:attachment":[{"href":"https:\/\/www.medellin.gov.co\/es\/wp-json\/wp\/v2\/media?parent=10205"}],"curies":[{"name":"wp","href":"https:\/\/api.w.org\/{rel}","templated":true}]}}