{"id":10223,"date":"2021-08-27T11:48:57","date_gmt":"2021-08-27T16:48:57","guid":{"rendered":"https:\/\/www.medellin.gov.co\/es\/?page_id=10223"},"modified":"2025-07-15T12:50:22","modified_gmt":"2025-07-15T17:50:22","slug":"mujeres-rurales","status":"publish","type":"page","link":"https:\/\/www.medellin.gov.co\/es\/secretaria-mujeres\/mujeres-rurales\/","title":{"rendered":"Historias de mujeres rurales de Medell\u00edn\u200b"},"content":{"rendered":"\t\t<div data-elementor-type=\"wp-page\" data-elementor-id=\"10223\" class=\"elementor elementor-10223\">\n\t\t\t\t\t\t<div class=\"elementor-inner\">\n\t\t\t\t<div class=\"elementor-section-wrap\">\n\t\t\t\t\t\t\t\t\t<section class=\"elementor-section elementor-top-section elementor-element elementor-element-fb4d4ce elementor-section-boxed elementor-section-height-default elementor-section-height-default\" data-id=\"fb4d4ce\" data-element_type=\"section\">\n\t\t\t\t\t\t<div class=\"elementor-container elementor-column-gap-default\">\n\t\t\t\t\t\t\t<div class=\"elementor-row\">\n\t\t\t\t\t<div class=\"elementor-column elementor-col-100 elementor-top-column elementor-element elementor-element-fdade7a\" data-id=\"fdade7a\" data-element_type=\"column\">\n\t\t\t<div class=\"elementor-column-wrap elementor-element-populated\">\n\t\t\t\t\t\t\t<div class=\"elementor-widget-wrap\">\n\t\t\t\t\t\t<div class=\"elementor-element elementor-element-1ac5e43 elementor-widget elementor-widget-heading\" data-id=\"1ac5e43\" data-element_type=\"widget\" data-widget_type=\"heading.default\">\n\t\t\t\t<div class=\"elementor-widget-container\">\n\t\t\t<h1 class=\"elementor-heading-title elementor-size-default\">Historias de mujeres rurales de Medell\u00edn<\/h1>\t\t<\/div>\n\t\t\t\t<\/div>\n\t\t\t\t<section class=\"elementor-section elementor-inner-section elementor-element elementor-element-96afca7 elementor-reverse-tablet elementor-reverse-mobile elementor-section-boxed elementor-section-height-default elementor-section-height-default\" data-id=\"96afca7\" data-element_type=\"section\">\n\t\t\t\t\t\t<div class=\"elementor-container elementor-column-gap-default\">\n\t\t\t\t\t\t\t<div class=\"elementor-row\">\n\t\t\t\t\t<div class=\"elementor-column elementor-col-50 elementor-inner-column elementor-element elementor-element-8c960f2\" data-id=\"8c960f2\" data-element_type=\"column\">\n\t\t\t<div class=\"elementor-column-wrap elementor-element-populated\">\n\t\t\t\t\t\t\t<div class=\"elementor-widget-wrap\">\n\t\t\t\t\t\t<div class=\"elementor-element elementor-element-bfd6fb4 elementor-widget elementor-widget-image\" data-id=\"bfd6fb4\" data-element_type=\"widget\" data-widget_type=\"image.default\">\n\t\t\t\t<div class=\"elementor-widget-container\">\n\t\t\t\t\t\t\t\t<div class=\"elementor-image\">\n\t\t\t\t\t\t\t\t\t\t\t\t<img width=\"1024\" height=\"682\" src=\"https:\/\/www.medellin.gov.co\/es\/wp-content\/uploads\/2021\/10\/historias-de-mujeres-rurales.jpg\" class=\"attachment-full size-full\" alt=\"Historias de mujeres rurales\" loading=\"lazy\" srcset=\"https:\/\/www.medellin.gov.co\/es\/wp-content\/uploads\/2021\/10\/historias-de-mujeres-rurales.jpg 1024w, https:\/\/www.medellin.gov.co\/es\/wp-content\/uploads\/2021\/10\/historias-de-mujeres-rurales-300x200.jpg 300w, https:\/\/www.medellin.gov.co\/es\/wp-content\/uploads\/2021\/10\/historias-de-mujeres-rurales-150x100.jpg 150w, https:\/\/www.medellin.gov.co\/es\/wp-content\/uploads\/2021\/10\/historias-de-mujeres-rurales-768x512.jpg 768w\" sizes=\"(max-width: 1024px) 100vw, 1024px\" \/>\t\t\t\t\t\t\t\t\t\t\t\t\t\t<\/div>\n\t\t\t\t\t\t<\/div>\n\t\t\t\t<\/div>\n\t\t\t\t\t\t<\/div>\n\t\t\t\t\t<\/div>\n\t\t<\/div>\n\t\t\t\t<div class=\"elementor-column elementor-col-50 elementor-inner-column elementor-element elementor-element-2fe58e3\" data-id=\"2fe58e3\" data-element_type=\"column\">\n\t\t\t<div class=\"elementor-column-wrap elementor-element-populated\">\n\t\t\t\t\t\t\t<div class=\"elementor-widget-wrap\">\n\t\t\t\t\t\t<div class=\"elementor-element elementor-element-a0e8846 elementor-widget elementor-widget-text-editor\" data-id=\"a0e8846\" data-element_type=\"widget\" data-widget_type=\"text-editor.default\">\n\t\t\t\t<div class=\"elementor-widget-container\">\n\t\t\t\t\t\t\t\t<div class=\"elementor-text-editor elementor-clearfix\">\n\t\t\t\t<p>Desde la Secretar\u00eda destacamos los liderazgos de las mujeres rurales y su importancia para la construcci\u00f3n de una Medell\u00edn Futuro con igualdad.<\/p><p>Garantizar que las mujeres tengan las mismas oportunidades para el goce efectivo de sus derechos, que ninguna sufra discriminaci\u00f3n en raz\u00f3n de su identidad de g\u00e9nero, sexual, \u00e9tnico &#8211; racial, territorial, condici\u00f3n pol\u00edtica y ciclo de vida, para lograr la igualdad entre hombres y mujeres en el Municipio de Medell\u00edn (Acuerdo 102 de 2018, Concejo de Medell\u00edn), es el objetivo de la Pol\u00edtica P\u00fablica de Igualdad de G\u00e9nero para las Mujeres Urbanas y Rurales de Medell\u00edn.<\/p><p>A continuaci\u00f3n, encontrar\u00e1s algunas de las historias de vida de las mujeres rurales de Medell\u00edn.<\/p>\t\t\t\t\t<\/div>\n\t\t\t\t\t\t<\/div>\n\t\t\t\t<\/div>\n\t\t\t\t\t\t<\/div>\n\t\t\t\t\t<\/div>\n\t\t<\/div>\n\t\t\t\t\t\t\t\t<\/div>\n\t\t\t\t\t<\/div>\n\t\t<\/section>\n\t\t\t\t<div class=\"elementor-element elementor-element-fd706a0 elementor-widget elementor-widget-heading\" data-id=\"fd706a0\" data-element_type=\"widget\" data-widget_type=\"heading.default\">\n\t\t\t\t<div class=\"elementor-widget-container\">\n\t\t\t<h2 class=\"elementor-heading-title elementor-size-default\"><b>Rosita Turizo<\/b><\/h2>\t\t<\/div>\n\t\t\t\t<\/div>\n\t\t\t\t<section class=\"elementor-section elementor-inner-section elementor-element elementor-element-d4ed7cc elementor-section-boxed elementor-section-height-default elementor-section-height-default\" data-id=\"d4ed7cc\" data-element_type=\"section\">\n\t\t\t\t\t\t<div class=\"elementor-container elementor-column-gap-default\">\n\t\t\t\t\t\t\t<div class=\"elementor-row\">\n\t\t\t\t\t<div class=\"elementor-column elementor-col-50 elementor-inner-column elementor-element elementor-element-90037e1\" data-id=\"90037e1\" data-element_type=\"column\">\n\t\t\t<div class=\"elementor-column-wrap elementor-element-populated\">\n\t\t\t\t\t\t\t<div class=\"elementor-widget-wrap\">\n\t\t\t\t\t\t<div class=\"elementor-element elementor-element-a70d2dc elementor-widget elementor-widget-text-editor\" data-id=\"a70d2dc\" data-element_type=\"widget\" data-widget_type=\"text-editor.default\">\n\t\t\t\t<div class=\"elementor-widget-container\">\n\t\t\t\t\t\t\t\t<div class=\"elementor-text-editor elementor-clearfix\">\n\t\t\t\t<p><span style=\"font-weight: 400;\">\u00a1Gracias, Rosita Turizo!<\/span><\/p><p>Que tu legado se multiplique con cada mujer que goce de sus derechos.<\/p><p>El 8 de julio de 2020 falleci\u00f3 Rosa Turizo una de las sufragistas colombianas, las que lograron que el 1 de diciembre de 1957 las mujeres ejercieran por primera vez el derecho al voto en Colombia. Rosita no solo trabaj\u00f3 para que las mujeres accedieran al derecho al sufragio, tambi\u00e9n se destac\u00f3 por su lucha para mejorar las condiciones laborales y el acceso de las mujeres a la educaci\u00f3n superior.<\/p><p>Naci\u00f3 en Medell\u00edn el 1\u00ba de agosto de 1929. Se gradu\u00f3 de la Universidad de Antioquia como la primera abogada y fue cofundadora de las universidades de Medell\u00edn, en 1950, y Aut\u00f3noma Latinoamericana, en 1966, de la cual fue presidenta. Ocup\u00f3 el cargo de fiscal en el Tribunal Superior de Medell\u00edn y en 1987 fue precandidata a la Alcald\u00eda de Medell\u00edn por el Partido Liberal.<\/p>\t\t\t\t\t<\/div>\n\t\t\t\t\t\t<\/div>\n\t\t\t\t<\/div>\n\t\t\t\t\t\t<\/div>\n\t\t\t\t\t<\/div>\n\t\t<\/div>\n\t\t\t\t<div class=\"elementor-column elementor-col-50 elementor-inner-column elementor-element elementor-element-9b04dd5\" data-id=\"9b04dd5\" data-element_type=\"column\">\n\t\t\t<div class=\"elementor-column-wrap elementor-element-populated\">\n\t\t\t\t\t\t\t<div class=\"elementor-widget-wrap\">\n\t\t\t\t\t\t<div class=\"elementor-element elementor-element-3b11020 elementor-widget elementor-widget-image\" data-id=\"3b11020\" data-element_type=\"widget\" data-widget_type=\"image.default\">\n\t\t\t\t<div class=\"elementor-widget-container\">\n\t\t\t\t\t\t\t\t<div class=\"elementor-image\">\n\t\t\t\t\t\t\t\t\t\t\t\t<img width=\"1024\" height=\"768\" src=\"https:\/\/www.medellin.gov.co\/es\/wp-content\/uploads\/2021\/08\/silleta-rosita-turizo.jpg\" class=\"attachment-full size-full\" alt=\"Silleta de agradecimiento a Rosit Turizo\" loading=\"lazy\" srcset=\"https:\/\/www.medellin.gov.co\/es\/wp-content\/uploads\/2021\/08\/silleta-rosita-turizo.jpg 1024w, https:\/\/www.medellin.gov.co\/es\/wp-content\/uploads\/2021\/08\/silleta-rosita-turizo-300x225.jpg 300w, https:\/\/www.medellin.gov.co\/es\/wp-content\/uploads\/2021\/08\/silleta-rosita-turizo-150x113.jpg 150w, https:\/\/www.medellin.gov.co\/es\/wp-content\/uploads\/2021\/08\/silleta-rosita-turizo-768x576.jpg 768w\" sizes=\"(max-width: 1024px) 100vw, 1024px\" \/>\t\t\t\t\t\t\t\t\t\t\t\t\t\t<\/div>\n\t\t\t\t\t\t<\/div>\n\t\t\t\t<\/div>\n\t\t\t\t\t\t<\/div>\n\t\t\t\t\t<\/div>\n\t\t<\/div>\n\t\t\t\t\t\t\t\t<\/div>\n\t\t\t\t\t<\/div>\n\t\t<\/section>\n\t\t\t\t<div class=\"elementor-element elementor-element-18e8656 elementor-widget elementor-widget-text-editor\" data-id=\"18e8656\" data-element_type=\"widget\" data-widget_type=\"text-editor.default\">\n\t\t\t\t<div class=\"elementor-widget-container\">\n\t\t\t\t\t\t\t\t<div class=\"elementor-text-editor elementor-clearfix\">\n\t\t\t\t<p>Tambi\u00e9n fue candidata a la Asamblea Nacional Constituyente de 1991 e hizo parte de la fundaci\u00f3n de la Uni\u00f3n de Ciudadanas de Colombia en 1957, creada con el fin de que las mujeres ejercieran el derecho a la ciudadan\u00eda plena.<\/p>\t\t\t\t\t<\/div>\n\t\t\t\t\t\t<\/div>\n\t\t\t\t<\/div>\n\t\t\t\t<div class=\"elementor-element elementor-element-02104a3 elementor-widget elementor-widget-image\" data-id=\"02104a3\" data-element_type=\"widget\" data-widget_type=\"image.default\">\n\t\t\t\t<div class=\"elementor-widget-container\">\n\t\t\t\t\t\t\t\t<div class=\"elementor-image\">\n\t\t\t\t\t\t\t\t\t\t\t\t<img width=\"1200\" height=\"800\" src=\"https:\/\/www.medellin.gov.co\/es\/wp-content\/uploads\/2021\/08\/busto-rosita-turizo.jpg\" class=\"attachment-full size-full\" alt=\"Busto de Rosita Turizo\" loading=\"lazy\" srcset=\"https:\/\/www.medellin.gov.co\/es\/wp-content\/uploads\/2021\/08\/busto-rosita-turizo.jpg 1200w, https:\/\/www.medellin.gov.co\/es\/wp-content\/uploads\/2021\/08\/busto-rosita-turizo-300x200.jpg 300w, https:\/\/www.medellin.gov.co\/es\/wp-content\/uploads\/2021\/08\/busto-rosita-turizo-1024x683.jpg 1024w, https:\/\/www.medellin.gov.co\/es\/wp-content\/uploads\/2021\/08\/busto-rosita-turizo-150x100.jpg 150w, https:\/\/www.medellin.gov.co\/es\/wp-content\/uploads\/2021\/08\/busto-rosita-turizo-768x512.jpg 768w\" sizes=\"(max-width: 1200px) 100vw, 1200px\" \/>\t\t\t\t\t\t\t\t\t\t\t\t\t\t<\/div>\n\t\t\t\t\t\t<\/div>\n\t\t\t\t<\/div>\n\t\t\t\t<div class=\"elementor-element elementor-element-d149c56 elementor-widget elementor-widget-text-editor\" data-id=\"d149c56\" data-element_type=\"widget\" data-widget_type=\"text-editor.default\">\n\t\t\t\t<div class=\"elementor-widget-container\">\n\t\t\t\t\t\t\t\t<div class=\"elementor-text-editor elementor-clearfix\">\n\t\t\t\t<p>Rosita trabaj\u00f3 para que las mujeres accedieran al voto, porque seg\u00fan dec\u00eda: \u201cno \u00e9ramos ciudadanas de verdad, cre\u00edamos que deb\u00edamos defender la ciudadan\u00eda de las mujeres y llevarla a la mente de las mujeres. Sent\u00ed mucha alegr\u00eda y se re\u00eda de m\u00ed el esposo, me dec\u00eda que por qu\u00e9 tan contenta. Ese momento fue muy importante y muy maravilloso porque quer\u00edamos ser ciudadanas de verdad\u201d.<\/p><p>El pasado 25 de agosto en articulaci\u00f3n con la gestora social Diana Osorio y la Secretar\u00eda de Cultura Ciudadana, rendimos homenaje a Rosita Turizo en el marco de los 66 a\u00f1os de la aprobaci\u00f3n del acto legislativo que permiti\u00f3 el derecho al voto de las mujeres en el pa\u00eds.<\/p><p>En el paseo La Playa, donde permanece la escultura en su honor, Margarita Trujillo Turizo, su hija, recibi\u00f3 una ofrenda floral y una placa conmemorativa que exalta el legado de su mam\u00e1.<\/p>\t\t\t\t\t<\/div>\n\t\t\t\t\t\t<\/div>\n\t\t\t\t<\/div>\n\t\t\t\t<div class=\"elementor-element elementor-element-26c7c1a elementor-widget elementor-widget-image\" data-id=\"26c7c1a\" data-element_type=\"widget\" data-widget_type=\"image.default\">\n\t\t\t\t<div class=\"elementor-widget-container\">\n\t\t\t\t\t\t\t\t<div class=\"elementor-image\">\n\t\t\t\t\t\t\t\t\t\t\t\t<img width=\"1280\" height=\"853\" src=\"https:\/\/www.medellin.gov.co\/es\/wp-content\/uploads\/2021\/10\/mujeres-en-conferencia.jpg\" class=\"attachment-full size-full\" alt=\"Mujeres en conferencia\" loading=\"lazy\" srcset=\"https:\/\/www.medellin.gov.co\/es\/wp-content\/uploads\/2021\/10\/mujeres-en-conferencia.jpg 1280w, https:\/\/www.medellin.gov.co\/es\/wp-content\/uploads\/2021\/10\/mujeres-en-conferencia-300x200.jpg 300w, https:\/\/www.medellin.gov.co\/es\/wp-content\/uploads\/2021\/10\/mujeres-en-conferencia-1024x682.jpg 1024w, https:\/\/www.medellin.gov.co\/es\/wp-content\/uploads\/2021\/10\/mujeres-en-conferencia-150x100.jpg 150w, https:\/\/www.medellin.gov.co\/es\/wp-content\/uploads\/2021\/10\/mujeres-en-conferencia-768x512.jpg 768w\" sizes=\"(max-width: 1280px) 100vw, 1280px\" \/>\t\t\t\t\t\t\t\t\t\t\t\t\t\t<\/div>\n\t\t\t\t\t\t<\/div>\n\t\t\t\t<\/div>\n\t\t\t\t<div class=\"elementor-element elementor-element-a656944 elementor-widget elementor-widget-heading\" data-id=\"a656944\" data-element_type=\"widget\" data-widget_type=\"heading.default\">\n\t\t\t\t<div class=\"elementor-widget-container\">\n\t\t\t<h2 class=\"elementor-heading-title elementor-size-default\"><b>Rubiela Mesa<\/b><\/h2>\t\t<\/div>\n\t\t\t\t<\/div>\n\t\t\t\t<div class=\"elementor-element elementor-element-a6ec215 elementor-widget elementor-widget-text-editor\" data-id=\"a6ec215\" data-element_type=\"widget\" data-widget_type=\"text-editor.default\">\n\t\t\t\t<div class=\"elementor-widget-container\">\n\t\t\t\t\t\t\t\t<div class=\"elementor-text-editor elementor-clearfix\">\n\t\t\t\t<p>\u201cYo tengo que agradecerle mucho al campo, es el que nos da la comida, para m\u00ed el campo es mi madre\u201d.<\/p><p>Dice Rubiela V\u00e9lez Mesa, l\u00edder de Invernaderos Mujeres Agromedell\u00edn, ubicados en la vereda Media Luna, donde se cultivan y cosechan hortalizas org\u00e1nicas que se comercializan en la ciudad y municipios vecinos.<\/p><p>Nacida en Angel\u00f3polis, donde vivi\u00f3 los primeros a\u00f1os de su vida, luego se traslad\u00f3 a Santa Elena, corregimiento en el que reside hace m\u00e1s de veinte a\u00f1os y donde ha tenido la oportunidad de ver crecer a sus hijos y aplicar todos los conocimientos ancestrales recibidos de parte de su mam\u00e1 y su pap\u00e1.<\/p><p>Comenta que vibra con el olor de la tierra y que en sus jornadas laborales aprovecha para disfrutarla y hacer lo que pocos hacen, \u201cyo la huelo, yo la acaricio, yo me la unto\u201d, dice apasionada y entre carcajadas reafirma el sentimiento de amor que tiene por el elemento que permite que los productos m\u00e1s saludables nazcan y lleguen a nuestras mesas.<\/p><p>La mayor de sus hijas Astrid, describe a su mam\u00e1 como una mujer emprendedora y luchadora y que ve en compartir un componente de la vida; \u201cella naci\u00f3 para servir a los dem\u00e1s\u201d, afirma, y agrega que conectarse con la naturaleza es el sentido de su vida. Rubiela y su familia tambi\u00e9n han tenido que enfrentar la emergencia generada por la COVID-19, acudiendo al buen coraz\u00f3n del campo, cultivan para ofrecerles alimentos a los vecinos que necesitan ayuda.<\/p><p>Ella vibra con el olor a tierra, disfruta la belleza de una orqu\u00eddea, goza los aromas del campo y sonr\u00ede cuando ve las guacharacas comiendo ma\u00edz de los sembrados, as\u00ed es ella una mujer campesina que vislumbra un futuro con un campo valorado y protagonista de nuestra econom\u00eda.<\/p>\t\t\t\t\t<\/div>\n\t\t\t\t\t\t<\/div>\n\t\t\t\t<\/div>\n\t\t\t\t\t\t<\/div>\n\t\t\t\t\t<\/div>\n\t\t<\/div>\n\t\t\t\t\t\t\t\t<\/div>\n\t\t\t\t\t<\/div>\n\t\t<\/section>\n\t\t\t\t\t\t\t\t\t<\/div>\n\t\t\t<\/div>\n\t\t\t\t\t<\/div>\n\t\t","protected":false},"excerpt":{"rendered":"<p>Historias de mujeres rurales de Medell\u00edn Desde la Secretar\u00eda destacamos los liderazgos de las mujeres rurales y su importancia para la construcci\u00f3n de una Medell\u00edn Futuro con igualdad. Garantizar que las mujeres tengan las mismas &#8230;<\/p>\n","protected":false},"author":1,"featured_media":428442,"parent":8736,"menu_order":30,"comment_status":"closed","ping_status":"closed","template":"sec-mujeres\/elementor.php","meta":[],"acf":[],"_links":{"self":[{"href":"https:\/\/www.medellin.gov.co\/es\/wp-json\/wp\/v2\/pages\/10223"}],"collection":[{"href":"https:\/\/www.medellin.gov.co\/es\/wp-json\/wp\/v2\/pages"}],"about":[{"href":"https:\/\/www.medellin.gov.co\/es\/wp-json\/wp\/v2\/types\/page"}],"author":[{"embeddable":true,"href":"https:\/\/www.medellin.gov.co\/es\/wp-json\/wp\/v2\/users\/1"}],"replies":[{"embeddable":true,"href":"https:\/\/www.medellin.gov.co\/es\/wp-json\/wp\/v2\/comments?post=10223"}],"version-history":[{"count":10,"href":"https:\/\/www.medellin.gov.co\/es\/wp-json\/wp\/v2\/pages\/10223\/revisions"}],"predecessor-version":[{"id":428473,"href":"https:\/\/www.medellin.gov.co\/es\/wp-json\/wp\/v2\/pages\/10223\/revisions\/428473"}],"up":[{"embeddable":true,"href":"https:\/\/www.medellin.gov.co\/es\/wp-json\/wp\/v2\/pages\/8736"}],"wp:featuredmedia":[{"embeddable":true,"href":"https:\/\/www.medellin.gov.co\/es\/wp-json\/wp\/v2\/media\/428442"}],"wp:attachment":[{"href":"https:\/\/www.medellin.gov.co\/es\/wp-json\/wp\/v2\/media?parent=10223"}],"curies":[{"name":"wp","href":"https:\/\/api.w.org\/{rel}","templated":true}]}}