{"id":103797,"date":"2022-09-21T14:30:27","date_gmt":"2022-09-21T19:30:27","guid":{"rendered":"https:\/\/www.medellin.gov.co\/es\/?page_id=103797"},"modified":"2026-04-21T13:35:35","modified_gmt":"2026-04-21T18:35:35","slug":"centro-de-estudios","status":"publish","type":"page","link":"https:\/\/www.medellin.gov.co\/es\/secretaria-privada\/conglomerado-publico\/centro-de-estudios\/","title":{"rendered":"Centro de estudios del Conglomerado P\u00fablico de Medell\u00edn"},"content":{"rendered":"\t\t<div data-elementor-type=\"wp-page\" data-elementor-id=\"103797\" class=\"elementor elementor-103797\">\n\t\t\t\t\t\t<div class=\"elementor-inner\">\n\t\t\t\t<div class=\"elementor-section-wrap\">\n\t\t\t\t\t\t\t\t\t<section class=\"elementor-section elementor-top-section elementor-element elementor-element-c53287e elementor-section-boxed elementor-section-height-default elementor-section-height-default\" data-id=\"c53287e\" data-element_type=\"section\">\n\t\t\t\t\t\t<div class=\"elementor-container elementor-column-gap-default\">\n\t\t\t\t\t\t\t<div class=\"elementor-row\">\n\t\t\t\t\t<div class=\"elementor-column elementor-col-100 elementor-top-column elementor-element elementor-element-f3aa111\" data-id=\"f3aa111\" data-element_type=\"column\">\n\t\t\t<div class=\"elementor-column-wrap elementor-element-populated\">\n\t\t\t\t\t\t\t<div class=\"elementor-widget-wrap\">\n\t\t\t\t\t\t<div class=\"elementor-element elementor-element-897b681 elementor-widget elementor-widget-heading\" data-id=\"897b681\" data-element_type=\"widget\" data-widget_type=\"heading.default\">\n\t\t\t\t<div class=\"elementor-widget-container\">\n\t\t\t<h1 class=\"elementor-heading-title elementor-size-default\">Centro de estudios de gobierno corporativo del Conglomerado P\u00fablico de Medell\u00edn<\/h1>\t\t<\/div>\n\t\t\t\t<\/div>\n\t\t\t\t<div class=\"elementor-element elementor-element-ff8506d elementor-widget elementor-widget-heading\" data-id=\"ff8506d\" data-element_type=\"widget\" data-widget_type=\"heading.default\">\n\t\t\t\t<div class=\"elementor-widget-container\">\n\t\t\t<h2 class=\"elementor-heading-title elementor-size-default\"><b>\u00bfQu\u00e9 es?<\/b> el centro de estudios de gobierno corporativo<\/h2>\t\t<\/div>\n\t\t\t\t<\/div>\n\t\t\t\t<div class=\"elementor-element elementor-element-9cecc82 elementor-widget elementor-widget-text-editor\" data-id=\"9cecc82\" data-element_type=\"widget\" data-widget_type=\"text-editor.default\">\n\t\t\t\t<div class=\"elementor-widget-container\">\n\t\t\t\t\t\t\t\t<div class=\"elementor-text-editor elementor-clearfix\">\n\t\t\t\t<p>La Secretar\u00eda Privada a trav\u00e9s del Centro de Estudios de Gobierno Corporativo -CEGC- liderar\u00e1 la realizaci\u00f3n de procesos de formaci\u00f3n, capacitaciones, foros, charlas, investigaciones y publicaciones. Espacios a trav\u00e9s de los cuales se propender\u00e1 por el intercambio de buenas pr\u00e1cticas institucionales, el conocimiento en el Gobierno Corporativo, la comunicaci\u00f3n constante y la colaboraci\u00f3n entre las distintas entidades que conforman el Conglomerado, con miras a promover la articulaci\u00f3n del ente central con sector descentralizado.<\/p>\t\t\t\t\t<\/div>\n\t\t\t\t\t\t<\/div>\n\t\t\t\t<\/div>\n\t\t\t\t<div class=\"elementor-element elementor-element-e2e2d4f elementor-widget elementor-widget-heading\" data-id=\"e2e2d4f\" data-element_type=\"widget\" data-widget_type=\"heading.default\">\n\t\t\t\t<div class=\"elementor-widget-container\">\n\t\t\t<h2 class=\"elementor-heading-title elementor-size-default\"><b>Alcance<\/b> del centro de estudios de gobierno corporativo<\/h2>\t\t<\/div>\n\t\t\t\t<\/div>\n\t\t\t\t<section class=\"elementor-section elementor-inner-section elementor-element elementor-element-faf0a24 elementor-section-boxed elementor-section-height-default elementor-section-height-default\" data-id=\"faf0a24\" data-element_type=\"section\">\n\t\t\t\t\t\t<div class=\"elementor-container elementor-column-gap-default\">\n\t\t\t\t\t\t\t<div class=\"elementor-row\">\n\t\t\t\t\t<div class=\"elementor-column elementor-col-50 elementor-inner-column elementor-element elementor-element-64890a1\" data-id=\"64890a1\" data-element_type=\"column\">\n\t\t\t<div class=\"elementor-column-wrap elementor-element-populated\">\n\t\t\t\t\t\t\t<div class=\"elementor-widget-wrap\">\n\t\t\t\t\t\t<div class=\"elementor-element elementor-element-d1b7b67 elementor-widget elementor-widget-text-editor\" data-id=\"d1b7b67\" data-element_type=\"widget\" data-widget_type=\"text-editor.default\">\n\t\t\t\t<div class=\"elementor-widget-container\">\n\t\t\t\t\t\t\t\t<div class=\"elementor-text-editor elementor-clearfix\">\n\t\t\t\t<p>Es un instrumento que fortalece la formaci\u00f3n y capacitaci\u00f3n de los servidores de las entidades que conforman el Conglomerado P\u00fablico de Medell\u00edn, como un espacio para la gesti\u00f3n del conocimiento en el que a trav\u00e9s del intercambio de informaci\u00f3n estrat\u00e9gica se promueve la eficiencia, eficacia y aprovechamiento de sinergias en la gesti\u00f3n administrativa, garantizando la sostenibilidad en el marco de la autonom\u00eda que les es propia a las diferentes entidades descentralizadas.<\/p>\t\t\t\t\t<\/div>\n\t\t\t\t\t\t<\/div>\n\t\t\t\t<\/div>\n\t\t\t\t\t\t<\/div>\n\t\t\t\t\t<\/div>\n\t\t<\/div>\n\t\t\t\t<div class=\"elementor-column elementor-col-50 elementor-inner-column elementor-element elementor-element-55b7d7f\" data-id=\"55b7d7f\" data-element_type=\"column\">\n\t\t\t<div class=\"elementor-column-wrap elementor-element-populated\">\n\t\t\t\t\t\t\t<div class=\"elementor-widget-wrap\">\n\t\t\t\t\t\t<div class=\"elementor-element elementor-element-d41a005 elementor-widget elementor-widget-image\" data-id=\"d41a005\" data-element_type=\"widget\" data-widget_type=\"image.default\">\n\t\t\t\t<div class=\"elementor-widget-container\">\n\t\t\t\t\t\t\t\t<div class=\"elementor-image\">\n\t\t\t\t\t\t\t\t\t\t\t\t<img width=\"500\" height=\"400\" src=\"https:\/\/www.medellin.gov.co\/es\/wp-content\/uploads\/2022\/02\/20200729_Observatorio.jpg\" class=\"attachment-large size-large\" alt=\"\" loading=\"lazy\" srcset=\"https:\/\/www.medellin.gov.co\/es\/wp-content\/uploads\/2022\/02\/20200729_Observatorio.jpg 500w, https:\/\/www.medellin.gov.co\/es\/wp-content\/uploads\/2022\/02\/20200729_Observatorio-300x240.jpg 300w, https:\/\/www.medellin.gov.co\/es\/wp-content\/uploads\/2022\/02\/20200729_Observatorio-150x120.jpg 150w\" sizes=\"(max-width: 500px) 100vw, 500px\" \/>\t\t\t\t\t\t\t\t\t\t\t\t\t\t<\/div>\n\t\t\t\t\t\t<\/div>\n\t\t\t\t<\/div>\n\t\t\t\t\t\t<\/div>\n\t\t\t\t\t<\/div>\n\t\t<\/div>\n\t\t\t\t\t\t\t\t<\/div>\n\t\t\t\t\t<\/div>\n\t\t<\/section>\n\t\t\t\t<div class=\"elementor-element elementor-element-8912541 elementor-widget elementor-widget-heading\" data-id=\"8912541\" data-element_type=\"widget\" data-widget_type=\"heading.default\">\n\t\t\t\t<div class=\"elementor-widget-container\">\n\t\t\t<h2 class=\"elementor-heading-title elementor-size-default\"><b>Objetivo<\/b> del centro de estudios de gobierno corporativo<\/h2>\t\t<\/div>\n\t\t\t\t<\/div>\n\t\t\t\t<div class=\"elementor-element elementor-element-99362d8 elementor-widget elementor-widget-text-editor\" data-id=\"99362d8\" data-element_type=\"widget\" data-widget_type=\"text-editor.default\">\n\t\t\t\t<div class=\"elementor-widget-container\">\n\t\t\t\t\t\t\t\t<div class=\"elementor-text-editor elementor-clearfix\">\n\t\t\t\t<p>El Centro de Estudios de Gobierno Corporativo -CEGC- tendr\u00e1 como objetivo general coadyuvar en el relacionamiento de las entidades que conforman el Conglomerado P\u00fablico de Medell\u00edn para lograr la articulaci\u00f3n entre el nivel central y descentralizado, a trav\u00e9s de procesos de formaci\u00f3n, capacitaci\u00f3n, investigaci\u00f3n y publicaci\u00f3n de contenidos en materia de Gobierno Corporativo y en temas de inter\u00e9s de la administraci\u00f3n p\u00fablica o afines.<\/p>\t\t\t\t\t<\/div>\n\t\t\t\t\t\t<\/div>\n\t\t\t\t<\/div>\n\t\t\t\t\t\t<\/div>\n\t\t\t\t\t<\/div>\n\t\t<\/div>\n\t\t\t\t\t\t\t\t<\/div>\n\t\t\t\t\t<\/div>\n\t\t<\/section>\n\t\t\t\t<section class=\"elementor-section elementor-top-section elementor-element elementor-element-5b5f2b1 elementor-section-boxed elementor-section-height-default elementor-section-height-default\" data-id=\"5b5f2b1\" data-element_type=\"section\">\n\t\t\t\t\t\t<div class=\"elementor-container elementor-column-gap-default\">\n\t\t\t\t\t\t\t<div class=\"elementor-row\">\n\t\t\t\t\t<div class=\"elementor-column elementor-col-100 elementor-top-column elementor-element elementor-element-73558f6\" data-id=\"73558f6\" data-element_type=\"column\">\n\t\t\t<div class=\"elementor-column-wrap elementor-element-populated\">\n\t\t\t\t\t\t\t<div class=\"elementor-widget-wrap\">\n\t\t\t\t\t\t<div class=\"elementor-element elementor-element-b38d7ae elementor-widget elementor-widget-heading\" data-id=\"b38d7ae\" data-element_type=\"widget\" data-widget_type=\"heading.default\">\n\t\t\t\t<div class=\"elementor-widget-container\">\n\t\t\t<h2 class=\"elementor-heading-title elementor-size-default\"><b>Art\u00edculos<\/b> del centro de estudios de gobierno corporativo<\/h2>\t\t<\/div>\n\t\t\t\t<\/div>\n\t\t\t\t\t\t<\/div>\n\t\t\t\t\t<\/div>\n\t\t<\/div>\n\t\t\t\t\t\t\t\t<\/div>\n\t\t\t\t\t<\/div>\n\t\t<\/section>\n\t\t<div class=\"elementor-element elementor-element-da43c2c e-container--column e-container\" data-id=\"da43c2c\" data-element_type=\"container\">\t\t\t\t<div class=\"elementor-element elementor-element-6f30c80 elementor-widget elementor-widget-spacer\" data-id=\"6f30c80\" data-element_type=\"widget\" data-widget_type=\"spacer.default\">\n\t\t\t\t<div class=\"elementor-widget-container\">\n\t\t\t\t\t<div class=\"elementor-spacer\">\n\t\t\t<div class=\"elementor-spacer-inner\"><\/div>\n\t\t<\/div>\n\t\t\t\t<\/div>\n\t\t\t\t<\/div>\n\t\t<\/div><div class=\"elementor-element elementor-element-db28db5 e-container--column e-container\" data-id=\"db28db5\" data-element_type=\"container\">\t\t\t\t<div class=\"elementor-element elementor-element-7e63d3c elementor-widget elementor-widget-button\" data-id=\"7e63d3c\" data-element_type=\"widget\" data-widget_type=\"button.default\">\n\t\t\t\t<div class=\"elementor-widget-container\">\n\t\t\t\t\t<div class=\"elementor-button-wrapper\">\n\t\t\t<a href=\"https:\/\/www.medellin.gov.co\/es\/wp-content\/uploads\/2026\/04\/Cumplimiento-como-herramienta-en-un-modelo-de-Gerencia-Publica-1.docx\" class=\"elementor-button-link elementor-button elementor-size-sm\" role=\"button\">\n\t\t\t\t\t\t<span class=\"elementor-button-content-wrapper\">\n\t\t\t\t\t\t<span class=\"elementor-button-text\">Modelo de gerencia p\u00fablica<\/span>\n\t\t<\/span>\n\t\t\t\t\t<\/a>\n\t\t<\/div>\n\t\t\t\t<\/div>\n\t\t\t\t<\/div>\n\t\t<\/div>\t\t\t\t\t\t\t<\/div>\n\t\t\t<\/div>\n\t\t\t\t\t<\/div>\n\t\t","protected":false},"excerpt":{"rendered":"<p>Centro de estudios de gobierno corporativo del Conglomerado P\u00fablico de Medell\u00edn \u00bfQu\u00e9 es? el centro de estudios de gobierno corporativo La Secretar\u00eda Privada a trav\u00e9s del Centro de Estudios de Gobierno Corporativo -CEGC- liderar\u00e1 la &#8230;<\/p>\n","protected":false},"author":4,"featured_media":12271,"parent":12362,"menu_order":20,"comment_status":"closed","ping_status":"closed","template":"sec-privada\/elementor-conglomerado.php","meta":[],"acf":[],"_links":{"self":[{"href":"https:\/\/www.medellin.gov.co\/es\/wp-json\/wp\/v2\/pages\/103797"}],"collection":[{"href":"https:\/\/www.medellin.gov.co\/es\/wp-json\/wp\/v2\/pages"}],"about":[{"href":"https:\/\/www.medellin.gov.co\/es\/wp-json\/wp\/v2\/types\/page"}],"author":[{"embeddable":true,"href":"https:\/\/www.medellin.gov.co\/es\/wp-json\/wp\/v2\/users\/4"}],"replies":[{"embeddable":true,"href":"https:\/\/www.medellin.gov.co\/es\/wp-json\/wp\/v2\/comments?post=103797"}],"version-history":[{"count":10,"href":"https:\/\/www.medellin.gov.co\/es\/wp-json\/wp\/v2\/pages\/103797\/revisions"}],"predecessor-version":[{"id":521090,"href":"https:\/\/www.medellin.gov.co\/es\/wp-json\/wp\/v2\/pages\/103797\/revisions\/521090"}],"up":[{"embeddable":true,"href":"https:\/\/www.medellin.gov.co\/es\/wp-json\/wp\/v2\/pages\/12362"}],"wp:featuredmedia":[{"embeddable":true,"href":"https:\/\/www.medellin.gov.co\/es\/wp-json\/wp\/v2\/media\/12271"}],"wp:attachment":[{"href":"https:\/\/www.medellin.gov.co\/es\/wp-json\/wp\/v2\/media?parent=103797"}],"curies":[{"name":"wp","href":"https:\/\/api.w.org\/{rel}","templated":true}]}}