{"id":10383,"date":"2021-08-27T16:27:10","date_gmt":"2021-08-27T21:27:10","guid":{"rendered":"https:\/\/www.medellin.gov.co\/es\/?page_id=10383"},"modified":"2025-07-15T12:51:59","modified_gmt":"2025-07-15T17:51:59","slug":"mujeres-diversas","status":"publish","type":"page","link":"https:\/\/www.medellin.gov.co\/es\/secretaria-mujeres\/mujeres-diversas\/","title":{"rendered":"Historias de las mujeres diversas de Medell\u00edn"},"content":{"rendered":"\t\t<div data-elementor-type=\"wp-page\" data-elementor-id=\"10383\" class=\"elementor elementor-10383\">\n\t\t\t\t\t\t<div class=\"elementor-inner\">\n\t\t\t\t<div class=\"elementor-section-wrap\">\n\t\t\t\t\t\t\t\t\t<section class=\"elementor-section elementor-top-section elementor-element elementor-element-1ccde16 elementor-section-boxed elementor-section-height-default elementor-section-height-default\" data-id=\"1ccde16\" data-element_type=\"section\">\n\t\t\t\t\t\t<div class=\"elementor-container elementor-column-gap-default\">\n\t\t\t\t\t\t\t<div class=\"elementor-row\">\n\t\t\t\t\t<div class=\"elementor-column elementor-col-100 elementor-top-column elementor-element elementor-element-0c79b42\" data-id=\"0c79b42\" data-element_type=\"column\">\n\t\t\t<div class=\"elementor-column-wrap elementor-element-populated\">\n\t\t\t\t\t\t\t<div class=\"elementor-widget-wrap\">\n\t\t\t\t\t\t<div class=\"elementor-element elementor-element-bd24195 elementor-widget elementor-widget-heading\" data-id=\"bd24195\" data-element_type=\"widget\" data-widget_type=\"heading.default\">\n\t\t\t\t<div class=\"elementor-widget-container\">\n\t\t\t<h1 class=\"elementor-heading-title elementor-size-default\">Historias de las mujeres diversas de Medell\u00edn<\/h1>\t\t<\/div>\n\t\t\t\t<\/div>\n\t\t\t\t<div class=\"elementor-element elementor-element-52958b3 elementor-widget elementor-widget-text-editor\" data-id=\"52958b3\" data-element_type=\"widget\" data-widget_type=\"text-editor.default\">\n\t\t\t\t<div class=\"elementor-widget-container\">\n\t\t\t\t\t\t\t\t<div class=\"elementor-text-editor elementor-clearfix\">\n\t\t\t\t<p>Desde la Secretar\u00eda destacamos los liderazgos de las mujeres diversas y su importancia para la construcci\u00f3n de una Medell\u00edn Futuro con igualdad.<\/p><p>Garantizar que las mujeres tengan las mismas oportunidades para el goce efectivo de sus derechos, que ninguna sufra discriminaci\u00f3n en raz\u00f3n de su identidad de g\u00e9nero, sexual, \u00e9tnico \u2013 racial, territorial, condici\u00f3n pol\u00edtica y ciclo de vida, para lograr la igualdad entre hombres y mujeres en el municipio de Medell\u00edn (Acuerdo 102 de 2018, Concejo de Medell\u00edn), es el objetivo de la Pol\u00edtica P\u00fablica de Igualdad de G\u00e9nero para las Mujeres Urbanas y Rurales de Medell\u00edn.<\/p>\t\t\t\t\t<\/div>\n\t\t\t\t\t\t<\/div>\n\t\t\t\t<\/div>\n\t\t\t\t<div class=\"elementor-element elementor-element-90ccafb elementor-widget elementor-widget-image\" data-id=\"90ccafb\" data-element_type=\"widget\" data-widget_type=\"image.default\">\n\t\t\t\t<div class=\"elementor-widget-container\">\n\t\t\t\t\t\t\t\t<div class=\"elementor-image\">\n\t\t\t\t\t\t\t\t\t\t\t\t<img width=\"1200\" height=\"630\" src=\"https:\/\/www.medellin.gov.co\/es\/wp-content\/uploads\/2021\/08\/mujeres-evento.jpg\" class=\"attachment-full size-full\" alt=\"Mujeres en evento\" loading=\"lazy\" srcset=\"https:\/\/www.medellin.gov.co\/es\/wp-content\/uploads\/2021\/08\/mujeres-evento.jpg 1200w, https:\/\/www.medellin.gov.co\/es\/wp-content\/uploads\/2021\/08\/mujeres-evento-300x158.jpg 300w, https:\/\/www.medellin.gov.co\/es\/wp-content\/uploads\/2021\/08\/mujeres-evento-1024x538.jpg 1024w, https:\/\/www.medellin.gov.co\/es\/wp-content\/uploads\/2021\/08\/mujeres-evento-150x79.jpg 150w, https:\/\/www.medellin.gov.co\/es\/wp-content\/uploads\/2021\/08\/mujeres-evento-768x403.jpg 768w\" sizes=\"(max-width: 1200px) 100vw, 1200px\" \/>\t\t\t\t\t\t\t\t\t\t\t\t\t\t<\/div>\n\t\t\t\t\t\t<\/div>\n\t\t\t\t<\/div>\n\t\t\t\t<div class=\"elementor-element elementor-element-a4b6392 elementor-widget elementor-widget-text-editor\" data-id=\"a4b6392\" data-element_type=\"widget\" data-widget_type=\"text-editor.default\">\n\t\t\t\t<div class=\"elementor-widget-container\">\n\t\t\t\t\t\t\t\t<div class=\"elementor-text-editor elementor-clearfix\">\n\t\t\t\t<p>A continuaci\u00f3n encontrar\u00e1s algunas de las historias de vida de las mujeres diversas de Medell\u00edn.<\/p>\t\t\t\t\t<\/div>\n\t\t\t\t\t\t<\/div>\n\t\t\t\t<\/div>\n\t\t\t\t<div class=\"elementor-element elementor-element-c6e3e79 elementor-widget elementor-widget-heading\" data-id=\"c6e3e79\" data-element_type=\"widget\" data-widget_type=\"heading.default\">\n\t\t\t\t<div class=\"elementor-widget-container\">\n\t\t\t<h2 class=\"elementor-heading-title elementor-size-default\"><b>Adriana Hidalgo<\/b><\/h2>\t\t<\/div>\n\t\t\t\t<\/div>\n\t\t\t\t<section class=\"elementor-section elementor-inner-section elementor-element elementor-element-e2915ae elementor-reverse-tablet elementor-reverse-mobile elementor-section-boxed elementor-section-height-default elementor-section-height-default\" data-id=\"e2915ae\" data-element_type=\"section\">\n\t\t\t\t\t\t<div class=\"elementor-container elementor-column-gap-default\">\n\t\t\t\t\t\t\t<div class=\"elementor-row\">\n\t\t\t\t\t<div class=\"elementor-column elementor-col-50 elementor-inner-column elementor-element elementor-element-7d2e2cb\" data-id=\"7d2e2cb\" data-element_type=\"column\">\n\t\t\t<div class=\"elementor-column-wrap elementor-element-populated\">\n\t\t\t\t\t\t\t<div class=\"elementor-widget-wrap\">\n\t\t\t\t\t\t<div class=\"elementor-element elementor-element-ac8fe46 elementor-widget elementor-widget-text-editor\" data-id=\"ac8fe46\" data-element_type=\"widget\" data-widget_type=\"text-editor.default\">\n\t\t\t\t<div class=\"elementor-widget-container\">\n\t\t\t\t\t\t\t\t<div class=\"elementor-text-editor elementor-clearfix\">\n\t\t\t\t<p>Adriana Mar\u00eda Hidalgo naci\u00f3 en el barrio Campo Vald\u00e9s, Comuna &#8211; 4 de Medell\u00edn. Desde peque\u00f1a descubri\u00f3 que le gustaba construir cosas, en parte, por ver a su padre ebanista trabajar la madera.<\/p><p>A los 13 a\u00f1os le hac\u00eda los vestidos a sus mu\u00f1ecas. Aprendi\u00f3 y se encarret\u00f3 de tal forma que sus vecinas y amigas le compraban vestidos a diez pesos. Poco dinero, aunque seg\u00fan ella, lo importante era que le encargaran y llevasen telas para ella explorar y crear.<\/p><p>M\u00e1s tarde, Adriana se hizo su propio vestido para sus quince a\u00f1os. \u201cYo era la sensaci\u00f3n en el barrio, la ni\u00f1a que cose a los trece a\u00f1os\u201d, dice sonriendo.<\/p><p>No obstante, el reciclaje y el tai dai dai (pintura de telas), se convertir\u00eda en una de sus pasiones y en una motivaci\u00f3n para crear y ense\u00f1arle a otras mujeres a \u201cextenderle la vida a las prendas\u201d.<\/p>\t\t\t\t\t<\/div>\n\t\t\t\t\t\t<\/div>\n\t\t\t\t<\/div>\n\t\t\t\t\t\t<\/div>\n\t\t\t\t\t<\/div>\n\t\t<\/div>\n\t\t\t\t<div class=\"elementor-column elementor-col-50 elementor-inner-column elementor-element elementor-element-7f99095\" data-id=\"7f99095\" data-element_type=\"column\">\n\t\t\t<div class=\"elementor-column-wrap elementor-element-populated\">\n\t\t\t\t\t\t\t<div class=\"elementor-widget-wrap\">\n\t\t\t\t\t\t<div class=\"elementor-element elementor-element-8259faa elementor-widget elementor-widget-image\" data-id=\"8259faa\" data-element_type=\"widget\" data-widget_type=\"image.default\">\n\t\t\t\t<div class=\"elementor-widget-container\">\n\t\t\t\t\t\t\t\t<div class=\"elementor-image\">\n\t\t\t\t\t\t\t\t\t\t\t\t<img width=\"1200\" height=\"801\" src=\"https:\/\/www.medellin.gov.co\/es\/wp-content\/uploads\/2021\/08\/adriana-hidalgo.jpg\" class=\"attachment-full size-full\" alt=\"Adriana Hidalgo\" loading=\"lazy\" srcset=\"https:\/\/www.medellin.gov.co\/es\/wp-content\/uploads\/2021\/08\/adriana-hidalgo.jpg 1200w, https:\/\/www.medellin.gov.co\/es\/wp-content\/uploads\/2021\/08\/adriana-hidalgo-300x200.jpg 300w, https:\/\/www.medellin.gov.co\/es\/wp-content\/uploads\/2021\/08\/adriana-hidalgo-1024x684.jpg 1024w, https:\/\/www.medellin.gov.co\/es\/wp-content\/uploads\/2021\/08\/adriana-hidalgo-150x100.jpg 150w, https:\/\/www.medellin.gov.co\/es\/wp-content\/uploads\/2021\/08\/adriana-hidalgo-768x513.jpg 768w\" sizes=\"(max-width: 1200px) 100vw, 1200px\" \/>\t\t\t\t\t\t\t\t\t\t\t\t\t\t<\/div>\n\t\t\t\t\t\t<\/div>\n\t\t\t\t<\/div>\n\t\t\t\t\t\t<\/div>\n\t\t\t\t\t<\/div>\n\t\t<\/div>\n\t\t\t\t\t\t\t\t<\/div>\n\t\t\t\t\t<\/div>\n\t\t<\/section>\n\t\t\t\t<section class=\"elementor-section elementor-inner-section elementor-element elementor-element-9928ef5 elementor-section-boxed elementor-section-height-default elementor-section-height-default\" data-id=\"9928ef5\" data-element_type=\"section\">\n\t\t\t\t\t\t<div class=\"elementor-container elementor-column-gap-default\">\n\t\t\t\t\t\t\t<div class=\"elementor-row\">\n\t\t\t\t\t<div class=\"elementor-column elementor-col-50 elementor-inner-column elementor-element elementor-element-1e80466\" data-id=\"1e80466\" data-element_type=\"column\">\n\t\t\t<div class=\"elementor-column-wrap elementor-element-populated\">\n\t\t\t\t\t\t\t<div class=\"elementor-widget-wrap\">\n\t\t\t\t\t\t<div class=\"elementor-element elementor-element-678de9c elementor-widget elementor-widget-image\" data-id=\"678de9c\" data-element_type=\"widget\" data-widget_type=\"image.default\">\n\t\t\t\t<div class=\"elementor-widget-container\">\n\t\t\t\t\t\t\t\t<div class=\"elementor-image\">\n\t\t\t\t\t\t\t\t\t\t\t\t<img width=\"1200\" height=\"1798\" src=\"https:\/\/www.medellin.gov.co\/es\/wp-content\/uploads\/2021\/08\/adriana-hidalgo-1.jpg\" class=\"attachment-full size-full\" alt=\"Adriana Hidalgo\" loading=\"lazy\" srcset=\"https:\/\/www.medellin.gov.co\/es\/wp-content\/uploads\/2021\/08\/adriana-hidalgo-1.jpg 1200w, https:\/\/www.medellin.gov.co\/es\/wp-content\/uploads\/2021\/08\/adriana-hidalgo-1-200x300.jpg 200w, https:\/\/www.medellin.gov.co\/es\/wp-content\/uploads\/2021\/08\/adriana-hidalgo-1-683x1024.jpg 683w, https:\/\/www.medellin.gov.co\/es\/wp-content\/uploads\/2021\/08\/adriana-hidalgo-1-100x150.jpg 100w, https:\/\/www.medellin.gov.co\/es\/wp-content\/uploads\/2021\/08\/adriana-hidalgo-1-768x1151.jpg 768w, https:\/\/www.medellin.gov.co\/es\/wp-content\/uploads\/2021\/08\/adriana-hidalgo-1-1025x1536.jpg 1025w\" sizes=\"(max-width: 1200px) 100vw, 1200px\" \/>\t\t\t\t\t\t\t\t\t\t\t\t\t\t<\/div>\n\t\t\t\t\t\t<\/div>\n\t\t\t\t<\/div>\n\t\t\t\t\t\t<\/div>\n\t\t\t\t\t<\/div>\n\t\t<\/div>\n\t\t\t\t<div class=\"elementor-column elementor-col-50 elementor-inner-column elementor-element elementor-element-6636f63\" data-id=\"6636f63\" data-element_type=\"column\">\n\t\t\t<div class=\"elementor-column-wrap elementor-element-populated\">\n\t\t\t\t\t\t\t<div class=\"elementor-widget-wrap\">\n\t\t\t\t\t\t<div class=\"elementor-element elementor-element-aa0c295 elementor-widget elementor-widget-text-editor\" data-id=\"aa0c295\" data-element_type=\"widget\" data-widget_type=\"text-editor.default\">\n\t\t\t\t<div class=\"elementor-widget-container\">\n\t\t\t\t\t\t\t\t<div class=\"elementor-text-editor elementor-clearfix\">\n\t\t\t\t<p>Adriana ha acompa\u00f1ado la ense\u00f1anza del reciclaje a grupos de mujeres de Medell\u00edn. Cuando habla del tema se le iluminan los ojos y hace memoria para narrar c\u00f3mo eran los encuentros con las mujeres del barrio San Pedro y de Bello Oriente. Disfrutaba ver que sus conocimientos se traduc\u00edan en las creaciones de las mujeres y los talleres se prestaban para encontrar soluciones a problemas y compartir desde la sororidad.<\/p><p>Trabaj\u00f3 tambi\u00e9n con campesinos y campesinas el papel reciclado para convertirlo en joyas, y el fique, para hacer y comercializar bolsas de mercado. En el 2011, trabaj\u00f3 con mujeres v\u00edctimas de trata de personas y si bien reconoce que no fue f\u00e1cil en un principio, recuerda con alegr\u00eda las exposiciones con las que lograron vender lo que constru\u00edan.<\/p><p>\u201cYo me llenaba de tanto placer ver que pod\u00edan ganarse su platica. La historia de las mujeres v\u00edctimas de trata le hace entender a uno el drama que viven las mujeres. Mujeres maltratadas, v\u00edctimas de violencias. Dec\u00edan que se liberaban y que no ve\u00edan la hora que llegara el d\u00eda de los talleres. Ellas se aconsejaban, c\u00f3mo les funciona la econom\u00eda, hasta recetas de hierbas, cosas muy bonitas\u201d, cuenta Adriana.<\/p><p>Adriana hace parte del Mercado San Alejo. All\u00ed vende, hasta la fecha, vestidos de alta costura que combina con el tai dai, el encaje y otros elementos art\u00edsticos reciclados, como botones o creaciones en crochet.<\/p><p>Con el tiempo encontr\u00f3 clientas a las que incluso les f\u00eda porque sabe que las prendas que dise\u00f1a son \u00fanicas y muy valoradas por diversas personas.<\/p><p>Para ella el San Alejo es un \u201cs\u00faper espacio\u201d donde ha conocido artesanos, artesanas y muchas historias que la motivan a crear. Aunque su sue\u00f1o es la creaci\u00f3n de un proyecto grande de reciclaje con el que muchas mujeres se instruyan y adquieran autonom\u00eda econ\u00f3mica.\u00a0<\/p>\t\t\t\t\t<\/div>\n\t\t\t\t\t\t<\/div>\n\t\t\t\t<\/div>\n\t\t\t\t\t\t<\/div>\n\t\t\t\t\t<\/div>\n\t\t<\/div>\n\t\t\t\t\t\t\t\t<\/div>\n\t\t\t\t\t<\/div>\n\t\t<\/section>\n\t\t\t\t<div class=\"elementor-element elementor-element-f5d21b8 elementor-widget elementor-widget-heading\" data-id=\"f5d21b8\" data-element_type=\"widget\" data-widget_type=\"heading.default\">\n\t\t\t\t<div class=\"elementor-widget-container\">\n\t\t\t<h2 class=\"elementor-heading-title elementor-size-default\"><b>Rosario Hern\u00e1ndez<\/b><\/h2>\t\t<\/div>\n\t\t\t\t<\/div>\n\t\t\t\t<section class=\"elementor-section elementor-inner-section elementor-element elementor-element-3d2e44a elementor-reverse-tablet elementor-reverse-mobile elementor-section-boxed elementor-section-height-default elementor-section-height-default\" data-id=\"3d2e44a\" data-element_type=\"section\">\n\t\t\t\t\t\t<div class=\"elementor-container elementor-column-gap-default\">\n\t\t\t\t\t\t\t<div class=\"elementor-row\">\n\t\t\t\t\t<div class=\"elementor-column elementor-col-50 elementor-inner-column elementor-element elementor-element-b883aaa\" data-id=\"b883aaa\" data-element_type=\"column\">\n\t\t\t<div class=\"elementor-column-wrap elementor-element-populated\">\n\t\t\t\t\t\t\t<div class=\"elementor-widget-wrap\">\n\t\t\t\t\t\t<div class=\"elementor-element elementor-element-3656673 elementor-widget elementor-widget-text-editor\" data-id=\"3656673\" data-element_type=\"widget\" data-widget_type=\"text-editor.default\">\n\t\t\t\t<div class=\"elementor-widget-container\">\n\t\t\t\t\t\t\t\t<div class=\"elementor-text-editor elementor-clearfix\">\n\t\t\t\t<p>Rosario Hern\u00e1ndez, un legado de mu\u00f1ecos y valores.<\/p><p>Varios elementos componen la vida de Mar\u00eda del Rosario Hern\u00e1ndez Zapata, artesana del Mercado de San Alejo, la independencia econ\u00f3mica que ha obtenido gracias a los mu\u00f1ecos que elabora y el valor inmenso que le da a la educaci\u00f3n y a la familia.<\/p><p>Desde que tiene uso de raz\u00f3n conoce las manualidades y la costura, pues en su familia ten\u00edan una tradici\u00f3n familiar de reciclar retazos de tela para crear colchas. Primero vio a su madre coser a mano y luego fue ella, estando muy peque\u00f1a, la que quiso aprender a hacer los vestidos para sus propios mu\u00f1ecos, recuerda que el primero que hizo fue el de Pinocho, con los atributos del conocido personaje al que le crece la nariz con cada mentira.<\/p>\t\t\t\t\t<\/div>\n\t\t\t\t\t\t<\/div>\n\t\t\t\t<\/div>\n\t\t\t\t\t\t<\/div>\n\t\t\t\t\t<\/div>\n\t\t<\/div>\n\t\t\t\t<div class=\"elementor-column elementor-col-50 elementor-inner-column elementor-element elementor-element-43275d9\" data-id=\"43275d9\" data-element_type=\"column\">\n\t\t\t<div class=\"elementor-column-wrap elementor-element-populated\">\n\t\t\t\t\t\t\t<div class=\"elementor-widget-wrap\">\n\t\t\t\t\t\t<div class=\"elementor-element elementor-element-8827c1f elementor-widget elementor-widget-image\" data-id=\"8827c1f\" data-element_type=\"widget\" data-widget_type=\"image.default\">\n\t\t\t\t<div class=\"elementor-widget-container\">\n\t\t\t\t\t\t\t\t<div class=\"elementor-image\">\n\t\t\t\t\t\t\t\t\t\t\t\t<img width=\"1200\" height=\"801\" src=\"https:\/\/www.medellin.gov.co\/es\/wp-content\/uploads\/2021\/08\/rosario-hernandez.jpg\" class=\"attachment-full size-full\" alt=\"Rosario Hern\u00e1ndez\" loading=\"lazy\" srcset=\"https:\/\/www.medellin.gov.co\/es\/wp-content\/uploads\/2021\/08\/rosario-hernandez.jpg 1200w, https:\/\/www.medellin.gov.co\/es\/wp-content\/uploads\/2021\/08\/rosario-hernandez-300x200.jpg 300w, https:\/\/www.medellin.gov.co\/es\/wp-content\/uploads\/2021\/08\/rosario-hernandez-1024x684.jpg 1024w, https:\/\/www.medellin.gov.co\/es\/wp-content\/uploads\/2021\/08\/rosario-hernandez-150x100.jpg 150w, https:\/\/www.medellin.gov.co\/es\/wp-content\/uploads\/2021\/08\/rosario-hernandez-768x513.jpg 768w\" sizes=\"(max-width: 1200px) 100vw, 1200px\" \/>\t\t\t\t\t\t\t\t\t\t\t\t\t\t<\/div>\n\t\t\t\t\t\t<\/div>\n\t\t\t\t<\/div>\n\t\t\t\t\t\t<\/div>\n\t\t\t\t\t<\/div>\n\t\t<\/div>\n\t\t\t\t\t\t\t\t<\/div>\n\t\t\t\t\t<\/div>\n\t\t<\/section>\n\t\t\t\t<div class=\"elementor-element elementor-element-1b7927a elementor-widget elementor-widget-text-editor\" data-id=\"1b7927a\" data-element_type=\"widget\" data-widget_type=\"text-editor.default\">\n\t\t\t\t<div class=\"elementor-widget-container\">\n\t\t\t\t\t\t\t\t<div class=\"elementor-text-editor elementor-clearfix\">\n\t\t\t\t<p>Estuvo casada por varios a\u00f1os hasta que, agotada de llevar las obligaciones sin el apoyo de su esposo, decidi\u00f3 separarse. Fue un momento trascendental en su vida pues, tal como lo expresa: \u201cese d\u00eda aprend\u00ed a vivir, desde que me separ\u00e9 fue una \u00e9poca un poco dura, pero desde ah\u00ed aprend\u00ed que yo misma pod\u00eda, que yo era capaz\u201d.<\/p><p>Entre sus amigas empez\u00f3 a vender los peluches que hac\u00eda, redescubri\u00f3 sus habilidades, entr\u00f3 a clases de mu\u00f1equer\u00eda, ampli\u00f3 su portafolio e hizo de la creaci\u00f3n de sus propias manos el ingreso que le permiti\u00f3 sostenerse con sus cuatro hijas. \u201cEso fue una ayuda muy grande, mis hijas aportaban tambi\u00e9n, no solo cosiendo, porque todas aprendieron conmigo, sino vendiendo los t\u00edteres en sus lugares de estudio y trabajo\u201d.<\/p><p>Con su emprendimiento de t\u00edteres, mu\u00f1ecas, cajas decorativas y elementos para adornar, sac\u00f3 adelante a su familia. Se considera una mujer valiente y en sus hijas encuentra su propio reflejo, \u201cson como yo, unas verracas que aprendieron a trabajar y me ayudaron\u201d, agrega Rosario.<\/p>\t\t\t\t\t<\/div>\n\t\t\t\t\t\t<\/div>\n\t\t\t\t<\/div>\n\t\t\t\t<section class=\"elementor-section elementor-inner-section elementor-element elementor-element-a51e286 elementor-section-boxed elementor-section-height-default elementor-section-height-default\" data-id=\"a51e286\" data-element_type=\"section\">\n\t\t\t\t\t\t<div class=\"elementor-container elementor-column-gap-default\">\n\t\t\t\t\t\t\t<div class=\"elementor-row\">\n\t\t\t\t\t<div class=\"elementor-column elementor-col-50 elementor-inner-column elementor-element elementor-element-7e07b98\" data-id=\"7e07b98\" data-element_type=\"column\">\n\t\t\t<div class=\"elementor-column-wrap elementor-element-populated\">\n\t\t\t\t\t\t\t<div class=\"elementor-widget-wrap\">\n\t\t\t\t\t\t<div class=\"elementor-element elementor-element-ffeefa4 elementor-widget elementor-widget-image\" data-id=\"ffeefa4\" data-element_type=\"widget\" data-widget_type=\"image.default\">\n\t\t\t\t<div class=\"elementor-widget-container\">\n\t\t\t\t\t\t\t\t<div class=\"elementor-image\">\n\t\t\t\t\t\t\t\t\t\t\t\t<img width=\"1200\" height=\"801\" src=\"https:\/\/www.medellin.gov.co\/es\/wp-content\/uploads\/2021\/08\/rosario-hernandez-munecos.jpg\" class=\"attachment-full size-full\" alt=\"Rosario Hern\u00e1ndez junto a mu\u00f1ecos\" loading=\"lazy\" srcset=\"https:\/\/www.medellin.gov.co\/es\/wp-content\/uploads\/2021\/08\/rosario-hernandez-munecos.jpg 1200w, https:\/\/www.medellin.gov.co\/es\/wp-content\/uploads\/2021\/08\/rosario-hernandez-munecos-300x200.jpg 300w, https:\/\/www.medellin.gov.co\/es\/wp-content\/uploads\/2021\/08\/rosario-hernandez-munecos-1024x684.jpg 1024w, https:\/\/www.medellin.gov.co\/es\/wp-content\/uploads\/2021\/08\/rosario-hernandez-munecos-150x100.jpg 150w, https:\/\/www.medellin.gov.co\/es\/wp-content\/uploads\/2021\/08\/rosario-hernandez-munecos-768x513.jpg 768w\" sizes=\"(max-width: 1200px) 100vw, 1200px\" \/>\t\t\t\t\t\t\t\t\t\t\t\t\t\t<\/div>\n\t\t\t\t\t\t<\/div>\n\t\t\t\t<\/div>\n\t\t\t\t\t\t<\/div>\n\t\t\t\t\t<\/div>\n\t\t<\/div>\n\t\t\t\t<div class=\"elementor-column elementor-col-50 elementor-inner-column elementor-element elementor-element-5ea7f3b\" data-id=\"5ea7f3b\" data-element_type=\"column\">\n\t\t\t<div class=\"elementor-column-wrap elementor-element-populated\">\n\t\t\t\t\t\t\t<div class=\"elementor-widget-wrap\">\n\t\t\t\t\t\t<div class=\"elementor-element elementor-element-f34100a elementor-widget elementor-widget-text-editor\" data-id=\"f34100a\" data-element_type=\"widget\" data-widget_type=\"text-editor.default\">\n\t\t\t\t<div class=\"elementor-widget-container\">\n\t\t\t\t\t\t\t\t<div class=\"elementor-text-editor elementor-clearfix\">\n\t\t\t\t<p>En el Mercado Artesanal San Alejo, sus creaciones tienen un lugar, adem\u00e1s impulsa su taller participando en las capacitaciones ofrecidas por los distintos programas de la Alcald\u00eda de Medell\u00edn, incluyendo la obtenci\u00f3n de microcr\u00e9ditos del Banco de las Oportunidades. Todo esto le ha permitido avanzar en su prop\u00f3sito de empoderarse y alcanzar su autonom\u00eda econ\u00f3mica.<\/p><p>Seg\u00fan ONU Mujeres invertir en el empoderamiento econ\u00f3mico de las mujeres contribuye directamente a la igualdad de g\u00e9nero, la erradicaci\u00f3n de la pobreza y el crecimiento econ\u00f3mico inclusivo.<\/p><p>\u201cY tengo cuatro hijas profesionales, c\u00f3mo le parece, v\u00e9alas all\u00e1: qu\u00edmica farmac\u00e9utica, m\u00e9dica veterinaria, ingeniera ge\u00f3loga y fil\u00f3loga\u201d, dice Rosario, llena de orgullo y satisfacci\u00f3n, mientras se\u00f1ala una pared donde est\u00e1n las fotograf\u00edas de cada una.<\/p>\t\t\t\t\t<\/div>\n\t\t\t\t\t\t<\/div>\n\t\t\t\t<\/div>\n\t\t\t\t\t\t<\/div>\n\t\t\t\t\t<\/div>\n\t\t<\/div>\n\t\t\t\t\t\t\t\t<\/div>\n\t\t\t\t\t<\/div>\n\t\t<\/section>\n\t\t\t\t<div class=\"elementor-element elementor-element-bf6b91e elementor-widget elementor-widget-text-editor\" data-id=\"bf6b91e\" data-element_type=\"widget\" data-widget_type=\"text-editor.default\">\n\t\t\t\t<div class=\"elementor-widget-container\">\n\t\t\t\t\t\t\t\t<div class=\"elementor-text-editor elementor-clearfix\">\n\t\t\t\t<p>Rosario quiso ser profesora, estudi\u00f3 hasta la primaria porque su padre consideraba que las mujeres no necesitaban estudiar; m\u00e1s adelante, con el apoyo de su madre, realiza una especie de programa t\u00e9cnico de secretariado que le dio habilidades para continuar, \u201ctoda la vida tengo que agradecerle a mi madre por ese poquito de estudio que me dio\u201d. Como no pudo estudiar lo que ella quer\u00eda, se le convirti\u00f3 en obsesi\u00f3n facilitar el estudio a cada una de sus hijas en las que se ve realizada hoy en d\u00eda.<\/p><p>Pero su deseo de ense\u00f1ar no qued\u00f3 truncado, Rosario dicta talleres de mu\u00f1equer\u00eda a mujeres y ni\u00f1as, disfruta hacerlo porque considera que es una forma de tejer redes para apoyarse, \u201ccuando aprend\u00ed de inmediato empec\u00e9 a dar clase, hay varias artesanas de San Alejo que aprendieron a hacer los t\u00edteres conmigo, nos ayudamos porque unidas podemos lograr m\u00e1s cosas, podemos progresar juntas\u201d, dice.<\/p><p>Manifiesta que su trabajo la hace feliz, la delicadeza de su voz contrasta con el \u00edmpetu de su ser, pues sentarse a coser la llena de vitalidad para seguir, \u201cesto es lo que me ha dado el sustento por a\u00f1os y lo voy a hacer hasta que Dios me lo permita, sue\u00f1o con que mis productos sean reconocidos y que me recuerden por los mu\u00f1ecos que he vendido\u201d.<\/p>\t\t\t\t\t<\/div>\n\t\t\t\t\t\t<\/div>\n\t\t\t\t<\/div>\n\t\t\t\t\t\t<\/div>\n\t\t\t\t\t<\/div>\n\t\t<\/div>\n\t\t\t\t\t\t\t\t<\/div>\n\t\t\t\t\t<\/div>\n\t\t<\/section>\n\t\t\t\t\t\t\t\t\t<\/div>\n\t\t\t<\/div>\n\t\t\t\t\t<\/div>\n\t\t","protected":false},"excerpt":{"rendered":"<p>Historias de las mujeres diversas de Medell\u00edn Desde la Secretar\u00eda destacamos los liderazgos de las mujeres diversas y su importancia para la construcci\u00f3n de una Medell\u00edn Futuro con igualdad. Garantizar que las mujeres tengan las &#8230;<\/p>\n","protected":false},"author":1,"featured_media":428442,"parent":8736,"menu_order":35,"comment_status":"closed","ping_status":"closed","template":"sec-mujeres\/elementor.php","meta":[],"acf":[],"_links":{"self":[{"href":"https:\/\/www.medellin.gov.co\/es\/wp-json\/wp\/v2\/pages\/10383"}],"collection":[{"href":"https:\/\/www.medellin.gov.co\/es\/wp-json\/wp\/v2\/pages"}],"about":[{"href":"https:\/\/www.medellin.gov.co\/es\/wp-json\/wp\/v2\/types\/page"}],"author":[{"embeddable":true,"href":"https:\/\/www.medellin.gov.co\/es\/wp-json\/wp\/v2\/users\/1"}],"replies":[{"embeddable":true,"href":"https:\/\/www.medellin.gov.co\/es\/wp-json\/wp\/v2\/comments?post=10383"}],"version-history":[{"count":10,"href":"https:\/\/www.medellin.gov.co\/es\/wp-json\/wp\/v2\/pages\/10383\/revisions"}],"predecessor-version":[{"id":428474,"href":"https:\/\/www.medellin.gov.co\/es\/wp-json\/wp\/v2\/pages\/10383\/revisions\/428474"}],"up":[{"embeddable":true,"href":"https:\/\/www.medellin.gov.co\/es\/wp-json\/wp\/v2\/pages\/8736"}],"wp:featuredmedia":[{"embeddable":true,"href":"https:\/\/www.medellin.gov.co\/es\/wp-json\/wp\/v2\/media\/428442"}],"wp:attachment":[{"href":"https:\/\/www.medellin.gov.co\/es\/wp-json\/wp\/v2\/media?parent=10383"}],"curies":[{"name":"wp","href":"https:\/\/api.w.org\/{rel}","templated":true}]}}