{"id":10397,"date":"2021-08-27T16:40:31","date_gmt":"2021-08-27T21:40:31","guid":{"rendered":"https:\/\/www.medellin.gov.co\/es\/?page_id=10397"},"modified":"2025-07-15T12:52:23","modified_gmt":"2025-07-15T17:52:23","slug":"centros-de-equidad-de-genero","status":"publish","type":"page","link":"https:\/\/www.medellin.gov.co\/es\/secretaria-mujeres\/centros-de-equidad-de-genero\/","title":{"rendered":"Centros de Equidad de G\u00e9nero en Medell\u00edn"},"content":{"rendered":"\t\t<div data-elementor-type=\"wp-page\" data-elementor-id=\"10397\" class=\"elementor elementor-10397\">\n\t\t\t\t\t\t<div class=\"elementor-inner\">\n\t\t\t\t<div class=\"elementor-section-wrap\">\n\t\t\t\t\t\t\t\t\t<section class=\"elementor-section elementor-top-section elementor-element elementor-element-54b172a elementor-section-boxed elementor-section-height-default elementor-section-height-default\" data-id=\"54b172a\" data-element_type=\"section\">\n\t\t\t\t\t\t<div class=\"elementor-container elementor-column-gap-default\">\n\t\t\t\t\t\t\t<div class=\"elementor-row\">\n\t\t\t\t\t<div class=\"elementor-column elementor-col-100 elementor-top-column elementor-element elementor-element-1f63ae9\" data-id=\"1f63ae9\" data-element_type=\"column\">\n\t\t\t<div class=\"elementor-column-wrap elementor-element-populated\">\n\t\t\t\t\t\t\t<div class=\"elementor-widget-wrap\">\n\t\t\t\t\t\t<div class=\"elementor-element elementor-element-fe55a76 elementor-widget elementor-widget-heading\" data-id=\"fe55a76\" data-element_type=\"widget\" data-widget_type=\"heading.default\">\n\t\t\t\t<div class=\"elementor-widget-container\">\n\t\t\t<h1 class=\"elementor-heading-title elementor-size-default\">Centros de Equidad de G\u00e9nero en Medell\u00edn<\/h1>\t\t<\/div>\n\t\t\t\t<\/div>\n\t\t\t\t<div class=\"elementor-element elementor-element-a1f6bf2 elementor-widget elementor-widget-heading\" data-id=\"a1f6bf2\" data-element_type=\"widget\" data-widget_type=\"heading.default\">\n\t\t\t\t<div class=\"elementor-widget-container\">\n\t\t\t<h2 class=\"elementor-heading-title elementor-size-default\"><b>Centros de Equidad de G\u00e9nero<\/b> de Secretar\u00eda de las Mujeres de Medell\u00edn<\/h2>\t\t<\/div>\n\t\t\t\t<\/div>\n\t\t\t\t<div class=\"elementor-element elementor-element-7dbbb7d elementor-widget elementor-widget-text-editor\" data-id=\"7dbbb7d\" data-element_type=\"widget\" data-widget_type=\"text-editor.default\">\n\t\t\t\t<div class=\"elementor-widget-container\">\n\t\t\t\t\t\t\t\t<div class=\"elementor-text-editor elementor-clearfix\">\n\t\t\t\t<p>Los Centros de Equidad de G\u00e9nero (CEG) son lugares de encuentro, socializaci\u00f3n y atenci\u00f3n para todas las mujeres de la ciudad. All\u00ed eres bienvenida sin importar edad, condici\u00f3n econ\u00f3mica, lugar de procedencia, identidad \u00e9tnica, de g\u00e9nero u orientaci\u00f3n sexual.<\/p><p>Al acercarte a estos centros encontrar\u00e1s un equipo humano capacitado para brindarte informaci\u00f3n y orientaci\u00f3n sobre los servicios que ofrece la Alcald\u00eda de Medell\u00edn, para que accedas a tus derechos, especialmente: salud, derechos sexuales y reproductivos y prevenci\u00f3n del embarazo adolescente. As\u00ed mismo, los CEG son espacios seguros en los puedes desarrollar actividades que te permitan estrechar lazos y promover tu bienestar.<\/p><p>Las asesor\u00edas jur\u00eddicas y psicol\u00f3gicas, as\u00ed como la participaci\u00f3n en cualquiera de las actividades en los Centros de Equidad de G\u00e9nero son con entrada libre.<\/p><p>Existen tres Centros de Equidad de G\u00e9nero en la ciudad y un Centro de Equidad de G\u00e9nero m\u00f3vil que recorre los barrios y corregimientos para acercar los servicios a las mujeres, en su diversidad.<\/p>\t\t\t\t\t<\/div>\n\t\t\t\t\t\t<\/div>\n\t\t\t\t<\/div>\n\t\t\t\t<div class=\"elementor-element elementor-element-f767f3f elementor-widget elementor-widget-heading\" data-id=\"f767f3f\" data-element_type=\"widget\" data-widget_type=\"heading.default\">\n\t\t\t\t<div class=\"elementor-widget-container\">\n\t\t\t<h2 class=\"elementor-heading-title elementor-size-default\"><b>Ubicaci\u00f3n<\/b> de los Centros de Equidad de G\u00e9nero<\/h2>\t\t<\/div>\n\t\t\t\t<\/div>\n\t\t\t\t<div class=\"elementor-element elementor-element-627635b pp-table-center elementor-widget elementor-widget-pp-table\" data-id=\"627635b\" data-element_type=\"widget\" data-settings=\"{&quot;scrollable&quot;:&quot;yes&quot;,&quot;table_type&quot;:&quot;responsive&quot;}\" data-widget_type=\"pp-table.default\">\n\t\t\t\t<div class=\"elementor-widget-container\">\n\t\t\t\t\t<div class=\"pp-table-container\">\n\t\t\t<table \n\t\t\tclass=\"pp-table tablesaw\" data-tablesaw-mode=\"swipe\"\t\t\t\t>\n\t\t\t\t\t\t\t<colgroup>\n\t\t\t\t\t\t\t\t<col\n\t\t\t\t\tspan=\"1\"\n\t\t\t\t\tclass=\"elementor-repeater-item-0ea249e\"\n\t\t\t\t\t\t\t\t\t\t\tstyle=\"\n\t\t\t\t\t\t\t\t\t\t\t\t\t\t\t\t\t\t\t\t\"\n\t\t\t\t\t\t\t\t\t\t>\n\t\t\t\t\t\t\t<\/colgroup>\n\t\t\t\t\t\t<thead>\n\t\t\t\t<tr class=\"pp-table-row\">\n\t\t\t\t\t<th class=\"pp-table-cell pp-table-cell-21b8207\"><span class=\"pp-table-cell-content\"><span class=\"pp-table-cell-text\">Comuna<\/span><\/span><\/th><th class=\"pp-table-cell pp-table-cell-5473a62\"><span class=\"pp-table-cell-content\"><span class=\"pp-table-cell-text\">Direcci\u00f3n<\/span><\/span><\/th><th class=\"pp-table-cell pp-table-cell-13bcdcc\"><span class=\"pp-table-cell-content\"><span class=\"pp-table-cell-text\">Barrio<\/span><\/span><\/th>\t\t\t\t<\/tr>\n\t\t\t<\/thead>\n\t\t\t\t\t<tfoot>\n\t\t\t<\/tr>\t\t<\/tfoot>\n\t\t\t\t<tbody>\n\t\t\t<tr><td class=\"pp-table-cell pp-table-cell-21c4bc2\"><span class=\"pp-table-cell-content\"><span class=\"pp-table-cell-text\">Aranjuez, Comuna - 4<\/span><\/span><\/td><td class=\"pp-table-cell pp-table-cell-674728c\"><span class=\"pp-table-cell-content\"><span class=\"pp-table-cell-text\">Carrera 51d # 71 - 02 Cisamf\u200b<\/span><\/span><\/td><td class=\"pp-table-cell pp-table-cell-b15f13e\"><span class=\"pp-table-cell-content\"><span class=\"pp-table-cell-text\">Barrio Sevilla<\/span><\/span><\/td><\/tr><tr><td class=\"pp-table-cell pp-table-cell-d33f4b3\"><span class=\"pp-table-cell-content\"><span class=\"pp-table-cell-text\">Castilla, Comuna - 5<\/span><\/span><\/td><td class=\"pp-table-cell pp-table-cell-c60b0fd\"><span class=\"pp-table-cell-content\"><span class=\"pp-table-cell-text\">Carrera 64 # 97a - 155<\/span><\/span><\/td><td class=\"pp-table-cell pp-table-cell-ec8093f\"><span class=\"pp-table-cell-content\"><span class=\"pp-table-cell-text\">Uva Sin Fronteras<\/span><\/span><\/td><\/tr><tr><td class=\"pp-table-cell pp-table-cell-fe6b2eb\"><span class=\"pp-table-cell-content\"><span class=\"pp-table-cell-text\">Villahermosa, Comuna - 8\u200b<\/span><\/span><\/td><td class=\"pp-table-cell pp-table-cell-e8cbbba\"><span class=\"pp-table-cell-content\"><span class=\"pp-table-cell-text\">Carrera 17d con calle 56e<\/span><\/span><\/td><td class=\"pp-table-cell pp-table-cell-8b21313\"><span class=\"pp-table-cell-content\"><span class=\"pp-table-cell-text\">Uva Sol de Oriente<\/span><\/span><\/td><\/tr><tr><td class=\"pp-table-cell pp-table-cell-3e5e3ad\"><span class=\"pp-table-cell-content\"><span class=\"pp-table-cell-text\">Unidad M\u00f3vil<\/span><\/span><\/td><td class=\"pp-table-cell pp-table-cell-71f0b12\"><span class=\"pp-table-cell-content\"><span class=\"pp-table-cell-text\">Toda la ciudad<\/span><\/span><\/td><td class=\"pp-table-cell pp-table-cell-d8ab6f2\"><span class=\"pp-table-cell-content\"><span class=\"pp-table-cell-text\">Toda la ciudad<\/span><\/span><\/td><\/tr>\t\t<\/tbody>\n\t\t\t\t\t<\/table>\n\t\t<\/div>\n\t\t\t\t<\/div>\n\t\t\t\t<\/div>\n\t\t\t\t\t\t<\/div>\n\t\t\t\t\t<\/div>\n\t\t<\/div>\n\t\t\t\t\t\t\t\t<\/div>\n\t\t\t\t\t<\/div>\n\t\t<\/section>\n\t\t\t\t\t\t\t\t\t<\/div>\n\t\t\t<\/div>\n\t\t\t\t\t<\/div>\n\t\t","protected":false},"excerpt":{"rendered":"<p>Centros de Equidad de G\u00e9nero en Medell\u00edn Centros de Equidad de G\u00e9nero de Secretar\u00eda de las Mujeres de Medell\u00edn Los Centros de Equidad de G\u00e9nero (CEG) son lugares de encuentro, socializaci\u00f3n y atenci\u00f3n para todas &#8230;<\/p>\n","protected":false},"author":1,"featured_media":428442,"parent":8736,"menu_order":40,"comment_status":"closed","ping_status":"closed","template":"sec-mujeres\/elementor.php","meta":[],"acf":[],"_links":{"self":[{"href":"https:\/\/www.medellin.gov.co\/es\/wp-json\/wp\/v2\/pages\/10397"}],"collection":[{"href":"https:\/\/www.medellin.gov.co\/es\/wp-json\/wp\/v2\/pages"}],"about":[{"href":"https:\/\/www.medellin.gov.co\/es\/wp-json\/wp\/v2\/types\/page"}],"author":[{"embeddable":true,"href":"https:\/\/www.medellin.gov.co\/es\/wp-json\/wp\/v2\/users\/1"}],"replies":[{"embeddable":true,"href":"https:\/\/www.medellin.gov.co\/es\/wp-json\/wp\/v2\/comments?post=10397"}],"version-history":[{"count":10,"href":"https:\/\/www.medellin.gov.co\/es\/wp-json\/wp\/v2\/pages\/10397\/revisions"}],"predecessor-version":[{"id":428476,"href":"https:\/\/www.medellin.gov.co\/es\/wp-json\/wp\/v2\/pages\/10397\/revisions\/428476"}],"up":[{"embeddable":true,"href":"https:\/\/www.medellin.gov.co\/es\/wp-json\/wp\/v2\/pages\/8736"}],"wp:featuredmedia":[{"embeddable":true,"href":"https:\/\/www.medellin.gov.co\/es\/wp-json\/wp\/v2\/media\/428442"}],"wp:attachment":[{"href":"https:\/\/www.medellin.gov.co\/es\/wp-json\/wp\/v2\/media?parent=10397"}],"curies":[{"name":"wp","href":"https:\/\/api.w.org\/{rel}","templated":true}]}}