{"id":104873,"date":"2022-09-22T08:01:14","date_gmt":"2022-09-22T13:01:14","guid":{"rendered":"https:\/\/www.medellin.gov.co\/es\/?page_id=104873"},"modified":"2024-01-01T13:55:04","modified_gmt":"2024-01-01T18:55:04","slug":"telemedellin","status":"publish","type":"page","link":"https:\/\/www.medellin.gov.co\/es\/secretaria-privada\/conglomerado-publico\/entidades-del-conglomerado\/telemedellin\/","title":{"rendered":"Telemedellin"},"content":{"rendered":"\t\t<div data-elementor-type=\"wp-page\" data-elementor-id=\"104873\" class=\"elementor elementor-104873\">\n\t\t\t\t\t\t<div class=\"elementor-inner\">\n\t\t\t\t<div class=\"elementor-section-wrap\">\n\t\t\t\t\t\t\t\t\t<section class=\"elementor-section elementor-top-section elementor-element elementor-element-03ebc5b elementor-section-boxed elementor-section-height-default elementor-section-height-default\" data-id=\"03ebc5b\" data-element_type=\"section\">\n\t\t\t\t\t\t<div class=\"elementor-container elementor-column-gap-default\">\n\t\t\t\t\t\t\t<div class=\"elementor-row\">\n\t\t\t\t\t<div class=\"elementor-column elementor-col-100 elementor-top-column elementor-element elementor-element-6b5aeec\" data-id=\"6b5aeec\" data-element_type=\"column\">\n\t\t\t<div class=\"elementor-column-wrap elementor-element-populated\">\n\t\t\t\t\t\t\t<div class=\"elementor-widget-wrap\">\n\t\t\t\t\t\t<div class=\"elementor-element elementor-element-228cfbf elementor-widget elementor-widget-heading\" data-id=\"228cfbf\" data-element_type=\"widget\" data-widget_type=\"heading.default\">\n\t\t\t\t<div class=\"elementor-widget-container\">\n\t\t\t<h1 class=\"elementor-heading-title elementor-size-default\">Canal local de televisi\u00f3n de Medell\u00edn, Telemedell\u00edn<\/h1>\t\t<\/div>\n\t\t\t\t<\/div>\n\t\t\t\t<section class=\"elementor-section elementor-inner-section elementor-element elementor-element-a48432b elementor-section-boxed elementor-section-height-default elementor-section-height-default\" data-id=\"a48432b\" data-element_type=\"section\">\n\t\t\t\t\t\t<div class=\"elementor-container elementor-column-gap-default\">\n\t\t\t\t\t\t\t<div class=\"elementor-row\">\n\t\t\t\t\t<div class=\"elementor-column elementor-col-50 elementor-inner-column elementor-element elementor-element-7bf433f\" data-id=\"7bf433f\" data-element_type=\"column\">\n\t\t\t<div class=\"elementor-column-wrap elementor-element-populated\">\n\t\t\t\t\t\t\t<div class=\"elementor-widget-wrap\">\n\t\t\t\t\t\t<div class=\"elementor-element elementor-element-d099b41 elementor-widget elementor-widget-text-editor\" data-id=\"d099b41\" data-element_type=\"widget\" data-widget_type=\"text-editor.default\">\n\t\t\t\t<div class=\"elementor-widget-container\">\n\t\t\t\t\t\t\t\t<div class=\"elementor-text-editor elementor-clearfix\">\n\t\t\t\t<div class=\"elementor-element elementor-element-ae74287 elementor-widget elementor-widget-heading\" data-id=\"ae74287\" data-element_type=\"widget\" data-widget_type=\"heading.default\"><div class=\"elementor-widget-container\"><p class=\"\">En Telemedell\u00edn, la informaci\u00f3n, las historias, el arte, la cultura, el entretenimiento son los verdaderos protagonistas, como tambi\u00e9n lo son nuestros televidentes, quienes se ven reflejados en todos los contenidos de nuestra parrilla de programaci\u00f3n, de all\u00ed, nuestro slogan,\u00a0<strong>Aqu\u00ed te ves<\/strong>.<\/p><\/div><\/div>\t\t\t\t\t<\/div>\n\t\t\t\t\t\t<\/div>\n\t\t\t\t<\/div>\n\t\t\t\t<div class=\"elementor-element elementor-element-9ce04f0 elementor-widget elementor-widget-text-editor\" data-id=\"9ce04f0\" data-element_type=\"widget\" data-widget_type=\"text-editor.default\">\n\t\t\t\t<div class=\"elementor-widget-container\">\n\t\t\t\t\t\t\t\t<div class=\"elementor-text-editor elementor-clearfix\">\n\t\t\t\t<p><strong>Vanessa Palacio Olayo &#8211; Gerente de Telemedell\u00edn<\/strong><\/p><p>Comunicadora Social y Periodista con especializaci\u00f3n en Alta Gerencia. Acumula m\u00e1s de 18 a\u00f1os de experiencia como directora, periodista y presentadora en medios de comunicaci\u00f3n internacionales, nacionales y regionales con alto impacto, calidad y liderazgo en el desarrollo y ejecuci\u00f3n de nuevos proyectos.<\/p><p><strong>Formaci\u00f3n:<\/strong><\/p><p>Especialista en Alta Gerencia<br \/>Universidad de Medell\u00edn<br \/>2018<\/p><p>Comunicadora Social &#8211; Periodista<br \/>Universidad Pontificia Bolivariana<br \/>2012<\/p>\t\t\t\t\t<\/div>\n\t\t\t\t\t\t<\/div>\n\t\t\t\t<\/div>\n\t\t\t\t\t\t<\/div>\n\t\t\t\t\t<\/div>\n\t\t<\/div>\n\t\t\t\t<div class=\"elementor-column elementor-col-50 elementor-inner-column elementor-element elementor-element-e527849\" data-id=\"e527849\" data-element_type=\"column\">\n\t\t\t<div class=\"elementor-column-wrap elementor-element-populated\">\n\t\t\t\t\t\t\t<div class=\"elementor-widget-wrap\">\n\t\t\t\t\t\t<div class=\"elementor-element elementor-element-ed3ecfb elementor-widget elementor-widget-image\" data-id=\"ed3ecfb\" data-element_type=\"widget\" data-widget_type=\"image.default\">\n\t\t\t\t<div class=\"elementor-widget-container\">\n\t\t\t\t\t\t\t\t<div class=\"elementor-image\">\n\t\t\t\t\t\t\t\t\t\t\t\t<img width=\"622\" height=\"786\" src=\"https:\/\/www.medellin.gov.co\/es\/wp-content\/uploads\/2024\/01\/Vanesa_Palacio_3.jpg\" class=\"attachment-medium_large size-medium_large\" alt=\"\" loading=\"lazy\" srcset=\"https:\/\/www.medellin.gov.co\/es\/wp-content\/uploads\/2024\/01\/Vanesa_Palacio_3.jpg 622w, https:\/\/www.medellin.gov.co\/es\/wp-content\/uploads\/2024\/01\/Vanesa_Palacio_3-237x300.jpg 237w, https:\/\/www.medellin.gov.co\/es\/wp-content\/uploads\/2024\/01\/Vanesa_Palacio_3-119x150.jpg 119w\" sizes=\"(max-width: 622px) 100vw, 622px\" \/>\t\t\t\t\t\t\t\t\t\t\t\t\t\t<\/div>\n\t\t\t\t\t\t<\/div>\n\t\t\t\t<\/div>\n\t\t\t\t<div class=\"elementor-element elementor-element-b4f2b4d elementor-widget elementor-widget-heading\" data-id=\"b4f2b4d\" data-element_type=\"widget\" data-widget_type=\"heading.default\">\n\t\t\t\t<div class=\"elementor-widget-container\">\n\t\t\t<h3 class=\"elementor-heading-title elementor-size-default\">Vanessa Palacio Olayo<\/h3>\t\t<\/div>\n\t\t\t\t<\/div>\n\t\t\t\t\t\t<\/div>\n\t\t\t\t\t<\/div>\n\t\t<\/div>\n\t\t\t\t\t\t\t\t<\/div>\n\t\t\t\t\t<\/div>\n\t\t<\/section>\n\t\t\t\t<div class=\"elementor-element elementor-element-6c4b1e7 elementor-widget elementor-widget-text-editor\" data-id=\"6c4b1e7\" data-element_type=\"widget\" data-widget_type=\"text-editor.default\">\n\t\t\t\t<div class=\"elementor-widget-container\">\n\t\t\t\t\t\t\t\t<div class=\"elementor-text-editor elementor-clearfix\">\n\t\t\t\t<div class=\"elementor-element elementor-element-ae74287 elementor-widget elementor-widget-heading\" data-id=\"ae74287\" data-element_type=\"widget\" data-widget_type=\"heading.default\"><div class=\"elementor-widget-container\"><p><strong>Experiencia:<\/strong><\/p><p>Win Sports<br \/>Directora, presentadora y periodista<br \/>2020 &#8211; 2023<\/p><ul><li>Conducci\u00f3n y direcci\u00f3n programa \u201cL\u00ednea de 4\u201d. Planeaci\u00f3n y ejecuci\u00f3n de uno de los programas m\u00e1s importantes de an\u00e1lisis deportivo.<\/li><li>Presentaci\u00f3n y conducci\u00f3n de \u201cWin Noticias\u201d, \u201cLo mejor de la fecha\u201d.<\/li><li>Cubrimientos especiales y generaci\u00f3n de contenidos para finales deportivas nacionales y el cubrimiento del Mundial de F\u00fatbol femenino sub 17 India 2022<\/li><\/ul><p>Telemedell\u00edn<br \/>Directora del Sistema Informativo<br \/>2017 &#8211; 2019<\/p><ul><li>Direcci\u00f3n, coordinaci\u00f3n y liderazgo del equipo informativo de Noticias Telemedell\u00edn. Planeaci\u00f3n y presentaci\u00f3n de estrategias para generar mejores formas de comunicar los hechos y sucesos de Medell\u00edn y la regi\u00f3n.<\/li><li>Implementaci\u00f3n de nuevas secciones y formatos complementarios como estrategias para alcanzar mayores sinton\u00edas para el noticiero.<\/li><li>Desarrollo, creaci\u00f3n e implementaci\u00f3n de nuevos espacios televisivos e informativos para el canal como \u201cTelemedellin AM\u201d brindando informaci\u00f3n relevante y de repercusi\u00f3n social para la ciudad.<\/li><\/ul><p>Red+ Noticias<br \/>Periodista y presentadora emisi\u00f3n central<br \/>2014 &#8211; 2016<\/p><ul><li>Equipo estrat\u00e9gico y fundador del espacio informativo principal del canal a nivel nacional. Construcci\u00f3n y planificaci\u00f3n de la secci\u00f3n deportiva del noticiero.<\/li><li>Direcci\u00f3n y cubrimiento de eventos especiales como \u201cMundial de f\u00fatbol Brasil 2014\u201d y \u201cCopa Am\u00e9rica de f\u00fatbol Chile 2015\u201d.<\/li><\/ul><p>Espn<br \/>Periodista y presentadora<br \/>2009 &#8211; 2013<\/p><ul><li>Pionera en la presencia femenina de uno de los canales de televisi\u00f3n m\u00e1s importantes del continente.<\/li><li>Presentadora de programas internacionales como \u201cSportsCenter\u201d y \u201cBal\u00f3n Dividido\u201d.<\/li><li>Cubrimiento de eventos internacionales, \u201cJuegos Panamericanos Guadalajara, M\u00e9xico 2011\u201d y \u201cJuegos Ol\u00edmpicos, Londres 2012\u201d.<\/li><\/ul><\/div><\/div>\t\t\t\t\t<\/div>\n\t\t\t\t\t\t<\/div>\n\t\t\t\t<\/div>\n\t\t\t\t<div class=\"elementor-element elementor-element-ad2dbd6 elementor-widget elementor-widget-heading\" data-id=\"ad2dbd6\" data-element_type=\"widget\" data-widget_type=\"heading.default\">\n\t\t\t\t<div class=\"elementor-widget-container\">\n\t\t\t<h2 class=\"elementor-heading-title elementor-size-default\"><b>Estamos<\/b> transformando la ciudad<\/h2>\t\t<\/div>\n\t\t\t\t<\/div>\n\t\t\t\t<section class=\"elementor-section elementor-inner-section elementor-element elementor-element-7f94e37 elementor-section-full_width elementor-section-height-default elementor-section-height-default\" data-id=\"7f94e37\" data-element_type=\"section\">\n\t\t\t\t\t\t<div class=\"elementor-container elementor-column-gap-default\">\n\t\t\t\t\t\t\t<div class=\"elementor-row\">\n\t\t\t\t\t<div class=\"elementor-column elementor-col-100 elementor-inner-column elementor-element elementor-element-e8b40ff\" data-id=\"e8b40ff\" data-element_type=\"column\">\n\t\t\t<div class=\"elementor-column-wrap elementor-element-populated\">\n\t\t\t\t\t\t\t<div class=\"elementor-widget-wrap\">\n\t\t\t\t\t\t<div class=\"elementor-element elementor-element-36ac754 elementor-widget elementor-widget-heading\" data-id=\"36ac754\" data-element_type=\"widget\" data-widget_type=\"heading.default\">\n\t\t\t\t<div class=\"elementor-widget-container\">\n\t\t\t<h3 class=\"elementor-heading-title elementor-size-default\">Funcionarios<\/h3>\t\t<\/div>\n\t\t\t\t<\/div>\n\t\t\t\t<div class=\"elementor-element elementor-element-c5cb1e3 contenedor-cifras elementor-widget elementor-widget-pp-info-box-carousel\" data-id=\"c5cb1e3\" data-element_type=\"widget\" data-settings=\"{&quot;margin&quot;:{&quot;unit&quot;:&quot;px&quot;,&quot;size&quot;:0,&quot;sizes&quot;:[]},&quot;items_tablet&quot;:{&quot;unit&quot;:&quot;px&quot;,&quot;size&quot;:3,&quot;sizes&quot;:[]},&quot;items_mobile&quot;:{&quot;unit&quot;:&quot;px&quot;,&quot;size&quot;:3,&quot;sizes&quot;:[]},&quot;margin_tablet&quot;:{&quot;unit&quot;:&quot;px&quot;,&quot;size&quot;:7,&quot;sizes&quot;:[]},&quot;margin_mobile&quot;:{&quot;unit&quot;:&quot;px&quot;,&quot;size&quot;:16,&quot;sizes&quot;:[]},&quot;items&quot;:{&quot;unit&quot;:&quot;px&quot;,&quot;size&quot;:3,&quot;sizes&quot;:[]}}\" data-widget_type=\"pp-info-box-carousel.default\">\n\t\t\t\t<div class=\"elementor-widget-container\">\n\t\t\t\t\t<div class=\"swiper-container-wrap pp-info-box-carousel-wrap\">\n\t\t\t<div class=\"pp-info-box pp-info-box-carousel pp-swiper-slider swiper-container swiper-container-c5cb1e3\" data-pagination=\".swiper-pagination-c5cb1e3\" data-arrow-next=\".swiper-button-next-c5cb1e3\" data-arrow-prev=\".swiper-button-prev-c5cb1e3\" data-slider-settings=\"{&quot;direction&quot;:&quot;horizontal&quot;,&quot;effect&quot;:&quot;slide&quot;,&quot;speed&quot;:600,&quot;slidesPerView&quot;:3,&quot;spaceBetween&quot;:10,&quot;centeredSlides&quot;:false,&quot;grabCursor&quot;:false,&quot;autoHeight&quot;:true,&quot;loop&quot;:false,&quot;autoplay&quot;:{&quot;delay&quot;:999999,&quot;disableOnInteraction&quot;:false},&quot;breakpoints&quot;:{&quot;1025&quot;:{&quot;slidesPerView&quot;:3,&quot;spaceBetween&quot;:10},&quot;768&quot;:{&quot;slidesPerView&quot;:3,&quot;spaceBetween&quot;:7},&quot;320&quot;:{&quot;slidesPerView&quot;:3,&quot;spaceBetween&quot;:16}}}\">\n\t\t\t\t<div class=\"swiper-wrapper\">\n\t\t\t\t\t\t\t\t\t\t\t<div class=\"swiper-slide\">\n\t\t\t\t\t\t\t<div class=\"pp-info-box-content-wrap\">\n\t\t\t\t\t\t\t\t\t\t\t\t\t\t\t\t\t\t\t\t\t\t\t\t\t<div class=\"pp-info-box-icon-wrap\">\n\t\t\t\t\t\t\t\t\t\t\t\t\t\t\t\t\t\t\t\t\t\t\t<span class=\"pp-info-box-icon pp-icon\">\n\t\t\t\t\t\t\t\t\t<i aria-hidden=\"true\" class=\"fas fa-user-check\"><\/i>\t\t\t\t\t\t\t<\/span>\n\t\t\t\t\t\t\t\t\t\t\t\t\t\t\t\t\t\t\t\t\t\t<\/div>\n\t\t\t\t\t\t\t\t\t\t\t\t\t\t\t\t<div class=\"pp-info-box-content\">\n\t\t\t\t\t\t\t\t\t<div class=\"pp-info-box-title-wrap\">\n\t\t\t\t\t\t\t\t\t\t\t\t\t\t\t\t\t\t\t\t\t<div class=\"pp-info-box-title-container\">\n\t\t\t\t\t\t\t\t\t\t\t\t<h3 class=\"pp-info-box-title\">\n\t\t\t\t\t\t\t\t\t\t\t\t\t113\t\t\t\t\t\t\t\t\t\t\t\t<\/h3>\n\t\t\t\t\t\t\t\t\t\t\t<\/div>\n\t\t\t\t\t\t\t\t\t\t\t\t\t\t\t\t\t\t\t\t<\/div>\n\n\t\t\t\t\t\t\t\t\t\n\t\t\t\t\t\t\t\t\t\t\t\t\t\t\t\t\t\t\t<div class=\"pp-info-box-description\">\n\t\t\t\t\t\t\t\t\t\t\t<p>De planta<\/p>\t\t\t\t\t\t\t\t\t\t<\/div>\n\t\t\t\t\t\t\t\t\t\t\t\t\t\t\t\t\t\t\t\t\t\t\t\t\t\t\t\t\t\t\t\t\t\t\t<\/div>\n\t\t\t\t\t\t\t<\/div>\n\t\t\t\t\t\t<\/div>\n\t\t\t\t\t\t\t\t\t\t\t\t<div class=\"swiper-slide\">\n\t\t\t\t\t\t\t<div class=\"pp-info-box-content-wrap\">\n\t\t\t\t\t\t\t\t\t\t\t\t\t\t\t\t\t\t\t\t\t\t\t\t\t<div class=\"pp-info-box-icon-wrap\">\n\t\t\t\t\t\t\t\t\t\t\t\t\t\t\t\t\t\t\t\t\t\t\t<span class=\"pp-info-box-icon pp-icon\">\n\t\t\t\t\t\t\t\t\t<i aria-hidden=\"true\" class=\"fas fa-user\"><\/i>\t\t\t\t\t\t\t<\/span>\n\t\t\t\t\t\t\t\t\t\t\t\t\t\t\t\t\t\t\t\t\t\t<\/div>\n\t\t\t\t\t\t\t\t\t\t\t\t\t\t\t\t<div class=\"pp-info-box-content\">\n\t\t\t\t\t\t\t\t\t<div class=\"pp-info-box-title-wrap\">\n\t\t\t\t\t\t\t\t\t\t\t\t\t\t\t\t\t\t\t\t\t<div class=\"pp-info-box-title-container\">\n\t\t\t\t\t\t\t\t\t\t\t\t<h3 class=\"pp-info-box-title\">\n\t\t\t\t\t\t\t\t\t\t\t\t\t15\t\t\t\t\t\t\t\t\t\t\t\t<\/h3>\n\t\t\t\t\t\t\t\t\t\t\t<\/div>\n\t\t\t\t\t\t\t\t\t\t\t\t\t\t\t\t\t\t\t\t<\/div>\n\n\t\t\t\t\t\t\t\t\t\n\t\t\t\t\t\t\t\t\t\t\t\t\t\t\t\t\t\t\t<div class=\"pp-info-box-description\">\n\t\t\t\t\t\t\t\t\t\t\t<p>Contratistas<\/p>\t\t\t\t\t\t\t\t\t\t<\/div>\n\t\t\t\t\t\t\t\t\t\t\t\t\t\t\t\t\t\t\t\t\t\t\t\t\t\t\t\t\t\t\t\t\t\t\t<\/div>\n\t\t\t\t\t\t\t<\/div>\n\t\t\t\t\t\t<\/div>\n\t\t\t\t\t\t\t\t\t\t\t\t<div class=\"swiper-slide\">\n\t\t\t\t\t\t\t<div class=\"pp-info-box-content-wrap\">\n\t\t\t\t\t\t\t\t\t\t\t\t\t\t\t\t\t\t\t\t\t\t\t\t\t<div class=\"pp-info-box-icon-wrap\">\n\t\t\t\t\t\t\t\t\t\t\t\t\t\t\t\t\t\t\t\t\t\t\t<span class=\"pp-info-box-icon pp-icon\">\n\t\t\t\t\t\t\t\t\t<i aria-hidden=\"true\" class=\"fas fa-user-friends\"><\/i>\t\t\t\t\t\t\t<\/span>\n\t\t\t\t\t\t\t\t\t\t\t\t\t\t\t\t\t\t\t\t\t\t<\/div>\n\t\t\t\t\t\t\t\t\t\t\t\t\t\t\t\t<div class=\"pp-info-box-content\">\n\t\t\t\t\t\t\t\t\t<div class=\"pp-info-box-title-wrap\">\n\t\t\t\t\t\t\t\t\t\t\t\t\t\t\t\t\t\t\t\t\t<div class=\"pp-info-box-title-container\">\n\t\t\t\t\t\t\t\t\t\t\t\t<h3 class=\"pp-info-box-title\">\n\t\t\t\t\t\t\t\t\t\t\t\t\t128\t\t\t\t\t\t\t\t\t\t\t\t<\/h3>\n\t\t\t\t\t\t\t\t\t\t\t<\/div>\n\t\t\t\t\t\t\t\t\t\t\t\t\t\t\t\t\t\t\t\t<\/div>\n\n\t\t\t\t\t\t\t\t\t\n\t\t\t\t\t\t\t\t\t\t\t\t\t\t\t\t\t\t\t<div class=\"pp-info-box-description\">\n\t\t\t\t\t\t\t\t\t\t\t<p>Funcionarios<\/p>\t\t\t\t\t\t\t\t\t\t<\/div>\n\t\t\t\t\t\t\t\t\t\t\t\t\t\t\t\t\t\t\t\t\t\t\t\t\t\t\t\t\t\t\t\t\t\t\t<\/div>\n\t\t\t\t\t\t\t<\/div>\n\t\t\t\t\t\t<\/div>\n\t\t\t\t\t\t\t\t\t\t<\/div>\n\t\t\t<\/div>\n\t\t\t\t\t<\/div>\n\t\t\t\t<\/div>\n\t\t\t\t<\/div>\n\t\t\t\t\t\t<\/div>\n\t\t\t\t\t<\/div>\n\t\t<\/div>\n\t\t\t\t\t\t\t\t<\/div>\n\t\t\t\t\t<\/div>\n\t\t<\/section>\n\t\t\t\t<div class=\"elementor-element elementor-element-73e13ad elementor-widget elementor-widget-heading\" data-id=\"73e13ad\" data-element_type=\"widget\" data-widget_type=\"heading.default\">\n\t\t\t\t<div class=\"elementor-widget-container\">\n\t\t\t<h2 class=\"elementor-heading-title elementor-size-default\"><b>Galer\u00eda fotogr\u00e1fica <\/b>Telemedell\u00edn<\/h2>\t\t<\/div>\n\t\t\t\t<\/div>\n\t\t\t\t\t\t<\/div>\n\t\t\t\t\t<\/div>\n\t\t<\/div>\n\t\t\t\t\t\t\t\t<\/div>\n\t\t\t\t\t<\/div>\n\t\t<\/section>\n\t\t\t\t<section class=\"elementor-section elementor-top-section elementor-element elementor-element-838569f elementor-section-boxed elementor-section-height-default elementor-section-height-default\" data-id=\"838569f\" data-element_type=\"section\">\n\t\t\t\t\t\t<div class=\"elementor-container elementor-column-gap-default\">\n\t\t\t\t\t\t\t<div class=\"elementor-row\">\n\t\t\t\t\t<div class=\"elementor-column elementor-col-100 elementor-top-column elementor-element elementor-element-af56954\" data-id=\"af56954\" data-element_type=\"column\">\n\t\t\t<div class=\"elementor-column-wrap elementor-element-populated\">\n\t\t\t\t\t\t\t<div class=\"elementor-widget-wrap\">\n\t\t\t\t\t\t<div class=\"elementor-element elementor-element-2fb28b5 elementor-arrows-position-outside elementor-pagination-position-outside elementor-widget elementor-widget-image-carousel\" data-id=\"2fb28b5\" data-element_type=\"widget\" data-settings=\"{&quot;lazyload&quot;:&quot;yes&quot;,&quot;autoplay&quot;:&quot;no&quot;,&quot;navigation&quot;:&quot;both&quot;,&quot;infinite&quot;:&quot;yes&quot;,&quot;speed&quot;:500,&quot;image_spacing_custom&quot;:{&quot;unit&quot;:&quot;px&quot;,&quot;size&quot;:20,&quot;sizes&quot;:[]}}\" data-widget_type=\"image-carousel.default\">\n\t\t\t\t<div class=\"elementor-widget-container\">\n\t\t\t\t\t<div class=\"elementor-image-carousel-wrapper swiper-container\" dir=\"ltr\">\n\t\t\t<div class=\"elementor-image-carousel swiper-wrapper\">\n\t\t\t\t\t\t\t\t<div class=\"swiper-slide\"><a data-elementor-open-lightbox=\"yes\" data-elementor-lightbox-slideshow=\"2fb28b5\" data-elementor-lightbox-title=\"Telemedell\u00edn\" e-action-hash=\"#elementor-action%3Aaction%3Dlightbox%26settings%3DeyJpZCI6MTA2NDU4LCJ1cmwiOiJodHRwczpcL1wvd3d3Lm1lZGVsbGluLmdvdi5jb1wvZXNcL3dwLWNvbnRlbnRcL3VwbG9hZHNcLzIwMjJcLzA5XC90ZWxlbWVkZWxsaW4tMi5qcGVnIiwic2xpZGVzaG93IjoiMmZiMjhiNSJ9\" href=\"https:\/\/www.medellin.gov.co\/es\/wp-content\/uploads\/2022\/09\/telemedellin-2.jpeg\"><figure class=\"swiper-slide-inner\"><img class=\"swiper-slide-image swiper-lazy\" data-src=\"https:\/\/www.medellin.gov.co\/es\/wp-content\/uploads\/2022\/09\/telemedellin-2.jpeg\" alt=\"Telemedell\u00edn\" \/><div class=\"swiper-lazy-preloader\"><\/div><\/figure><\/a><\/div><div class=\"swiper-slide\"><a data-elementor-open-lightbox=\"yes\" data-elementor-lightbox-slideshow=\"2fb28b5\" data-elementor-lightbox-title=\"20190221_TELEMEDELLIN\" e-action-hash=\"#elementor-action%3Aaction%3Dlightbox%26settings%3DeyJpZCI6NTkxNzgsInVybCI6Imh0dHBzOlwvXC93d3cubWVkZWxsaW4uZ292LmNvXC9lc1wvd3AtY29udGVudFwvdXBsb2Fkc1wvMjAyMlwvMDNcLzIwMTkwMjIxX1RFTEVNRURFTExJTi0xLmpwZyIsInNsaWRlc2hvdyI6IjJmYjI4YjUifQ%3D%3D\" href=\"https:\/\/www.medellin.gov.co\/es\/wp-content\/uploads\/2022\/03\/20190221_TELEMEDELLIN-1.jpg\"><figure class=\"swiper-slide-inner\"><img class=\"swiper-slide-image swiper-lazy\" data-src=\"https:\/\/www.medellin.gov.co\/es\/wp-content\/uploads\/2022\/03\/20190221_TELEMEDELLIN-1.jpg\" alt=\"20190221_TELEMEDELLIN\" \/><div class=\"swiper-lazy-preloader\"><\/div><\/figure><\/a><\/div><div class=\"swiper-slide\"><a data-elementor-open-lightbox=\"yes\" data-elementor-lightbox-slideshow=\"2fb28b5\" data-elementor-lightbox-title=\"20210711-Tour-Telemedellin-1\" e-action-hash=\"#elementor-action%3Aaction%3Dlightbox%26settings%3DeyJpZCI6NTYyMjEsInVybCI6Imh0dHBzOlwvXC93d3cubWVkZWxsaW4uZ292LmNvXC9lc1wvd3AtY29udGVudFwvdXBsb2Fkc1wvMjAyMlwvMDNcLzIwMjEwNzExLVRvdXItVGVsZW1lZGVsbGluLTEtMS5qcGciLCJzbGlkZXNob3ciOiIyZmIyOGI1In0%3D\" href=\"https:\/\/www.medellin.gov.co\/es\/wp-content\/uploads\/2022\/03\/20210711-Tour-Telemedellin-1-1.jpg\"><figure class=\"swiper-slide-inner\"><img class=\"swiper-slide-image swiper-lazy\" data-src=\"https:\/\/www.medellin.gov.co\/es\/wp-content\/uploads\/2022\/03\/20210711-Tour-Telemedellin-1-1.jpg\" alt=\"20210711-Tour-Telemedellin-1\" \/><div class=\"swiper-lazy-preloader\"><\/div><\/figure><\/a><\/div>\t\t\t<\/div>\n\t\t\t\t\t\t\t\t\t\t\t\t<div class=\"swiper-pagination\"><\/div>\n\t\t\t\t\t\t\t\t\t\t\t\t\t<div class=\"elementor-swiper-button elementor-swiper-button-prev\">\n\t\t\t\t\t\t<i aria-hidden=\"true\" class=\"eicon-chevron-left\"><\/i>\t\t\t\t\t\t<span class=\"elementor-screen-only\">Anterior<\/span>\n\t\t\t\t\t<\/div>\n\t\t\t\t\t<div class=\"elementor-swiper-button elementor-swiper-button-next\">\n\t\t\t\t\t\t<i aria-hidden=\"true\" class=\"eicon-chevron-right\"><\/i>\t\t\t\t\t\t<span class=\"elementor-screen-only\">Siguiente<\/span>\n\t\t\t\t\t<\/div>\n\t\t\t\t\t\t\t\t\t<\/div>\n\t\t\t\t<\/div>\n\t\t\t\t<\/div>\n\t\t\t\t\t\t<\/div>\n\t\t\t\t\t<\/div>\n\t\t<\/div>\n\t\t\t\t\t\t\t\t<\/div>\n\t\t\t\t\t<\/div>\n\t\t<\/section>\n\t\t\t\t\t\t\t\t\t<\/div>\n\t\t\t<\/div>\n\t\t\t\t\t<\/div>\n\t\t","protected":false},"excerpt":{"rendered":"<p>Canal local de televisi\u00f3n de Medell\u00edn, Telemedell\u00edn Somos un Canal vivo y joven que suma 23 a\u00f1os de experiencia y que ha calado profundo en el coraz\u00f3n de los habitantes de Medell\u00edn y el Valle &#8230;<\/p>\n","protected":false},"author":4,"featured_media":12271,"parent":102478,"menu_order":20,"comment_status":"closed","ping_status":"closed","template":"sec-privada\/elementor-conglomerado.php","meta":[],"acf":[],"_links":{"self":[{"href":"https:\/\/www.medellin.gov.co\/es\/wp-json\/wp\/v2\/pages\/104873"}],"collection":[{"href":"https:\/\/www.medellin.gov.co\/es\/wp-json\/wp\/v2\/pages"}],"about":[{"href":"https:\/\/www.medellin.gov.co\/es\/wp-json\/wp\/v2\/types\/page"}],"author":[{"embeddable":true,"href":"https:\/\/www.medellin.gov.co\/es\/wp-json\/wp\/v2\/users\/4"}],"replies":[{"embeddable":true,"href":"https:\/\/www.medellin.gov.co\/es\/wp-json\/wp\/v2\/comments?post=104873"}],"version-history":[{"count":10,"href":"https:\/\/www.medellin.gov.co\/es\/wp-json\/wp\/v2\/pages\/104873\/revisions"}],"predecessor-version":[{"id":295889,"href":"https:\/\/www.medellin.gov.co\/es\/wp-json\/wp\/v2\/pages\/104873\/revisions\/295889"}],"up":[{"embeddable":true,"href":"https:\/\/www.medellin.gov.co\/es\/wp-json\/wp\/v2\/pages\/102478"}],"wp:featuredmedia":[{"embeddable":true,"href":"https:\/\/www.medellin.gov.co\/es\/wp-json\/wp\/v2\/media\/12271"}],"wp:attachment":[{"href":"https:\/\/www.medellin.gov.co\/es\/wp-json\/wp\/v2\/media?parent=104873"}],"curies":[{"name":"wp","href":"https:\/\/api.w.org\/{rel}","templated":true}]}}