{"id":106923,"date":"2022-09-25T16:09:12","date_gmt":"2022-09-25T21:09:12","guid":{"rendered":"https:\/\/www.medellin.gov.co\/es\/?page_id=106923"},"modified":"2026-02-24T10:43:27","modified_gmt":"2026-02-24T15:43:27","slug":"informacion-de-contacto-y-directorio-institucional","status":"publish","type":"page","link":"https:\/\/www.medellin.gov.co\/es\/secretaria-de-gestion-humana\/servicio-a-la-ciudadania\/informacion-de-contacto-y-directorio-institucional\/","title":{"rendered":"Informaci\u00f3n de contacto y directorio institucional de la Alcald\u00eda de Medell\u00edn"},"content":{"rendered":"\t\t<div data-elementor-type=\"wp-page\" data-elementor-id=\"106923\" class=\"elementor elementor-106923\">\n\t\t\t\t\t\t<div class=\"elementor-inner\">\n\t\t\t\t<div class=\"elementor-section-wrap\">\n\t\t\t\t\t\t\t\t\t<section class=\"elementor-section elementor-top-section elementor-element elementor-element-ef3286c elementor-section-boxed elementor-section-height-default elementor-section-height-default\" data-id=\"ef3286c\" data-element_type=\"section\">\n\t\t\t\t\t\t<div class=\"elementor-container elementor-column-gap-default\">\n\t\t\t\t\t\t\t<div class=\"elementor-row\">\n\t\t\t\t\t<div class=\"elementor-column elementor-col-100 elementor-top-column elementor-element elementor-element-00ab627\" data-id=\"00ab627\" data-element_type=\"column\">\n\t\t\t<div class=\"elementor-column-wrap elementor-element-populated\">\n\t\t\t\t\t\t\t<div class=\"elementor-widget-wrap\">\n\t\t\t\t\t\t<div class=\"elementor-element elementor-element-284b3a8 elementor-widget elementor-widget-heading\" data-id=\"284b3a8\" data-element_type=\"widget\" data-widget_type=\"heading.default\">\n\t\t\t\t<div class=\"elementor-widget-container\">\n\t\t\t<h1 class=\"elementor-heading-title elementor-size-default\">Informaci\u00f3n de contacto y directorio institucional de la Alcald\u00eda de Medell\u00edn<\/h1>\t\t<\/div>\n\t\t\t\t<\/div>\n\t\t\t\t\t\t<\/div>\n\t\t\t\t\t<\/div>\n\t\t<\/div>\n\t\t\t\t\t\t\t\t<\/div>\n\t\t\t\t\t<\/div>\n\t\t<\/section>\n\t\t\t\t<section class=\"elementor-section elementor-top-section elementor-element elementor-element-109e148 elementor-section-boxed elementor-section-height-default elementor-section-height-default\" data-id=\"109e148\" data-element_type=\"section\">\n\t\t\t\t\t\t<div class=\"elementor-container elementor-column-gap-default\">\n\t\t\t\t\t\t\t<div class=\"elementor-row\">\n\t\t\t\t\t<div class=\"elementor-column elementor-col-100 elementor-top-column elementor-element elementor-element-14ad521\" data-id=\"14ad521\" data-element_type=\"column\">\n\t\t\t<div class=\"elementor-column-wrap elementor-element-populated\">\n\t\t\t\t\t\t\t<div class=\"elementor-widget-wrap\">\n\t\t\t\t\t\t<div class=\"elementor-element elementor-element-d6997b6 elementor-widget elementor-widget-text-editor\" data-id=\"d6997b6\" data-element_type=\"widget\" data-widget_type=\"text-editor.default\">\n\t\t\t\t<div class=\"elementor-widget-container\">\n\t\t\t\t\t\t\t\t<div class=\"elementor-text-editor elementor-clearfix\">\n\t\t\t\t<p>Conoce la informaci\u00f3n de contacto y el directorio institucional de la Alcald\u00eda de Medell\u00edn.<\/p><ul><li><strong>Direcci\u00f3n:<\/strong><\/li><\/ul><p>Calle 44 # 52 &#8211; 165, Centro Administrativo La Alpujarra, Medell\u00edn, Antioquia, Colombia<\/p><ul><li><strong>Horarios de Atenci\u00f3n:<\/strong><\/li><\/ul><p><strong>Centro Administrativo Distrital:<br \/><\/strong>Lunes a Jueves de 7:30 a. m. a 12:00 m. y de 1:30 p. m. a 5:00 p. m<br \/>Viernes de 7:30 a. m. a 12:00 m. y de 1:30 p. m. a 4:00 p. m.<\/p><p><strong>Oficinas de Servicios Tributarios La Alpujarra:<\/strong><br \/>Lunes a Jueves de 7:30 a. m. a 5:00 p. m. y viernes de 7:30 a. m. a 4:00 p. m.<\/p><p><strong>Centro de Servicios a la Ciudadan\u00eda La Alpujarra \u2013 S\u00f3tano A:<\/strong><br \/>Lunes a Jueves de 7:30 a. m. a 5:30 p. m. y Viernes de 7:30 a. m. a 4:30 p. m. (jornada continua).<\/p><ul><li><strong><strong>Canales de atenci\u00f3n:<\/strong><\/strong><p>\u00a0<\/p><\/li><\/ul><p>&#8211; L\u00ednea \u00danica de Atenci\u00f3n a la Ciudadan\u00eda +57 (604) 44 44 144<br \/>&#8211; Conmutador +57 (604) 385 55 55<br \/>&#8211; Si quieres hacer una denuncia por actos de corrupci\u00f3n o contactarnos para otros fines: L\u00ednea \u00danica de Atenci\u00f3n (+57) 604 44 44 144<br \/>&#8211; Correo Portal &#8211; <a href=\"https:\/\/www.medellin.gov.co\/es\/pqrsd\/\">Cont\u00e1ctenos<\/a><br \/>&#8211; <a href=\"https:\/\/api.whatsapp.com\/send?phone=573016044444&amp;text=Hola%20Flor%20%C2%BFpuedes%20ayudarme?\" target=\"_blank\" rel=\"noopener\">Flor, el WhatsApp de la Alcald\u00eda de Medell\u00edn &#8211; +57 3016044444<\/a><br \/>&#8211; <a href=\"mailto:notimedellin.oralidad@medellin.gov.co\">Correo electr\u00f3nico para notificaciones judiciales, de la fiscal\u00eda, y otras entidades p\u00fablicas<\/a> (Procesos administrativos): <a href=\"mailto:notimedellin.oralidad@medellin.gov.co\">notimedellin.oralidad@medellin.gov.co<\/a><\/p>\t\t\t\t\t<\/div>\n\t\t\t\t\t\t<\/div>\n\t\t\t\t<\/div>\n\t\t\t\t\t\t<\/div>\n\t\t\t\t\t<\/div>\n\t\t<\/div>\n\t\t\t\t\t\t\t\t<\/div>\n\t\t\t\t\t<\/div>\n\t\t<\/section>\n\t\t<div class=\"elementor-element elementor-element-f26ac17 e-container--column e-container\" data-id=\"f26ac17\" data-element_type=\"container\">\t\t\t\t<div class=\"elementor-element elementor-element-3c19eef elementor-widget elementor-widget-spacer\" data-id=\"3c19eef\" data-element_type=\"widget\" data-widget_type=\"spacer.default\">\n\t\t\t\t<div class=\"elementor-widget-container\">\n\t\t\t\t\t<div class=\"elementor-spacer\">\n\t\t\t<div class=\"elementor-spacer-inner\"><\/div>\n\t\t<\/div>\n\t\t\t\t<\/div>\n\t\t\t\t<\/div>\n\t\t<\/div>\t\t\t\t\t\t\t<\/div>\n\t\t\t<\/div>\n\t\t\t\t\t<\/div>\n\t\t","protected":false},"excerpt":{"rendered":"<p>Informaci\u00f3n de contacto y directorio institucional de la Alcald\u00eda de Medell\u00edn Conoce la informaci\u00f3n de contacto y el directorio institucional de la Alcald\u00eda de Medell\u00edn. Direcci\u00f3n: Calle 44 # 52 &#8211; 165, Centro Administrativo La &#8230;<\/p>\n","protected":false},"author":31,"featured_media":70316,"parent":14153,"menu_order":0,"comment_status":"closed","ping_status":"closed","template":"sec-gestion-humana\/elementor.php","meta":[],"acf":[],"_links":{"self":[{"href":"https:\/\/www.medellin.gov.co\/es\/wp-json\/wp\/v2\/pages\/106923"}],"collection":[{"href":"https:\/\/www.medellin.gov.co\/es\/wp-json\/wp\/v2\/pages"}],"about":[{"href":"https:\/\/www.medellin.gov.co\/es\/wp-json\/wp\/v2\/types\/page"}],"author":[{"embeddable":true,"href":"https:\/\/www.medellin.gov.co\/es\/wp-json\/wp\/v2\/users\/31"}],"replies":[{"embeddable":true,"href":"https:\/\/www.medellin.gov.co\/es\/wp-json\/wp\/v2\/comments?post=106923"}],"version-history":[{"count":10,"href":"https:\/\/www.medellin.gov.co\/es\/wp-json\/wp\/v2\/pages\/106923\/revisions"}],"predecessor-version":[{"id":501282,"href":"https:\/\/www.medellin.gov.co\/es\/wp-json\/wp\/v2\/pages\/106923\/revisions\/501282"}],"up":[{"embeddable":true,"href":"https:\/\/www.medellin.gov.co\/es\/wp-json\/wp\/v2\/pages\/14153"}],"wp:featuredmedia":[{"embeddable":true,"href":"https:\/\/www.medellin.gov.co\/es\/wp-json\/wp\/v2\/media\/70316"}],"wp:attachment":[{"href":"https:\/\/www.medellin.gov.co\/es\/wp-json\/wp\/v2\/media?parent=106923"}],"curies":[{"name":"wp","href":"https:\/\/api.w.org\/{rel}","templated":true}]}}