{"id":107313,"date":"2022-09-26T12:53:36","date_gmt":"2022-09-26T17:53:36","guid":{"rendered":"https:\/\/www.medellin.gov.co\/es\/?page_id=107313"},"modified":"2024-02-29T10:37:45","modified_gmt":"2024-02-29T15:37:45","slug":"terminales-medellin","status":"publish","type":"page","link":"https:\/\/www.medellin.gov.co\/es\/secretaria-privada\/conglomerado-publico\/entidades-del-conglomerado\/terminales-medellin\/","title":{"rendered":"Terminales de transporte Medell\u00edn"},"content":{"rendered":"\t\t<div data-elementor-type=\"wp-page\" data-elementor-id=\"107313\" class=\"elementor elementor-107313\">\n\t\t\t\t\t\t<div class=\"elementor-inner\">\n\t\t\t\t<div class=\"elementor-section-wrap\">\n\t\t\t\t\t\t\t\t\t<section class=\"elementor-section elementor-top-section elementor-element elementor-element-8f068c2 elementor-section-boxed elementor-section-height-default elementor-section-height-default\" data-id=\"8f068c2\" data-element_type=\"section\">\n\t\t\t\t\t\t<div class=\"elementor-container elementor-column-gap-default\">\n\t\t\t\t\t\t\t<div class=\"elementor-row\">\n\t\t\t\t\t<div class=\"elementor-column elementor-col-100 elementor-top-column elementor-element elementor-element-855aaf1\" data-id=\"855aaf1\" data-element_type=\"column\">\n\t\t\t<div class=\"elementor-column-wrap elementor-element-populated\">\n\t\t\t\t\t\t\t<div class=\"elementor-widget-wrap\">\n\t\t\t\t\t\t<div class=\"elementor-element elementor-element-40556c9 elementor-widget elementor-widget-heading\" data-id=\"40556c9\" data-element_type=\"widget\" data-widget_type=\"heading.default\">\n\t\t\t\t<div class=\"elementor-widget-container\">\n\t\t\t<h1 class=\"elementor-heading-title elementor-size-default\">Terminales de Transporte de Medell\u00edn S.A.<\/h1>\t\t<\/div>\n\t\t\t\t<\/div>\n\t\t\t\t<section class=\"elementor-section elementor-inner-section elementor-element elementor-element-5a3cf93 elementor-section-boxed elementor-section-height-default elementor-section-height-default\" data-id=\"5a3cf93\" data-element_type=\"section\">\n\t\t\t\t\t\t<div class=\"elementor-container elementor-column-gap-default\">\n\t\t\t\t\t\t\t<div class=\"elementor-row\">\n\t\t\t\t\t<div class=\"elementor-column elementor-col-50 elementor-inner-column elementor-element elementor-element-8a67f72\" data-id=\"8a67f72\" data-element_type=\"column\">\n\t\t\t<div class=\"elementor-column-wrap elementor-element-populated\">\n\t\t\t\t\t\t\t<div class=\"elementor-widget-wrap\">\n\t\t\t\t\t\t<div class=\"elementor-element elementor-element-428f6b2 elementor-widget elementor-widget-text-editor\" data-id=\"428f6b2\" data-element_type=\"widget\" data-widget_type=\"text-editor.default\">\n\t\t\t\t<div class=\"elementor-widget-container\">\n\t\t\t\t\t\t\t\t<div class=\"elementor-text-editor elementor-clearfix\">\n\t\t\t\t<div class=\"elementor-element elementor-element-ae74287 elementor-widget elementor-widget-heading\" data-id=\"ae74287\" data-element_type=\"widget\" data-widget_type=\"heading.default\"><div class=\"elementor-widget-container\">\u00a0<\/div><p>Terminales de Transporte de Medell\u00edn S.A, proporciona soluciones de movilidad y act\u00faa como nodo de conexi\u00f3n de regiones, con responsabilidad social, aplicaciones tecnol\u00f3gicas efectivas y un talento humano de alto desempe\u00f1o.<\/p><\/div>\t\t\t\t\t<\/div>\n\t\t\t\t\t\t<\/div>\n\t\t\t\t<\/div>\n\t\t\t\t\t\t<\/div>\n\t\t\t\t\t<\/div>\n\t\t<\/div>\n\t\t\t\t<div class=\"elementor-column elementor-col-50 elementor-inner-column elementor-element elementor-element-290bafc\" data-id=\"290bafc\" data-element_type=\"column\">\n\t\t\t<div class=\"elementor-column-wrap elementor-element-populated\">\n\t\t\t\t\t\t\t<div class=\"elementor-widget-wrap\">\n\t\t\t\t\t\t<div class=\"elementor-element elementor-element-812155d elementor-widget elementor-widget-image\" data-id=\"812155d\" data-element_type=\"widget\" data-widget_type=\"image.default\">\n\t\t\t\t<div class=\"elementor-widget-container\">\n\t\t\t\t\t\t\t\t<div class=\"elementor-image\">\n\t\t\t\t\t\t\t\t\t\t\t\t<img width=\"801\" height=\"601\" src=\"https:\/\/www.medellin.gov.co\/es\/wp-content\/uploads\/2024\/02\/Ovidio-Antonio-Buitrago-Sierra-1.jpg\" class=\"attachment-large size-large\" alt=\"\" loading=\"lazy\" srcset=\"https:\/\/www.medellin.gov.co\/es\/wp-content\/uploads\/2024\/02\/Ovidio-Antonio-Buitrago-Sierra-1.jpg 801w, https:\/\/www.medellin.gov.co\/es\/wp-content\/uploads\/2024\/02\/Ovidio-Antonio-Buitrago-Sierra-1-300x225.jpg 300w, https:\/\/www.medellin.gov.co\/es\/wp-content\/uploads\/2024\/02\/Ovidio-Antonio-Buitrago-Sierra-1-150x113.jpg 150w, https:\/\/www.medellin.gov.co\/es\/wp-content\/uploads\/2024\/02\/Ovidio-Antonio-Buitrago-Sierra-1-768x576.jpg 768w\" sizes=\"(max-width: 801px) 100vw, 801px\" \/>\t\t\t\t\t\t\t\t\t\t\t\t\t\t<\/div>\n\t\t\t\t\t\t<\/div>\n\t\t\t\t<\/div>\n\t\t\t\t<div class=\"elementor-element elementor-element-3a3a3f2 elementor-widget elementor-widget-text-editor\" data-id=\"3a3a3f2\" data-element_type=\"widget\" data-widget_type=\"text-editor.default\">\n\t\t\t\t<div class=\"elementor-widget-container\">\n\t\t\t\t\t\t\t\t<div class=\"elementor-text-editor elementor-clearfix\">\n\t\t\t\t<p style=\"text-align: center;\">Ovidio Antonio Buitrago Sierra<br \/>Gerente<\/p>\t\t\t\t\t<\/div>\n\t\t\t\t\t\t<\/div>\n\t\t\t\t<\/div>\n\t\t\t\t\t\t<\/div>\n\t\t\t\t\t<\/div>\n\t\t<\/div>\n\t\t\t\t\t\t\t\t<\/div>\n\t\t\t\t\t<\/div>\n\t\t<\/section>\n\t\t\t\t<section class=\"elementor-section elementor-inner-section elementor-element elementor-element-41db19f elementor-section-boxed elementor-section-height-default elementor-section-height-default\" data-id=\"41db19f\" data-element_type=\"section\">\n\t\t\t\t\t\t<div class=\"elementor-container elementor-column-gap-default\">\n\t\t\t\t\t\t\t<div class=\"elementor-row\">\n\t\t\t\t\t<div class=\"elementor-column elementor-col-50 elementor-inner-column elementor-element elementor-element-97764bd\" data-id=\"97764bd\" data-element_type=\"column\">\n\t\t\t<div class=\"elementor-column-wrap elementor-element-populated\">\n\t\t\t\t\t\t\t<div class=\"elementor-widget-wrap\">\n\t\t\t\t\t\t<div class=\"elementor-element elementor-element-0ef5d9b elementor-widget elementor-widget-image\" data-id=\"0ef5d9b\" data-element_type=\"widget\" data-widget_type=\"image.default\">\n\t\t\t\t<div class=\"elementor-widget-container\">\n\t\t\t\t\t\t\t\t<div class=\"elementor-image\">\n\t\t\t\t\t\t\t\t\t\t\t\t<img width=\"800\" height=\"533\" src=\"https:\/\/www.medellin.gov.co\/es\/wp-content\/uploads\/2022\/09\/Terminales-Medellin-1.jpg\" class=\"attachment-large size-large\" alt=\"Terminales Medell\u00edn\" loading=\"lazy\" srcset=\"https:\/\/www.medellin.gov.co\/es\/wp-content\/uploads\/2022\/09\/Terminales-Medellin-1.jpg 800w, https:\/\/www.medellin.gov.co\/es\/wp-content\/uploads\/2022\/09\/Terminales-Medellin-1-300x200.jpg 300w, https:\/\/www.medellin.gov.co\/es\/wp-content\/uploads\/2022\/09\/Terminales-Medellin-1-150x100.jpg 150w, https:\/\/www.medellin.gov.co\/es\/wp-content\/uploads\/2022\/09\/Terminales-Medellin-1-768x512.jpg 768w\" sizes=\"(max-width: 800px) 100vw, 800px\" \/>\t\t\t\t\t\t\t\t\t\t\t\t\t\t<\/div>\n\t\t\t\t\t\t<\/div>\n\t\t\t\t<\/div>\n\t\t\t\t\t\t<\/div>\n\t\t\t\t\t<\/div>\n\t\t<\/div>\n\t\t\t\t<div class=\"elementor-column elementor-col-50 elementor-inner-column elementor-element elementor-element-2d537f6\" data-id=\"2d537f6\" data-element_type=\"column\">\n\t\t\t<div class=\"elementor-column-wrap elementor-element-populated\">\n\t\t\t\t\t\t\t<div class=\"elementor-widget-wrap\">\n\t\t\t\t\t\t<div class=\"elementor-element elementor-element-e0d1d98 elementor-widget elementor-widget-text-editor\" data-id=\"e0d1d98\" data-element_type=\"widget\" data-widget_type=\"text-editor.default\">\n\t\t\t\t<div class=\"elementor-widget-container\">\n\t\t\t\t\t\t\t\t<div class=\"elementor-text-editor elementor-clearfix\">\n\t\t\t\t<p>Terminales Medell\u00edn, como nodo de conexi\u00f3n con las diferentes regiones del pa\u00eds, se posiciona como un actor estrat\u00e9gico y una entidad l\u00edder en transporte terrestre dentro del Distrito de Medell\u00edn. La operaci\u00f3n cuenta con la participaci\u00f3n de 77 empresas de transporte, tanto intermunicipales como interdepartamentales, las cuales cubren gran parte del territorio nacional.<\/p>\t\t\t\t\t<\/div>\n\t\t\t\t\t\t<\/div>\n\t\t\t\t<\/div>\n\t\t\t\t\t\t<\/div>\n\t\t\t\t\t<\/div>\n\t\t<\/div>\n\t\t\t\t\t\t\t\t<\/div>\n\t\t\t\t\t<\/div>\n\t\t<\/section>\n\t\t\t\t<div class=\"elementor-element elementor-element-9d64157 elementor-widget elementor-widget-heading\" data-id=\"9d64157\" data-element_type=\"widget\" data-widget_type=\"heading.default\">\n\t\t\t\t<div class=\"elementor-widget-container\">\n\t\t\t<h2 class=\"elementor-heading-title elementor-size-default\"><b>Galer\u00eda fotogr\u00e1fica<\/b> Terminales Medell\u00edn<\/h2>\t\t<\/div>\n\t\t\t\t<\/div>\n\t\t\t\t\t\t<\/div>\n\t\t\t\t\t<\/div>\n\t\t<\/div>\n\t\t\t\t\t\t\t\t<\/div>\n\t\t\t\t\t<\/div>\n\t\t<\/section>\n\t\t\t\t<section class=\"elementor-section elementor-top-section elementor-element elementor-element-804f64b elementor-section-boxed elementor-section-height-default elementor-section-height-default\" data-id=\"804f64b\" data-element_type=\"section\">\n\t\t\t\t\t\t<div class=\"elementor-container elementor-column-gap-default\">\n\t\t\t\t\t\t\t<div class=\"elementor-row\">\n\t\t\t\t\t<div class=\"elementor-column elementor-col-100 elementor-top-column elementor-element elementor-element-ab0f059\" data-id=\"ab0f059\" data-element_type=\"column\">\n\t\t\t<div class=\"elementor-column-wrap elementor-element-populated\">\n\t\t\t\t\t\t\t<div class=\"elementor-widget-wrap\">\n\t\t\t\t\t\t<div class=\"elementor-element elementor-element-2859100 elementor-arrows-position-outside elementor-pagination-position-outside elementor-widget elementor-widget-image-carousel\" data-id=\"2859100\" data-element_type=\"widget\" data-settings=\"{&quot;lazyload&quot;:&quot;yes&quot;,&quot;autoplay&quot;:&quot;no&quot;,&quot;navigation&quot;:&quot;both&quot;,&quot;infinite&quot;:&quot;yes&quot;,&quot;speed&quot;:500,&quot;image_spacing_custom&quot;:{&quot;unit&quot;:&quot;px&quot;,&quot;size&quot;:20,&quot;sizes&quot;:[]}}\" data-widget_type=\"image-carousel.default\">\n\t\t\t\t<div class=\"elementor-widget-container\">\n\t\t\t\t\t<div class=\"elementor-image-carousel-wrapper swiper-container\" dir=\"ltr\">\n\t\t\t<div class=\"elementor-image-carousel swiper-wrapper\">\n\t\t\t\t\t\t\t\t<div class=\"swiper-slide\"><a data-elementor-open-lightbox=\"yes\" data-elementor-lightbox-slideshow=\"2859100\" data-elementor-lightbox-title=\"Terminales Medell\u00edn\" e-action-hash=\"#elementor-action%3Aaction%3Dlightbox%26settings%3DeyJpZCI6MTA3Mzg2LCJ1cmwiOiJodHRwczpcL1wvd3d3Lm1lZGVsbGluLmdvdi5jb1wvZXNcL3dwLWNvbnRlbnRcL3VwbG9hZHNcLzIwMjJcLzA5XC9UZXJtaW5hbGVzLU1lZGVsbGluLTQuanBnIiwic2xpZGVzaG93IjoiMjg1OTEwMCJ9\" href=\"https:\/\/www.medellin.gov.co\/es\/wp-content\/uploads\/2022\/09\/Terminales-Medellin-4.jpg\"><figure class=\"swiper-slide-inner\"><img class=\"swiper-slide-image swiper-lazy\" data-src=\"https:\/\/www.medellin.gov.co\/es\/wp-content\/uploads\/2022\/09\/Terminales-Medellin-4.jpg\" alt=\"Terminales Medell\u00edn\" \/><div class=\"swiper-lazy-preloader\"><\/div><\/figure><\/a><\/div><div class=\"swiper-slide\"><a data-elementor-open-lightbox=\"yes\" data-elementor-lightbox-slideshow=\"2859100\" data-elementor-lightbox-title=\"Terminales Medell\u00edn\" e-action-hash=\"#elementor-action%3Aaction%3Dlightbox%26settings%3DeyJpZCI6MTA3Mzg3LCJ1cmwiOiJodHRwczpcL1wvd3d3Lm1lZGVsbGluLmdvdi5jb1wvZXNcL3dwLWNvbnRlbnRcL3VwbG9hZHNcLzIwMjJcLzA5XC9UZXJtaW5hbGVzLU1lZGVsbGluLTUuanBnIiwic2xpZGVzaG93IjoiMjg1OTEwMCJ9\" href=\"https:\/\/www.medellin.gov.co\/es\/wp-content\/uploads\/2022\/09\/Terminales-Medellin-5.jpg\"><figure class=\"swiper-slide-inner\"><img class=\"swiper-slide-image swiper-lazy\" data-src=\"https:\/\/www.medellin.gov.co\/es\/wp-content\/uploads\/2022\/09\/Terminales-Medellin-5.jpg\" alt=\"Terminales Medell\u00edn\" \/><div class=\"swiper-lazy-preloader\"><\/div><\/figure><\/a><\/div><div class=\"swiper-slide\"><a data-elementor-open-lightbox=\"yes\" data-elementor-lightbox-slideshow=\"2859100\" data-elementor-lightbox-title=\"Terminales Medell\u00edn\" e-action-hash=\"#elementor-action%3Aaction%3Dlightbox%26settings%3DeyJpZCI6MTA3MzkwLCJ1cmwiOiJodHRwczpcL1wvd3d3Lm1lZGVsbGluLmdvdi5jb1wvZXNcL3dwLWNvbnRlbnRcL3VwbG9hZHNcLzIwMjJcLzA5XC9UZXJtaW5hbGVzLU1lZGVsbGluLTIuanBnIiwic2xpZGVzaG93IjoiMjg1OTEwMCJ9\" href=\"https:\/\/www.medellin.gov.co\/es\/wp-content\/uploads\/2022\/09\/Terminales-Medellin-2.jpg\"><figure class=\"swiper-slide-inner\"><img class=\"swiper-slide-image swiper-lazy\" data-src=\"https:\/\/www.medellin.gov.co\/es\/wp-content\/uploads\/2022\/09\/Terminales-Medellin-2.jpg\" alt=\"Terminales Medell\u00edn\" \/><div class=\"swiper-lazy-preloader\"><\/div><\/figure><\/a><\/div><div class=\"swiper-slide\"><a data-elementor-open-lightbox=\"yes\" data-elementor-lightbox-slideshow=\"2859100\" data-elementor-lightbox-title=\"Terminales Medell\u00edn\" e-action-hash=\"#elementor-action%3Aaction%3Dlightbox%26settings%3DeyJpZCI6MTA3MzkzLCJ1cmwiOiJodHRwczpcL1wvd3d3Lm1lZGVsbGluLmdvdi5jb1wvZXNcL3dwLWNvbnRlbnRcL3VwbG9hZHNcLzIwMjJcLzA5XC9UZXJtaW5hbGVzLU1lZGVsbGluLTMuanBnIiwic2xpZGVzaG93IjoiMjg1OTEwMCJ9\" href=\"https:\/\/www.medellin.gov.co\/es\/wp-content\/uploads\/2022\/09\/Terminales-Medellin-3.jpg\"><figure class=\"swiper-slide-inner\"><img class=\"swiper-slide-image swiper-lazy\" data-src=\"https:\/\/www.medellin.gov.co\/es\/wp-content\/uploads\/2022\/09\/Terminales-Medellin-3.jpg\" alt=\"Terminales Medell\u00edn\" \/><div class=\"swiper-lazy-preloader\"><\/div><\/figure><\/a><\/div><div class=\"swiper-slide\"><a data-elementor-open-lightbox=\"yes\" data-elementor-lightbox-slideshow=\"2859100\" data-elementor-lightbox-title=\"Terminales Medell\u00edn\" e-action-hash=\"#elementor-action%3Aaction%3Dlightbox%26settings%3DeyJpZCI6MTA3MzM1LCJ1cmwiOiJodHRwczpcL1wvd3d3Lm1lZGVsbGluLmdvdi5jb1wvZXNcL3dwLWNvbnRlbnRcL3VwbG9hZHNcLzIwMjJcLzA5XC9UZXJtaW5hbGVzLU1lZGVsbGluLTEuanBnIiwic2xpZGVzaG93IjoiMjg1OTEwMCJ9\" href=\"https:\/\/www.medellin.gov.co\/es\/wp-content\/uploads\/2022\/09\/Terminales-Medellin-1.jpg\"><figure class=\"swiper-slide-inner\"><img class=\"swiper-slide-image swiper-lazy\" data-src=\"https:\/\/www.medellin.gov.co\/es\/wp-content\/uploads\/2022\/09\/Terminales-Medellin-1.jpg\" alt=\"Terminales Medell\u00edn\" \/><div class=\"swiper-lazy-preloader\"><\/div><\/figure><\/a><\/div>\t\t\t<\/div>\n\t\t\t\t\t\t\t\t\t\t\t\t<div class=\"swiper-pagination\"><\/div>\n\t\t\t\t\t\t\t\t\t\t\t\t\t<div class=\"elementor-swiper-button elementor-swiper-button-prev\">\n\t\t\t\t\t\t<i aria-hidden=\"true\" class=\"eicon-chevron-left\"><\/i>\t\t\t\t\t\t<span class=\"elementor-screen-only\">Anterior<\/span>\n\t\t\t\t\t<\/div>\n\t\t\t\t\t<div class=\"elementor-swiper-button elementor-swiper-button-next\">\n\t\t\t\t\t\t<i aria-hidden=\"true\" class=\"eicon-chevron-right\"><\/i>\t\t\t\t\t\t<span class=\"elementor-screen-only\">Siguiente<\/span>\n\t\t\t\t\t<\/div>\n\t\t\t\t\t\t\t\t\t<\/div>\n\t\t\t\t<\/div>\n\t\t\t\t<\/div>\n\t\t\t\t\t\t<\/div>\n\t\t\t\t\t<\/div>\n\t\t<\/div>\n\t\t\t\t\t\t\t\t<\/div>\n\t\t\t\t\t<\/div>\n\t\t<\/section>\n\t\t\t\t\t\t\t\t\t<\/div>\n\t\t\t<\/div>\n\t\t\t\t\t<\/div>\n\t\t","protected":false},"excerpt":{"rendered":"<p>Terminales de Transporte de Medell\u00edn S.A. Terminales de Transporte de Medell\u00edn S.A, proporciona soluciones de movilidad y act\u00faa como nodo de conexi\u00f3n de regiones, con responsabilidad social, aplicaciones tecnol\u00f3gicas efectivas y un talento humano de &#8230;<\/p>\n","protected":false},"author":21,"featured_media":12271,"parent":102478,"menu_order":70,"comment_status":"closed","ping_status":"closed","template":"sec-privada\/elementor-conglomerado.php","meta":[],"acf":[],"_links":{"self":[{"href":"https:\/\/www.medellin.gov.co\/es\/wp-json\/wp\/v2\/pages\/107313"}],"collection":[{"href":"https:\/\/www.medellin.gov.co\/es\/wp-json\/wp\/v2\/pages"}],"about":[{"href":"https:\/\/www.medellin.gov.co\/es\/wp-json\/wp\/v2\/types\/page"}],"author":[{"embeddable":true,"href":"https:\/\/www.medellin.gov.co\/es\/wp-json\/wp\/v2\/users\/21"}],"replies":[{"embeddable":true,"href":"https:\/\/www.medellin.gov.co\/es\/wp-json\/wp\/v2\/comments?post=107313"}],"version-history":[{"count":10,"href":"https:\/\/www.medellin.gov.co\/es\/wp-json\/wp\/v2\/pages\/107313\/revisions"}],"predecessor-version":[{"id":302892,"href":"https:\/\/www.medellin.gov.co\/es\/wp-json\/wp\/v2\/pages\/107313\/revisions\/302892"}],"up":[{"embeddable":true,"href":"https:\/\/www.medellin.gov.co\/es\/wp-json\/wp\/v2\/pages\/102478"}],"wp:featuredmedia":[{"embeddable":true,"href":"https:\/\/www.medellin.gov.co\/es\/wp-json\/wp\/v2\/media\/12271"}],"wp:attachment":[{"href":"https:\/\/www.medellin.gov.co\/es\/wp-json\/wp\/v2\/media?parent=107313"}],"curies":[{"name":"wp","href":"https:\/\/api.w.org\/{rel}","templated":true}]}}