{"id":107438,"date":"2022-09-26T14:33:42","date_gmt":"2022-09-26T19:33:42","guid":{"rendered":"https:\/\/www.medellin.gov.co\/es\/?page_id=107438"},"modified":"2022-09-27T09:32:42","modified_gmt":"2022-09-27T14:32:42","slug":"obras-daniel-quintero-popular","status":"publish","type":"page","link":"https:\/\/www.medellin.gov.co\/es\/secretaria-de-comunicaciones\/campanas\/obras-daniel-quintero-popular\/","title":{"rendered":"Comuna 1 &#8211; Popular. Obras para conectar y renovar el norte"},"content":{"rendered":"<p><span style=\"font-weight: 400;\">La renovaci\u00f3n del Parque Biblioteca en la Zona Nororiental es la cura definitiva de una herida hist\u00f3rica, que se integra con el nuevo Puente Centenario, la pavimentaci\u00f3n de varios tramos de la malla vial, el mantenimiento de parques y puentes \u00a1Con obras, tenemos norte y tejemos confianza!<\/span><\/p>\n","protected":false},"excerpt":{"rendered":"<p>La renovaci\u00f3n del Parque Biblioteca en la Zona Nororiental es la cura definitiva de una herida hist\u00f3rica, que se integra con el nuevo Puente Centenario, la pavimentaci\u00f3n de varios tramos de la malla vial, el &#8230;<\/p>\n","protected":false},"author":31,"featured_media":0,"parent":60775,"menu_order":5,"comment_status":"closed","ping_status":"closed","template":"sec-comunicaciones\/obras_quintero.php","meta":[],"acf":[],"_links":{"self":[{"href":"https:\/\/www.medellin.gov.co\/es\/wp-json\/wp\/v2\/pages\/107438"}],"collection":[{"href":"https:\/\/www.medellin.gov.co\/es\/wp-json\/wp\/v2\/pages"}],"about":[{"href":"https:\/\/www.medellin.gov.co\/es\/wp-json\/wp\/v2\/types\/page"}],"author":[{"embeddable":true,"href":"https:\/\/www.medellin.gov.co\/es\/wp-json\/wp\/v2\/users\/31"}],"replies":[{"embeddable":true,"href":"https:\/\/www.medellin.gov.co\/es\/wp-json\/wp\/v2\/comments?post=107438"}],"version-history":[{"count":10,"href":"https:\/\/www.medellin.gov.co\/es\/wp-json\/wp\/v2\/pages\/107438\/revisions"}],"predecessor-version":[{"id":108299,"href":"https:\/\/www.medellin.gov.co\/es\/wp-json\/wp\/v2\/pages\/107438\/revisions\/108299"}],"up":[{"embeddable":true,"href":"https:\/\/www.medellin.gov.co\/es\/wp-json\/wp\/v2\/pages\/60775"}],"wp:attachment":[{"href":"https:\/\/www.medellin.gov.co\/es\/wp-json\/wp\/v2\/media?parent=107438"}],"curies":[{"name":"wp","href":"https:\/\/api.w.org\/{rel}","templated":true}]}}