{"id":107489,"date":"2022-09-26T16:10:43","date_gmt":"2022-09-26T21:10:43","guid":{"rendered":"https:\/\/www.medellin.gov.co\/es\/?page_id=107489"},"modified":"2022-09-27T19:30:51","modified_gmt":"2022-09-28T00:30:51","slug":"obras-daniel-quintero-manrique","status":"publish","type":"page","link":"https:\/\/www.medellin.gov.co\/es\/secretaria-de-comunicaciones\/campanas\/obras-daniel-quintero-manrique\/","title":{"rendered":"Comuna 3 &#8211; Manrique. Obras urgentes, territorios s\u00f3lidos en tradici\u00f3n y sostenibilidad"},"content":{"rendered":"<p>La adecuaci\u00f3n del Centro del Valle del Software pone a Manrique en frecuencia digital y de innovaci\u00f3n. Las condiciones clim\u00e1ticas reclamaron las obras que se hicieron adecuadamente y que permitieron mantener conexiones id\u00f3neas que se suman a nuevas redes de servicios, mejoramiento de andenes y nuevos puentes que facilitan la movilidad segura e incluyente de los peatones, entre muchas obras m\u00e1s.<\/p>\n","protected":false},"excerpt":{"rendered":"<p>La adecuaci\u00f3n del Centro del Valle del Software pone a Manrique en frecuencia digital y de innovaci\u00f3n. Las condiciones clim\u00e1ticas reclamaron las obras que se hicieron adecuadamente y que permitieron mantener conexiones id\u00f3neas que se &#8230;<\/p>\n","protected":false},"author":21,"featured_media":0,"parent":60775,"menu_order":15,"comment_status":"closed","ping_status":"closed","template":"sec-comunicaciones\/obras_quintero.php","meta":[],"acf":[],"_links":{"self":[{"href":"https:\/\/www.medellin.gov.co\/es\/wp-json\/wp\/v2\/pages\/107489"}],"collection":[{"href":"https:\/\/www.medellin.gov.co\/es\/wp-json\/wp\/v2\/pages"}],"about":[{"href":"https:\/\/www.medellin.gov.co\/es\/wp-json\/wp\/v2\/types\/page"}],"author":[{"embeddable":true,"href":"https:\/\/www.medellin.gov.co\/es\/wp-json\/wp\/v2\/users\/21"}],"replies":[{"embeddable":true,"href":"https:\/\/www.medellin.gov.co\/es\/wp-json\/wp\/v2\/comments?post=107489"}],"version-history":[{"count":10,"href":"https:\/\/www.medellin.gov.co\/es\/wp-json\/wp\/v2\/pages\/107489\/revisions"}],"predecessor-version":[{"id":109044,"href":"https:\/\/www.medellin.gov.co\/es\/wp-json\/wp\/v2\/pages\/107489\/revisions\/109044"}],"up":[{"embeddable":true,"href":"https:\/\/www.medellin.gov.co\/es\/wp-json\/wp\/v2\/pages\/60775"}],"wp:attachment":[{"href":"https:\/\/www.medellin.gov.co\/es\/wp-json\/wp\/v2\/media?parent=107489"}],"curies":[{"name":"wp","href":"https:\/\/api.w.org\/{rel}","templated":true}]}}