{"id":107585,"date":"2022-09-26T16:10:29","date_gmt":"2022-09-26T21:10:29","guid":{"rendered":"https:\/\/www.medellin.gov.co\/es\/?page_id=107585"},"modified":"2022-11-15T15:11:59","modified_gmt":"2022-11-15T20:11:59","slug":"obras-daniel-quintero-santa-cruz","status":"publish","type":"page","link":"https:\/\/www.medellin.gov.co\/es\/secretaria-de-comunicaciones\/campanas\/obras-daniel-quintero-santa-cruz\/","title":{"rendered":"Comuna 2 &#8211; Santa Cruz. Inclusi\u00f3n y conectividad hecha con obras"},"content":{"rendered":"<p><span style=\"font-weight: 400;\">La adecuaci\u00f3n del Centro del Valle del Software es una nueva ventana de la zona Nororiental con el mundo. El mantenimiento del Parque Villa del Socorro II, el puente peatonal El Play\u00f3n y el puente peatonal sobre el R\u00edo Medell\u00edn, acerca la Nororiental a su futuro.<\/span><\/p>\n","protected":false},"excerpt":{"rendered":"<p>La adecuaci\u00f3n del Centro del Valle del Software es una nueva ventana de la zona Nororiental con el mundo. El mantenimiento del Parque Villa del Socorro II, el puente peatonal El Play\u00f3n y el puente &#8230;<\/p>\n","protected":false},"author":4,"featured_media":0,"parent":60775,"menu_order":10,"comment_status":"closed","ping_status":"closed","template":"sec-comunicaciones\/obras_quintero.php","meta":[],"acf":[],"_links":{"self":[{"href":"https:\/\/www.medellin.gov.co\/es\/wp-json\/wp\/v2\/pages\/107585"}],"collection":[{"href":"https:\/\/www.medellin.gov.co\/es\/wp-json\/wp\/v2\/pages"}],"about":[{"href":"https:\/\/www.medellin.gov.co\/es\/wp-json\/wp\/v2\/types\/page"}],"author":[{"embeddable":true,"href":"https:\/\/www.medellin.gov.co\/es\/wp-json\/wp\/v2\/users\/4"}],"replies":[{"embeddable":true,"href":"https:\/\/www.medellin.gov.co\/es\/wp-json\/wp\/v2\/comments?post=107585"}],"version-history":[{"count":10,"href":"https:\/\/www.medellin.gov.co\/es\/wp-json\/wp\/v2\/pages\/107585\/revisions"}],"predecessor-version":[{"id":108300,"href":"https:\/\/www.medellin.gov.co\/es\/wp-json\/wp\/v2\/pages\/107585\/revisions\/108300"}],"up":[{"embeddable":true,"href":"https:\/\/www.medellin.gov.co\/es\/wp-json\/wp\/v2\/pages\/60775"}],"wp:attachment":[{"href":"https:\/\/www.medellin.gov.co\/es\/wp-json\/wp\/v2\/media?parent=107585"}],"curies":[{"name":"wp","href":"https:\/\/api.w.org\/{rel}","templated":true}]}}