{"id":107634,"date":"2022-09-26T16:23:56","date_gmt":"2022-09-26T21:23:56","guid":{"rendered":"https:\/\/www.medellin.gov.co\/es\/?page_id=107634"},"modified":"2022-09-27T19:57:31","modified_gmt":"2022-09-28T00:57:31","slug":"obras-daniel-quintero-aranjuez","status":"publish","type":"page","link":"https:\/\/www.medellin.gov.co\/es\/secretaria-de-comunicaciones\/campanas\/obras-daniel-quintero-aranjuez\/","title":{"rendered":"Comuna 4 &#8211; Aranjuez. Obras con m\u00e1s espacio para el encuentro en Aranjuez"},"content":{"rendered":"<p><span style=\"font-weight: 400;\">La adecuaci\u00f3n del Centro del Valle del Software es una nueva ventana de la zona Nororiental con el mundo. En el territorio, el futuro tiene un horizonte de espacio p\u00fablico con lo que ser\u00e1 Parques Del R\u00edo Norte que ser\u00e1 visible a los ojos del mundo en lo ambiental, el turismo y la resiliencia.<\/span><\/p>\n","protected":false},"excerpt":{"rendered":"<p>La adecuaci\u00f3n del Centro del Valle del Software es una nueva ventana de la zona Nororiental con el mundo. En el territorio, el futuro tiene un horizonte de espacio p\u00fablico con lo que ser\u00e1 Parques &#8230;<\/p>\n","protected":false},"author":31,"featured_media":0,"parent":60775,"menu_order":20,"comment_status":"closed","ping_status":"closed","template":"sec-comunicaciones\/obras_quintero.php","meta":[],"acf":[],"_links":{"self":[{"href":"https:\/\/www.medellin.gov.co\/es\/wp-json\/wp\/v2\/pages\/107634"}],"collection":[{"href":"https:\/\/www.medellin.gov.co\/es\/wp-json\/wp\/v2\/pages"}],"about":[{"href":"https:\/\/www.medellin.gov.co\/es\/wp-json\/wp\/v2\/types\/page"}],"author":[{"embeddable":true,"href":"https:\/\/www.medellin.gov.co\/es\/wp-json\/wp\/v2\/users\/31"}],"replies":[{"embeddable":true,"href":"https:\/\/www.medellin.gov.co\/es\/wp-json\/wp\/v2\/comments?post=107634"}],"version-history":[{"count":7,"href":"https:\/\/www.medellin.gov.co\/es\/wp-json\/wp\/v2\/pages\/107634\/revisions"}],"predecessor-version":[{"id":109078,"href":"https:\/\/www.medellin.gov.co\/es\/wp-json\/wp\/v2\/pages\/107634\/revisions\/109078"}],"up":[{"embeddable":true,"href":"https:\/\/www.medellin.gov.co\/es\/wp-json\/wp\/v2\/pages\/60775"}],"wp:attachment":[{"href":"https:\/\/www.medellin.gov.co\/es\/wp-json\/wp\/v2\/media?parent=107634"}],"curies":[{"name":"wp","href":"https:\/\/api.w.org\/{rel}","templated":true}]}}