{"id":107777,"date":"2022-09-26T17:16:03","date_gmt":"2022-09-26T22:16:03","guid":{"rendered":"https:\/\/www.medellin.gov.co\/es\/?page_id=107777"},"modified":"2022-09-27T19:32:52","modified_gmt":"2022-09-28T00:32:52","slug":"obras-daniel-quintero-castilla","status":"publish","type":"page","link":"https:\/\/www.medellin.gov.co\/es\/secretaria-de-comunicaciones\/campanas\/obras-daniel-quintero-castilla\/","title":{"rendered":"Comuna 5 &#8211; Castilla. Obras en Castilla, un destino para encontrarnos m\u00e1s"},"content":{"rendered":"<p>Castilla tiene de todo, desde el nuevo Centro del Valle del Software hasta el renovado Parque Recreativo Alfonso L\u00f3pez o los nuevos parques del Tricentenario, espacios para el deporte, la recreaci\u00f3n y la cultura provocan el encuentro entre tradici\u00f3n y diversidad. Un tejido urbano que conecta con la educaci\u00f3n y muchas obras m\u00e1s.<\/p>\n","protected":false},"excerpt":{"rendered":"<p>Castilla tiene de todo, desde el nuevo Centro del Valle del Software hasta el renovado Parque Recreativo Alfonso L\u00f3pez o los nuevos parques del Tricentenario, espacios para el deporte, la recreaci\u00f3n y la cultura provocan &#8230;<\/p>\n","protected":false},"author":4,"featured_media":0,"parent":60775,"menu_order":25,"comment_status":"closed","ping_status":"closed","template":"sec-comunicaciones\/obras_quintero.php","meta":[],"acf":[],"_links":{"self":[{"href":"https:\/\/www.medellin.gov.co\/es\/wp-json\/wp\/v2\/pages\/107777"}],"collection":[{"href":"https:\/\/www.medellin.gov.co\/es\/wp-json\/wp\/v2\/pages"}],"about":[{"href":"https:\/\/www.medellin.gov.co\/es\/wp-json\/wp\/v2\/types\/page"}],"author":[{"embeddable":true,"href":"https:\/\/www.medellin.gov.co\/es\/wp-json\/wp\/v2\/users\/4"}],"replies":[{"embeddable":true,"href":"https:\/\/www.medellin.gov.co\/es\/wp-json\/wp\/v2\/comments?post=107777"}],"version-history":[{"count":4,"href":"https:\/\/www.medellin.gov.co\/es\/wp-json\/wp\/v2\/pages\/107777\/revisions"}],"predecessor-version":[{"id":109051,"href":"https:\/\/www.medellin.gov.co\/es\/wp-json\/wp\/v2\/pages\/107777\/revisions\/109051"}],"up":[{"embeddable":true,"href":"https:\/\/www.medellin.gov.co\/es\/wp-json\/wp\/v2\/pages\/60775"}],"wp:attachment":[{"href":"https:\/\/www.medellin.gov.co\/es\/wp-json\/wp\/v2\/media?parent=107777"}],"curies":[{"name":"wp","href":"https:\/\/api.w.org\/{rel}","templated":true}]}}