{"id":107972,"date":"2022-09-26T19:12:49","date_gmt":"2022-09-27T00:12:49","guid":{"rendered":"https:\/\/www.medellin.gov.co\/es\/?page_id=107972"},"modified":"2022-09-27T07:48:14","modified_gmt":"2022-09-27T12:48:14","slug":"obras-daniel-quintero-robledo","status":"publish","type":"page","link":"https:\/\/www.medellin.gov.co\/es\/secretaria-de-comunicaciones\/campanas\/obras-daniel-quintero-robledo\/","title":{"rendered":"Comuna 7 \u2013 Robledo. Obras para conectar a robledo de muchas maneras"},"content":{"rendered":"<p><span style=\"font-weight: 400;\">La adecuaci\u00f3n del Centro del Valle del Software y el mantenimiento de parques se suma a la pavimentaci\u00f3n de la malla vial que beneficia la circulaci\u00f3n interna y estabilizan la conexi\u00f3n con la ciudad y la regi\u00f3n.<\/span><\/p>\n","protected":false},"excerpt":{"rendered":"<p>La adecuaci\u00f3n del Centro del Valle del Software y el mantenimiento de parques se suma a la pavimentaci\u00f3n de la malla vial que beneficia la circulaci\u00f3n interna y estabilizan la conexi\u00f3n con la ciudad y &#8230;<\/p>\n","protected":false},"author":4,"featured_media":0,"parent":60775,"menu_order":35,"comment_status":"closed","ping_status":"closed","template":"sec-comunicaciones\/obras_quintero.php","meta":[],"acf":[],"_links":{"self":[{"href":"https:\/\/www.medellin.gov.co\/es\/wp-json\/wp\/v2\/pages\/107972"}],"collection":[{"href":"https:\/\/www.medellin.gov.co\/es\/wp-json\/wp\/v2\/pages"}],"about":[{"href":"https:\/\/www.medellin.gov.co\/es\/wp-json\/wp\/v2\/types\/page"}],"author":[{"embeddable":true,"href":"https:\/\/www.medellin.gov.co\/es\/wp-json\/wp\/v2\/users\/4"}],"replies":[{"embeddable":true,"href":"https:\/\/www.medellin.gov.co\/es\/wp-json\/wp\/v2\/comments?post=107972"}],"version-history":[{"count":2,"href":"https:\/\/www.medellin.gov.co\/es\/wp-json\/wp\/v2\/pages\/107972\/revisions"}],"predecessor-version":[{"id":108103,"href":"https:\/\/www.medellin.gov.co\/es\/wp-json\/wp\/v2\/pages\/107972\/revisions\/108103"}],"up":[{"embeddable":true,"href":"https:\/\/www.medellin.gov.co\/es\/wp-json\/wp\/v2\/pages\/60775"}],"wp:attachment":[{"href":"https:\/\/www.medellin.gov.co\/es\/wp-json\/wp\/v2\/media?parent=107972"}],"curies":[{"name":"wp","href":"https:\/\/api.w.org\/{rel}","templated":true}]}}