{"id":108117,"date":"2022-09-27T08:00:13","date_gmt":"2022-09-27T13:00:13","guid":{"rendered":"https:\/\/www.medellin.gov.co\/es\/?page_id=108117"},"modified":"2022-09-27T19:33:26","modified_gmt":"2022-09-28T00:33:26","slug":"obras-daniel-quintero-la-candelaria","status":"publish","type":"page","link":"https:\/\/www.medellin.gov.co\/es\/secretaria-de-comunicaciones\/campanas\/obras-daniel-quintero-la-candelaria\/","title":{"rendered":"Comuna 10 \u2013 Candelaria. Obras en el Centro, obras para todos"},"content":{"rendered":"<p><span style=\"font-weight: 400;\">El nuevo Centro de Turismo Inteligente recibe y orienta el turismo. El nuevo parque de Prado, la recuperaci\u00f3n del patrimonio arquitect\u00f3nico y la renovaci\u00f3n de la Playa se suma a la pavimentaci\u00f3n de otras v\u00edas, la modernizaci\u00f3n del alumbrado p\u00fablico y la adecuaci\u00f3n del Centro del Valle del Software en la comuna 10.<\/span><\/p>\n","protected":false},"excerpt":{"rendered":"<p>El nuevo Centro de Turismo Inteligente recibe y orienta el turismo. El nuevo parque de Prado, la recuperaci\u00f3n del patrimonio arquitect\u00f3nico y la renovaci\u00f3n de la Playa se suma a la pavimentaci\u00f3n de otras v\u00edas, &#8230;<\/p>\n","protected":false},"author":4,"featured_media":0,"parent":60775,"menu_order":50,"comment_status":"closed","ping_status":"closed","template":"sec-comunicaciones\/obras_quintero.php","meta":[],"acf":[],"_links":{"self":[{"href":"https:\/\/www.medellin.gov.co\/es\/wp-json\/wp\/v2\/pages\/108117"}],"collection":[{"href":"https:\/\/www.medellin.gov.co\/es\/wp-json\/wp\/v2\/pages"}],"about":[{"href":"https:\/\/www.medellin.gov.co\/es\/wp-json\/wp\/v2\/types\/page"}],"author":[{"embeddable":true,"href":"https:\/\/www.medellin.gov.co\/es\/wp-json\/wp\/v2\/users\/4"}],"replies":[{"embeddable":true,"href":"https:\/\/www.medellin.gov.co\/es\/wp-json\/wp\/v2\/comments?post=108117"}],"version-history":[{"count":2,"href":"https:\/\/www.medellin.gov.co\/es\/wp-json\/wp\/v2\/pages\/108117\/revisions"}],"predecessor-version":[{"id":109052,"href":"https:\/\/www.medellin.gov.co\/es\/wp-json\/wp\/v2\/pages\/108117\/revisions\/109052"}],"up":[{"embeddable":true,"href":"https:\/\/www.medellin.gov.co\/es\/wp-json\/wp\/v2\/pages\/60775"}],"wp:attachment":[{"href":"https:\/\/www.medellin.gov.co\/es\/wp-json\/wp\/v2\/media?parent=108117"}],"curies":[{"name":"wp","href":"https:\/\/api.w.org\/{rel}","templated":true}]}}