{"id":108121,"date":"2022-09-27T08:04:20","date_gmt":"2022-09-27T13:04:20","guid":{"rendered":"https:\/\/www.medellin.gov.co\/es\/?page_id=108121"},"modified":"2022-09-27T08:05:34","modified_gmt":"2022-09-27T13:05:34","slug":"obras-daniel-quintero-laureles-estadio","status":"publish","type":"page","link":"https:\/\/www.medellin.gov.co\/es\/secretaria-de-comunicaciones\/campanas\/obras-daniel-quintero-laureles-estadio\/","title":{"rendered":"Comuna 11 \u2013 Laureles &#8211; Estadio. Obras para el deporte, la cultura y el encuentro ciudadano"},"content":{"rendered":"<p><span style=\"font-weight: 400;\">El Complejo Cultural Ciudad del R\u00edo, la adecuaci\u00f3n del Centro del Valle del Software y el mejoramiento del sistema de iluminaci\u00f3n del estadio Atanasio Girardot m\u00e1s la renovaci\u00f3n del sistema de piscinas de la Unidad Deportiva, suman a la modernizaci\u00f3n que tambi\u00e9n se ve en alumbrado p\u00fablico, mantenimiento de parques y la renovaci\u00f3n de la Avenida Jard\u00edn.<\/span><\/p>\n","protected":false},"excerpt":{"rendered":"<p>El Complejo Cultural Ciudad del R\u00edo, la adecuaci\u00f3n del Centro del Valle del Software y el mejoramiento del sistema de iluminaci\u00f3n del estadio Atanasio Girardot m\u00e1s la renovaci\u00f3n del sistema de piscinas de la Unidad &#8230;<\/p>\n","protected":false},"author":4,"featured_media":0,"parent":60775,"menu_order":55,"comment_status":"closed","ping_status":"closed","template":"sec-comunicaciones\/obras_quintero.php","meta":[],"acf":[],"_links":{"self":[{"href":"https:\/\/www.medellin.gov.co\/es\/wp-json\/wp\/v2\/pages\/108121"}],"collection":[{"href":"https:\/\/www.medellin.gov.co\/es\/wp-json\/wp\/v2\/pages"}],"about":[{"href":"https:\/\/www.medellin.gov.co\/es\/wp-json\/wp\/v2\/types\/page"}],"author":[{"embeddable":true,"href":"https:\/\/www.medellin.gov.co\/es\/wp-json\/wp\/v2\/users\/4"}],"replies":[{"embeddable":true,"href":"https:\/\/www.medellin.gov.co\/es\/wp-json\/wp\/v2\/comments?post=108121"}],"version-history":[{"count":2,"href":"https:\/\/www.medellin.gov.co\/es\/wp-json\/wp\/v2\/pages\/108121\/revisions"}],"predecessor-version":[{"id":108124,"href":"https:\/\/www.medellin.gov.co\/es\/wp-json\/wp\/v2\/pages\/108121\/revisions\/108124"}],"up":[{"embeddable":true,"href":"https:\/\/www.medellin.gov.co\/es\/wp-json\/wp\/v2\/pages\/60775"}],"wp:attachment":[{"href":"https:\/\/www.medellin.gov.co\/es\/wp-json\/wp\/v2\/media?parent=108121"}],"curies":[{"name":"wp","href":"https:\/\/api.w.org\/{rel}","templated":true}]}}