{"id":108131,"date":"2022-09-27T08:09:38","date_gmt":"2022-09-27T13:09:38","guid":{"rendered":"https:\/\/www.medellin.gov.co\/es\/?page_id=108131"},"modified":"2022-09-27T08:10:44","modified_gmt":"2022-09-27T13:10:44","slug":"obras-daniel-quintero-san-javier","status":"publish","type":"page","link":"https:\/\/www.medellin.gov.co\/es\/secretaria-de-comunicaciones\/campanas\/obras-daniel-quintero-san-javier\/","title":{"rendered":"Comuna 13 \u2013 San Javier. Obras en una comuna que cuenta una historia para el futuro"},"content":{"rendered":"<p><span style=\"font-weight: 400;\">La extensi\u00f3n del Viaducto Media Ladera que ayuda a conectar m\u00e1s barrios con las escaleras el\u00e9ctricas, se suma al nuevo Jard\u00edn infantil Buen Comienzo Altos de San Juan y la adecuaci\u00f3n del Centro del Valle del Software San Javier. La respuesta r\u00e1pida con obras de estabilizaci\u00f3n en Traves\u00edas El Morro da m\u00e1s seguridad, as\u00ed como la modernizaci\u00f3n del alumbrado p\u00fablico.<\/span><\/p>\n","protected":false},"excerpt":{"rendered":"<p>La extensi\u00f3n del Viaducto Media Ladera que ayuda a conectar m\u00e1s barrios con las escaleras el\u00e9ctricas, se suma al nuevo Jard\u00edn infantil Buen Comienzo Altos de San Juan y la adecuaci\u00f3n del Centro del Valle &#8230;<\/p>\n","protected":false},"author":4,"featured_media":0,"parent":60775,"menu_order":65,"comment_status":"closed","ping_status":"closed","template":"sec-comunicaciones\/obras_quintero.php","meta":[],"acf":[],"_links":{"self":[{"href":"https:\/\/www.medellin.gov.co\/es\/wp-json\/wp\/v2\/pages\/108131"}],"collection":[{"href":"https:\/\/www.medellin.gov.co\/es\/wp-json\/wp\/v2\/pages"}],"about":[{"href":"https:\/\/www.medellin.gov.co\/es\/wp-json\/wp\/v2\/types\/page"}],"author":[{"embeddable":true,"href":"https:\/\/www.medellin.gov.co\/es\/wp-json\/wp\/v2\/users\/4"}],"replies":[{"embeddable":true,"href":"https:\/\/www.medellin.gov.co\/es\/wp-json\/wp\/v2\/comments?post=108131"}],"version-history":[{"count":2,"href":"https:\/\/www.medellin.gov.co\/es\/wp-json\/wp\/v2\/pages\/108131\/revisions"}],"predecessor-version":[{"id":108135,"href":"https:\/\/www.medellin.gov.co\/es\/wp-json\/wp\/v2\/pages\/108131\/revisions\/108135"}],"up":[{"embeddable":true,"href":"https:\/\/www.medellin.gov.co\/es\/wp-json\/wp\/v2\/pages\/60775"}],"wp:attachment":[{"href":"https:\/\/www.medellin.gov.co\/es\/wp-json\/wp\/v2\/media?parent=108131"}],"curies":[{"name":"wp","href":"https:\/\/api.w.org\/{rel}","templated":true}]}}