{"id":108137,"date":"2022-09-27T08:12:32","date_gmt":"2022-09-27T13:12:32","guid":{"rendered":"https:\/\/www.medellin.gov.co\/es\/?page_id=108137"},"modified":"2022-09-27T19:52:47","modified_gmt":"2022-09-28T00:52:47","slug":"obras-daniel-quintero-el-poblado","status":"publish","type":"page","link":"https:\/\/www.medellin.gov.co\/es\/secretaria-de-comunicaciones\/campanas\/obras-daniel-quintero-el-poblado\/","title":{"rendered":"Comuna 14 \u2013 El Poblado. Las v\u00edas y los parques, obras que mejoran la cara de El Poblado"},"content":{"rendered":"<p><span style=\"font-weight: 400;\">La renovaci\u00f3n del Parque Lleras y la ampliaci\u00f3n\u00a0 de la avenida 34, m\u00e1s la pavimentaci\u00f3n y mantenimiento de v\u00edas en infraestructura se suman a la adecuaci\u00f3n del Centro del Valle del Software y la modernizaci\u00f3n de alumbrado p\u00fablico. Respondimos con obras para atender el punto cr\u00edtico de la v\u00eda Las Palmas.<\/span><\/p>\n","protected":false},"excerpt":{"rendered":"<p>La renovaci\u00f3n del Parque Lleras y la ampliaci\u00f3n\u00a0 de la avenida 34, m\u00e1s la pavimentaci\u00f3n y mantenimiento de v\u00edas en infraestructura se suman a la adecuaci\u00f3n del Centro del Valle del Software y la modernizaci\u00f3n &#8230;<\/p>\n","protected":false},"author":4,"featured_media":0,"parent":60775,"menu_order":70,"comment_status":"closed","ping_status":"closed","template":"sec-comunicaciones\/obras_quintero.php","meta":[],"acf":[],"_links":{"self":[{"href":"https:\/\/www.medellin.gov.co\/es\/wp-json\/wp\/v2\/pages\/108137"}],"collection":[{"href":"https:\/\/www.medellin.gov.co\/es\/wp-json\/wp\/v2\/pages"}],"about":[{"href":"https:\/\/www.medellin.gov.co\/es\/wp-json\/wp\/v2\/types\/page"}],"author":[{"embeddable":true,"href":"https:\/\/www.medellin.gov.co\/es\/wp-json\/wp\/v2\/users\/4"}],"replies":[{"embeddable":true,"href":"https:\/\/www.medellin.gov.co\/es\/wp-json\/wp\/v2\/comments?post=108137"}],"version-history":[{"count":4,"href":"https:\/\/www.medellin.gov.co\/es\/wp-json\/wp\/v2\/pages\/108137\/revisions"}],"predecessor-version":[{"id":109066,"href":"https:\/\/www.medellin.gov.co\/es\/wp-json\/wp\/v2\/pages\/108137\/revisions\/109066"}],"up":[{"embeddable":true,"href":"https:\/\/www.medellin.gov.co\/es\/wp-json\/wp\/v2\/pages\/60775"}],"wp:attachment":[{"href":"https:\/\/www.medellin.gov.co\/es\/wp-json\/wp\/v2\/media?parent=108137"}],"curies":[{"name":"wp","href":"https:\/\/api.w.org\/{rel}","templated":true}]}}