{"id":108144,"date":"2022-09-27T08:28:23","date_gmt":"2022-09-27T13:28:23","guid":{"rendered":"https:\/\/www.medellin.gov.co\/es\/?page_id=108144"},"modified":"2022-09-27T19:53:16","modified_gmt":"2022-09-28T00:53:16","slug":"obras-daniel-quintero-guayabal","status":"publish","type":"page","link":"https:\/\/www.medellin.gov.co\/es\/secretaria-de-comunicaciones\/campanas\/obras-daniel-quintero-guayabal\/","title":{"rendered":"Comuna 15 \u2013 Guayabal. Empiezan las obras de Metroplus en Guayabal"},"content":{"rendered":"<p><span style=\"font-weight: 400;\">La adecuaci\u00f3n del Centro del Valle del Software es un orgullo, y logramos dar luz verde a la obra para la construcci\u00f3n del corredor exclusivo de la 12 sur. Tambi\u00e9n avanza el proyecto de modernizaci\u00f3n de alumbrado p\u00fablico en 6 barrios de esta comuna.<\/span><\/p>\n","protected":false},"excerpt":{"rendered":"<p>La adecuaci\u00f3n del Centro del Valle del Software es un orgullo, y logramos dar luz verde a la obra para la construcci\u00f3n del corredor exclusivo de la 12 sur. Tambi\u00e9n avanza el proyecto de modernizaci\u00f3n &#8230;<\/p>\n","protected":false},"author":4,"featured_media":0,"parent":60775,"menu_order":75,"comment_status":"closed","ping_status":"closed","template":"sec-comunicaciones\/obras_quintero.php","meta":[],"acf":[],"_links":{"self":[{"href":"https:\/\/www.medellin.gov.co\/es\/wp-json\/wp\/v2\/pages\/108144"}],"collection":[{"href":"https:\/\/www.medellin.gov.co\/es\/wp-json\/wp\/v2\/pages"}],"about":[{"href":"https:\/\/www.medellin.gov.co\/es\/wp-json\/wp\/v2\/types\/page"}],"author":[{"embeddable":true,"href":"https:\/\/www.medellin.gov.co\/es\/wp-json\/wp\/v2\/users\/4"}],"replies":[{"embeddable":true,"href":"https:\/\/www.medellin.gov.co\/es\/wp-json\/wp\/v2\/comments?post=108144"}],"version-history":[{"count":5,"href":"https:\/\/www.medellin.gov.co\/es\/wp-json\/wp\/v2\/pages\/108144\/revisions"}],"predecessor-version":[{"id":109067,"href":"https:\/\/www.medellin.gov.co\/es\/wp-json\/wp\/v2\/pages\/108144\/revisions\/109067"}],"up":[{"embeddable":true,"href":"https:\/\/www.medellin.gov.co\/es\/wp-json\/wp\/v2\/pages\/60775"}],"wp:attachment":[{"href":"https:\/\/www.medellin.gov.co\/es\/wp-json\/wp\/v2\/media?parent=108144"}],"curies":[{"name":"wp","href":"https:\/\/api.w.org\/{rel}","templated":true}]}}