{"id":108152,"date":"2022-09-27T08:32:21","date_gmt":"2022-09-27T13:32:21","guid":{"rendered":"https:\/\/www.medellin.gov.co\/es\/?page_id=108152"},"modified":"2022-09-27T08:33:49","modified_gmt":"2022-09-27T13:33:49","slug":"obras-daniel-quintero-belen","status":"publish","type":"page","link":"https:\/\/www.medellin.gov.co\/es\/secretaria-de-comunicaciones\/campanas\/obras-daniel-quintero-belen\/","title":{"rendered":"Comuna 16 \u2013 Bel\u00e9n se mueve al ritmo de las obras"},"content":{"rendered":"<p><span style=\"font-weight: 400;\">La adecuaci\u00f3n del Centro del Valle del Software, el mejoramiento de andenes, el\u00a0 mantenimiento de v\u00edas y parques, y la construcci\u00f3n de soluciones hidr\u00e1ulicas en las quebradas La Picacha, se suman los nuevos gimnasios al aire libre y la modernizaci\u00f3n de alumbrado p\u00fablico en 7 barrios de esta comuna.<\/span><\/p>\n","protected":false},"excerpt":{"rendered":"<p>La adecuaci\u00f3n del Centro del Valle del Software, el mejoramiento de andenes, el\u00a0 mantenimiento de v\u00edas y parques, y la construcci\u00f3n de soluciones hidr\u00e1ulicas en las quebradas La Picacha, se suman los nuevos gimnasios al &#8230;<\/p>\n","protected":false},"author":4,"featured_media":0,"parent":60775,"menu_order":80,"comment_status":"closed","ping_status":"closed","template":"sec-comunicaciones\/obras_quintero.php","meta":[],"acf":[],"_links":{"self":[{"href":"https:\/\/www.medellin.gov.co\/es\/wp-json\/wp\/v2\/pages\/108152"}],"collection":[{"href":"https:\/\/www.medellin.gov.co\/es\/wp-json\/wp\/v2\/pages"}],"about":[{"href":"https:\/\/www.medellin.gov.co\/es\/wp-json\/wp\/v2\/types\/page"}],"author":[{"embeddable":true,"href":"https:\/\/www.medellin.gov.co\/es\/wp-json\/wp\/v2\/users\/4"}],"replies":[{"embeddable":true,"href":"https:\/\/www.medellin.gov.co\/es\/wp-json\/wp\/v2\/comments?post=108152"}],"version-history":[{"count":2,"href":"https:\/\/www.medellin.gov.co\/es\/wp-json\/wp\/v2\/pages\/108152\/revisions"}],"predecessor-version":[{"id":108156,"href":"https:\/\/www.medellin.gov.co\/es\/wp-json\/wp\/v2\/pages\/108152\/revisions\/108156"}],"up":[{"embeddable":true,"href":"https:\/\/www.medellin.gov.co\/es\/wp-json\/wp\/v2\/pages\/60775"}],"wp:attachment":[{"href":"https:\/\/www.medellin.gov.co\/es\/wp-json\/wp\/v2\/media?parent=108152"}],"curies":[{"name":"wp","href":"https:\/\/api.w.org\/{rel}","templated":true}]}}