{"id":108158,"date":"2022-09-27T08:35:04","date_gmt":"2022-09-27T13:35:04","guid":{"rendered":"https:\/\/www.medellin.gov.co\/es\/?page_id=108158"},"modified":"2022-09-27T19:53:44","modified_gmt":"2022-09-28T00:53:44","slug":"obras-daniel-quintero-san-sebastian-de-palmitas","status":"publish","type":"page","link":"https:\/\/www.medellin.gov.co\/es\/secretaria-de-comunicaciones\/campanas\/obras-daniel-quintero-san-sebastian-de-palmitas\/","title":{"rendered":"Corregimiento 50 \u2013 San Sebasti\u00e1n de Palmitas. Obras que actualizan el desarrollo de Palmitas"},"content":{"rendered":"<p><span style=\"font-weight: 400;\">Con el nuevo centro educativo La Aldea, el Plan Vial Rural y sus obras complementarias, y el proyecto de modernizaci\u00f3n de alumbrado p\u00fablico con 839 puntos, se traduce en bienestar para la comunidad, crece como puerta de entrada a Medell\u00edn y se alista como corredor que mira m\u00e1s de frente a la regi\u00f3n.<\/span><\/p>\n","protected":false},"excerpt":{"rendered":"<p>Con el nuevo centro educativo La Aldea, el Plan Vial Rural y sus obras complementarias, y el proyecto de modernizaci\u00f3n de alumbrado p\u00fablico con 839 puntos, se traduce en bienestar para la comunidad, crece como &#8230;<\/p>\n","protected":false},"author":4,"featured_media":0,"parent":60775,"menu_order":85,"comment_status":"closed","ping_status":"closed","template":"sec-comunicaciones\/obras_quintero.php","meta":[],"acf":[],"_links":{"self":[{"href":"https:\/\/www.medellin.gov.co\/es\/wp-json\/wp\/v2\/pages\/108158"}],"collection":[{"href":"https:\/\/www.medellin.gov.co\/es\/wp-json\/wp\/v2\/pages"}],"about":[{"href":"https:\/\/www.medellin.gov.co\/es\/wp-json\/wp\/v2\/types\/page"}],"author":[{"embeddable":true,"href":"https:\/\/www.medellin.gov.co\/es\/wp-json\/wp\/v2\/users\/4"}],"replies":[{"embeddable":true,"href":"https:\/\/www.medellin.gov.co\/es\/wp-json\/wp\/v2\/comments?post=108158"}],"version-history":[{"count":3,"href":"https:\/\/www.medellin.gov.co\/es\/wp-json\/wp\/v2\/pages\/108158\/revisions"}],"predecessor-version":[{"id":109070,"href":"https:\/\/www.medellin.gov.co\/es\/wp-json\/wp\/v2\/pages\/108158\/revisions\/109070"}],"up":[{"embeddable":true,"href":"https:\/\/www.medellin.gov.co\/es\/wp-json\/wp\/v2\/pages\/60775"}],"wp:attachment":[{"href":"https:\/\/www.medellin.gov.co\/es\/wp-json\/wp\/v2\/media?parent=108158"}],"curies":[{"name":"wp","href":"https:\/\/api.w.org\/{rel}","templated":true}]}}