{"id":108189,"date":"2022-09-27T08:59:31","date_gmt":"2022-09-27T13:59:31","guid":{"rendered":"https:\/\/www.medellin.gov.co\/es\/?page_id=108189"},"modified":"2022-09-27T19:54:59","modified_gmt":"2022-09-28T00:54:59","slug":"obras-daniel-quintero-san-cristobal","status":"publish","type":"page","link":"https:\/\/www.medellin.gov.co\/es\/secretaria-de-comunicaciones\/campanas\/obras-daniel-quintero-san-cristobal\/","title":{"rendered":"Corregimiento 60 \u2013 San Cristobal. Obras para la seguridad y las oportunidades"},"content":{"rendered":"<p>Se nota, tambi\u00e9n, el beneficio por la repavimentaci\u00f3n de v\u00edas y el plan vial rural, el gimnasio al aire libre, la construcci\u00f3n del jard\u00edn perimetral, los puentes vehiculares y las obras de urgencia manifiesta.<\/p>\n","protected":false},"excerpt":{"rendered":"<p>Se nota, tambi\u00e9n, el beneficio por la repavimentaci\u00f3n de v\u00edas y el plan vial rural, el gimnasio al aire libre, la construcci\u00f3n del jard\u00edn perimetral, los puentes vehiculares y las obras de urgencia manifiesta.<\/p>\n","protected":false},"author":4,"featured_media":0,"parent":60775,"menu_order":90,"comment_status":"closed","ping_status":"closed","template":"sec-comunicaciones\/obras_quintero.php","meta":[],"acf":[],"_links":{"self":[{"href":"https:\/\/www.medellin.gov.co\/es\/wp-json\/wp\/v2\/pages\/108189"}],"collection":[{"href":"https:\/\/www.medellin.gov.co\/es\/wp-json\/wp\/v2\/pages"}],"about":[{"href":"https:\/\/www.medellin.gov.co\/es\/wp-json\/wp\/v2\/types\/page"}],"author":[{"embeddable":true,"href":"https:\/\/www.medellin.gov.co\/es\/wp-json\/wp\/v2\/users\/4"}],"replies":[{"embeddable":true,"href":"https:\/\/www.medellin.gov.co\/es\/wp-json\/wp\/v2\/comments?post=108189"}],"version-history":[{"count":3,"href":"https:\/\/www.medellin.gov.co\/es\/wp-json\/wp\/v2\/pages\/108189\/revisions"}],"predecessor-version":[{"id":109073,"href":"https:\/\/www.medellin.gov.co\/es\/wp-json\/wp\/v2\/pages\/108189\/revisions\/109073"}],"up":[{"embeddable":true,"href":"https:\/\/www.medellin.gov.co\/es\/wp-json\/wp\/v2\/pages\/60775"}],"wp:attachment":[{"href":"https:\/\/www.medellin.gov.co\/es\/wp-json\/wp\/v2\/media?parent=108189"}],"curies":[{"name":"wp","href":"https:\/\/api.w.org\/{rel}","templated":true}]}}