{"id":108507,"date":"2022-09-27T10:59:21","date_gmt":"2022-09-27T15:59:21","guid":{"rendered":"https:\/\/www.medellin.gov.co\/es\/?page_id=108507"},"modified":"2024-02-12T16:34:12","modified_gmt":"2024-02-12T21:34:12","slug":"museo-casa-de-la-memoria","status":"publish","type":"page","link":"https:\/\/www.medellin.gov.co\/es\/secretaria-privada\/conglomerado-publico\/entidades-del-conglomerado\/museo-casa-de-la-memoria\/","title":{"rendered":"Museo Casa de la Memoria"},"content":{"rendered":"\t\t<div data-elementor-type=\"wp-page\" data-elementor-id=\"108507\" class=\"elementor elementor-108507\">\n\t\t\t\t\t\t<div class=\"elementor-inner\">\n\t\t\t\t<div class=\"elementor-section-wrap\">\n\t\t\t\t\t\t\t\t\t<section class=\"elementor-section elementor-top-section elementor-element elementor-element-0041fd2 elementor-section-boxed elementor-section-height-default elementor-section-height-default\" data-id=\"0041fd2\" data-element_type=\"section\">\n\t\t\t\t\t\t<div class=\"elementor-container elementor-column-gap-default\">\n\t\t\t\t\t\t\t<div class=\"elementor-row\">\n\t\t\t\t\t<div class=\"elementor-column elementor-col-100 elementor-top-column elementor-element elementor-element-42bdaeb\" data-id=\"42bdaeb\" data-element_type=\"column\">\n\t\t\t<div class=\"elementor-column-wrap elementor-element-populated\">\n\t\t\t\t\t\t\t<div class=\"elementor-widget-wrap\">\n\t\t\t\t\t\t<div class=\"elementor-element elementor-element-d27ba72 elementor-widget elementor-widget-heading\" data-id=\"d27ba72\" data-element_type=\"widget\" data-widget_type=\"heading.default\">\n\t\t\t\t<div class=\"elementor-widget-container\">\n\t\t\t<h1 class=\"elementor-heading-title elementor-size-default\">Museo Casa de la Memoria<\/h1>\t\t<\/div>\n\t\t\t\t<\/div>\n\t\t\t\t<section class=\"elementor-section elementor-inner-section elementor-element elementor-element-ab8de87 elementor-section-boxed elementor-section-height-default elementor-section-height-default\" data-id=\"ab8de87\" data-element_type=\"section\">\n\t\t\t\t\t\t<div class=\"elementor-container elementor-column-gap-default\">\n\t\t\t\t\t\t\t<div class=\"elementor-row\">\n\t\t\t\t\t<div class=\"elementor-column elementor-col-50 elementor-inner-column elementor-element elementor-element-c58e137\" data-id=\"c58e137\" data-element_type=\"column\">\n\t\t\t<div class=\"elementor-column-wrap elementor-element-populated\">\n\t\t\t\t\t\t\t<div class=\"elementor-widget-wrap\">\n\t\t\t\t\t\t<div class=\"elementor-element elementor-element-3fdbc8a elementor-widget elementor-widget-text-editor\" data-id=\"3fdbc8a\" data-element_type=\"widget\" data-widget_type=\"text-editor.default\">\n\t\t\t\t<div class=\"elementor-widget-container\">\n\t\t\t\t\t\t\t\t<div class=\"elementor-text-editor elementor-clearfix\">\n\t\t\t\t<div class=\"elementor-element elementor-element-ae74287 elementor-widget elementor-widget-heading\" data-id=\"ae74287\" data-element_type=\"widget\" data-widget_type=\"heading.default\"><div class=\"elementor-widget-container\"><p><span style=\"color: var( --e-global-color-text ); font-family: var( --e-global-typography-text-font-family ), Sans-serif; font-size: var( --e-global-typography-text-font-size ); font-weight: var( --e-global-typography-text-font-weight );\">Su Director es Luis Eduardo Vieco Maya, doctor Magna Cum Laude en Estudios Pol\u00edticos y Jur\u00eddicos de la Universidad Pontificia Bolivariana y consultor con experiencia en \u00e1reas afines al Derecho P\u00fablico, la Ciencia Pol\u00edtica y \u00e1reas afines. Es Mag\u00edster en Estudios Pol\u00edticos y Abogado de la Universidad Pontificia Bolivariana. Cuenta con experiencia profesional y acad\u00e9mica en tem\u00e1ticas como: derechos humanos, pol\u00edticas p\u00fablicas, geopol\u00edtica, relaciones internacionales y derecho administrativo.<\/span><\/p><p>Ha sido Director y profesor de la Facultad de Derecho de la Universidad Pontificia Bolivariana, Coordinador de la Especializaci\u00f3n en Derecho Administrativo, Legislaci\u00f3n Tributaria y Derecho Procesal y Director de la Revista de la Facultad de Derecho de esta misma universidad, publicaci\u00f3n indexada en las bases de datos m\u00e1s importantes nacionales e internacionales. Tambi\u00e9n ha sido docente invitado en la Universidad Santo Tom\u00e1s para el Doctorado en Derecho y la Fundaci\u00f3n Universitaria Juan D Castellanos.<\/p><p>El reci\u00e9n nombrado director dijo: \u201cPosicionaremos el Museo como un espacio de encuentro en el que las comunidades se sientan acogidas. Que este sea un espacio con una infraestructura apropiada, que permita que regresen a su casa. Quiero que v\u00edctimas, organizaciones, aliados y visitantes nacionales e internacionales sientan que el Museo Casa de la Memoria es un espacio en el cual pueden encontrarse, en el que se asegurar\u00e1 y se atesorar\u00e1 la memoria del distrito\u201d, Luis Eduardo Vieco Maya.<\/p><\/div><\/div>\t\t\t\t\t<\/div>\n\t\t\t\t\t\t<\/div>\n\t\t\t\t<\/div>\n\t\t\t\t\t\t<\/div>\n\t\t\t\t\t<\/div>\n\t\t<\/div>\n\t\t\t\t<div class=\"elementor-column elementor-col-50 elementor-inner-column elementor-element elementor-element-f204c41\" data-id=\"f204c41\" data-element_type=\"column\">\n\t\t\t<div class=\"elementor-column-wrap elementor-element-populated\">\n\t\t\t\t\t\t\t<div class=\"elementor-widget-wrap\">\n\t\t\t\t\t\t<div class=\"elementor-element elementor-element-81d54c9 elementor-widget elementor-widget-image\" data-id=\"81d54c9\" data-element_type=\"widget\" data-widget_type=\"image.default\">\n\t\t\t\t<div class=\"elementor-widget-container\">\n\t\t\t\t\t\t\t\t<div class=\"elementor-image\">\n\t\t\t\t\t\t\t\t\t\t\t\t<img width=\"600\" height=\"719\" src=\"https:\/\/www.medellin.gov.co\/es\/wp-content\/uploads\/2024\/02\/Luis_Eduardo_Vieco_Maya_2.jpg\" class=\"attachment-large size-large\" alt=\"\" loading=\"lazy\" srcset=\"https:\/\/www.medellin.gov.co\/es\/wp-content\/uploads\/2024\/02\/Luis_Eduardo_Vieco_Maya_2.jpg 600w, https:\/\/www.medellin.gov.co\/es\/wp-content\/uploads\/2024\/02\/Luis_Eduardo_Vieco_Maya_2-250x300.jpg 250w, https:\/\/www.medellin.gov.co\/es\/wp-content\/uploads\/2024\/02\/Luis_Eduardo_Vieco_Maya_2-125x150.jpg 125w\" sizes=\"(max-width: 600px) 100vw, 600px\" \/>\t\t\t\t\t\t\t\t\t\t\t\t\t\t<\/div>\n\t\t\t\t\t\t<\/div>\n\t\t\t\t<\/div>\n\t\t\t\t<div class=\"elementor-element elementor-element-12488cc elementor-widget elementor-widget-text-editor\" data-id=\"12488cc\" data-element_type=\"widget\" data-widget_type=\"text-editor.default\">\n\t\t\t\t<div class=\"elementor-widget-container\">\n\t\t\t\t\t\t\t\t<div class=\"elementor-text-editor elementor-clearfix\">\n\t\t\t\t<p style=\"text-align: center;\"><strong>Luis Eduardo Vieco Maya<\/strong><\/p><p style=\"text-align: center;\"><strong>Director<\/strong><\/p>\t\t\t\t\t<\/div>\n\t\t\t\t\t\t<\/div>\n\t\t\t\t<\/div>\n\t\t\t\t\t\t<\/div>\n\t\t\t\t\t<\/div>\n\t\t<\/div>\n\t\t\t\t\t\t\t\t<\/div>\n\t\t\t\t\t<\/div>\n\t\t<\/section>\n\t\t\t\t<section class=\"elementor-section elementor-inner-section elementor-element elementor-element-0480a72 elementor-section-boxed elementor-section-height-default elementor-section-height-default\" data-id=\"0480a72\" data-element_type=\"section\">\n\t\t\t\t\t\t<div class=\"elementor-container elementor-column-gap-default\">\n\t\t\t\t\t\t\t<div class=\"elementor-row\">\n\t\t\t\t\t<div class=\"elementor-column elementor-col-50 elementor-inner-column elementor-element elementor-element-b90f055\" data-id=\"b90f055\" data-element_type=\"column\">\n\t\t\t<div class=\"elementor-column-wrap elementor-element-populated\">\n\t\t\t\t\t\t\t<div class=\"elementor-widget-wrap\">\n\t\t\t\t\t\t<div class=\"elementor-element elementor-element-113ef15 elementor-widget elementor-widget-image\" data-id=\"113ef15\" data-element_type=\"widget\" data-widget_type=\"image.default\">\n\t\t\t\t<div class=\"elementor-widget-container\">\n\t\t\t\t\t\t\t\t<div class=\"elementor-image\">\n\t\t\t\t\t\t\t\t\t\t\t\t<img width=\"1024\" height=\"683\" src=\"https:\/\/www.medellin.gov.co\/es\/wp-content\/uploads\/2024\/02\/Museo_Casa_Memoria_1-1024x683.jpg\" class=\"attachment-large size-large\" alt=\"Museo Casa de la Memoria\" loading=\"lazy\" srcset=\"https:\/\/www.medellin.gov.co\/es\/wp-content\/uploads\/2024\/02\/Museo_Casa_Memoria_1-1024x683.jpg 1024w, https:\/\/www.medellin.gov.co\/es\/wp-content\/uploads\/2024\/02\/Museo_Casa_Memoria_1-300x200.jpg 300w, https:\/\/www.medellin.gov.co\/es\/wp-content\/uploads\/2024\/02\/Museo_Casa_Memoria_1-150x100.jpg 150w, https:\/\/www.medellin.gov.co\/es\/wp-content\/uploads\/2024\/02\/Museo_Casa_Memoria_1-768x512.jpg 768w, https:\/\/www.medellin.gov.co\/es\/wp-content\/uploads\/2024\/02\/Museo_Casa_Memoria_1.jpg 1280w\" sizes=\"(max-width: 1024px) 100vw, 1024px\" \/>\t\t\t\t\t\t\t\t\t\t\t\t\t\t<\/div>\n\t\t\t\t\t\t<\/div>\n\t\t\t\t<\/div>\n\t\t\t\t\t\t<\/div>\n\t\t\t\t\t<\/div>\n\t\t<\/div>\n\t\t\t\t<div class=\"elementor-column elementor-col-50 elementor-inner-column elementor-element elementor-element-f58c90b\" data-id=\"f58c90b\" data-element_type=\"column\">\n\t\t\t<div class=\"elementor-column-wrap elementor-element-populated\">\n\t\t\t\t\t\t\t<div class=\"elementor-widget-wrap\">\n\t\t\t\t\t\t<div class=\"elementor-element elementor-element-525e5d6 elementor-widget elementor-widget-text-editor\" data-id=\"525e5d6\" data-element_type=\"widget\" data-widget_type=\"text-editor.default\">\n\t\t\t\t<div class=\"elementor-widget-container\">\n\t\t\t\t\t\t\t\t<div class=\"elementor-text-editor elementor-clearfix\">\n\t\t\t\t<p>El <strong>Museo Casa de la Memoria<\/strong> se gesta como una iniciativa de las v\u00edctimas y organizaciones para contribuir a la superaci\u00f3n del conflicto armado y otras violencias en Medell\u00edn, Antioquia y Colombia. Es un espacio para el reconocimiento colectivo y la reparaci\u00f3n simb\u00f3lica por medio de lenguajes museogr\u00e1ficos, art\u00edsticos, culturales y acad\u00e9micos.<\/p><p>Es un modelo educativo y de mediaci\u00f3n para la reflexi\u00f3n que realiza procesos de construcci\u00f3n, circulaci\u00f3n y cuidado de las memorias para contribuir a las garant\u00edas de no repetici\u00f3n a partir del di\u00e1logo, la reflexi\u00f3n y el respeto por la diferencia como pilares de la democracia.<\/p>\t\t\t\t\t<\/div>\n\t\t\t\t\t\t<\/div>\n\t\t\t\t<\/div>\n\t\t\t\t\t\t<\/div>\n\t\t\t\t\t<\/div>\n\t\t<\/div>\n\t\t\t\t\t\t\t\t<\/div>\n\t\t\t\t\t<\/div>\n\t\t<\/section>\n\t\t\t\t<div class=\"elementor-element elementor-element-61ba6ae elementor-widget elementor-widget-heading\" data-id=\"61ba6ae\" data-element_type=\"widget\" data-widget_type=\"heading.default\">\n\t\t\t\t<div class=\"elementor-widget-container\">\n\t\t\t<h2 class=\"elementor-heading-title elementor-size-default\"><b>Galer\u00eda fotogr\u00e1fica<\/b> Casa de la Memoria<\/h2>\t\t<\/div>\n\t\t\t\t<\/div>\n\t\t\t\t\t\t<\/div>\n\t\t\t\t\t<\/div>\n\t\t<\/div>\n\t\t\t\t\t\t\t\t<\/div>\n\t\t\t\t\t<\/div>\n\t\t<\/section>\n\t\t\t\t<section class=\"elementor-section elementor-top-section elementor-element elementor-element-e79f8cf elementor-section-boxed elementor-section-height-default elementor-section-height-default\" data-id=\"e79f8cf\" data-element_type=\"section\">\n\t\t\t\t\t\t<div class=\"elementor-container elementor-column-gap-default\">\n\t\t\t\t\t\t\t<div class=\"elementor-row\">\n\t\t\t\t\t<div class=\"elementor-column elementor-col-100 elementor-top-column elementor-element elementor-element-284b550\" data-id=\"284b550\" data-element_type=\"column\">\n\t\t\t<div class=\"elementor-column-wrap elementor-element-populated\">\n\t\t\t\t\t\t\t<div class=\"elementor-widget-wrap\">\n\t\t\t\t\t\t<div class=\"elementor-element elementor-element-3fe617e elementor-arrows-position-outside elementor-pagination-position-outside elementor-widget elementor-widget-image-carousel\" data-id=\"3fe617e\" data-element_type=\"widget\" data-settings=\"{&quot;lazyload&quot;:&quot;yes&quot;,&quot;autoplay&quot;:&quot;no&quot;,&quot;navigation&quot;:&quot;both&quot;,&quot;infinite&quot;:&quot;yes&quot;,&quot;speed&quot;:500,&quot;image_spacing_custom&quot;:{&quot;unit&quot;:&quot;px&quot;,&quot;size&quot;:20,&quot;sizes&quot;:[]}}\" data-widget_type=\"image-carousel.default\">\n\t\t\t\t<div class=\"elementor-widget-container\">\n\t\t\t\t\t<div class=\"elementor-image-carousel-wrapper swiper-container\" dir=\"ltr\">\n\t\t\t<div class=\"elementor-image-carousel swiper-wrapper\">\n\t\t\t\t\t\t\t\t<div class=\"swiper-slide\"><a data-elementor-open-lightbox=\"yes\" data-elementor-lightbox-slideshow=\"3fe617e\" data-elementor-lightbox-title=\"Museo-de-la-Memoria-6\" e-action-hash=\"#elementor-action%3Aaction%3Dlightbox%26settings%3DeyJpZCI6MTA4NTE2LCJ1cmwiOiJodHRwczpcL1wvd3d3Lm1lZGVsbGluLmdvdi5jb1wvZXNcL3dwLWNvbnRlbnRcL3VwbG9hZHNcLzIwMjJcLzA5XC9NdXNlby1kZS1sYS1NZW1vcmlhLTYuanBnIiwic2xpZGVzaG93IjoiM2ZlNjE3ZSJ9\" href=\"https:\/\/www.medellin.gov.co\/es\/wp-content\/uploads\/2022\/09\/Museo-de-la-Memoria-6.jpg\"><figure class=\"swiper-slide-inner\"><img class=\"swiper-slide-image swiper-lazy\" data-src=\"https:\/\/www.medellin.gov.co\/es\/wp-content\/uploads\/2022\/09\/Museo-de-la-Memoria-6.jpg\" alt=\"Museo-de-la-Memoria-6\" \/><div class=\"swiper-lazy-preloader\"><\/div><\/figure><\/a><\/div><div class=\"swiper-slide\"><a data-elementor-open-lightbox=\"yes\" data-elementor-lightbox-slideshow=\"3fe617e\" data-elementor-lightbox-title=\"Museo-de-la-Memoria-7\" e-action-hash=\"#elementor-action%3Aaction%3Dlightbox%26settings%3DeyJpZCI6MTA4NTE1LCJ1cmwiOiJodHRwczpcL1wvd3d3Lm1lZGVsbGluLmdvdi5jb1wvZXNcL3dwLWNvbnRlbnRcL3VwbG9hZHNcLzIwMjJcLzA5XC9NdXNlby1kZS1sYS1NZW1vcmlhLTcuanBnIiwic2xpZGVzaG93IjoiM2ZlNjE3ZSJ9\" href=\"https:\/\/www.medellin.gov.co\/es\/wp-content\/uploads\/2022\/09\/Museo-de-la-Memoria-7.jpg\"><figure class=\"swiper-slide-inner\"><img class=\"swiper-slide-image swiper-lazy\" data-src=\"https:\/\/www.medellin.gov.co\/es\/wp-content\/uploads\/2022\/09\/Museo-de-la-Memoria-7.jpg\" alt=\"Museo-de-la-Memoria-7\" \/><div class=\"swiper-lazy-preloader\"><\/div><\/figure><\/a><\/div><div class=\"swiper-slide\"><a data-elementor-open-lightbox=\"yes\" data-elementor-lightbox-slideshow=\"3fe617e\" data-elementor-lightbox-title=\"Museo-de-la-Memoria-5\" e-action-hash=\"#elementor-action%3Aaction%3Dlightbox%26settings%3DeyJpZCI6MTA4NTE4LCJ1cmwiOiJodHRwczpcL1wvd3d3Lm1lZGVsbGluLmdvdi5jb1wvZXNcL3dwLWNvbnRlbnRcL3VwbG9hZHNcLzIwMjJcLzA5XC9NdXNlby1kZS1sYS1NZW1vcmlhLTUuanBnIiwic2xpZGVzaG93IjoiM2ZlNjE3ZSJ9\" href=\"https:\/\/www.medellin.gov.co\/es\/wp-content\/uploads\/2022\/09\/Museo-de-la-Memoria-5.jpg\"><figure class=\"swiper-slide-inner\"><img class=\"swiper-slide-image swiper-lazy\" data-src=\"https:\/\/www.medellin.gov.co\/es\/wp-content\/uploads\/2022\/09\/Museo-de-la-Memoria-5.jpg\" alt=\"Museo-de-la-Memoria-5\" \/><div class=\"swiper-lazy-preloader\"><\/div><\/figure><\/a><\/div><div class=\"swiper-slide\"><a data-elementor-open-lightbox=\"yes\" data-elementor-lightbox-slideshow=\"3fe617e\" data-elementor-lightbox-title=\"Museo-de-la-Memoria-3\" e-action-hash=\"#elementor-action%3Aaction%3Dlightbox%26settings%3DeyJpZCI6MTA4NTIxLCJ1cmwiOiJodHRwczpcL1wvd3d3Lm1lZGVsbGluLmdvdi5jb1wvZXNcL3dwLWNvbnRlbnRcL3VwbG9hZHNcLzIwMjJcLzA5XC9NdXNlby1kZS1sYS1NZW1vcmlhLTMuanBnIiwic2xpZGVzaG93IjoiM2ZlNjE3ZSJ9\" href=\"https:\/\/www.medellin.gov.co\/es\/wp-content\/uploads\/2022\/09\/Museo-de-la-Memoria-3.jpg\"><figure class=\"swiper-slide-inner\"><img class=\"swiper-slide-image swiper-lazy\" data-src=\"https:\/\/www.medellin.gov.co\/es\/wp-content\/uploads\/2022\/09\/Museo-de-la-Memoria-3.jpg\" alt=\"Museo-de-la-Memoria-3\" \/><div class=\"swiper-lazy-preloader\"><\/div><\/figure><\/a><\/div><div class=\"swiper-slide\"><a data-elementor-open-lightbox=\"yes\" data-elementor-lightbox-slideshow=\"3fe617e\" data-elementor-lightbox-title=\"Museo-de-la-Memoria-4\" e-action-hash=\"#elementor-action%3Aaction%3Dlightbox%26settings%3DeyJpZCI6MTA4NTIwLCJ1cmwiOiJodHRwczpcL1wvd3d3Lm1lZGVsbGluLmdvdi5jb1wvZXNcL3dwLWNvbnRlbnRcL3VwbG9hZHNcLzIwMjJcLzA5XC9NdXNlby1kZS1sYS1NZW1vcmlhLTQuanBnIiwic2xpZGVzaG93IjoiM2ZlNjE3ZSJ9\" href=\"https:\/\/www.medellin.gov.co\/es\/wp-content\/uploads\/2022\/09\/Museo-de-la-Memoria-4.jpg\"><figure class=\"swiper-slide-inner\"><img class=\"swiper-slide-image swiper-lazy\" data-src=\"https:\/\/www.medellin.gov.co\/es\/wp-content\/uploads\/2022\/09\/Museo-de-la-Memoria-4.jpg\" alt=\"Museo-de-la-Memoria-4\" \/><div class=\"swiper-lazy-preloader\"><\/div><\/figure><\/a><\/div><div class=\"swiper-slide\"><a data-elementor-open-lightbox=\"yes\" data-elementor-lightbox-slideshow=\"3fe617e\" data-elementor-lightbox-title=\"Museo-de-la-Memoria-2\" e-action-hash=\"#elementor-action%3Aaction%3Dlightbox%26settings%3DeyJpZCI6MTA4NTIzLCJ1cmwiOiJodHRwczpcL1wvd3d3Lm1lZGVsbGluLmdvdi5jb1wvZXNcL3dwLWNvbnRlbnRcL3VwbG9hZHNcLzIwMjJcLzA5XC9NdXNlby1kZS1sYS1NZW1vcmlhLTIuanBnIiwic2xpZGVzaG93IjoiM2ZlNjE3ZSJ9\" href=\"https:\/\/www.medellin.gov.co\/es\/wp-content\/uploads\/2022\/09\/Museo-de-la-Memoria-2.jpg\"><figure class=\"swiper-slide-inner\"><img class=\"swiper-slide-image swiper-lazy\" data-src=\"https:\/\/www.medellin.gov.co\/es\/wp-content\/uploads\/2022\/09\/Museo-de-la-Memoria-2.jpg\" alt=\"Museo-de-la-Memoria-2\" \/><div class=\"swiper-lazy-preloader\"><\/div><\/figure><\/a><\/div><div class=\"swiper-slide\"><a data-elementor-open-lightbox=\"yes\" data-elementor-lightbox-slideshow=\"3fe617e\" data-elementor-lightbox-title=\"Museo-de-la-Memoria-1\" e-action-hash=\"#elementor-action%3Aaction%3Dlightbox%26settings%3DeyJpZCI6MTA4NTI2LCJ1cmwiOiJodHRwczpcL1wvd3d3Lm1lZGVsbGluLmdvdi5jb1wvZXNcL3dwLWNvbnRlbnRcL3VwbG9hZHNcLzIwMjJcLzA5XC9NdXNlby1kZS1sYS1NZW1vcmlhLTEuanBnIiwic2xpZGVzaG93IjoiM2ZlNjE3ZSJ9\" href=\"https:\/\/www.medellin.gov.co\/es\/wp-content\/uploads\/2022\/09\/Museo-de-la-Memoria-1.jpg\"><figure class=\"swiper-slide-inner\"><img class=\"swiper-slide-image swiper-lazy\" data-src=\"https:\/\/www.medellin.gov.co\/es\/wp-content\/uploads\/2022\/09\/Museo-de-la-Memoria-1.jpg\" alt=\"Museo-de-la-Memoria-1\" \/><div class=\"swiper-lazy-preloader\"><\/div><\/figure><\/a><\/div>\t\t\t<\/div>\n\t\t\t\t\t\t\t\t\t\t\t\t<div class=\"swiper-pagination\"><\/div>\n\t\t\t\t\t\t\t\t\t\t\t\t\t<div class=\"elementor-swiper-button elementor-swiper-button-prev\">\n\t\t\t\t\t\t<i aria-hidden=\"true\" class=\"eicon-chevron-left\"><\/i>\t\t\t\t\t\t<span class=\"elementor-screen-only\">Anterior<\/span>\n\t\t\t\t\t<\/div>\n\t\t\t\t\t<div class=\"elementor-swiper-button elementor-swiper-button-next\">\n\t\t\t\t\t\t<i aria-hidden=\"true\" class=\"eicon-chevron-right\"><\/i>\t\t\t\t\t\t<span class=\"elementor-screen-only\">Siguiente<\/span>\n\t\t\t\t\t<\/div>\n\t\t\t\t\t\t\t\t\t<\/div>\n\t\t\t\t<\/div>\n\t\t\t\t<\/div>\n\t\t\t\t\t\t<\/div>\n\t\t\t\t\t<\/div>\n\t\t<\/div>\n\t\t\t\t\t\t\t\t<\/div>\n\t\t\t\t\t<\/div>\n\t\t<\/section>\n\t\t\t\t\t\t\t\t\t<\/div>\n\t\t\t<\/div>\n\t\t\t\t\t<\/div>\n\t\t","protected":false},"excerpt":{"rendered":"<p>Museo Casa de la Memoria Su Director es Luis Eduardo Vieco Maya, doctor Magna Cum Laude en Estudios Pol\u00edticos y Jur\u00eddicos de la Universidad Pontificia Bolivariana y consultor con experiencia en \u00e1reas afines al Derecho &#8230;<\/p>\n","protected":false},"author":21,"featured_media":12271,"parent":102478,"menu_order":105,"comment_status":"closed","ping_status":"closed","template":"sec-privada\/elementor-conglomerado.php","meta":[],"acf":[],"_links":{"self":[{"href":"https:\/\/www.medellin.gov.co\/es\/wp-json\/wp\/v2\/pages\/108507"}],"collection":[{"href":"https:\/\/www.medellin.gov.co\/es\/wp-json\/wp\/v2\/pages"}],"about":[{"href":"https:\/\/www.medellin.gov.co\/es\/wp-json\/wp\/v2\/types\/page"}],"author":[{"embeddable":true,"href":"https:\/\/www.medellin.gov.co\/es\/wp-json\/wp\/v2\/users\/21"}],"replies":[{"embeddable":true,"href":"https:\/\/www.medellin.gov.co\/es\/wp-json\/wp\/v2\/comments?post=108507"}],"version-history":[{"count":10,"href":"https:\/\/www.medellin.gov.co\/es\/wp-json\/wp\/v2\/pages\/108507\/revisions"}],"predecessor-version":[{"id":301775,"href":"https:\/\/www.medellin.gov.co\/es\/wp-json\/wp\/v2\/pages\/108507\/revisions\/301775"}],"up":[{"embeddable":true,"href":"https:\/\/www.medellin.gov.co\/es\/wp-json\/wp\/v2\/pages\/102478"}],"wp:featuredmedia":[{"embeddable":true,"href":"https:\/\/www.medellin.gov.co\/es\/wp-json\/wp\/v2\/media\/12271"}],"wp:attachment":[{"href":"https:\/\/www.medellin.gov.co\/es\/wp-json\/wp\/v2\/media?parent=108507"}],"curies":[{"name":"wp","href":"https:\/\/api.w.org\/{rel}","templated":true}]}}