{"id":10892,"date":"2021-08-27T21:27:43","date_gmt":"2021-08-28T02:27:43","guid":{"rendered":"https:\/\/www.medellin.gov.co\/es\/?page_id=10892"},"modified":"2026-02-19T13:43:19","modified_gmt":"2026-02-19T18:43:19","slug":"centro-de-emprendimiento-y-empleo","status":"publish","type":"page","link":"https:\/\/www.medellin.gov.co\/es\/secretaria-desarrollo-economico\/subsecretaria-de-creacion-y-fortalecimiento-empresarial\/centro-de-emprendimiento-y-empleo\/","title":{"rendered":"Centro de Emprendimiento y Empleo"},"content":{"rendered":"\t\t<div data-elementor-type=\"wp-page\" data-elementor-id=\"10892\" class=\"elementor elementor-10892\">\n\t\t\t\t\t\t<div class=\"elementor-inner\">\n\t\t\t\t<div class=\"elementor-section-wrap\">\n\t\t\t\t\t\t\t\t\t<section class=\"elementor-section elementor-top-section elementor-element elementor-element-71d1d42 elementor-section-boxed elementor-section-height-default elementor-section-height-default\" data-id=\"71d1d42\" data-element_type=\"section\">\n\t\t\t\t\t\t<div class=\"elementor-container elementor-column-gap-default\">\n\t\t\t\t\t\t\t<div class=\"elementor-row\">\n\t\t\t\t\t<div class=\"elementor-column elementor-col-100 elementor-top-column elementor-element elementor-element-34f1ebb\" data-id=\"34f1ebb\" data-element_type=\"column\">\n\t\t\t<div class=\"elementor-column-wrap elementor-element-populated\">\n\t\t\t\t\t\t\t<div class=\"elementor-widget-wrap\">\n\t\t\t\t\t\t<div class=\"elementor-element elementor-element-ee3969a elementor-widget elementor-widget-heading\" data-id=\"ee3969a\" data-element_type=\"widget\" data-widget_type=\"heading.default\">\n\t\t\t\t<div class=\"elementor-widget-container\">\n\t\t\t<h1 class=\"elementor-heading-title elementor-size-default\">Centro de Emprendimiento y Empleo<\/h1>\t\t<\/div>\n\t\t\t\t<\/div>\n\t\t\t\t<div class=\"elementor-element elementor-element-d342608 elementor-widget elementor-widget-image\" data-id=\"d342608\" data-element_type=\"widget\" data-widget_type=\"image.default\">\n\t\t\t\t<div class=\"elementor-widget-container\">\n\t\t\t\t\t\t\t\t<div class=\"elementor-image\">\n\t\t\t\t\t\t\t\t\t\t\t\t<img width=\"1024\" height=\"566\" src=\"https:\/\/www.medellin.gov.co\/es\/wp-content\/uploads\/2024\/09\/cEDEZO-1024x566.jpg\" class=\"attachment-large size-large\" alt=\"\" loading=\"lazy\" srcset=\"https:\/\/www.medellin.gov.co\/es\/wp-content\/uploads\/2024\/09\/cEDEZO-1024x566.jpg 1024w, https:\/\/www.medellin.gov.co\/es\/wp-content\/uploads\/2024\/09\/cEDEZO-300x166.jpg 300w, https:\/\/www.medellin.gov.co\/es\/wp-content\/uploads\/2024\/09\/cEDEZO-150x83.jpg 150w, https:\/\/www.medellin.gov.co\/es\/wp-content\/uploads\/2024\/09\/cEDEZO-768x424.jpg 768w, https:\/\/www.medellin.gov.co\/es\/wp-content\/uploads\/2024\/09\/cEDEZO-1536x848.jpg 1536w, https:\/\/www.medellin.gov.co\/es\/wp-content\/uploads\/2024\/09\/cEDEZO.jpg 1595w\" sizes=\"(max-width: 1024px) 100vw, 1024px\" \/>\t\t\t\t\t\t\t\t\t\t\t\t\t\t<\/div>\n\t\t\t\t\t\t<\/div>\n\t\t\t\t<\/div>\n\t\t\t\t<div class=\"elementor-element elementor-element-8583bf2 elementor-widget elementor-widget-text-editor\" data-id=\"8583bf2\" data-element_type=\"widget\" data-widget_type=\"text-editor.default\">\n\t\t\t\t<div class=\"elementor-widget-container\">\n\t\t\t\t\t\t\t\t<div class=\"elementor-text-editor elementor-clearfix\">\n\t\t\t\t<p>El <strong>Centro de Emprendimiento y Empleo<\/strong> es la Alcald\u00eda en el territorio, es ese lugar en el que como ciudadano puedes encontrar toda la oferta de la Secretar\u00eda de Desarrollo Econ\u00f3mico, su ecosistema y actores de emprendimiento.<\/p><p>Por medio de este programa acompa\u00f1amos a aquellos que tienen una idea de negocio, un emprendimiento o empresa, los capacitamos y formamos con el fin de fortalecer sus conocimientos en todas las \u00e1reas y din\u00e1micas empresariales, buscando la disminuci\u00f3n de brechas, sostenibilidad de sus iniciativas productivas y finalmente una mejor calidad de vida.<\/p><p>En el <strong>Centro de Emprendimiento y Empleo<\/strong> abordamos estrategias enfocadas en apoyar y fortalecer el tejido empresarial para redise\u00f1ar y mejorar los procesos productivos y modelos de negocio y as\u00ed adaptarlos a esta nueva realidad mundial, permitiendo abordar procesos enfocados en aumentar la productividad, competitividad y sostenibilidad, dinamizar las ventas nacionales y de esta manera contribuir con el desarrollo social y econ\u00f3mico del territorio, representado en la generaci\u00f3n de empleo e ingresos.<\/p><p>El objetivo principal del programa <strong>Centro de Emprendimiento y Empleo<\/strong> es fomentar la cultura emprendedora y empresarial, mediante la orientaci\u00f3n, sensibilizaci\u00f3n, acompa\u00f1amiento y articulaci\u00f3n de la oferta institucional, con el fin de contribuir a la competitividad y al desarrollo econ\u00f3mico de ciudad.<\/p><h4><strong>Estos son los beneficios para ti como ciudadano:<\/strong><\/h4><p>\u00a0<\/p><p>\u2022 Procesos de inducci\u00f3n y orientaci\u00f3n.<\/p><p>\u2022 Acompa\u00f1amiento empresarial donde se identifican las fortalezas y debilidades de la idea de negocio.<\/p><p>\u2022 Participaci\u00f3n en cursos, charlas y talleres de mentalidad emprendedora, educaci\u00f3n financiera, creatividad e innovaci\u00f3n.<\/p><p>\u2022 Participaci\u00f3n en ferias y eventos para generar nuevos espacios de mercado, posicionar los productos y servicios del emprendimiento e impulsar las ventas.<\/p><p>\u2022 Capacitaciones empresariales que ayudar\u00e1n a fortalecer los conocimientos y desarrollar competencias empresariales en la elaboraci\u00f3n del modelo de negocio.<\/p><p>\u2022 Asesor\u00eda y acompa\u00f1amiento en el dise\u00f1o de marca y producto.<\/p><p>\u2022 Sensibilizaci\u00f3n en tecnolog\u00edas 4.0.<\/p><p>\u2022 Convocatorias peri\u00f3dicas.<\/p><h4><strong>Contamos con los siguientes espacios f\u00edsicos para el aprovechamiento del ciudadano:<\/strong><\/h4><p>\u00a0<\/p><p>\u2022 Laboratorio de prototipado.<\/p><p>\u2022 Laboratorio de creatividad.<\/p><p>\u2022 Aula multiprop\u00f3sito.<\/p><p><strong>\u00bfD\u00f3nde est\u00e1n ubicados los Centros de Emprendimiento y Empleo?<\/strong><\/p>\t\t\t\t\t<\/div>\n\t\t\t\t\t\t<\/div>\n\t\t\t\t<\/div>\n\t\t\t\t<div class=\"elementor-element elementor-element-c86daf3 elementor-widget elementor-widget-heading\" data-id=\"c86daf3\" data-element_type=\"widget\" data-widget_type=\"heading.default\">\n\t\t\t\t<div class=\"elementor-widget-container\">\n\t\t\t<h2 class=\"elementor-heading-title elementor-size-default\"><b>\u00bfD\u00f3nde est\u00e1n ubicados los<\/b>  Centros de Emprendimiento y Empleo?<\/h2>\t\t<\/div>\n\t\t\t\t<\/div>\n\t\t\t\t<div class=\"elementor-element elementor-element-fc93c2d elementor-widget elementor-widget-image\" data-id=\"fc93c2d\" data-element_type=\"widget\" data-widget_type=\"image.default\">\n\t\t\t\t<div class=\"elementor-widget-container\">\n\t\t\t\t\t\t\t\t<div class=\"elementor-image\">\n\t\t\t\t\t\t\t\t\t\t\t\t<img width=\"1650\" height=\"2550\" src=\"https:\/\/www.medellin.gov.co\/es\/wp-content\/uploads\/2026\/02\/CEE-Actualizado.png\" class=\"attachment-full size-full\" alt=\"\" loading=\"lazy\" srcset=\"https:\/\/www.medellin.gov.co\/es\/wp-content\/uploads\/2026\/02\/CEE-Actualizado.png 1650w, https:\/\/www.medellin.gov.co\/es\/wp-content\/uploads\/2026\/02\/CEE-Actualizado-194x300.png 194w, https:\/\/www.medellin.gov.co\/es\/wp-content\/uploads\/2026\/02\/CEE-Actualizado-663x1024.png 663w, https:\/\/www.medellin.gov.co\/es\/wp-content\/uploads\/2026\/02\/CEE-Actualizado-97x150.png 97w, https:\/\/www.medellin.gov.co\/es\/wp-content\/uploads\/2026\/02\/CEE-Actualizado-768x1187.png 768w, https:\/\/www.medellin.gov.co\/es\/wp-content\/uploads\/2026\/02\/CEE-Actualizado-994x1536.png 994w, https:\/\/www.medellin.gov.co\/es\/wp-content\/uploads\/2026\/02\/CEE-Actualizado-1325x2048.png 1325w\" sizes=\"(max-width: 1650px) 100vw, 1650px\" \/>\t\t\t\t\t\t\t\t\t\t\t\t\t\t<\/div>\n\t\t\t\t\t\t<\/div>\n\t\t\t\t<\/div>\n\t\t\t\t\t\t<\/div>\n\t\t\t\t\t<\/div>\n\t\t<\/div>\n\t\t\t\t\t\t\t\t<\/div>\n\t\t\t\t\t<\/div>\n\t\t<\/section>\n\t\t\t\t\t\t\t\t\t<\/div>\n\t\t\t<\/div>\n\t\t\t\t\t<\/div>\n\t\t","protected":false},"excerpt":{"rendered":"<p>Centro de Emprendimiento y Empleo El Centro de Emprendimiento y Empleo es la Alcald\u00eda en el territorio, es ese lugar en el que como ciudadano puedes encontrar toda la oferta de la Secretar\u00eda de Desarrollo &#8230;<\/p>\n","protected":false},"author":1,"featured_media":11116,"parent":10890,"menu_order":5,"comment_status":"closed","ping_status":"closed","template":"sec-desarrolloeconomico\/elementor26092024.php","meta":[],"acf":[],"_links":{"self":[{"href":"https:\/\/www.medellin.gov.co\/es\/wp-json\/wp\/v2\/pages\/10892"}],"collection":[{"href":"https:\/\/www.medellin.gov.co\/es\/wp-json\/wp\/v2\/pages"}],"about":[{"href":"https:\/\/www.medellin.gov.co\/es\/wp-json\/wp\/v2\/types\/page"}],"author":[{"embeddable":true,"href":"https:\/\/www.medellin.gov.co\/es\/wp-json\/wp\/v2\/users\/1"}],"replies":[{"embeddable":true,"href":"https:\/\/www.medellin.gov.co\/es\/wp-json\/wp\/v2\/comments?post=10892"}],"version-history":[{"count":10,"href":"https:\/\/www.medellin.gov.co\/es\/wp-json\/wp\/v2\/pages\/10892\/revisions"}],"predecessor-version":[{"id":500142,"href":"https:\/\/www.medellin.gov.co\/es\/wp-json\/wp\/v2\/pages\/10892\/revisions\/500142"}],"up":[{"embeddable":true,"href":"https:\/\/www.medellin.gov.co\/es\/wp-json\/wp\/v2\/pages\/10890"}],"wp:featuredmedia":[{"embeddable":true,"href":"https:\/\/www.medellin.gov.co\/es\/wp-json\/wp\/v2\/media\/11116"}],"wp:attachment":[{"href":"https:\/\/www.medellin.gov.co\/es\/wp-json\/wp\/v2\/media?parent=10892"}],"curies":[{"name":"wp","href":"https:\/\/api.w.org\/{rel}","templated":true}]}}