{"id":10902,"date":"2021-08-27T21:32:28","date_gmt":"2021-08-28T02:32:28","guid":{"rendered":"https:\/\/www.medellin.gov.co\/es\/?page_id=10902"},"modified":"2024-09-10T11:02:48","modified_gmt":"2024-09-10T16:02:48","slug":"economia-social-y-solidaria","status":"publish","type":"page","link":"https:\/\/www.medellin.gov.co\/es\/secretaria-desarrollo-economico\/subsecretaria-de-creacion-y-fortalecimiento-empresarial\/economia-social-y-solidaria\/","title":{"rendered":"Econom\u00eda Social y Solidaria de Medell\u00edn"},"content":{"rendered":"\t\t<div data-elementor-type=\"wp-page\" data-elementor-id=\"10902\" class=\"elementor elementor-10902\">\n\t\t\t\t\t\t<div class=\"elementor-inner\">\n\t\t\t\t<div class=\"elementor-section-wrap\">\n\t\t\t\t\t\t\t\t\t<section class=\"elementor-section elementor-top-section elementor-element elementor-element-18ca06c elementor-section-boxed elementor-section-height-default elementor-section-height-default\" data-id=\"18ca06c\" data-element_type=\"section\">\n\t\t\t\t\t\t<div class=\"elementor-container elementor-column-gap-default\">\n\t\t\t\t\t\t\t<div class=\"elementor-row\">\n\t\t\t\t\t<div class=\"elementor-column elementor-col-100 elementor-top-column elementor-element elementor-element-c930a24\" data-id=\"c930a24\" data-element_type=\"column\">\n\t\t\t<div class=\"elementor-column-wrap elementor-element-populated\">\n\t\t\t\t\t\t\t<div class=\"elementor-widget-wrap\">\n\t\t\t\t\t\t<div class=\"elementor-element elementor-element-9326588 elementor-widget elementor-widget-heading\" data-id=\"9326588\" data-element_type=\"widget\" data-widget_type=\"heading.default\">\n\t\t\t\t<div class=\"elementor-widget-container\">\n\t\t\t<h1 class=\"elementor-heading-title elementor-size-default\">Econom\u00eda Social y Solidaria de Medell\u00edn - ECOSOL<\/h1>\t\t<\/div>\n\t\t\t\t<\/div>\n\t\t\t\t<div class=\"elementor-element elementor-element-9267e99 elementor-widget elementor-widget-image\" data-id=\"9267e99\" data-element_type=\"widget\" data-widget_type=\"image.default\">\n\t\t\t\t<div class=\"elementor-widget-container\">\n\t\t\t\t\t\t\t\t<div class=\"elementor-image\">\n\t\t\t\t\t\t\t\t\t\t\t\t<img width=\"946\" height=\"426\" src=\"https:\/\/www.medellin.gov.co\/es\/wp-content\/uploads\/2021\/08\/economia-social-y-solidaria.jpg\" class=\"attachment-full size-full\" alt=\"Econom\u00eda social y solidaria\" loading=\"lazy\" srcset=\"https:\/\/www.medellin.gov.co\/es\/wp-content\/uploads\/2021\/08\/economia-social-y-solidaria.jpg 946w, https:\/\/www.medellin.gov.co\/es\/wp-content\/uploads\/2021\/08\/economia-social-y-solidaria-300x135.jpg 300w, https:\/\/www.medellin.gov.co\/es\/wp-content\/uploads\/2021\/08\/economia-social-y-solidaria-150x68.jpg 150w, https:\/\/www.medellin.gov.co\/es\/wp-content\/uploads\/2021\/08\/economia-social-y-solidaria-768x346.jpg 768w\" sizes=\"(max-width: 946px) 100vw, 946px\" \/>\t\t\t\t\t\t\t\t\t\t\t\t\t\t<\/div>\n\t\t\t\t\t\t<\/div>\n\t\t\t\t<\/div>\n\t\t\t\t<div class=\"elementor-element elementor-element-291b425 elementor-widget elementor-widget-text-editor\" data-id=\"291b425\" data-element_type=\"widget\" data-widget_type=\"text-editor.default\">\n\t\t\t\t<div class=\"elementor-widget-container\">\n\t\t\t\t\t\t\t\t<div class=\"elementor-text-editor elementor-clearfix\">\n\t\t\t\t<p>A trav\u00e9s del programa ECOSOL acompa\u00f1amos y fortalecemos los emprendimientos que hacen parte del sector de la econom\u00eda social y solidaria y buscamos la conformaci\u00f3n de redes y circuitos econ\u00f3micos en los territorios, con el fin de que hagan parte de la Planeaci\u00f3n Local.<\/p><p>Por medio de ECOSOL damos cumplimiento al acuerdo municipal 41 del 2011 mediante al cual se aplica la Pol\u00edtica P\u00fablica de Econom\u00eda Social y Solidaria en el municipio de Medell\u00edn.<\/p><p>Para ello, desarrollamos estrategias y acciones en cuatro l\u00edneas:<\/p><p>\u00a0<\/p><ul><li>Educaci\u00f3n y formaci\u00f3n en la cultura solidaria.<\/li><li>Financiaci\u00f3n y acompa\u00f1amiento a las iniciativas de la econom\u00eda social y solidaria.<\/li><li>Integraci\u00f3n e intercooperaci\u00f3n en el desarrollo territorial.<\/li><li>Comunicaci\u00f3n social para el desarrollo.<\/li><\/ul>\t\t\t\t\t<\/div>\n\t\t\t\t\t\t<\/div>\n\t\t\t\t<\/div>\n\t\t\t\t<div class=\"elementor-element elementor-element-f4520e9 elementor-widget elementor-widget-heading\" data-id=\"f4520e9\" data-element_type=\"widget\" data-widget_type=\"heading.default\">\n\t\t\t\t<div class=\"elementor-widget-container\">\n\t\t\t<h2 class=\"elementor-heading-title elementor-size-default\"><b>Red<\/b> de actores<\/h2>\t\t<\/div>\n\t\t\t\t<\/div>\n\t\t\t\t<div class=\"elementor-element elementor-element-3882546 elementor-widget elementor-widget-text-editor\" data-id=\"3882546\" data-element_type=\"widget\" data-widget_type=\"text-editor.default\">\n\t\t\t\t<div class=\"elementor-widget-container\">\n\t\t\t\t\t\t\t\t<div class=\"elementor-text-editor elementor-clearfix\">\n\t\t\t\t<ul><li>Confecoop Antioquia.<\/li><li>Fedemutuales.<\/li><li>Analfe.<\/li><li>Cap\u00edtulo Local del CONES.<\/li><li>PRODES de Empresas Sociales de ACOPI.<\/li><li>PRODES de la Gobernaci\u00f3n de Antioquia.<\/li><li>ESAL \u2013 Empresas Sociales de la Federaci\u00f3n Antioque\u00f1a de ONG.<\/li><li>Red de Econom\u00eda Solidaria de Antioquia.<\/li><li>Organizaciones Comunales con visi\u00f3n empresarial.<\/li><li>Sector solidario de Fenalco \u2013 Antioquia.<\/li><li>Red de las Empresas Sociales de Mujeres y Mesa de Trabajo Mujer de Medell\u00edn.<\/li><li>UAE, Unidad Administrativa Especial de Organizaciones Solidarias.<\/li><li>Universidades con proyectos de econom\u00eda solidaria se integran para que, a trav\u00e9s de la Secretar\u00eda de Desarrollo Econ\u00f3mico, se propicie la log\u00edstica para el fomento del sector.<\/li><\/ul>\t\t\t\t\t<\/div>\n\t\t\t\t\t\t<\/div>\n\t\t\t\t<\/div>\n\t\t\t\t\t\t<\/div>\n\t\t\t\t\t<\/div>\n\t\t<\/div>\n\t\t\t\t\t\t\t\t<\/div>\n\t\t\t\t\t<\/div>\n\t\t<\/section>\n\t\t\t\t\t\t\t\t\t<\/div>\n\t\t\t<\/div>\n\t\t\t\t\t<\/div>\n\t\t","protected":false},"excerpt":{"rendered":"<p>Econom\u00eda Social y Solidaria de Medell\u00edn &#8211; ECOSOL A trav\u00e9s del programa ECOSOL acompa\u00f1amos y fortalecemos los emprendimientos que hacen parte del sector de la econom\u00eda social y solidaria y buscamos la conformaci\u00f3n de redes &#8230;<\/p>\n","protected":false},"author":1,"featured_media":11116,"parent":10890,"menu_order":30,"comment_status":"closed","ping_status":"closed","template":"sec-desarrolloeconomico\/elementor.php","meta":[],"acf":[],"_links":{"self":[{"href":"https:\/\/www.medellin.gov.co\/es\/wp-json\/wp\/v2\/pages\/10902"}],"collection":[{"href":"https:\/\/www.medellin.gov.co\/es\/wp-json\/wp\/v2\/pages"}],"about":[{"href":"https:\/\/www.medellin.gov.co\/es\/wp-json\/wp\/v2\/types\/page"}],"author":[{"embeddable":true,"href":"https:\/\/www.medellin.gov.co\/es\/wp-json\/wp\/v2\/users\/1"}],"replies":[{"embeddable":true,"href":"https:\/\/www.medellin.gov.co\/es\/wp-json\/wp\/v2\/comments?post=10902"}],"version-history":[{"count":10,"href":"https:\/\/www.medellin.gov.co\/es\/wp-json\/wp\/v2\/pages\/10902\/revisions"}],"predecessor-version":[{"id":341202,"href":"https:\/\/www.medellin.gov.co\/es\/wp-json\/wp\/v2\/pages\/10902\/revisions\/341202"}],"up":[{"embeddable":true,"href":"https:\/\/www.medellin.gov.co\/es\/wp-json\/wp\/v2\/pages\/10890"}],"wp:featuredmedia":[{"embeddable":true,"href":"https:\/\/www.medellin.gov.co\/es\/wp-json\/wp\/v2\/media\/11116"}],"wp:attachment":[{"href":"https:\/\/www.medellin.gov.co\/es\/wp-json\/wp\/v2\/media?parent=10902"}],"curies":[{"name":"wp","href":"https:\/\/api.w.org\/{rel}","templated":true}]}}