{"id":10904,"date":"2021-08-27T21:33:16","date_gmt":"2021-08-28T02:33:16","guid":{"rendered":"https:\/\/www.medellin.gov.co\/es\/?page_id=10904"},"modified":"2024-09-24T16:38:22","modified_gmt":"2024-09-24T21:38:22","slug":"fortalecimiento-empresarial","status":"publish","type":"page","link":"https:\/\/www.medellin.gov.co\/es\/secretaria-desarrollo-economico\/subsecretaria-de-creacion-y-fortalecimiento-empresarial\/fortalecimiento-empresarial\/","title":{"rendered":"Fortalecimiento empresarial"},"content":{"rendered":"\t\t<div data-elementor-type=\"wp-page\" data-elementor-id=\"10904\" class=\"elementor elementor-10904\">\n\t\t\t\t\t\t<div class=\"elementor-inner\">\n\t\t\t\t<div class=\"elementor-section-wrap\">\n\t\t\t\t\t\t\t\t\t<section class=\"elementor-section elementor-top-section elementor-element elementor-element-58624bb elementor-section-boxed elementor-section-height-default elementor-section-height-default\" data-id=\"58624bb\" data-element_type=\"section\">\n\t\t\t\t\t\t<div class=\"elementor-container elementor-column-gap-default\">\n\t\t\t\t\t\t\t<div class=\"elementor-row\">\n\t\t\t\t\t<div class=\"elementor-column elementor-col-100 elementor-top-column elementor-element elementor-element-f80100d\" data-id=\"f80100d\" data-element_type=\"column\">\n\t\t\t<div class=\"elementor-column-wrap elementor-element-populated\">\n\t\t\t\t\t\t\t<div class=\"elementor-widget-wrap\">\n\t\t\t\t\t\t<div class=\"elementor-element elementor-element-0444ee9 elementor-widget elementor-widget-heading\" data-id=\"0444ee9\" data-element_type=\"widget\" data-widget_type=\"heading.default\">\n\t\t\t\t<div class=\"elementor-widget-container\">\n\t\t\t<h1 class=\"elementor-heading-title elementor-size-default\">Fortalecimiento Empresarial<\/h1>\t\t<\/div>\n\t\t\t\t<\/div>\n\t\t\t\t<div class=\"elementor-element elementor-element-516918a elementor-widget elementor-widget-image\" data-id=\"516918a\" data-element_type=\"widget\" data-widget_type=\"image.default\">\n\t\t\t\t<div class=\"elementor-widget-container\">\n\t\t\t\t\t\t\t\t<div class=\"elementor-image\">\n\t\t\t\t\t\t\t\t\t\t\t\t<img width=\"1024\" height=\"682\" src=\"https:\/\/www.medellin.gov.co\/es\/wp-content\/uploads\/2024\/09\/PHOTO-2024-09-10-11-25-48-1024x682.jpg\" class=\"attachment-large size-large\" alt=\"\" loading=\"lazy\" srcset=\"https:\/\/www.medellin.gov.co\/es\/wp-content\/uploads\/2024\/09\/PHOTO-2024-09-10-11-25-48-1024x682.jpg 1024w, https:\/\/www.medellin.gov.co\/es\/wp-content\/uploads\/2024\/09\/PHOTO-2024-09-10-11-25-48-300x200.jpg 300w, https:\/\/www.medellin.gov.co\/es\/wp-content\/uploads\/2024\/09\/PHOTO-2024-09-10-11-25-48-150x100.jpg 150w, https:\/\/www.medellin.gov.co\/es\/wp-content\/uploads\/2024\/09\/PHOTO-2024-09-10-11-25-48-768x512.jpg 768w, https:\/\/www.medellin.gov.co\/es\/wp-content\/uploads\/2024\/09\/PHOTO-2024-09-10-11-25-48-1536x1023.jpg 1536w, https:\/\/www.medellin.gov.co\/es\/wp-content\/uploads\/2024\/09\/PHOTO-2024-09-10-11-25-48.jpg 1600w\" sizes=\"(max-width: 1024px) 100vw, 1024px\" \/>\t\t\t\t\t\t\t\t\t\t\t\t\t\t<\/div>\n\t\t\t\t\t\t<\/div>\n\t\t\t\t<\/div>\n\t\t\t\t<div class=\"elementor-element elementor-element-a087c7e elementor-widget elementor-widget-text-editor\" data-id=\"a087c7e\" data-element_type=\"widget\" data-widget_type=\"text-editor.default\">\n\t\t\t\t<div class=\"elementor-widget-container\">\n\t\t\t\t\t\t\t\t<div class=\"elementor-text-editor elementor-clearfix\">\n\t\t\t\t<p>Desde la Subsecretar\u00eda desarrollamos estrategias y acciones encaminadas al mejoramiento de la competitividad y la gesti\u00f3n de la innovaci\u00f3n en el tejido empresarial del distrito.<\/p><p>A trav\u00e9s del acompa\u00f1amiento de mipymes, buscamos impulsar el emprendimiento y el desarrollo empresarial de alto potencial de crecimiento y diferenciaci\u00f3n. Para ello, trabajamos enfocados en cuatro l\u00edneas estrat\u00e9gicas:<\/p><p>\u00a0<\/p><ol><li><em>Programas enfocados en mejorar la competitividad del tejido empresarial de la ciudad a trav\u00e9s de la innovaci\u00f3n y la productividad como herramientas de desarrollo econ\u00f3mico y social<\/em>.<\/li><li><em>Iniciativas enfocadas en promover la transformaci\u00f3n digital de las empresas de la ciudad, a partir de la generaci\u00f3n de capacidades organizacionales y la apropiaci\u00f3n de herramientas tecnol\u00f3gicas.<\/em><\/li><li><em>Promover la internacionalizaci\u00f3n de las empresas del distrito, buscando iniciar o dinamizar sus procesos de exportaci\u00f3n de productos o servicios y el acceso a nuevos mercados.<\/em><\/li><li><em>Acompa\u00f1amientos para la aceleraci\u00f3n y el fortalecimiento del emprendimientos y empresas de la industria del sistema moda del distrito.<\/em> \u00a0<\/li><\/ol>\t\t\t\t\t<\/div>\n\t\t\t\t\t\t<\/div>\n\t\t\t\t<\/div>\n\t\t\t\t<div class=\"elementor-element elementor-element-f58d134 elementor-widget elementor-widget-heading\" data-id=\"f58d134\" data-element_type=\"widget\" data-widget_type=\"heading.default\">\n\t\t\t\t<div class=\"elementor-widget-container\">\n\t\t\t<h2 class=\"elementor-heading-title elementor-size-default\"><b>Programas <\/b>de fortalecimiento empresarial<\/h2>\t\t<\/div>\n\t\t\t\t<\/div>\n\t\t\t\t<section class=\"elementor-section elementor-inner-section elementor-element elementor-element-1c85d00 elementor-section-boxed elementor-section-height-default elementor-section-height-default\" data-id=\"1c85d00\" data-element_type=\"section\">\n\t\t\t\t\t\t<div class=\"elementor-container elementor-column-gap-default\">\n\t\t\t\t\t\t\t<div class=\"elementor-row\">\n\t\t\t\t\t<div class=\"elementor-column elementor-col-50 elementor-inner-column elementor-element elementor-element-12c6af7\" data-id=\"12c6af7\" data-element_type=\"column\">\n\t\t\t<div class=\"elementor-column-wrap elementor-element-populated\">\n\t\t\t\t\t\t\t<div class=\"elementor-widget-wrap\">\n\t\t\t\t\t\t<div class=\"elementor-element elementor-element-504dc07 elementor-widget elementor-widget-image\" data-id=\"504dc07\" data-element_type=\"widget\" data-widget_type=\"image.default\">\n\t\t\t\t<div class=\"elementor-widget-container\">\n\t\t\t\t\t\t\t\t<div class=\"elementor-image\">\n\t\t\t\t\t\t\t\t\t\t\t\t<img width=\"1600\" height=\"1066\" src=\"https:\/\/www.medellin.gov.co\/es\/wp-content\/uploads\/2024\/09\/PHOTO-2024-09-10-11-22-22.jpg\" class=\"attachment-full size-full\" alt=\"\" loading=\"lazy\" srcset=\"https:\/\/www.medellin.gov.co\/es\/wp-content\/uploads\/2024\/09\/PHOTO-2024-09-10-11-22-22.jpg 1600w, https:\/\/www.medellin.gov.co\/es\/wp-content\/uploads\/2024\/09\/PHOTO-2024-09-10-11-22-22-300x200.jpg 300w, https:\/\/www.medellin.gov.co\/es\/wp-content\/uploads\/2024\/09\/PHOTO-2024-09-10-11-22-22-1024x682.jpg 1024w, https:\/\/www.medellin.gov.co\/es\/wp-content\/uploads\/2024\/09\/PHOTO-2024-09-10-11-22-22-150x100.jpg 150w, https:\/\/www.medellin.gov.co\/es\/wp-content\/uploads\/2024\/09\/PHOTO-2024-09-10-11-22-22-768x512.jpg 768w, https:\/\/www.medellin.gov.co\/es\/wp-content\/uploads\/2024\/09\/PHOTO-2024-09-10-11-22-22-1536x1023.jpg 1536w\" sizes=\"(max-width: 1600px) 100vw, 1600px\" \/>\t\t\t\t\t\t\t\t\t\t\t\t\t\t<\/div>\n\t\t\t\t\t\t<\/div>\n\t\t\t\t<\/div>\n\t\t\t\t\t\t<\/div>\n\t\t\t\t\t<\/div>\n\t\t<\/div>\n\t\t\t\t<div class=\"elementor-column elementor-col-50 elementor-inner-column elementor-element elementor-element-c8bbebc\" data-id=\"c8bbebc\" data-element_type=\"column\">\n\t\t\t<div class=\"elementor-column-wrap elementor-element-populated\">\n\t\t\t\t\t\t\t<div class=\"elementor-widget-wrap\">\n\t\t\t\t\t\t<div class=\"elementor-element elementor-element-40df969 elementor-widget elementor-widget-text-editor\" data-id=\"40df969\" data-element_type=\"widget\" data-widget_type=\"text-editor.default\">\n\t\t\t\t<div class=\"elementor-widget-container\">\n\t\t\t\t\t\t\t\t<div class=\"elementor-text-editor elementor-clearfix\">\n\t\t\t\t<p><strong>Enplanta<\/strong><\/p><p>Programa focalizado en fortalecer la capacidad productiva y sostenible de las empresas de Medell\u00edn, a trav\u00e9s de la generaci\u00f3n de valor con la metodolog\u00eda Kaizen.<\/p><p>Con este componente se brinda acompa\u00f1amiento a mipymes, con el objetivo de incrementar la productividad y sostenibilidad de las empresas, por medio de actividades de entrenamiento especializado, asistencia t\u00e9cnica individual y asistencia t\u00e9cnica grupal.<\/p>\t\t\t\t\t<\/div>\n\t\t\t\t\t\t<\/div>\n\t\t\t\t<\/div>\n\t\t\t\t\t\t<\/div>\n\t\t\t\t\t<\/div>\n\t\t<\/div>\n\t\t\t\t\t\t\t\t<\/div>\n\t\t\t\t\t<\/div>\n\t\t<\/section>\n\t\t\t\t<section class=\"elementor-section elementor-inner-section elementor-element elementor-element-35792af elementor-section-boxed elementor-section-height-default elementor-section-height-default\" data-id=\"35792af\" data-element_type=\"section\">\n\t\t\t\t\t\t<div class=\"elementor-container elementor-column-gap-default\">\n\t\t\t\t\t\t\t<div class=\"elementor-row\">\n\t\t\t\t\t<div class=\"elementor-column elementor-col-50 elementor-inner-column elementor-element elementor-element-485dffc\" data-id=\"485dffc\" data-element_type=\"column\">\n\t\t\t<div class=\"elementor-column-wrap elementor-element-populated\">\n\t\t\t\t\t\t\t<div class=\"elementor-widget-wrap\">\n\t\t\t\t\t\t<div class=\"elementor-element elementor-element-fc278a2 elementor-widget elementor-widget-image\" data-id=\"fc278a2\" data-element_type=\"widget\" data-widget_type=\"image.default\">\n\t\t\t\t<div class=\"elementor-widget-container\">\n\t\t\t\t\t\t\t\t<div class=\"elementor-image\">\n\t\t\t\t\t\t\t\t\t\t\t\t<img width=\"1600\" height=\"1066\" src=\"https:\/\/www.medellin.gov.co\/es\/wp-content\/uploads\/2024\/09\/PHOTO-2024-09-10-12-11-45.jpg\" class=\"attachment-full size-full\" alt=\"\" loading=\"lazy\" srcset=\"https:\/\/www.medellin.gov.co\/es\/wp-content\/uploads\/2024\/09\/PHOTO-2024-09-10-12-11-45.jpg 1600w, https:\/\/www.medellin.gov.co\/es\/wp-content\/uploads\/2024\/09\/PHOTO-2024-09-10-12-11-45-300x200.jpg 300w, https:\/\/www.medellin.gov.co\/es\/wp-content\/uploads\/2024\/09\/PHOTO-2024-09-10-12-11-45-1024x682.jpg 1024w, https:\/\/www.medellin.gov.co\/es\/wp-content\/uploads\/2024\/09\/PHOTO-2024-09-10-12-11-45-150x100.jpg 150w, https:\/\/www.medellin.gov.co\/es\/wp-content\/uploads\/2024\/09\/PHOTO-2024-09-10-12-11-45-768x512.jpg 768w, https:\/\/www.medellin.gov.co\/es\/wp-content\/uploads\/2024\/09\/PHOTO-2024-09-10-12-11-45-1536x1023.jpg 1536w\" sizes=\"(max-width: 1600px) 100vw, 1600px\" \/>\t\t\t\t\t\t\t\t\t\t\t\t\t\t<\/div>\n\t\t\t\t\t\t<\/div>\n\t\t\t\t<\/div>\n\t\t\t\t\t\t<\/div>\n\t\t\t\t\t<\/div>\n\t\t<\/div>\n\t\t\t\t<div class=\"elementor-column elementor-col-50 elementor-inner-column elementor-element elementor-element-c41afd3\" data-id=\"c41afd3\" data-element_type=\"column\">\n\t\t\t<div class=\"elementor-column-wrap elementor-element-populated\">\n\t\t\t\t\t\t\t<div class=\"elementor-widget-wrap\">\n\t\t\t\t\t\t<div class=\"elementor-element elementor-element-2a98bb8 elementor-widget elementor-widget-text-editor\" data-id=\"2a98bb8\" data-element_type=\"widget\" data-widget_type=\"text-editor.default\">\n\t\t\t\t<div class=\"elementor-widget-container\">\n\t\t\t\t\t\t\t\t<div class=\"elementor-text-editor elementor-clearfix\">\n\t\t\t\t<p><strong><em>Desarrollo de Proveedores<\/em><\/strong><\/p><p>Este programa tiene como prop\u00f3sito reforzar los encadenamientos productivos y sectoriales de las empresas, generando conexiones comerciales y relaciones de confianza a partir de la definici\u00f3n y soluci\u00f3n de retos, que permitan mejorar la capacidad, la calidad de los productos y servicios entregados por los proveedores.<\/p>\t\t\t\t\t<\/div>\n\t\t\t\t\t\t<\/div>\n\t\t\t\t<\/div>\n\t\t\t\t\t\t<\/div>\n\t\t\t\t\t<\/div>\n\t\t<\/div>\n\t\t\t\t\t\t\t\t<\/div>\n\t\t\t\t\t<\/div>\n\t\t<\/section>\n\t\t\t\t<section class=\"elementor-section elementor-inner-section elementor-element elementor-element-5b6be1c elementor-section-boxed elementor-section-height-default elementor-section-height-default\" data-id=\"5b6be1c\" data-element_type=\"section\">\n\t\t\t\t\t\t<div class=\"elementor-container elementor-column-gap-default\">\n\t\t\t\t\t\t\t<div class=\"elementor-row\">\n\t\t\t\t\t<div class=\"elementor-column elementor-col-50 elementor-inner-column elementor-element elementor-element-992228a\" data-id=\"992228a\" data-element_type=\"column\">\n\t\t\t<div class=\"elementor-column-wrap elementor-element-populated\">\n\t\t\t\t\t\t\t<div class=\"elementor-widget-wrap\">\n\t\t\t\t\t\t<div class=\"elementor-element elementor-element-d1f7e22 elementor-widget elementor-widget-image\" data-id=\"d1f7e22\" data-element_type=\"widget\" data-widget_type=\"image.default\">\n\t\t\t\t<div class=\"elementor-widget-container\">\n\t\t\t\t\t\t\t\t<div class=\"elementor-image\">\n\t\t\t\t\t\t\t\t\t\t\t\t<img width=\"1600\" height=\"1066\" src=\"https:\/\/www.medellin.gov.co\/es\/wp-content\/uploads\/2024\/09\/PHOTO-2024-09-10-12-19-59.jpg\" class=\"attachment-full size-full\" alt=\"\" loading=\"lazy\" srcset=\"https:\/\/www.medellin.gov.co\/es\/wp-content\/uploads\/2024\/09\/PHOTO-2024-09-10-12-19-59.jpg 1600w, https:\/\/www.medellin.gov.co\/es\/wp-content\/uploads\/2024\/09\/PHOTO-2024-09-10-12-19-59-300x200.jpg 300w, https:\/\/www.medellin.gov.co\/es\/wp-content\/uploads\/2024\/09\/PHOTO-2024-09-10-12-19-59-1024x682.jpg 1024w, https:\/\/www.medellin.gov.co\/es\/wp-content\/uploads\/2024\/09\/PHOTO-2024-09-10-12-19-59-150x100.jpg 150w, https:\/\/www.medellin.gov.co\/es\/wp-content\/uploads\/2024\/09\/PHOTO-2024-09-10-12-19-59-768x512.jpg 768w, https:\/\/www.medellin.gov.co\/es\/wp-content\/uploads\/2024\/09\/PHOTO-2024-09-10-12-19-59-1536x1023.jpg 1536w\" sizes=\"(max-width: 1600px) 100vw, 1600px\" \/>\t\t\t\t\t\t\t\t\t\t\t\t\t\t<\/div>\n\t\t\t\t\t\t<\/div>\n\t\t\t\t<\/div>\n\t\t\t\t\t\t<\/div>\n\t\t\t\t\t<\/div>\n\t\t<\/div>\n\t\t\t\t<div class=\"elementor-column elementor-col-50 elementor-inner-column elementor-element elementor-element-9f9a27a\" data-id=\"9f9a27a\" data-element_type=\"column\">\n\t\t\t<div class=\"elementor-column-wrap elementor-element-populated\">\n\t\t\t\t\t\t\t<div class=\"elementor-widget-wrap\">\n\t\t\t\t\t\t<div class=\"elementor-element elementor-element-11c5b75 elementor-widget elementor-widget-text-editor\" data-id=\"11c5b75\" data-element_type=\"widget\" data-widget_type=\"text-editor.default\">\n\t\t\t\t<div class=\"elementor-widget-container\">\n\t\t\t\t\t\t\t\t<div class=\"elementor-text-editor elementor-clearfix\">\n\t\t\t\t<p><strong>\u00c9pica Reto de Innovaci\u00f3n<\/strong><\/p><p>Programa de transformaci\u00f3n empresarial dise\u00f1ado por Inexmoda y realizado gracias al Distrito Especial de Ciencia, Tecnolog\u00eda e Innovaci\u00f3n de Medell\u00edn, que le apuesta al desarrollo de los negocios del sistema moda.<\/p><p>Este programa busca fortalecer y acelerar las empresas de moda del futuro, acompa\u00f1\u00e1ndolas en la consolidaci\u00f3n de su modelo de negocio, con el prop\u00f3sito de hacerlas m\u00e1s rentables, competitivas, sostenibles e innovadoras. Todo esto se logra a partir de la transferencia de conocimiento de alto nivel estrat\u00e9gico y de nicho, generando espacios de relacionamiento, participaci\u00f3n y de experiencia en eventos de talla internacional.<\/p>\t\t\t\t\t<\/div>\n\t\t\t\t\t\t<\/div>\n\t\t\t\t<\/div>\n\t\t\t\t\t\t<\/div>\n\t\t\t\t\t<\/div>\n\t\t<\/div>\n\t\t\t\t\t\t\t\t<\/div>\n\t\t\t\t\t<\/div>\n\t\t<\/section>\n\t\t\t\t<section class=\"elementor-section elementor-inner-section elementor-element elementor-element-76276ee elementor-section-boxed elementor-section-height-default elementor-section-height-default\" data-id=\"76276ee\" data-element_type=\"section\">\n\t\t\t\t\t\t<div class=\"elementor-container elementor-column-gap-default\">\n\t\t\t\t\t\t\t<div class=\"elementor-row\">\n\t\t\t\t\t<div class=\"elementor-column elementor-col-50 elementor-inner-column elementor-element elementor-element-bfef39b\" data-id=\"bfef39b\" data-element_type=\"column\">\n\t\t\t<div class=\"elementor-column-wrap elementor-element-populated\">\n\t\t\t\t\t\t\t<div class=\"elementor-widget-wrap\">\n\t\t\t\t\t\t<div class=\"elementor-element elementor-element-edc6cc4 elementor-widget elementor-widget-image\" data-id=\"edc6cc4\" data-element_type=\"widget\" data-widget_type=\"image.default\">\n\t\t\t\t<div class=\"elementor-widget-container\">\n\t\t\t\t\t\t\t\t<div class=\"elementor-image\">\n\t\t\t\t\t\t\t\t\t\t\t\t<img width=\"1280\" height=\"1051\" src=\"https:\/\/www.medellin.gov.co\/es\/wp-content\/uploads\/2024\/09\/PHOTO-2024-09-10-12-20-00.jpg\" class=\"attachment-full size-full\" alt=\"\" loading=\"lazy\" srcset=\"https:\/\/www.medellin.gov.co\/es\/wp-content\/uploads\/2024\/09\/PHOTO-2024-09-10-12-20-00.jpg 1280w, https:\/\/www.medellin.gov.co\/es\/wp-content\/uploads\/2024\/09\/PHOTO-2024-09-10-12-20-00-300x246.jpg 300w, https:\/\/www.medellin.gov.co\/es\/wp-content\/uploads\/2024\/09\/PHOTO-2024-09-10-12-20-00-1024x841.jpg 1024w, https:\/\/www.medellin.gov.co\/es\/wp-content\/uploads\/2024\/09\/PHOTO-2024-09-10-12-20-00-150x123.jpg 150w, https:\/\/www.medellin.gov.co\/es\/wp-content\/uploads\/2024\/09\/PHOTO-2024-09-10-12-20-00-768x631.jpg 768w\" sizes=\"(max-width: 1280px) 100vw, 1280px\" \/>\t\t\t\t\t\t\t\t\t\t\t\t\t\t<\/div>\n\t\t\t\t\t\t<\/div>\n\t\t\t\t<\/div>\n\t\t\t\t\t\t<\/div>\n\t\t\t\t\t<\/div>\n\t\t<\/div>\n\t\t\t\t<div class=\"elementor-column elementor-col-50 elementor-inner-column elementor-element elementor-element-f1b1f74\" data-id=\"f1b1f74\" data-element_type=\"column\">\n\t\t\t<div class=\"elementor-column-wrap elementor-element-populated\">\n\t\t\t\t\t\t\t<div class=\"elementor-widget-wrap\">\n\t\t\t\t\t\t<div class=\"elementor-element elementor-element-a15a854 elementor-widget elementor-widget-text-editor\" data-id=\"a15a854\" data-element_type=\"widget\" data-widget_type=\"text-editor.default\">\n\t\t\t\t<div class=\"elementor-widget-container\">\n\t\t\t\t\t\t\t\t<div class=\"elementor-text-editor elementor-clearfix\">\n\t\t\t\t<p><strong>Encadenamientos Productivos<\/strong><\/p><p>Su objetivo apoyar e incrementar la productividad en el sistema moda a trav\u00e9s de relaciones estrat\u00e9gicas entre empresas ancla y talleres sat\u00e9lites, permitiendo a las organizaciones participantes desarrollar y fortalecer el eslab\u00f3n de producci\u00f3n de su cadena de valor para lograr la sostenibilidad en el tiempo.<\/p>\t\t\t\t\t<\/div>\n\t\t\t\t\t\t<\/div>\n\t\t\t\t<\/div>\n\t\t\t\t\t\t<\/div>\n\t\t\t\t\t<\/div>\n\t\t<\/div>\n\t\t\t\t\t\t\t\t<\/div>\n\t\t\t\t\t<\/div>\n\t\t<\/section>\n\t\t\t\t\t\t<\/div>\n\t\t\t\t\t<\/div>\n\t\t<\/div>\n\t\t\t\t\t\t\t\t<\/div>\n\t\t\t\t\t<\/div>\n\t\t<\/section>\n\t\t\t\t\t\t\t\t\t<\/div>\n\t\t\t<\/div>\n\t\t\t\t\t<\/div>\n\t\t","protected":false},"excerpt":{"rendered":"<p>Fortalecimiento Empresarial Desde la Subsecretar\u00eda desarrollamos estrategias y acciones encaminadas al mejoramiento de la competitividad y la gesti\u00f3n de la innovaci\u00f3n en el tejido empresarial del distrito. A trav\u00e9s del acompa\u00f1amiento de mipymes, buscamos impulsar &#8230;<\/p>\n","protected":false},"author":1,"featured_media":11116,"parent":10890,"menu_order":35,"comment_status":"closed","ping_status":"closed","template":"sec-desarrolloeconomico\/elementor.php","meta":[],"acf":[],"_links":{"self":[{"href":"https:\/\/www.medellin.gov.co\/es\/wp-json\/wp\/v2\/pages\/10904"}],"collection":[{"href":"https:\/\/www.medellin.gov.co\/es\/wp-json\/wp\/v2\/pages"}],"about":[{"href":"https:\/\/www.medellin.gov.co\/es\/wp-json\/wp\/v2\/types\/page"}],"author":[{"embeddable":true,"href":"https:\/\/www.medellin.gov.co\/es\/wp-json\/wp\/v2\/users\/1"}],"replies":[{"embeddable":true,"href":"https:\/\/www.medellin.gov.co\/es\/wp-json\/wp\/v2\/comments?post=10904"}],"version-history":[{"count":11,"href":"https:\/\/www.medellin.gov.co\/es\/wp-json\/wp\/v2\/pages\/10904\/revisions"}],"predecessor-version":[{"id":347026,"href":"https:\/\/www.medellin.gov.co\/es\/wp-json\/wp\/v2\/pages\/10904\/revisions\/347026"}],"up":[{"embeddable":true,"href":"https:\/\/www.medellin.gov.co\/es\/wp-json\/wp\/v2\/pages\/10890"}],"wp:featuredmedia":[{"embeddable":true,"href":"https:\/\/www.medellin.gov.co\/es\/wp-json\/wp\/v2\/media\/11116"}],"wp:attachment":[{"href":"https:\/\/www.medellin.gov.co\/es\/wp-json\/wp\/v2\/media?parent=10904"}],"curies":[{"name":"wp","href":"https:\/\/api.w.org\/{rel}","templated":true}]}}