{"id":110852,"date":"2022-09-30T07:42:38","date_gmt":"2022-09-30T12:42:38","guid":{"rendered":"https:\/\/www.medellin.gov.co\/es\/?page_id=110852"},"modified":"2026-04-27T10:27:02","modified_gmt":"2026-04-27T15:27:02","slug":"tramites-virtuales-ante-el-sisben","status":"publish","type":"page","link":"https:\/\/www.medellin.gov.co\/es\/departamento-administrativo-de-planeacion\/que-hace-el-dap\/tramites-virtuales-ante-el-sisben\/","title":{"rendered":"Tr\u00e1mites virtuales ante el Sisb\u00e9n"},"content":{"rendered":"\t\t<div data-elementor-type=\"wp-page\" data-elementor-id=\"110852\" class=\"elementor elementor-110852\">\n\t\t\t\t\t\t<div class=\"elementor-inner\">\n\t\t\t\t<div class=\"elementor-section-wrap\">\n\t\t\t\t\t\t\t\t\t<section class=\"elementor-section elementor-top-section elementor-element elementor-element-c3a249c elementor-section-boxed elementor-section-height-default elementor-section-height-default\" data-id=\"c3a249c\" data-element_type=\"section\">\n\t\t\t\t\t\t<div class=\"elementor-container elementor-column-gap-default\">\n\t\t\t\t\t\t\t<div class=\"elementor-row\">\n\t\t\t\t\t<div class=\"elementor-column elementor-col-100 elementor-top-column elementor-element elementor-element-6b4b46e\" data-id=\"6b4b46e\" data-element_type=\"column\">\n\t\t\t<div class=\"elementor-column-wrap elementor-element-populated\">\n\t\t\t\t\t\t\t<div class=\"elementor-widget-wrap\">\n\t\t\t\t\t\t<div class=\"elementor-element elementor-element-efe3540 elementor-widget elementor-widget-heading\" data-id=\"efe3540\" data-element_type=\"widget\" data-widget_type=\"heading.default\">\n\t\t\t\t<div class=\"elementor-widget-container\">\n\t\t\t<h1 class=\"elementor-heading-title elementor-size-default\">Sistema de Identificaci\u00f3n de Potenciales Beneficiarios de Programas Sociales -SISBEN-<\/h1>\t\t<\/div>\n\t\t\t\t<\/div>\n\t\t\t\t\t\t<\/div>\n\t\t\t\t\t<\/div>\n\t\t<\/div>\n\t\t\t\t\t\t\t\t<\/div>\n\t\t\t\t\t<\/div>\n\t\t<\/section>\n\t\t<div class=\"elementor-element elementor-element-f3e76a1 e-container--row e-container\" data-id=\"f3e76a1\" data-element_type=\"container\">\t\t<div class=\"elementor-element elementor-element-1fd143d e-container--column e-container\" data-id=\"1fd143d\" data-element_type=\"container\">\t\t\t\t<div class=\"elementor-element elementor-element-4a93164 elementor-widget elementor-widget-text-editor\" data-id=\"4a93164\" data-element_type=\"widget\" data-widget_type=\"text-editor.default\">\n\t\t\t\t<div class=\"elementor-widget-container\">\n\t\t\t\t\t\t\t\t<div class=\"elementor-text-editor elementor-clearfix\">\n\t\t\t\t<p>El SISBEN permite clasificar a la poblaci\u00f3n de acuerdo con sus condiciones de vida e ingresos. Esta clasificaci\u00f3n se utiliza para focalizar la inversi\u00f3n social y\u00a0 garantizar que sea asignada a quienes m\u00e1s lo necesitan.<\/p><p>El Sisb\u00e9n es un sistema\u00a0que usa herramientas t\u00e9cnicas y estad\u00edsticas especializadas.<\/p><p>Con estas herramientas identifica, clasifica y ordena\u00a0a la poblaci\u00f3n seg\u00fan su situaci\u00f3n socioecon\u00f3mica.<\/p><p>El Sisb\u00e9n permite el registro en su base de datos de cualquier persona con documento vigente y residente en hogares particulares.\u00a0La encuesta no se aplica en\u00a0lugares especiales de alojamiento (LEA). Una vez hecho el registro en la base de datos, esta genera la clasificaci\u00f3n\u00a0de la persona, el cual obedece a las condiciones de vida e ingresos del hogar.<\/p><p>La clasificaci\u00f3n sirve para que las entidades definan, entre otros criterios, qui\u00e9nes pueden acceder a programas sociales.<\/p><p>\u00a0<\/p>\t\t\t\t\t<\/div>\n\t\t\t\t\t\t<\/div>\n\t\t\t\t<\/div>\n\t\t<\/div><div class=\"elementor-element elementor-element-2012471 e-container--column e-container\" data-id=\"2012471\" data-element_type=\"container\">\t\t\t\t<div class=\"elementor-element elementor-element-b186ab6 elementor-widget elementor-widget-image\" data-id=\"b186ab6\" data-element_type=\"widget\" data-widget_type=\"image.default\">\n\t\t\t\t<div class=\"elementor-widget-container\">\n\t\t\t\t\t\t\t\t<div class=\"elementor-image\">\n\t\t\t\t\t\t\t\t\t\t\t\t<img width=\"1024\" height=\"768\" src=\"https:\/\/www.medellin.gov.co\/es\/wp-content\/uploads\/2026\/02\/Imagen-Ficho-Digital-para-tramites-de-Sisben-catastro-y-atencion-a-victimas-2-1024x768.jpg\" class=\"attachment-large size-large\" alt=\"Imagen Ficho Digital para tr\u00e1mites de Sisb\u00e9n, catastro y atenci\u00f3n a v\u00edctimas (3)\" loading=\"lazy\" srcset=\"https:\/\/www.medellin.gov.co\/es\/wp-content\/uploads\/2026\/02\/Imagen-Ficho-Digital-para-tramites-de-Sisben-catastro-y-atencion-a-victimas-2-1024x768.jpg 1024w, https:\/\/www.medellin.gov.co\/es\/wp-content\/uploads\/2026\/02\/Imagen-Ficho-Digital-para-tramites-de-Sisben-catastro-y-atencion-a-victimas-2-300x225.jpg 300w, https:\/\/www.medellin.gov.co\/es\/wp-content\/uploads\/2026\/02\/Imagen-Ficho-Digital-para-tramites-de-Sisben-catastro-y-atencion-a-victimas-2-150x113.jpg 150w, https:\/\/www.medellin.gov.co\/es\/wp-content\/uploads\/2026\/02\/Imagen-Ficho-Digital-para-tramites-de-Sisben-catastro-y-atencion-a-victimas-2-768x576.jpg 768w, https:\/\/www.medellin.gov.co\/es\/wp-content\/uploads\/2026\/02\/Imagen-Ficho-Digital-para-tramites-de-Sisben-catastro-y-atencion-a-victimas-2.jpg 1133w\" sizes=\"(max-width: 1024px) 100vw, 1024px\" \/>\t\t\t\t\t\t\t\t\t\t\t\t\t\t<\/div>\n\t\t\t\t\t\t<\/div>\n\t\t\t\t<\/div>\n\t\t<\/div><\/div>\t\t<section class=\"elementor-section elementor-top-section elementor-element elementor-element-0ee8f46 elementor-section-boxed elementor-section-height-default elementor-section-height-default\" data-id=\"0ee8f46\" data-element_type=\"section\">\n\t\t\t\t\t\t<div class=\"elementor-container elementor-column-gap-default\">\n\t\t\t\t\t\t\t<div class=\"elementor-row\">\n\t\t\t\t\t<div class=\"elementor-column elementor-col-100 elementor-top-column elementor-element elementor-element-b9f54d4\" data-id=\"b9f54d4\" data-element_type=\"column\">\n\t\t\t<div class=\"elementor-column-wrap elementor-element-populated\">\n\t\t\t\t\t\t\t<div class=\"elementor-widget-wrap\">\n\t\t\t\t\t\t<div class=\"elementor-element elementor-element-03b0d22 elementor-widget elementor-widget-heading\" data-id=\"03b0d22\" data-element_type=\"widget\" data-widget_type=\"heading.default\">\n\t\t\t\t<div class=\"elementor-widget-container\">\n\t\t\t<h2 class=\"elementor-heading-title elementor-size-default\"><b>\u00bfPara qu\u00e9 sirve<\/b>  el Sisb\u00e9n y para qu\u00e9 se usa?<\/h2>\t\t<\/div>\n\t\t\t\t<\/div>\n\t\t\t\t<div class=\"elementor-element elementor-element-9498130 elementor-widget elementor-widget-text-editor\" data-id=\"9498130\" data-element_type=\"widget\" data-widget_type=\"text-editor.default\">\n\t\t\t\t<div class=\"elementor-widget-container\">\n\t\t\t\t\t\t\t\t<div class=\"elementor-text-editor elementor-clearfix\">\n\t\t\t\t<ul><li>Facilitar la clasificaci\u00f3n de los posibles beneficiarios de programas sociales de manera r\u00e1pida, objetiva, uniforme y equitativa.<\/li><\/ul><ul><li>Permitir la elaboraci\u00f3n de diagn\u00f3sticos socioecon\u00f3micos precisos\u00a0de la poblaci\u00f3n para apoyar la planeaci\u00f3n nacional y territorial, y el dise\u00f1o e implementaci\u00f3n de programas sociales.<\/li><\/ul><ul><li>Contribuir al fortalecimiento institucional, mediante la disposici\u00f3n de un sistema moderno de informaci\u00f3n social que permita mejorar la identificaci\u00f3n de la poblaci\u00f3n.<\/li><\/ul>\t\t\t\t\t<\/div>\n\t\t\t\t\t\t<\/div>\n\t\t\t\t<\/div>\n\t\t\t\t<div class=\"elementor-element elementor-element-539f88d elementor-widget elementor-widget-button\" data-id=\"539f88d\" data-element_type=\"widget\" data-widget_type=\"button.default\">\n\t\t\t\t<div class=\"elementor-widget-container\">\n\t\t\t\t\t<div class=\"elementor-button-wrapper\">\n\t\t\t<a href=\"https:\/\/www.sisben.gov.co\/Paginas\/consulta-tu-grupo.html\" class=\"elementor-button-link elementor-button elementor-size-sm\" role=\"button\">\n\t\t\t\t\t\t<span class=\"elementor-button-content-wrapper\">\n\t\t\t\t\t\t<span class=\"elementor-button-text\">INGRESA AQUI PARA CONOCER LA CLASIFICACION DEL SISBEN<\/span>\n\t\t<\/span>\n\t\t\t\t\t<\/a>\n\t\t<\/div>\n\t\t\t\t<\/div>\n\t\t\t\t<\/div>\n\t\t\t\t<div class=\"elementor-element elementor-element-344e59f elementor-widget elementor-widget-text-editor\" data-id=\"344e59f\" data-element_type=\"widget\" data-widget_type=\"text-editor.default\">\n\t\t\t\t<div class=\"elementor-widget-container\">\n\t\t\t\t\t\t\t\t<div class=\"elementor-text-editor elementor-clearfix\">\n\t\t\t\t<p>Por favor seleccionar el tipo de documento de identificaci\u00f3n , digitar el n\u00famero de documento y dar clic en el bot\u00f3n consultar.\u00a0<\/p>\t\t\t\t\t<\/div>\n\t\t\t\t\t\t<\/div>\n\t\t\t\t<\/div>\n\t\t\t\t<div class=\"elementor-element elementor-element-5230a96 elementor-widget elementor-widget-image\" data-id=\"5230a96\" data-element_type=\"widget\" data-widget_type=\"image.default\">\n\t\t\t\t<div class=\"elementor-widget-container\">\n\t\t\t\t\t\t\t\t<div class=\"elementor-image\">\n\t\t\t\t\t\t\t\t\t\t\t\t<img width=\"1024\" height=\"287\" src=\"https:\/\/www.medellin.gov.co\/es\/wp-content\/uploads\/2026\/04\/Formulario-1024x287.png\" class=\"attachment-large size-large\" alt=\"\" loading=\"lazy\" srcset=\"https:\/\/www.medellin.gov.co\/es\/wp-content\/uploads\/2026\/04\/Formulario-1024x287.png 1024w, https:\/\/www.medellin.gov.co\/es\/wp-content\/uploads\/2026\/04\/Formulario-300x84.png 300w, https:\/\/www.medellin.gov.co\/es\/wp-content\/uploads\/2026\/04\/Formulario-150x42.png 150w, https:\/\/www.medellin.gov.co\/es\/wp-content\/uploads\/2026\/04\/Formulario-768x215.png 768w, https:\/\/www.medellin.gov.co\/es\/wp-content\/uploads\/2026\/04\/Formulario.png 1502w\" sizes=\"(max-width: 1024px) 100vw, 1024px\" \/>\t\t\t\t\t\t\t\t\t\t\t\t\t\t<\/div>\n\t\t\t\t\t\t<\/div>\n\t\t\t\t<\/div>\n\t\t\t\t\t\t<\/div>\n\t\t\t\t\t<\/div>\n\t\t<\/div>\n\t\t\t\t\t\t\t\t<\/div>\n\t\t\t\t\t<\/div>\n\t\t<\/section>\n\t\t\t\t<section class=\"elementor-section elementor-top-section elementor-element elementor-element-9257280 elementor-section-boxed elementor-section-height-default elementor-section-height-default\" data-id=\"9257280\" data-element_type=\"section\">\n\t\t\t\t\t\t<div class=\"elementor-container elementor-column-gap-default\">\n\t\t\t\t\t\t\t<div class=\"elementor-row\">\n\t\t\t\t\t<div class=\"elementor-column elementor-col-100 elementor-top-column elementor-element elementor-element-f9ee7bd\" data-id=\"f9ee7bd\" data-element_type=\"column\">\n\t\t\t<div class=\"elementor-column-wrap elementor-element-populated\">\n\t\t\t\t\t\t\t<div class=\"elementor-widget-wrap\">\n\t\t\t\t\t\t<div class=\"elementor-element elementor-element-8458ae8 elementor-widget elementor-widget-heading\" data-id=\"8458ae8\" data-element_type=\"widget\" data-widget_type=\"heading.default\">\n\t\t\t\t<div class=\"elementor-widget-container\">\n\t\t\t<h2 class=\"elementor-heading-title elementor-size-default\"><b>Informaci\u00f3n de base de datos<\/b> Certificada Anonimizada SISBEN IV<\/h2>\t\t<\/div>\n\t\t\t\t<\/div>\n\t\t\t\t<div class=\"elementor-element elementor-element-097af79 elementor-widget elementor-widget-text-editor\" data-id=\"097af79\" data-element_type=\"widget\" data-widget_type=\"text-editor.default\">\n\t\t\t\t<div class=\"elementor-widget-container\">\n\t\t\t\t\t\t\t\t<div class=\"elementor-text-editor elementor-clearfix\">\n\t\t\t\t<ul><li><a href=\"https:\/\/www.medellin.gov.co\/es\/wp-content\/uploads\/2026\/04\/BD_anonimizaF2_30122025.zip\" target=\"_blank\" rel=\"noopener\">Base Certificada Sisben IV anonimizada (2025)<\/a> &gt;&gt;&gt; <a href=\"https:\/\/www.medellin.gov.co\/es\/wp-content\/uploads\/2026\/04\/conceptos-metodologicos-manual-encuestador.pdf\" target=\"_blank\" rel=\"noopener\">Conceptos Metodol\u00f3gicos Manual Encuestador<\/a><\/li><li><a href=\"https:\/\/www.medellin.gov.co\/es\/wp-content\/uploads\/2026\/04\/Diccionario-de-datos-BD-Certificada-Sisben-IV-2025.xlsx\" target=\"_blank\" rel=\"noopener\">Diccionario de datos BD-Certificada Sisben IV (2025)<\/a><\/li><\/ul>\t\t\t\t\t<\/div>\n\t\t\t\t\t\t<\/div>\n\t\t\t\t<\/div>\n\t\t\t\t<div class=\"elementor-element elementor-element-09113bb elementor-widget elementor-widget-heading\" data-id=\"09113bb\" data-element_type=\"widget\" data-widget_type=\"heading.default\">\n\t\t\t\t<div class=\"elementor-widget-container\">\n\t\t\t<h2 class=\"elementor-heading-title elementor-size-default\"><b>Diagn\u00f3sticos socioecon\u00f3micos<\/b>   y territoriales de la poblaci\u00f3n vulnerable<\/h2>\t\t<\/div>\n\t\t\t\t<\/div>\n\t\t\t\t<div class=\"elementor-element elementor-element-683651a elementor-widget elementor-widget-text-editor\" data-id=\"683651a\" data-element_type=\"widget\" data-widget_type=\"text-editor.default\">\n\t\t\t\t<div class=\"elementor-widget-container\">\n\t\t\t\t\t\t\t\t<div class=\"elementor-text-editor elementor-clearfix\">\n\t\t\t\t<ul><li><a href=\"https:\/\/www.medellin.gov.co\/es\/wp-content\/uploads\/2026\/04\/CARACTERIZACION-SISBEN-IV-2024..pdf\" target=\"_blank\" rel=\"noopener\">Caracterizaci\u00f3n Sisben IV 2024<\/a><\/li><li><a href=\"https:\/\/www.medellin.gov.co\/es\/wp-content\/uploads\/2026\/04\/Caracterizacion-Sisben-IV-2025.pdf\" target=\"_blank\" rel=\"noopener\">Caracterizaci\u00f3n Sisben IV 2025<\/a><\/li><\/ul>\t\t\t\t\t<\/div>\n\t\t\t\t\t\t<\/div>\n\t\t\t\t<\/div>\n\t\t\t\t<div class=\"elementor-element elementor-element-9cb2480 elementor-widget elementor-widget-heading\" data-id=\"9cb2480\" data-element_type=\"widget\" data-widget_type=\"heading.default\">\n\t\t\t\t<div class=\"elementor-widget-container\">\n\t\t\t<h3 class=\"elementor-heading-title elementor-size-default\">\nTablero Power BI de Caracterizaci\u00f3n de poblaci\u00f3n Sisbenizada\u00a0 SISBEN IV (Cuadro de control)<\/h3>\t\t<\/div>\n\t\t\t\t<\/div>\n\t\t\t\t<div class=\"elementor-element elementor-element-ad908d5 elementor-widget elementor-widget-text-editor\" data-id=\"ad908d5\" data-element_type=\"widget\" data-widget_type=\"text-editor.default\">\n\t\t\t\t<div class=\"elementor-widget-container\">\n\t\t\t\t\t\t\t\t<div class=\"elementor-text-editor elementor-clearfix\">\n\t\t\t\t<div class=\"iframe-container\"><iframe title=\"Report Section\" src=\"https:\/\/app.powerbi.com\/view?r=eyJrIjoiN2RlNTI3ZDAtN2U0NS00ODljLTgzNmItNmQ5OGVlZmM4NWI0IiwidCI6IjljNDhlMDg4LTVlNDQtNGIwZC05M2EwLWVlYjJjNjEyN2MzZCIsImMiOjR9\" width=\"100%\" height=\"700\" frameborder=\"0\" allowfullscreen=\"allowfullscreen\" data-mce-fragment=\"1\"><\/iframe><\/div>\t\t\t\t\t<\/div>\n\t\t\t\t\t\t<\/div>\n\t\t\t\t<\/div>\n\t\t\t\t\t\t<\/div>\n\t\t\t\t\t<\/div>\n\t\t<\/div>\n\t\t\t\t\t\t\t\t<\/div>\n\t\t\t\t\t<\/div>\n\t\t<\/section>\n\t\t<div class=\"elementor-element elementor-element-841dba3 e-container--column e-container\" data-id=\"841dba3\" data-element_type=\"container\">\t\t\t\t<div class=\"elementor-element elementor-element-ea57785 elementor-widget elementor-widget-heading\" data-id=\"ea57785\" data-element_type=\"widget\" data-widget_type=\"heading.default\">\n\t\t\t\t<div class=\"elementor-widget-container\">\n\t\t\t<h2 class=\"elementor-heading-title elementor-size-default\"><b>Presentaciones <\/b> informes (SISBEN)<\/h2>\t\t<\/div>\n\t\t\t\t<\/div>\n\t\t\t\t<div class=\"elementor-element elementor-element-6f9e43c elementor-widget elementor-widget-text-editor\" data-id=\"6f9e43c\" data-element_type=\"widget\" data-widget_type=\"text-editor.default\">\n\t\t\t\t<div class=\"elementor-widget-container\">\n\t\t\t\t\t\t\t\t<div class=\"elementor-text-editor elementor-clearfix\">\n\t\t\t\t<ul><li><a href=\"https:\/\/www.medellin.gov.co\/es\/wp-content\/uploads\/2026\/04\/Presentacion-SISBEN-IV-2026.pdf\" target=\"_blank\" rel=\"noopener\">Presentaci\u00f3n SISBEN IV \u00a02026<\/a><\/li><\/ul><p>\u00a0<\/p>\t\t\t\t\t<\/div>\n\t\t\t\t\t\t<\/div>\n\t\t\t\t<\/div>\n\t\t\t\t<div class=\"elementor-element elementor-element-46d6c4e elementor-widget elementor-widget-heading\" data-id=\"46d6c4e\" data-element_type=\"widget\" data-widget_type=\"heading.default\">\n\t\t\t\t<div class=\"elementor-widget-container\">\n\t\t\t<h2 class=\"elementor-heading-title elementor-size-default\"><b>Registro Social de Hogares<\/b>  - Registro Universal de Ingresos -Ventanilla \u00danica<\/h2>\t\t<\/div>\n\t\t\t\t<\/div>\n\t\t<\/div>\t\t<section class=\"elementor-section elementor-top-section elementor-element elementor-element-e93367d elementor-section-boxed elementor-section-height-default elementor-section-height-default\" data-id=\"e93367d\" data-element_type=\"section\">\n\t\t\t\t\t\t<div class=\"elementor-container elementor-column-gap-default\">\n\t\t\t\t\t\t\t<div class=\"elementor-row\">\n\t\t\t\t\t<div class=\"elementor-column elementor-col-100 elementor-top-column elementor-element elementor-element-3c3824f\" data-id=\"3c3824f\" data-element_type=\"column\">\n\t\t\t<div class=\"elementor-column-wrap elementor-element-populated\">\n\t\t\t\t\t\t\t<div class=\"elementor-widget-wrap\">\n\t\t\t\t\t\t<section class=\"elementor-section elementor-inner-section elementor-element elementor-element-21b0df7 elementor-section-boxed elementor-section-height-default elementor-section-height-default\" data-id=\"21b0df7\" data-element_type=\"section\">\n\t\t\t\t\t\t<div class=\"elementor-container elementor-column-gap-default\">\n\t\t\t\t\t\t\t<div class=\"elementor-row\">\n\t\t\t\t\t<div class=\"elementor-column elementor-col-33 elementor-inner-column elementor-element elementor-element-0c08803\" data-id=\"0c08803\" data-element_type=\"column\" data-settings=\"{&quot;background_background&quot;:&quot;classic&quot;}\">\n\t\t\t<div class=\"elementor-column-wrap elementor-element-populated\">\n\t\t\t\t\t\t\t<div class=\"elementor-widget-wrap\">\n\t\t\t\t\t\t<div class=\"elementor-element elementor-element-9117169 elementor-widget elementor-widget-heading\" data-id=\"9117169\" data-element_type=\"widget\" data-widget_type=\"heading.default\">\n\t\t\t\t<div class=\"elementor-widget-container\">\n\t\t\t<div class=\"elementor-heading-title elementor-size-default\"><a href=\"https:\/\/www.medellin.gov.co\/es\/wp-content\/uploads\/2026\/04\/Registro-Social-de-Hogares-RSH-.pdf\" target=\"_blank\">Registro Social de Hogares -RSH-<\/a><\/div>\t\t<\/div>\n\t\t\t\t<\/div>\n\t\t\t\t\t\t<\/div>\n\t\t\t\t\t<\/div>\n\t\t<\/div>\n\t\t\t\t<div class=\"elementor-column elementor-col-33 elementor-inner-column elementor-element elementor-element-4d5dc06\" data-id=\"4d5dc06\" data-element_type=\"column\" data-settings=\"{&quot;background_background&quot;:&quot;classic&quot;}\">\n\t\t\t<div class=\"elementor-column-wrap elementor-element-populated\">\n\t\t\t\t\t\t\t<div class=\"elementor-widget-wrap\">\n\t\t\t\t\t\t<div class=\"elementor-element elementor-element-6abf395 elementor-widget elementor-widget-heading\" data-id=\"6abf395\" data-element_type=\"widget\" data-widget_type=\"heading.default\">\n\t\t\t\t<div class=\"elementor-widget-container\">\n\t\t\t<div class=\"elementor-heading-title elementor-size-default\"><a href=\"https:\/\/www.medellin.gov.co\/es\/wp-content\/uploads\/2026\/04\/Registro-Universal-de-Ingresos-RUI-.pdf\" target=\"_blank\">Registro Universal de Ingresos -RUI-<\/a><\/div>\t\t<\/div>\n\t\t\t\t<\/div>\n\t\t\t\t\t\t<\/div>\n\t\t\t\t\t<\/div>\n\t\t<\/div>\n\t\t\t\t<div class=\"elementor-column elementor-col-33 elementor-inner-column elementor-element elementor-element-bc93c6b\" data-id=\"bc93c6b\" data-element_type=\"column\" data-settings=\"{&quot;background_background&quot;:&quot;classic&quot;}\">\n\t\t\t<div class=\"elementor-column-wrap elementor-element-populated\">\n\t\t\t\t\t\t\t<div class=\"elementor-widget-wrap\">\n\t\t\t\t\t\t<div class=\"elementor-element elementor-element-49d1b21 elementor-widget elementor-widget-heading\" data-id=\"49d1b21\" data-element_type=\"widget\" data-widget_type=\"heading.default\">\n\t\t\t\t<div class=\"elementor-widget-container\">\n\t\t\t<div class=\"elementor-heading-title elementor-size-default\"><a href=\"https:\/\/www.medellin.gov.co\/es\/wp-content\/uploads\/2026\/04\/Ventanilla_Social.pdf\" target=\"_blank\">Ventanilla \u00danica<\/a><\/div>\t\t<\/div>\n\t\t\t\t<\/div>\n\t\t\t\t\t\t<\/div>\n\t\t\t\t\t<\/div>\n\t\t<\/div>\n\t\t\t\t\t\t\t\t<\/div>\n\t\t\t\t\t<\/div>\n\t\t<\/section>\n\t\t\t\t\t\t<\/div>\n\t\t\t\t\t<\/div>\n\t\t<\/div>\n\t\t\t\t\t\t\t\t<\/div>\n\t\t\t\t\t<\/div>\n\t\t<\/section>\n\t\t<div class=\"elementor-element elementor-element-ada352c e-container--column e-container\" data-id=\"ada352c\" data-element_type=\"container\">\t\t\t\t<div class=\"elementor-element elementor-element-4de8601 elementor-widget elementor-widget-spacer\" data-id=\"4de8601\" data-element_type=\"widget\" data-widget_type=\"spacer.default\">\n\t\t\t\t<div class=\"elementor-widget-container\">\n\t\t\t\t\t<div class=\"elementor-spacer\">\n\t\t\t<div class=\"elementor-spacer-inner\"><\/div>\n\t\t<\/div>\n\t\t\t\t<\/div>\n\t\t\t\t<\/div>\n\t\t<\/div>\t\t\t\t\t\t\t<\/div>\n\t\t\t<\/div>\n\t\t\t\t\t<\/div>\n\t\t","protected":false},"excerpt":{"rendered":"<p>Sistema de Identificaci\u00f3n de Potenciales Beneficiarios de Programas Sociales -SISBEN- El SISBEN permite clasificar a la poblaci\u00f3n de acuerdo con sus condiciones de vida e ingresos. Esta clasificaci\u00f3n se utiliza para focalizar la inversi\u00f3n social &#8230;<\/p>\n","protected":false},"author":31,"featured_media":48410,"parent":14083,"menu_order":0,"comment_status":"closed","ping_status":"closed","template":"sec-planeacion\/elementor17032025.php","meta":[],"acf":[],"_links":{"self":[{"href":"https:\/\/www.medellin.gov.co\/es\/wp-json\/wp\/v2\/pages\/110852"}],"collection":[{"href":"https:\/\/www.medellin.gov.co\/es\/wp-json\/wp\/v2\/pages"}],"about":[{"href":"https:\/\/www.medellin.gov.co\/es\/wp-json\/wp\/v2\/types\/page"}],"author":[{"embeddable":true,"href":"https:\/\/www.medellin.gov.co\/es\/wp-json\/wp\/v2\/users\/31"}],"replies":[{"embeddable":true,"href":"https:\/\/www.medellin.gov.co\/es\/wp-json\/wp\/v2\/comments?post=110852"}],"version-history":[{"count":10,"href":"https:\/\/www.medellin.gov.co\/es\/wp-json\/wp\/v2\/pages\/110852\/revisions"}],"predecessor-version":[{"id":523325,"href":"https:\/\/www.medellin.gov.co\/es\/wp-json\/wp\/v2\/pages\/110852\/revisions\/523325"}],"up":[{"embeddable":true,"href":"https:\/\/www.medellin.gov.co\/es\/wp-json\/wp\/v2\/pages\/14083"}],"wp:featuredmedia":[{"embeddable":true,"href":"https:\/\/www.medellin.gov.co\/es\/wp-json\/wp\/v2\/media\/48410"}],"wp:attachment":[{"href":"https:\/\/www.medellin.gov.co\/es\/wp-json\/wp\/v2\/media?parent=110852"}],"curies":[{"name":"wp","href":"https:\/\/api.w.org\/{rel}","templated":true}]}}