{"id":113048,"date":"2022-10-04T13:54:52","date_gmt":"2022-10-04T18:54:52","guid":{"rendered":"https:\/\/www.medellin.gov.co\/es\/?page_id=113048"},"modified":"2025-07-26T20:21:05","modified_gmt":"2025-07-27T01:21:05","slug":"plan-de-gestion-integral-de-residuos-solidos-pgirs-2016-2027","status":"publish","type":"page","link":"https:\/\/www.medellin.gov.co\/es\/secretaria-gestion-y-control-territorial\/subsecretaria-de-servicios-publicos\/plan-de-gestion-integral-de-residuos-solidos-pgirs-2016-2027\/","title":{"rendered":"Plan de Gesti\u00f3n Integral de Residuos S\u00f3lidos PGIRS 2016 -2027"},"content":{"rendered":"\t\t<div data-elementor-type=\"wp-page\" data-elementor-id=\"113048\" class=\"elementor elementor-113048\">\n\t\t\t\t\t\t<div class=\"elementor-inner\">\n\t\t\t\t<div class=\"elementor-section-wrap\">\n\t\t\t\t\t\t\t\t\t<section class=\"elementor-section elementor-top-section elementor-element elementor-element-dfb97c6 elementor-section-boxed elementor-section-height-default elementor-section-height-default\" data-id=\"dfb97c6\" data-element_type=\"section\">\n\t\t\t\t\t\t<div class=\"elementor-container elementor-column-gap-default\">\n\t\t\t\t\t\t\t<div class=\"elementor-row\">\n\t\t\t\t\t<div class=\"elementor-column elementor-col-100 elementor-top-column elementor-element elementor-element-416e517\" data-id=\"416e517\" data-element_type=\"column\">\n\t\t\t<div class=\"elementor-column-wrap elementor-element-populated\">\n\t\t\t\t\t\t\t<div class=\"elementor-widget-wrap\">\n\t\t\t\t\t\t<div class=\"elementor-element elementor-element-8cad389 elementor-widget elementor-widget-heading\" data-id=\"8cad389\" data-element_type=\"widget\" data-widget_type=\"heading.default\">\n\t\t\t\t<div class=\"elementor-widget-container\">\n\t\t\t<h1 class=\"elementor-heading-title elementor-size-default\">Plan de Gesti\u00f3n Integral de Residuos S\u00f3lidos-Medell\u00edn<\/h1>\t\t<\/div>\n\t\t\t\t<\/div>\n\t\t\t\t<section class=\"elementor-section elementor-inner-section elementor-element elementor-element-d7bd7b7 elementor-section-boxed elementor-section-height-default elementor-section-height-default\" data-id=\"d7bd7b7\" data-element_type=\"section\">\n\t\t\t\t\t\t<div class=\"elementor-container elementor-column-gap-default\">\n\t\t\t\t\t\t\t<div class=\"elementor-row\">\n\t\t\t\t\t<div class=\"elementor-column elementor-col-50 elementor-inner-column elementor-element elementor-element-77c71a7\" data-id=\"77c71a7\" data-element_type=\"column\">\n\t\t\t<div class=\"elementor-column-wrap elementor-element-populated\">\n\t\t\t\t\t\t\t<div class=\"elementor-widget-wrap\">\n\t\t\t\t\t\t<div class=\"elementor-element elementor-element-5daa5ab elementor-widget elementor-widget-text-editor\" data-id=\"5daa5ab\" data-element_type=\"widget\" data-widget_type=\"text-editor.default\">\n\t\t\t\t<div class=\"elementor-widget-container\">\n\t\t\t\t\t\t\t\t<div class=\"elementor-text-editor elementor-clearfix\">\n\t\t\t\t<p><span class=\"x_ContentPasted0\">El Plan de Gesti\u00f3n Integral de Residuos S\u00f3lidos, es el documento\u00a0rector para la gesti\u00f3n de los residuos s\u00f3lidos en Medell\u00edn, que permite articular la Gesti\u00f3n de los residuos y la prestaci\u00f3n del servicio p\u00fablico de aseo,\u00a0\u00a0con el cual se prioriza los programa y proyectos viables en torno a la prestaci\u00f3n del servicio p\u00fablico de aseo,\u00a0\u00a0la gesti\u00f3n de los residuos y la dignificaci\u00f3n de la poblaci\u00f3n recicladora como parte esencial del plan, y potencializar nuevas fuentes de trabajo a partir de los residuos\u00a0 aprovechables.\u00a0<\/span><span class=\"x_ContentPasted0\">\u00a0<\/span><\/p><p><span class=\"x_ContentPasted0\">En el a\u00f1o 2024 y en cumplimiento al Decreto 1077 de 2015 se realiz\u00f3 la actualizaci\u00f3n del PGIRS adoptada mediante el Decreto Municipal 0058 de 2025, cuya estructura est\u00e1 establecida de acuerdo con la Resoluci\u00f3n Ministerial 0754 de 2014, y jerarquizados conforme a las validaciones del grupo coordinador y t\u00e9cnico cuyos contenidos se describen de forma detallada dentro del documento de actualizaci\u00f3n del Plan de Gesti\u00f3n Integral de Residuos S\u00f3lidos &#8211; PGIRS del Distrito de Medell\u00edn.<\/span><\/p>\t\t\t\t\t<\/div>\n\t\t\t\t\t\t<\/div>\n\t\t\t\t<\/div>\n\t\t\t\t\t\t<\/div>\n\t\t\t\t\t<\/div>\n\t\t<\/div>\n\t\t\t\t<div class=\"elementor-column elementor-col-50 elementor-inner-column elementor-element elementor-element-4a612e9\" data-id=\"4a612e9\" data-element_type=\"column\">\n\t\t\t<div class=\"elementor-column-wrap elementor-element-populated\">\n\t\t\t\t\t\t\t<div class=\"elementor-widget-wrap\">\n\t\t\t\t\t\t<div class=\"elementor-element elementor-element-c55ce81 elementor-widget elementor-widget-image\" data-id=\"c55ce81\" data-element_type=\"widget\" data-widget_type=\"image.default\">\n\t\t\t\t<div class=\"elementor-widget-container\">\n\t\t\t\t\t\t\t\t<div class=\"elementor-image\">\n\t\t\t\t\t\t\t\t\t\t\t\t<img width=\"1024\" height=\"758\" src=\"https:\/\/www.medellin.gov.co\/es\/wp-content\/uploads\/2023\/08\/pgirs_reunion-1024x758.jpg\" class=\"attachment-large size-large\" alt=\"PGIRS\" loading=\"lazy\" srcset=\"https:\/\/www.medellin.gov.co\/es\/wp-content\/uploads\/2023\/08\/pgirs_reunion-1024x758.jpg 1024w, https:\/\/www.medellin.gov.co\/es\/wp-content\/uploads\/2023\/08\/pgirs_reunion-300x222.jpg 300w, https:\/\/www.medellin.gov.co\/es\/wp-content\/uploads\/2023\/08\/pgirs_reunion-150x111.jpg 150w, https:\/\/www.medellin.gov.co\/es\/wp-content\/uploads\/2023\/08\/pgirs_reunion-768x569.jpg 768w, https:\/\/www.medellin.gov.co\/es\/wp-content\/uploads\/2023\/08\/pgirs_reunion.jpg 1280w\" sizes=\"(max-width: 1024px) 100vw, 1024px\" \/>\t\t\t\t\t\t\t\t\t\t\t\t\t\t<\/div>\n\t\t\t\t\t\t<\/div>\n\t\t\t\t<\/div>\n\t\t\t\t\t\t<\/div>\n\t\t\t\t\t<\/div>\n\t\t<\/div>\n\t\t\t\t\t\t\t\t<\/div>\n\t\t\t\t\t<\/div>\n\t\t<\/section>\n\t\t\t\t<div class=\"elementor-element elementor-element-a139c00 elementor-widget elementor-widget-heading\" data-id=\"a139c00\" data-element_type=\"widget\" data-widget_type=\"heading.default\">\n\t\t\t\t<div class=\"elementor-widget-container\">\n\t\t\t<h2 class=\"elementor-heading-title elementor-size-default\"><b>Documentos de inter\u00e9s del PGIRS<\/b> <\/h2>\t\t<\/div>\n\t\t\t\t<\/div>\n\t\t\t\t<div class=\"elementor-element elementor-element-915b211 elementor-widget elementor-widget-text-editor\" data-id=\"915b211\" data-element_type=\"widget\" data-widget_type=\"text-editor.default\">\n\t\t\t\t<div class=\"elementor-widget-container\">\n\t\t\t\t\t\t\t\t<div class=\"elementor-text-editor elementor-clearfix\">\n\t\t\t\t<ul><li><a href=\"https:\/\/www.medellin.gov.co\/es\/wp-content\/uploads\/2025\/07\/INFORME-DE-SEGUIMIENTO-PGIRS-2024.pdf\" target=\"_blank\" rel=\"noopener\">Informe de seguimiento y evaluaci\u00f3n al Plan de Gesti\u00f3n Integral de Residuos S\u00f3lidos PGIRS <strong>Vigencia 2024.<\/strong><\/a><\/li><li><a href=\"https:\/\/www.medellin.gov.co\/es\/wp-content\/uploads\/2024\/10\/Informe-Seguimiento-PGIRS-2023-2024_VF-Radicado.pdf\" target=\"_blank\" rel=\"noopener\">Informe de seguimiento y evaluaci\u00f3n al Plan de Gesti\u00f3n Integral de Residuos S\u00f3lidos PGIRS <strong>Vigencia 2023 hasta el 2024.<\/strong><\/a><\/li><li><a href=\"https:\/\/www.medellin.gov.co\/es\/wp-content\/uploads\/2024\/10\/Informe-Seguimiento-PGIRS-2023-2024_VF-Radicado.pdf\" target=\"_blank\" rel=\"noopener\">Informe de seguimiento y evaluaci\u00f3n al Plan de Gesti\u00f3n Integral de Residuos S\u00f3lidos PGIRS<\/a><strong><a href=\"https:\/\/www.medellin.gov.co\/es\/wp-content\/uploads\/2023\/08\/PGIRS-FINAL-2023-3.pdf\" target=\"_blank\" rel=\"noopener\"> Vigencia 2022 hasta el 2023.<\/a><\/strong><\/li><li><a href=\"https:\/\/www.medellin.gov.co\/es\/wp-content\/uploads\/2022\/10\/INFORME-FINAL-PGIRS.pdf\" target=\"_blank\" rel=\"noopener\">Informe de seguimiento y evaluaci\u00f3n al Plan de Gesti\u00f3n Integral de Residuos S\u00f3lidos PGIRS <strong>Vigencia 2021 hasta el 2022<\/strong><\/a>.<\/li><li><p><a href=\"https:\/\/www.medellin.gov.co\/es\/wp-content\/uploads\/2022\/10\/INFORME-FINAL-PGIRS.pdf\" target=\"_blank\" rel=\"noopener\">Informe de seguimiento y evaluaci\u00f3n al Plan de Gesti\u00f3n Integral de Residuos S\u00f3lidos PGIRS <strong>Vigencia 2021 hasta el 2022<\/strong><\/a><strong>.<\/strong><\/p><\/li><li><a href=\"\/irj\/go\/km\/docs\/pccdesign\/medellin\/Temas\/Catastro\/Programas\/Shared%20Content\/Documentos\/2021\/Seguimiento_PGIRS_CAPITULO%202020-2021%20(1).pdf\" target=\"_blank\" rel=\"noopener\">Seguimiento Plan de Gesti\u00f3n Integral de Residuos S\u00f3lidos Municipio de Medell\u00edn PGIRS\u00a0<strong>Vigencia 2016 hasta el 2027.\u00a0<\/strong><\/a><\/li><li><a href=\"\/irj\/go\/km\/docs\/pccdesign\/medellin\/Temas\/MedioAmbiente\/Publicaciones\/Shared%20Content\/Documentos\/2021\/Seguimiento_PGIRS_CAPITULO_0-2020.pdf\" target=\"_blank\" rel=\"noopener\">Seguimiento Plan de Gesti\u00f3n Integral de Residuos S\u00f3lidos Municipio de Medell\u00edn PGIRS <strong>Vigencia 2016 hasta el 2027.<\/strong><\/a><\/li><li><a href=\"https:\/\/www.medellin.gov.co\/irj\/go\/km\/docs\/pccdesign\/medellin\/Temas\/MedioAmbiente\/Publicaciones\/Shared Content\/Documentos\/2019\/SegumientoPGIRS2019.pdf\" target=\"_blank\" rel=\"noopener\">Seguimiento de PGIRS <strong>Vigencia 2019<\/strong><\/a><strong>.<\/strong><\/li><li><a href=\"https:\/\/www.medellin.gov.co\/irj\/go\/km\/docs\/pccdesign\/SubportaldelCiudadano_2\/AtencinCiudadana1\/Publicaciones\/Shared Content\/Documentos\/2015\/PGIRS MEDELL\u00cdN 2016-2027.pdf\" target=\"_blank\" rel=\"noopener\">Plan de Gesti\u00f3n Integral de Residuos S\u00f3lidos PGIRS\u00a0<strong>Vigencia 2016 hasta el 2027<\/strong><\/a><strong>.<\/strong><\/li><li><a href=\"https:\/\/www.medellin.gov.co\/irj\/go\/km\/docs\/pccdesign\/medellin\/Temas\/MedioAmbiente\/Publicaciones\/Shared Content\/Documentos\/2016\/SeguimientoPlanGestionIntegralResiduosSolidosMunicipioMedell\u00edn2016.pdf\" target=\"_blank\" rel=\"noopener\">Seguimiento Plan de Gesti\u00f3n Integral de Residuos S\u00f3lidos Municipio de Medell\u00edn PGIRS <strong>Vigencia 2016 hasta el 2027<\/strong><\/a><strong>.<\/strong><\/li><li><a href=\"https:\/\/www.medellin.gov.co\/irj\/go\/km\/docs\/pccdesign\/medellin\/Temas\/Catastro\/Programas\/Shared Content\/Documentos\/2017\/Seguimiento PGIRS Municipio de Medell\u00edn 2017 - SSP.pdf\" target=\"_blank\" rel=\"noopener\">Seguimiento del PGIRS <strong>Vigencia 2017<\/strong><\/a>.<\/li><li><a href=\"https:\/\/www.medellin.gov.co\/irj\/go\/km\/docs\/pccdesign\/medellin\/Temas\/Catastro\/Publicaciones\/Shared Content\/Documentos\/2018\/SeguimientoPGIRS-2018.pdf\" target=\"_blank\" rel=\"noopener\">Seguimiento del PGIRS V<strong>igencia 2018<\/strong><\/a>.<\/li><\/ul>\t\t\t\t\t<\/div>\n\t\t\t\t\t\t<\/div>\n\t\t\t\t<\/div>\n\t\t\t\t<div class=\"elementor-element elementor-element-4301ce7 elementor-widget elementor-widget-heading\" data-id=\"4301ce7\" data-element_type=\"widget\" data-widget_type=\"heading.default\">\n\t\t\t\t<div class=\"elementor-widget-container\">\n\t\t\t<h2 class=\"elementor-heading-title elementor-size-default\"><b>Caracterizaci\u00f3n de<\/b>  residuos s\u00f3lidos<\/h2>\t\t<\/div>\n\t\t\t\t<\/div>\n\t\t\t\t<div class=\"elementor-element elementor-element-a1eb979 elementor-widget elementor-widget-text-editor\" data-id=\"a1eb979\" data-element_type=\"widget\" data-widget_type=\"text-editor.default\">\n\t\t\t\t<div class=\"elementor-widget-container\">\n\t\t\t\t\t\t\t\t<div class=\"elementor-text-editor elementor-clearfix\">\n\t\t\t\t<ul><li><a href=\"https:\/\/www.medellin.gov.co\/es\/wp-content\/uploads\/2025\/02\/INFORME_RESIDENCIAL_VF.pdf\" target=\"_blank\" rel=\"noopener\">Informe de caracterizaci\u00f3n de residuos s\u00f3lidos del <strong>sector residencial<\/strong>, 2024.<\/a><\/li><li><a href=\"https:\/\/www.medellin.gov.co\/es\/wp-content\/uploads\/2025\/02\/INFORME_NO_RESIDENCIAL.pdf\">Informe de caracterizaci\u00f3n de residuos s\u00f3lidos del <strong>sector no residencial<\/strong>, 2024.<\/a><\/li><\/ul>\t\t\t\t\t<\/div>\n\t\t\t\t\t\t<\/div>\n\t\t\t\t<\/div>\n\t\t\t\t<div class=\"elementor-element elementor-element-c729ac2 elementor-widget elementor-widget-heading\" data-id=\"c729ac2\" data-element_type=\"widget\" data-widget_type=\"heading.default\">\n\t\t\t\t<div class=\"elementor-widget-container\">\n\t\t\t<h2 class=\"elementor-heading-title elementor-size-default\"><b>Documentos de la revisi\u00f3n <\/b>  y actualizaci\u00f3n del Plan De Gesti\u00f3n Integral de Residuos S\u00f3lidos <b>PGIRS<\/b>  de Medell\u00edn\n\n<\/h2>\t\t<\/div>\n\t\t\t\t<\/div>\n\t\t\t\t<div class=\"elementor-element elementor-element-378d959 elementor-widget elementor-widget-text-editor\" data-id=\"378d959\" data-element_type=\"widget\" data-widget_type=\"text-editor.default\">\n\t\t\t\t<div class=\"elementor-widget-container\">\n\t\t\t\t\t\t\t\t<div class=\"elementor-text-editor elementor-clearfix\">\n\t\t\t\t<ul><li><a href=\"https:\/\/www.medellin.gov.co\/es\/wp-content\/uploads\/2025\/02\/Gaceta-oficial-5533.pdf\">Gaceta oficial 5533.<\/a><\/li><li><a href=\"https:\/\/www.medellin.gov.co\/es\/wp-content\/uploads\/2025\/02\/ACTUALIZACION-PGIRS-2024-2027.pdf\">Actualizaci\u00f3n PGIRS 2024-2027.<\/a><\/li><\/ul>\t\t\t\t\t<\/div>\n\t\t\t\t\t\t<\/div>\n\t\t\t\t<\/div>\n\t\t\t\t\t\t<\/div>\n\t\t\t\t\t<\/div>\n\t\t<\/div>\n\t\t\t\t\t\t\t\t<\/div>\n\t\t\t\t\t<\/div>\n\t\t<\/section>\n\t\t\t\t\t\t\t\t\t<\/div>\n\t\t\t<\/div>\n\t\t\t\t\t<\/div>\n\t\t","protected":false},"excerpt":{"rendered":"<p>Plan de Gesti\u00f3n Integral de Residuos S\u00f3lidos-Medell\u00edn El Plan de Gesti\u00f3n Integral de Residuos S\u00f3lidos, es el documento\u00a0rector para la gesti\u00f3n de los residuos s\u00f3lidos en Medell\u00edn, que permite articular la Gesti\u00f3n de los residuos &#8230;<\/p>\n","protected":false},"author":31,"featured_media":81778,"parent":21478,"menu_order":0,"comment_status":"closed","ping_status":"closed","template":"sec-gestion-y-control\/elementor.php","meta":[],"acf":[],"_links":{"self":[{"href":"https:\/\/www.medellin.gov.co\/es\/wp-json\/wp\/v2\/pages\/113048"}],"collection":[{"href":"https:\/\/www.medellin.gov.co\/es\/wp-json\/wp\/v2\/pages"}],"about":[{"href":"https:\/\/www.medellin.gov.co\/es\/wp-json\/wp\/v2\/types\/page"}],"author":[{"embeddable":true,"href":"https:\/\/www.medellin.gov.co\/es\/wp-json\/wp\/v2\/users\/31"}],"replies":[{"embeddable":true,"href":"https:\/\/www.medellin.gov.co\/es\/wp-json\/wp\/v2\/comments?post=113048"}],"version-history":[{"count":10,"href":"https:\/\/www.medellin.gov.co\/es\/wp-json\/wp\/v2\/pages\/113048\/revisions"}],"predecessor-version":[{"id":435267,"href":"https:\/\/www.medellin.gov.co\/es\/wp-json\/wp\/v2\/pages\/113048\/revisions\/435267"}],"up":[{"embeddable":true,"href":"https:\/\/www.medellin.gov.co\/es\/wp-json\/wp\/v2\/pages\/21478"}],"wp:featuredmedia":[{"embeddable":true,"href":"https:\/\/www.medellin.gov.co\/es\/wp-json\/wp\/v2\/media\/81778"}],"wp:attachment":[{"href":"https:\/\/www.medellin.gov.co\/es\/wp-json\/wp\/v2\/media?parent=113048"}],"curies":[{"name":"wp","href":"https:\/\/api.w.org\/{rel}","templated":true}]}}