{"id":11879,"date":"2021-09-01T14:45:21","date_gmt":"2021-09-01T19:45:21","guid":{"rendered":"https:\/\/www.medellin.gov.co\/es\/?page_id=11879"},"modified":"2025-06-04T17:15:38","modified_gmt":"2025-06-04T22:15:38","slug":"que-hace-la-gerencia","status":"publish","type":"page","link":"https:\/\/www.medellin.gov.co\/es\/gerencia-de-proyectos-estrategicos\/que-hace-la-gerencia\/","title":{"rendered":"Funciones y composici\u00f3n de la Gerencia de Proyectos Estrat\u00e9gicos"},"content":{"rendered":"\t\t<div data-elementor-type=\"wp-page\" data-elementor-id=\"11879\" class=\"elementor elementor-11879\">\n\t\t\t\t\t\t<div class=\"elementor-inner\">\n\t\t\t\t<div class=\"elementor-section-wrap\">\n\t\t\t\t\t\t\t\t\t<section class=\"elementor-section elementor-top-section elementor-element elementor-element-26432249 elementor-section-boxed elementor-section-height-default elementor-section-height-default\" data-id=\"26432249\" data-element_type=\"section\">\n\t\t\t\t\t\t<div class=\"elementor-container elementor-column-gap-default\">\n\t\t\t\t\t\t\t<div class=\"elementor-row\">\n\t\t\t\t\t<div class=\"elementor-column elementor-col-100 elementor-top-column elementor-element elementor-element-507cc8ff\" data-id=\"507cc8ff\" data-element_type=\"column\">\n\t\t\t<div class=\"elementor-column-wrap elementor-element-populated\">\n\t\t\t\t\t\t\t<div class=\"elementor-widget-wrap\">\n\t\t\t\t\t\t<div class=\"elementor-element elementor-element-25f93595 elementor-widget elementor-widget-heading\" data-id=\"25f93595\" data-element_type=\"widget\" data-widget_type=\"heading.default\">\n\t\t\t\t<div class=\"elementor-widget-container\">\n\t\t\t<h1 class=\"elementor-heading-title elementor-size-default\">Funciones y composici\u00f3n de la Gerencia de Proyectos Estrat\u00e9gicos<\/h1>\t\t<\/div>\n\t\t\t\t<\/div>\n\t\t\t\t<div class=\"elementor-element elementor-element-16901d2 elementor-widget elementor-widget-heading\" data-id=\"16901d2\" data-element_type=\"widget\" data-widget_type=\"heading.default\">\n\t\t\t\t<div class=\"elementor-widget-container\">\n\t\t\t<h2 class=\"elementor-heading-title elementor-size-default\">\u00bf<b>Qu\u00e9 hace<\/b> la Gerencia de Proyectos Estrat\u00e9gicos?<\/h2>\t\t<\/div>\n\t\t\t\t<\/div>\n\t\t\t\t<section class=\"elementor-section elementor-inner-section elementor-element elementor-element-0881b82 elementor-section-boxed elementor-section-height-default elementor-section-height-default\" data-id=\"0881b82\" data-element_type=\"section\">\n\t\t\t\t\t\t<div class=\"elementor-container elementor-column-gap-default\">\n\t\t\t\t\t\t\t<div class=\"elementor-row\">\n\t\t\t\t\t<div class=\"elementor-column elementor-col-50 elementor-inner-column elementor-element elementor-element-ac70f53\" data-id=\"ac70f53\" data-element_type=\"column\">\n\t\t\t<div class=\"elementor-column-wrap elementor-element-populated\">\n\t\t\t\t\t\t\t<div class=\"elementor-widget-wrap\">\n\t\t\t\t\t\t<div class=\"elementor-element elementor-element-be7e8ad elementor-widget elementor-widget-image\" data-id=\"be7e8ad\" data-element_type=\"widget\" data-widget_type=\"image.default\">\n\t\t\t\t<div class=\"elementor-widget-container\">\n\t\t\t\t\t\t\t\t<div class=\"elementor-image\">\n\t\t\t\t\t\t\t\t\t\t\t\t<img width=\"954\" height=\"416\" src=\"https:\/\/www.medellin.gov.co\/es\/wp-content\/uploads\/2021\/09\/construccion-de-estacion-metrocable.jpg\" class=\"attachment-full size-full\" alt=\"Construcci\u00f3n de estaci\u00f3n Metrocable\" loading=\"lazy\" srcset=\"https:\/\/www.medellin.gov.co\/es\/wp-content\/uploads\/2021\/09\/construccion-de-estacion-metrocable.jpg 954w, https:\/\/www.medellin.gov.co\/es\/wp-content\/uploads\/2021\/09\/construccion-de-estacion-metrocable-300x131.jpg 300w, https:\/\/www.medellin.gov.co\/es\/wp-content\/uploads\/2021\/09\/construccion-de-estacion-metrocable-150x65.jpg 150w, https:\/\/www.medellin.gov.co\/es\/wp-content\/uploads\/2021\/09\/construccion-de-estacion-metrocable-768x335.jpg 768w\" sizes=\"(max-width: 954px) 100vw, 954px\" \/>\t\t\t\t\t\t\t\t\t\t\t\t\t\t<\/div>\n\t\t\t\t\t\t<\/div>\n\t\t\t\t<\/div>\n\t\t\t\t\t\t<\/div>\n\t\t\t\t\t<\/div>\n\t\t<\/div>\n\t\t\t\t<div class=\"elementor-column elementor-col-50 elementor-inner-column elementor-element elementor-element-4e040cf\" data-id=\"4e040cf\" data-element_type=\"column\">\n\t\t\t<div class=\"elementor-column-wrap elementor-element-populated\">\n\t\t\t\t\t\t\t<div class=\"elementor-widget-wrap\">\n\t\t\t\t\t\t<div class=\"elementor-element elementor-element-6f3b88d elementor-widget elementor-widget-text-editor\" data-id=\"6f3b88d\" data-element_type=\"widget\" data-widget_type=\"text-editor.default\">\n\t\t\t\t<div class=\"elementor-widget-container\">\n\t\t\t\t\t\t\t\t<div class=\"elementor-text-editor elementor-clearfix\">\n\t\t\t\t<p>La Gerencia de Proyectos Estrat\u00e9gicos es una dependencia que trabaja de la mano del Despacho del Alcalde. Tiene como objetivo gestionar y hacer seguimiento de los proyectos estrat\u00e9gicos de Medell\u00edn Futuro a trav\u00e9s de la articulaci\u00f3n de diferentes dependencias, entes descentralizados y organizaciones a nivel nacional, regional e internacional.<\/p><p>La Gerencia de Proyectos Estrat\u00e9gicos tiene como responsabilidad gestionar y promover programas y proyectos estrat\u00e9gicos a trav\u00e9s de la articulaci\u00f3n de las diferentes dependencias del nivel central y entes descentralizados de la Administraci\u00f3n Municipal, para mejorar la gesti\u00f3n p\u00fablica y as\u00ed contribuir al desarrollo econ\u00f3mico, social y ambiental de la ciudad.<\/p>\t\t\t\t\t<\/div>\n\t\t\t\t\t\t<\/div>\n\t\t\t\t<\/div>\n\t\t\t\t\t\t<\/div>\n\t\t\t\t\t<\/div>\n\t\t<\/div>\n\t\t\t\t\t\t\t\t<\/div>\n\t\t\t\t\t<\/div>\n\t\t<\/section>\n\t\t\t\t<div class=\"elementor-element elementor-element-bb3b2a1 elementor-widget elementor-widget-heading\" data-id=\"bb3b2a1\" data-element_type=\"widget\" data-widget_type=\"heading.default\">\n\t\t\t\t<div class=\"elementor-widget-container\">\n\t\t\t<h2 class=\"elementor-heading-title elementor-size-default\"><b>Funciones<\/b> de la Gerencia de Proyectos Estrat\u00e9gicos<\/h2>\t\t<\/div>\n\t\t\t\t<\/div>\n\t\t\t\t<section class=\"elementor-section elementor-inner-section elementor-element elementor-element-bf1ad2f elementor-section-boxed elementor-section-height-default elementor-section-height-default\" data-id=\"bf1ad2f\" data-element_type=\"section\">\n\t\t\t\t\t\t<div class=\"elementor-container elementor-column-gap-default\">\n\t\t\t\t\t\t\t<div class=\"elementor-row\">\n\t\t\t\t\t<div class=\"elementor-column elementor-col-50 elementor-inner-column elementor-element elementor-element-e76a87e\" data-id=\"e76a87e\" data-element_type=\"column\">\n\t\t\t<div class=\"elementor-column-wrap elementor-element-populated\">\n\t\t\t\t\t\t\t<div class=\"elementor-widget-wrap\">\n\t\t\t\t\t\t<div class=\"elementor-element elementor-element-ebbe418 elementor-widget elementor-widget-image\" data-id=\"ebbe418\" data-element_type=\"widget\" data-widget_type=\"image.default\">\n\t\t\t\t<div class=\"elementor-widget-container\">\n\t\t\t\t\t\t\t\t<div class=\"elementor-image\">\n\t\t\t\t\t\t\t\t\t\t\t\t<img width=\"1040\" height=\"780\" src=\"https:\/\/www.medellin.gov.co\/es\/wp-content\/uploads\/2021\/08\/personal-infraestructura-publica.jpg\" class=\"attachment-full size-full\" alt=\"Personal de infraestructura p\u00fablica\" loading=\"lazy\" srcset=\"https:\/\/www.medellin.gov.co\/es\/wp-content\/uploads\/2021\/08\/personal-infraestructura-publica.jpg 1040w, https:\/\/www.medellin.gov.co\/es\/wp-content\/uploads\/2021\/08\/personal-infraestructura-publica-300x225.jpg 300w, https:\/\/www.medellin.gov.co\/es\/wp-content\/uploads\/2021\/08\/personal-infraestructura-publica-1024x768.jpg 1024w, https:\/\/www.medellin.gov.co\/es\/wp-content\/uploads\/2021\/08\/personal-infraestructura-publica-150x113.jpg 150w, https:\/\/www.medellin.gov.co\/es\/wp-content\/uploads\/2021\/08\/personal-infraestructura-publica-768x576.jpg 768w\" sizes=\"(max-width: 1040px) 100vw, 1040px\" \/>\t\t\t\t\t\t\t\t\t\t\t\t\t\t<\/div>\n\t\t\t\t\t\t<\/div>\n\t\t\t\t<\/div>\n\t\t\t\t\t\t<\/div>\n\t\t\t\t\t<\/div>\n\t\t<\/div>\n\t\t\t\t<div class=\"elementor-column elementor-col-50 elementor-inner-column elementor-element elementor-element-b8fdc05\" data-id=\"b8fdc05\" data-element_type=\"column\">\n\t\t\t<div class=\"elementor-column-wrap elementor-element-populated\">\n\t\t\t\t\t\t\t<div class=\"elementor-widget-wrap\">\n\t\t\t\t\t\t<div class=\"elementor-element elementor-element-d285c95 elementor-widget elementor-widget-text-editor\" data-id=\"d285c95\" data-element_type=\"widget\" data-widget_type=\"text-editor.default\">\n\t\t\t\t<div class=\"elementor-widget-container\">\n\t\t\t\t\t\t\t\t<div class=\"elementor-text-editor elementor-clearfix\">\n\t\t\t\t<p>La Gerencia de Proyectos Estrat\u00e9gicos tiene las siguientes funciones:<\/p>\t\t\t\t\t<\/div>\n\t\t\t\t\t\t<\/div>\n\t\t\t\t<\/div>\n\t\t\t\t<div class=\"elementor-element elementor-element-3806025 elementor-widget elementor-widget-text-editor\" data-id=\"3806025\" data-element_type=\"widget\" data-widget_type=\"text-editor.default\">\n\t\t\t\t<div class=\"elementor-widget-container\">\n\t\t\t\t\t\t\t\t<div class=\"elementor-text-editor elementor-clearfix\">\n\t\t\t\t<ol><li>Promover la articulaci\u00f3n con actores de orden privado y p\u00fablico, de nivel local, regional, nacional e internacional, con el fin de establecer alianzas que permitan la financiaci\u00f3n, implementaci\u00f3n y ejecuci\u00f3n de los proyectos estrat\u00e9gicos.<\/li><li>Gestionar, coordinar y acompa\u00f1ar a las secretar\u00edas y dependencias responsables en la planeaci\u00f3n y ejecuci\u00f3n de los proyectos estrat\u00e9gicos, para asegurar el cumplimiento de metas del Plan de Desarrollo.<\/li><li>Monitorear y evaluar, en tiempo real, los avances de los proyectos estrat\u00e9gicos de la administraci\u00f3n para identificar los riesgos y la probabilidad de que ocurran.<\/li><li>Generar estrategias para prevenir, mitigar o corregir los efectos no deseados en la ejecuci\u00f3n de los proyectos estrat\u00e9gicos y, de esta forma, mejorar su desempe\u00f1o y eficacia.<\/li><\/ol>\t\t\t\t\t<\/div>\n\t\t\t\t\t\t<\/div>\n\t\t\t\t<\/div>\n\t\t\t\t\t\t<\/div>\n\t\t\t\t\t<\/div>\n\t\t<\/div>\n\t\t\t\t\t\t\t\t<\/div>\n\t\t\t\t\t<\/div>\n\t\t<\/section>\n\t\t\t\t<div class=\"elementor-element elementor-element-58b6787 elementor-widget elementor-widget-text-editor\" data-id=\"58b6787\" data-element_type=\"widget\" data-widget_type=\"text-editor.default\">\n\t\t\t\t<div class=\"elementor-widget-container\">\n\t\t\t\t\t\t\t\t<div class=\"elementor-text-editor elementor-clearfix\">\n\t\t\t\t<p>5. Definir metodolog\u00edas para la producci\u00f3n de informaci\u00f3n que soporte la toma de decisiones y la comunicaci\u00f3n de resultados de la Administraci\u00f3n Municipal.<\/p><p>6. Promover la coordinaci\u00f3n con el Departamento Administrativo de Planeaci\u00f3n, para la planeaci\u00f3n y seguimiento a las actividades, metas e indicadores de los proyectos estrat\u00e9gicos de la Administraci\u00f3n Municipal.<\/p>\t\t\t\t\t<\/div>\n\t\t\t\t\t\t<\/div>\n\t\t\t\t<\/div>\n\t\t\t\t<div class=\"elementor-element elementor-element-2d00c6b elementor-widget elementor-widget-text-editor\" data-id=\"2d00c6b\" data-element_type=\"widget\" data-widget_type=\"text-editor.default\">\n\t\t\t\t<div class=\"elementor-widget-container\">\n\t\t\t\t\t\t\t\t<div class=\"elementor-text-editor elementor-clearfix\">\n\t\t\t\t<ol start=\"7\"><li>Coordinar con la Secretar\u00eda de Suministros y Servicios la realizaci\u00f3n de los contratos necesarios para obtener los bienes y servicios requeridos y ejercer la supervisi\u00f3n t\u00e9cnica de los mismos.<\/li><li>Implementar y ejecutar las pol\u00edticas y directrices que orienten los procesos de apoyo.<\/li><li>Implementar y ejecutar las pol\u00edticas y directrices que establezca la Secretar\u00eda de Gesti\u00f3n Humana y Servicio a la Ciudadan\u00eda en materia de gesti\u00f3n de tr\u00e1mites, procedimientos administrativos, peticiones, quejas, reclamos y sugerencias.<\/li><li>Implementar y ejecutar las pol\u00edticas y directrices que orienten el Plan de Ordenamiento Territorial en el \u00e1mbito de sus funciones.<\/li><li>Implementar, mantener y mejorar el Sistema Integral de Gesti\u00f3n para los procesos que dirige o participa, de acuerdo con las directrices definidas por la entidad.<\/li><\/ol>\t\t\t\t\t<\/div>\n\t\t\t\t\t\t<\/div>\n\t\t\t\t<\/div>\n\t\t\t\t<div class=\"elementor-element elementor-element-8dbe963 elementor-widget elementor-widget-heading\" data-id=\"8dbe963\" data-element_type=\"widget\" id=\"ger_proyest_comp\" data-widget_type=\"heading.default\">\n\t\t\t\t<div class=\"elementor-widget-container\">\n\t\t\t<h2 class=\"elementor-heading-title elementor-size-default\"><b>Composici\u00f3n<\/b> de la Gerencia de Proyectos Estrat\u00e9gicos<\/h2>\t\t<\/div>\n\t\t\t\t<\/div>\n\t\t\t\t<div class=\"elementor-element elementor-element-dba827f elementor-widget elementor-widget-text-editor\" data-id=\"dba827f\" data-element_type=\"widget\" data-widget_type=\"text-editor.default\">\n\t\t\t\t<div class=\"elementor-widget-container\">\n\t\t\t\t\t\t\t\t<div class=\"elementor-text-editor elementor-clearfix\">\n\t\t\t\t<p>La Gerencia de Proyectos Estrat\u00e9gicos tiene la siguiente estructura administrativa:<\/p>\t\t\t\t\t<\/div>\n\t\t\t\t\t\t<\/div>\n\t\t\t\t<\/div>\n\t\t\t\t<section class=\"elementor-section elementor-inner-section elementor-element elementor-element-e6d3241 elementor-section-boxed elementor-section-height-default elementor-section-height-default\" data-id=\"e6d3241\" data-element_type=\"section\">\n\t\t\t\t\t\t<div class=\"elementor-container elementor-column-gap-default\">\n\t\t\t\t\t\t\t<div class=\"elementor-row\">\n\t\t\t\t\t<div class=\"elementor-column elementor-col-50 elementor-inner-column elementor-element elementor-element-1e3689d\" data-id=\"1e3689d\" data-element_type=\"column\">\n\t\t\t<div class=\"elementor-column-wrap elementor-element-populated\">\n\t\t\t\t\t\t\t<div class=\"elementor-widget-wrap\">\n\t\t\t\t\t\t<div class=\"elementor-element elementor-element-3b64c7c elementor-widget elementor-widget-heading\" data-id=\"3b64c7c\" data-element_type=\"widget\" data-widget_type=\"heading.default\">\n\t\t\t\t<div class=\"elementor-widget-container\">\n\t\t\t<h3 class=\"elementor-heading-title elementor-size-default\">Despacho de la Gerencia<\/h3>\t\t<\/div>\n\t\t\t\t<\/div>\n\t\t\t\t<div class=\"elementor-element elementor-element-65d685b elementor-widget elementor-widget-heading\" data-id=\"65d685b\" data-element_type=\"widget\" data-widget_type=\"heading.default\">\n\t\t\t\t<div class=\"elementor-widget-container\">\n\t\t\t<h4 class=\"elementor-heading-title elementor-size-default\">Gerente de Proyectos Estrat\u00e9gicos, Gloria Patricia Garc\u00e9s Mej\u00eda<\/h4>\t\t<\/div>\n\t\t\t\t<\/div>\n\t\t\t\t<div class=\"elementor-element elementor-element-e3f20e0 elementor-widget elementor-widget-text-editor\" data-id=\"e3f20e0\" data-element_type=\"widget\" data-widget_type=\"text-editor.default\">\n\t\t\t\t<div class=\"elementor-widget-container\">\n\t\t\t\t\t\t\t\t<div class=\"elementor-text-editor elementor-clearfix\">\n\t\t\t\t<p>Abogada, especialista en derecho administrativo y en derecho del trabajo y la seguridad social. Magister en Derecho y docente universitaria.\u00a0<\/p><p>Cuenta con experiencia laboral de m\u00e1s de veinte a\u00f1os en el sector p\u00fablico y privado, con \u00e9nfasis en contrataci\u00f3n y gerencia p\u00fablica.<\/p>\t\t\t\t\t<\/div>\n\t\t\t\t\t\t<\/div>\n\t\t\t\t<\/div>\n\t\t\t\t<div class=\"elementor-element elementor-element-6b0e657 elementor-tablet-align-center elementor-mobile-align-center elementor-hidden-mobile elementor-widget elementor-widget-button\" data-id=\"6b0e657\" data-element_type=\"widget\" data-widget_type=\"button.default\">\n\t\t\t\t<div class=\"elementor-widget-container\">\n\t\t\t\t\t<div class=\"elementor-button-wrapper\">\n\t\t\t<a href=\"https:\/\/www.funcionpublica.gov.co\/dafpIndexerBHV\/hvSigep\/detallarHV\/S683475-0426-4\" target=\"_blank\" class=\"elementor-button-link elementor-button elementor-size-sm\" role=\"button\">\n\t\t\t\t\t\t<span class=\"elementor-button-content-wrapper\">\n\t\t\t\t\t\t<span class=\"elementor-button-text\">Hoja de vida SIGEP<\/span>\n\t\t<\/span>\n\t\t\t\t\t<\/a>\n\t\t<\/div>\n\t\t\t\t<\/div>\n\t\t\t\t<\/div>\n\t\t\t\t<div class=\"elementor-element elementor-element-5c71cdf elementor-tablet-align-center elementor-mobile-align-center elementor-hidden-mobile elementor-widget elementor-widget-button\" data-id=\"5c71cdf\" data-element_type=\"widget\" data-widget_type=\"button.default\">\n\t\t\t\t<div class=\"elementor-widget-container\">\n\t\t\t\t\t<div class=\"elementor-button-wrapper\">\n\t\t\t<a href=\"https:\/\/www.funcionpublica.gov.co\/fdci\/consultaCiudadana\/index?tipoPersonaId=25&#038;primerNombre=Gloria+&#038;segundoNombre=Patricia+&#038;primerApellido=Garc%C3%A9s&#038;segundoApellido=Mej%C3%ADa&#038;numeroDocumento=&#038;entidad=&#038;fechaFinalizacionDesde=&#038;fechaFinalizacionHasta=&#038;find=Buscar#resultadosBusqueda\" target=\"_blank\" class=\"elementor-button-link elementor-button elementor-size-sm\" role=\"button\">\n\t\t\t\t\t\t<span class=\"elementor-button-content-wrapper\">\n\t\t\t\t\t\t<span class=\"elementor-button-text\">Declaraci\u00f3n de bienes, rentas y conflicto de intereses<\/span>\n\t\t<\/span>\n\t\t\t\t\t<\/a>\n\t\t<\/div>\n\t\t\t\t<\/div>\n\t\t\t\t<\/div>\n\t\t\t\t\t\t<\/div>\n\t\t\t\t\t<\/div>\n\t\t<\/div>\n\t\t\t\t<div class=\"elementor-column elementor-col-50 elementor-inner-column elementor-element elementor-element-0ba589f\" data-id=\"0ba589f\" data-element_type=\"column\">\n\t\t\t<div class=\"elementor-column-wrap elementor-element-populated\">\n\t\t\t\t\t\t\t<div class=\"elementor-widget-wrap\">\n\t\t\t\t\t\t<div class=\"elementor-element elementor-element-185f5d7 elementor-widget elementor-widget-image\" data-id=\"185f5d7\" data-element_type=\"widget\" data-widget_type=\"image.default\">\n\t\t\t\t<div class=\"elementor-widget-container\">\n\t\t\t\t\t\t\t\t<div class=\"elementor-image\">\n\t\t\t\t\t\t\t\t\t\t\t\t<img width=\"600\" height=\"720\" src=\"https:\/\/www.medellin.gov.co\/es\/wp-content\/uploads\/2021\/08\/Gloria-Patricia-Garces-Mejia-Gerencia-de-Proyectos-Estrategicos.jpg\" class=\"attachment-large size-large\" alt=\"\" loading=\"lazy\" srcset=\"https:\/\/www.medellin.gov.co\/es\/wp-content\/uploads\/2021\/08\/Gloria-Patricia-Garces-Mejia-Gerencia-de-Proyectos-Estrategicos.jpg 600w, https:\/\/www.medellin.gov.co\/es\/wp-content\/uploads\/2021\/08\/Gloria-Patricia-Garces-Mejia-Gerencia-de-Proyectos-Estrategicos-250x300.jpg 250w, https:\/\/www.medellin.gov.co\/es\/wp-content\/uploads\/2021\/08\/Gloria-Patricia-Garces-Mejia-Gerencia-de-Proyectos-Estrategicos-125x150.jpg 125w\" sizes=\"(max-width: 600px) 100vw, 600px\" \/>\t\t\t\t\t\t\t\t\t\t\t\t\t\t<\/div>\n\t\t\t\t\t\t<\/div>\n\t\t\t\t<\/div>\n\t\t\t\t\t\t<\/div>\n\t\t\t\t\t<\/div>\n\t\t<\/div>\n\t\t\t\t\t\t\t\t<\/div>\n\t\t\t\t\t<\/div>\n\t\t<\/section>\n\t\t\t\t\t\t<\/div>\n\t\t\t\t\t<\/div>\n\t\t<\/div>\n\t\t\t\t\t\t\t\t<\/div>\n\t\t\t\t\t<\/div>\n\t\t<\/section>\n\t\t\t\t\t\t\t\t\t<\/div>\n\t\t\t<\/div>\n\t\t\t\t\t<\/div>\n\t\t","protected":false},"excerpt":{"rendered":"<p>Funciones y composici\u00f3n de la Gerencia de Proyectos Estrat\u00e9gicos \u00bfQu\u00e9 hace la Gerencia de Proyectos Estrat\u00e9gicos? La Gerencia de Proyectos Estrat\u00e9gicos es una dependencia que trabaja de la mano del Despacho del Alcalde. Tiene como &#8230;<\/p>\n","protected":false},"author":1,"featured_media":12377,"parent":11877,"menu_order":5,"comment_status":"closed","ping_status":"closed","template":"seg-gerencia-proyectos\/elementor.php","meta":[],"acf":[],"_links":{"self":[{"href":"https:\/\/www.medellin.gov.co\/es\/wp-json\/wp\/v2\/pages\/11879"}],"collection":[{"href":"https:\/\/www.medellin.gov.co\/es\/wp-json\/wp\/v2\/pages"}],"about":[{"href":"https:\/\/www.medellin.gov.co\/es\/wp-json\/wp\/v2\/types\/page"}],"author":[{"embeddable":true,"href":"https:\/\/www.medellin.gov.co\/es\/wp-json\/wp\/v2\/users\/1"}],"replies":[{"embeddable":true,"href":"https:\/\/www.medellin.gov.co\/es\/wp-json\/wp\/v2\/comments?post=11879"}],"version-history":[{"count":10,"href":"https:\/\/www.medellin.gov.co\/es\/wp-json\/wp\/v2\/pages\/11879\/revisions"}],"predecessor-version":[{"id":417394,"href":"https:\/\/www.medellin.gov.co\/es\/wp-json\/wp\/v2\/pages\/11879\/revisions\/417394"}],"up":[{"embeddable":true,"href":"https:\/\/www.medellin.gov.co\/es\/wp-json\/wp\/v2\/pages\/11877"}],"wp:featuredmedia":[{"embeddable":true,"href":"https:\/\/www.medellin.gov.co\/es\/wp-json\/wp\/v2\/media\/12377"}],"wp:attachment":[{"href":"https:\/\/www.medellin.gov.co\/es\/wp-json\/wp\/v2\/media?parent=11879"}],"curies":[{"name":"wp","href":"https:\/\/api.w.org\/{rel}","templated":true}]}}