{"id":120106,"date":"2022-10-19T09:38:24","date_gmt":"2022-10-19T14:38:24","guid":{"rendered":"https:\/\/www.medellin.gov.co\/es\/?page_id=120106"},"modified":"2025-08-12T13:39:21","modified_gmt":"2025-08-12T18:39:21","slug":"festival-buen-comienzo","status":"publish","type":"page","link":"https:\/\/www.medellin.gov.co\/es\/unidad-administrativa-especial-buen-comienzo\/festival-buen-comienzo\/","title":{"rendered":"Festival Buen Comienzo"},"content":{"rendered":"\t\t<div data-elementor-type=\"wp-page\" data-elementor-id=\"120106\" class=\"elementor elementor-120106\">\n\t\t\t\t\t\t<div class=\"elementor-inner\">\n\t\t\t\t<div class=\"elementor-section-wrap\">\n\t\t\t\t\t\t\t\t\t<section class=\"elementor-section elementor-top-section elementor-element elementor-element-6646274 elementor-section-boxed elementor-section-height-default elementor-section-height-default\" data-id=\"6646274\" data-element_type=\"section\">\n\t\t\t\t\t\t<div class=\"elementor-container elementor-column-gap-default\">\n\t\t\t\t\t\t\t<div class=\"elementor-row\">\n\t\t\t\t\t<div class=\"elementor-column elementor-col-100 elementor-top-column elementor-element elementor-element-1959f7e\" data-id=\"1959f7e\" data-element_type=\"column\">\n\t\t\t<div class=\"elementor-column-wrap elementor-element-populated\">\n\t\t\t\t\t\t\t<div class=\"elementor-widget-wrap\">\n\t\t\t\t\t\t<div class=\"elementor-element elementor-element-e63fb37 elementor-widget elementor-widget-heading\" data-id=\"e63fb37\" data-element_type=\"widget\" data-widget_type=\"heading.default\">\n\t\t\t\t<div class=\"elementor-widget-container\">\n\t\t\t<h1 class=\"elementor-heading-title elementor-size-default\"><p>Festival Buen Comienzo 2025<span style=\"font-size: 1.5em;\"><\/span><\/p><\/h1>\t\t<\/div>\n\t\t\t\t<\/div>\n\t\t\t\t\t\t<\/div>\n\t\t\t\t\t<\/div>\n\t\t<\/div>\n\t\t\t\t\t\t\t\t<\/div>\n\t\t\t\t\t<\/div>\n\t\t<\/section>\n\t\t<div class=\"elementor-element elementor-element-a2b5e62 e-container--column e-container\" data-id=\"a2b5e62\" data-element_type=\"container\">\t\t\t\t<div class=\"elementor-element elementor-element-91d616e elementor-widget elementor-widget-image\" data-id=\"91d616e\" data-element_type=\"widget\" data-widget_type=\"image.default\">\n\t\t\t\t<div class=\"elementor-widget-container\">\n\t\t\t\t\t\t\t\t<div class=\"elementor-image\">\n\t\t\t\t\t\t\t\t\t\t\t\t<img width=\"1280\" height=\"540\" src=\"https:\/\/www.medellin.gov.co\/es\/wp-content\/uploads\/2025\/07\/Festival-Buen-Comienzo.jpg\" class=\"attachment-full size-full\" alt=\"\" loading=\"lazy\" srcset=\"https:\/\/www.medellin.gov.co\/es\/wp-content\/uploads\/2025\/07\/Festival-Buen-Comienzo.jpg 1280w, https:\/\/www.medellin.gov.co\/es\/wp-content\/uploads\/2025\/07\/Festival-Buen-Comienzo-300x127.jpg 300w, https:\/\/www.medellin.gov.co\/es\/wp-content\/uploads\/2025\/07\/Festival-Buen-Comienzo-1024x432.jpg 1024w, https:\/\/www.medellin.gov.co\/es\/wp-content\/uploads\/2025\/07\/Festival-Buen-Comienzo-150x63.jpg 150w, https:\/\/www.medellin.gov.co\/es\/wp-content\/uploads\/2025\/07\/Festival-Buen-Comienzo-768x324.jpg 768w\" sizes=\"(max-width: 1280px) 100vw, 1280px\" \/>\t\t\t\t\t\t\t\t\t\t\t\t\t\t<\/div>\n\t\t\t\t\t\t<\/div>\n\t\t\t\t<\/div>\n\t\t\t\t<div class=\"elementor-element elementor-element-dd49b4b elementor-align-center elementor-widget elementor-widget-button\" data-id=\"dd49b4b\" data-element_type=\"widget\" data-widget_type=\"button.default\">\n\t\t\t\t<div class=\"elementor-widget-container\">\n\t\t\t\t\t<div class=\"elementor-button-wrapper\">\n\t\t\t<a href=\"https:\/\/www.medellin.gov.co\/es\/wp-content\/uploads\/2025\/08\/Programacio\u0301n-Festival-2025-V4.pdf\" target=\"_blank\" class=\"elementor-button-link elementor-button elementor-size-sm\" role=\"button\">\n\t\t\t\t\t\t<span class=\"elementor-button-content-wrapper\">\n\t\t\t\t\t\t<span class=\"elementor-button-text\">descarga la programaci\u00f3n oficial<\/span>\n\t\t<\/span>\n\t\t\t\t\t<\/a>\n\t\t<\/div>\n\t\t\t\t<\/div>\n\t\t\t\t<\/div>\n\t\t<\/div><div class=\"elementor-element elementor-element-1982894 e-container--column e-container\" data-id=\"1982894\" data-element_type=\"container\">\t\t\t\t<div class=\"elementor-element elementor-element-302338b elementor-widget elementor-widget-spacer\" data-id=\"302338b\" data-element_type=\"widget\" data-widget_type=\"spacer.default\">\n\t\t\t\t<div class=\"elementor-widget-container\">\n\t\t\t\t\t<div class=\"elementor-spacer\">\n\t\t\t<div class=\"elementor-spacer-inner\"><\/div>\n\t\t<\/div>\n\t\t\t\t<\/div>\n\t\t\t\t<\/div>\n\t\t\t\t<div class=\"elementor-element elementor-element-e27a511 elementor-aspect-ratio-169 elementor-widget elementor-widget-video\" data-id=\"e27a511\" data-element_type=\"widget\" data-settings=\"{&quot;youtube_url&quot;:&quot;https:\\\/\\\/www.youtube.com\\\/watch?v=jTqP1x_44NM&quot;,&quot;video_type&quot;:&quot;youtube&quot;,&quot;controls&quot;:&quot;yes&quot;,&quot;aspect_ratio&quot;:&quot;169&quot;}\" data-widget_type=\"video.default\">\n\t\t\t\t<div class=\"elementor-widget-container\">\n\t\t\t\t\t<div class=\"elementor-wrapper elementor-fit-aspect-ratio elementor-open-inline\">\n\t\t\t<div class=\"elementor-video\"><\/div>\t\t<\/div>\n\t\t\t\t<\/div>\n\t\t\t\t<\/div>\n\t\t<\/div><div class=\"elementor-element elementor-element-ac7b4a1 e-container--column e-container\" data-id=\"ac7b4a1\" data-element_type=\"container\">\t\t\t\t<div class=\"elementor-element elementor-element-f1e0c08 elementor-widget elementor-widget-spacer\" data-id=\"f1e0c08\" data-element_type=\"widget\" data-widget_type=\"spacer.default\">\n\t\t\t\t<div class=\"elementor-widget-container\">\n\t\t\t\t\t<div class=\"elementor-spacer\">\n\t\t\t<div class=\"elementor-spacer-inner\"><\/div>\n\t\t<\/div>\n\t\t\t\t<\/div>\n\t\t\t\t<\/div>\n\t\t\t\t<div class=\"elementor-element elementor-element-558c145 elementor-widget elementor-widget-image\" data-id=\"558c145\" data-element_type=\"widget\" data-widget_type=\"image.default\">\n\t\t\t\t<div class=\"elementor-widget-container\">\n\t\t\t\t\t\t\t\t<div class=\"elementor-image\">\n\t\t\t\t\t\t\t\t\t\t\t\t<img width=\"513\" height=\"107\" src=\"https:\/\/www.medellin.gov.co\/es\/wp-content\/uploads\/2025\/07\/Recurso-2.png\" class=\"attachment-full size-full\" alt=\"\" loading=\"lazy\" srcset=\"https:\/\/www.medellin.gov.co\/es\/wp-content\/uploads\/2025\/07\/Recurso-2.png 513w, https:\/\/www.medellin.gov.co\/es\/wp-content\/uploads\/2025\/07\/Recurso-2-300x63.png 300w, https:\/\/www.medellin.gov.co\/es\/wp-content\/uploads\/2025\/07\/Recurso-2-150x31.png 150w\" sizes=\"(max-width: 513px) 100vw, 513px\" \/>\t\t\t\t\t\t\t\t\t\t\t\t\t\t<\/div>\n\t\t\t\t\t\t<\/div>\n\t\t\t\t<\/div>\n\t\t\t\t<div class=\"elementor-element elementor-element-d33e4eb elementor-widget elementor-widget-text-editor\" data-id=\"d33e4eb\" data-element_type=\"widget\" data-widget_type=\"text-editor.default\">\n\t\t\t\t<div class=\"elementor-widget-container\">\n\t\t\t\t\t\t\t\t<div class=\"elementor-text-editor elementor-clearfix\">\n\t\t\t\t<p>Son seres m\u00e1gicos nacidos de la imaginaci\u00f3n de ni\u00f1as, ni\u00f1os, mujeres gestantes, lactantes y agentes educativos, que este a\u00f1o nos invitan a explorar un universo donde la naturaleza y la creatividad se encuentran para dar vida a experiencias \u00fanicas.<\/p><p>Inspiradas en los cuatro elementos: agua, aire, tierra y fuego, estas criaturas nos guiar\u00e1n por un recorrido lleno de aventura, juego y aprendizaje. En el Festival encontrar\u00e1s cuatro pabellones tem\u00e1ticos, zonas inmersivas, actividades sensoriales, arte, ciencia, inflables, tecnolog\u00eda, espect\u00e1culos culturales y espacios de bienestar, dise\u00f1ados para que todas las familias vivan una experiencia fant\u00e1stica, segura y llena de diversi\u00f3n. Aqu\u00ed, cada criatura tiene una historia, cada rinc\u00f3n guarda una sorpresa\u2026 y cada visita se convierte en un recuerdo inolvidable.<\/p><p>Aqu\u00ed, la creatividad fluye como el agua, las historias cobran vida como el fuego, los pensamientos se elevan como el viento y los sue\u00f1os echan ra\u00edces en la tierra.<\/p>\t\t\t\t\t<\/div>\n\t\t\t\t\t\t<\/div>\n\t\t\t\t<\/div>\n\t\t<\/div><div class=\"elementor-element elementor-element-3b87e82 e-container--column e-container\" data-id=\"3b87e82\" data-element_type=\"container\">\t\t\t\t<div class=\"elementor-element elementor-element-6e9acd8 elementor-widget elementor-widget-spacer\" data-id=\"6e9acd8\" data-element_type=\"widget\" data-widget_type=\"spacer.default\">\n\t\t\t\t<div class=\"elementor-widget-container\">\n\t\t\t\t\t<div class=\"elementor-spacer\">\n\t\t\t<div class=\"elementor-spacer-inner\"><\/div>\n\t\t<\/div>\n\t\t\t\t<\/div>\n\t\t\t\t<\/div>\n\t\t\t\t<div class=\"elementor-element elementor-element-df8ca11 elementor-widget elementor-widget-image\" data-id=\"df8ca11\" data-element_type=\"widget\" data-widget_type=\"image.default\">\n\t\t\t\t<div class=\"elementor-widget-container\">\n\t\t\t\t\t\t\t\t<div class=\"elementor-image\">\n\t\t\t\t\t\t\t\t\t\t\t\t<img width=\"470\" height=\"107\" src=\"https:\/\/www.medellin.gov.co\/es\/wp-content\/uploads\/2025\/07\/Recurso-3.png\" class=\"attachment-full size-full\" alt=\"\" loading=\"lazy\" srcset=\"https:\/\/www.medellin.gov.co\/es\/wp-content\/uploads\/2025\/07\/Recurso-3.png 470w, https:\/\/www.medellin.gov.co\/es\/wp-content\/uploads\/2025\/07\/Recurso-3-300x68.png 300w, https:\/\/www.medellin.gov.co\/es\/wp-content\/uploads\/2025\/07\/Recurso-3-150x34.png 150w\" sizes=\"(max-width: 470px) 100vw, 470px\" \/>\t\t\t\t\t\t\t\t\t\t\t\t\t\t<\/div>\n\t\t\t\t\t\t<\/div>\n\t\t\t\t<\/div>\n\t\t\t\t<div class=\"elementor-element elementor-element-530d19c elementor-widget elementor-widget-text-editor\" data-id=\"530d19c\" data-element_type=\"widget\" data-widget_type=\"text-editor.default\">\n\t\t\t\t<div class=\"elementor-widget-container\">\n\t\t\t\t\t\t\t\t<div class=\"elementor-text-editor elementor-clearfix\">\n\t\t\t\t<p>En esta edici\u00f3n del <strong>Festival Buen Comienzo, ni\u00f1as y ni\u00f1os de 0 a 10 a\u00f1os, as\u00ed como mujeres gestantes y lactantes<\/strong>, encontrar\u00e1n experiencias dise\u00f1adas para cada etapa. Desde zonas sensoriales hasta actividades de arte, ciencia y juego, todo ha sido pensado para brindar una experiencia segura, acogedora y divertida en familia.<\/p>\t\t\t\t\t<\/div>\n\t\t\t\t\t\t<\/div>\n\t\t\t\t<\/div>\n\t\t<\/div><div class=\"elementor-element elementor-element-903392f e-container--column e-container\" data-id=\"903392f\" data-element_type=\"container\">\t\t\t\t<div class=\"elementor-element elementor-element-e4c4bc4 elementor-widget elementor-widget-spacer\" data-id=\"e4c4bc4\" data-element_type=\"widget\" data-widget_type=\"spacer.default\">\n\t\t\t\t<div class=\"elementor-widget-container\">\n\t\t\t\t\t<div class=\"elementor-spacer\">\n\t\t\t<div class=\"elementor-spacer-inner\"><\/div>\n\t\t<\/div>\n\t\t\t\t<\/div>\n\t\t\t\t<\/div>\n\t\t\t\t<div class=\"elementor-element elementor-element-7129960 elementor-widget elementor-widget-image\" data-id=\"7129960\" data-element_type=\"widget\" data-widget_type=\"image.default\">\n\t\t\t\t<div class=\"elementor-widget-container\">\n\t\t\t\t\t\t\t\t<div class=\"elementor-image\">\n\t\t\t\t\t\t\t\t\t\t\t\t<img width=\"479\" height=\"69\" src=\"https:\/\/www.medellin.gov.co\/es\/wp-content\/uploads\/2025\/07\/Recurso-4.png\" class=\"attachment-full size-full\" alt=\"\" loading=\"lazy\" srcset=\"https:\/\/www.medellin.gov.co\/es\/wp-content\/uploads\/2025\/07\/Recurso-4.png 479w, https:\/\/www.medellin.gov.co\/es\/wp-content\/uploads\/2025\/07\/Recurso-4-300x43.png 300w, https:\/\/www.medellin.gov.co\/es\/wp-content\/uploads\/2025\/07\/Recurso-4-150x22.png 150w\" sizes=\"(max-width: 479px) 100vw, 479px\" \/>\t\t\t\t\t\t\t\t\t\t\t\t\t\t<\/div>\n\t\t\t\t\t\t<\/div>\n\t\t\t\t<\/div>\n\t\t\t\t<div class=\"elementor-element elementor-element-f45e14c elementor-widget elementor-widget-text-editor\" data-id=\"f45e14c\" data-element_type=\"widget\" data-widget_type=\"text-editor.default\">\n\t\t\t\t<div class=\"elementor-widget-container\">\n\t\t\t\t\t\t\t\t<div class=\"elementor-text-editor elementor-clearfix\">\n\t\t\t\t<p>Este universo abrir\u00e1 sus puertas del <strong>15 al 18 de agosto en Plaza Mayor<\/strong>, para que miles de familias puedan conocerlo, explorarlo y vivirlo. Desde las 8:00 a.m. hasta las 7:00 p.m.<\/p>\t\t\t\t\t<\/div>\n\t\t\t\t\t\t<\/div>\n\t\t\t\t<\/div>\n\t\t<\/div><div class=\"elementor-element elementor-element-41dc70c e-container--column e-container\" data-id=\"41dc70c\" data-element_type=\"container\">\t\t\t\t<div class=\"elementor-element elementor-element-ad3466d elementor-widget elementor-widget-spacer\" data-id=\"ad3466d\" data-element_type=\"widget\" data-widget_type=\"spacer.default\">\n\t\t\t\t<div class=\"elementor-widget-container\">\n\t\t\t\t\t<div class=\"elementor-spacer\">\n\t\t\t<div class=\"elementor-spacer-inner\"><\/div>\n\t\t<\/div>\n\t\t\t\t<\/div>\n\t\t\t\t<\/div>\n\t\t\t\t<div class=\"elementor-element elementor-element-9d2b0aa elementor-widget elementor-widget-image\" data-id=\"9d2b0aa\" data-element_type=\"widget\" data-widget_type=\"image.default\">\n\t\t\t\t<div class=\"elementor-widget-container\">\n\t\t\t\t\t\t\t\t<div class=\"elementor-image\">\n\t\t\t\t\t\t\t\t\t\t\t\t<img width=\"470\" height=\"70\" src=\"https:\/\/www.medellin.gov.co\/es\/wp-content\/uploads\/2025\/07\/Recurso-1.png\" class=\"attachment-full size-full\" alt=\"\" loading=\"lazy\" srcset=\"https:\/\/www.medellin.gov.co\/es\/wp-content\/uploads\/2025\/07\/Recurso-1.png 470w, https:\/\/www.medellin.gov.co\/es\/wp-content\/uploads\/2025\/07\/Recurso-1-300x45.png 300w, https:\/\/www.medellin.gov.co\/es\/wp-content\/uploads\/2025\/07\/Recurso-1-150x22.png 150w\" sizes=\"(max-width: 470px) 100vw, 470px\" \/>\t\t\t\t\t\t\t\t\t\t\t\t\t\t<\/div>\n\t\t\t\t\t\t<\/div>\n\t\t\t\t<\/div>\n\t\t\t\t<div class=\"elementor-element elementor-element-0a67c9f elementor-widget elementor-widget-text-editor\" data-id=\"0a67c9f\" data-element_type=\"widget\" data-widget_type=\"text-editor.default\">\n\t\t\t\t<div class=\"elementor-widget-container\">\n\t\t\t\t\t\t\t\t<div class=\"elementor-text-editor elementor-clearfix\">\n\t\t\t\t<p><strong>\u00a1Nada! La entrada es libre.<\/strong> Aqu\u00ed todas las familias son bienvenidas para disfrutar de esta fiesta llena de alegr\u00eda.<\/p>\t\t\t\t\t<\/div>\n\t\t\t\t\t\t<\/div>\n\t\t\t\t<\/div>\n\t\t<\/div><div class=\"elementor-element elementor-element-93c9bba e-container--column e-container\" data-id=\"93c9bba\" data-element_type=\"container\">\t\t\t\t<div class=\"elementor-element elementor-element-04063aa elementor-widget elementor-widget-spacer\" data-id=\"04063aa\" data-element_type=\"widget\" data-widget_type=\"spacer.default\">\n\t\t\t\t<div class=\"elementor-widget-container\">\n\t\t\t\t\t<div class=\"elementor-spacer\">\n\t\t\t<div class=\"elementor-spacer-inner\"><\/div>\n\t\t<\/div>\n\t\t\t\t<\/div>\n\t\t\t\t<\/div>\n\t\t\t\t<div class=\"elementor-element elementor-element-6d669d4 elementor-widget elementor-widget-heading\" data-id=\"6d669d4\" data-element_type=\"widget\" data-widget_type=\"heading.default\">\n\t\t\t\t<div class=\"elementor-widget-container\">\n\t\t\t<h1 class=\"elementor-heading-title elementor-size-default\"><p>Programaci\u00f3n<span style=\"font-size: 1.5em;\"><\/span><\/p><\/h1>\t\t<\/div>\n\t\t\t\t<\/div>\n\t\t\t\t<div class=\"elementor-element elementor-element-754aeb4 elementor-widget elementor-widget-heading\" data-id=\"754aeb4\" data-element_type=\"widget\" data-widget_type=\"heading.default\">\n\t\t\t\t<div class=\"elementor-widget-container\">\n\t\t\t<h1 class=\"elementor-heading-title elementor-size-default\"><div class=\"iframe-container\"><iframe src=\"https:\/\/www.medellin.gov.co\/es\/wp-content\/uploads\/2025\/08\/Programacio\u0301n-Festival-2025-V4.pdf\" width=\"100%\" height=\"600px\"><\/iframe><\/div><\/h1>\t\t<\/div>\n\t\t\t\t<\/div>\n\t\t\t\t<div class=\"elementor-element elementor-element-98268df elementor-align-center elementor-widget elementor-widget-button\" data-id=\"98268df\" data-element_type=\"widget\" data-widget_type=\"button.default\">\n\t\t\t\t<div class=\"elementor-widget-container\">\n\t\t\t\t\t<div class=\"elementor-button-wrapper\">\n\t\t\t<a href=\"https:\/\/www.medellin.gov.co\/es\/wp-content\/uploads\/2025\/08\/Programacio\u0301n-Festival-2025-V4.pdf\" target=\"_blank\" class=\"elementor-button-link elementor-button elementor-size-sm\" role=\"button\">\n\t\t\t\t\t\t<span class=\"elementor-button-content-wrapper\">\n\t\t\t\t\t\t<span class=\"elementor-button-text\">descarga la programaci\u00f3n oficial<\/span>\n\t\t<\/span>\n\t\t\t\t\t<\/a>\n\t\t<\/div>\n\t\t\t\t<\/div>\n\t\t\t\t<\/div>\n\t\t<\/div><div class=\"elementor-element elementor-element-69366f6 e-container--column e-container\" data-id=\"69366f6\" data-element_type=\"container\">\t\t\t\t<div class=\"elementor-element elementor-element-84c6320 elementor-widget elementor-widget-text-editor\" data-id=\"84c6320\" data-element_type=\"widget\" data-widget_type=\"text-editor.default\">\n\t\t\t\t<div class=\"elementor-widget-container\">\n\t\t\t\t\t\t\t\t<div class=\"elementor-text-editor elementor-clearfix\">\n\t\t\t\t\t\t\t\t\t<\/div>\n\t\t\t\t\t\t<\/div>\n\t\t\t\t<\/div>\n\t\t\t\t<div class=\"elementor-element elementor-element-ef4b24e elementor-widget elementor-widget-heading\" data-id=\"ef4b24e\" data-element_type=\"widget\" data-widget_type=\"heading.default\">\n\t\t\t\t<div class=\"elementor-widget-container\">\n\t\t\t<h1 class=\"elementor-heading-title elementor-size-default\"><p>Pabellones<span style=\"font-size: 1.5em;\"><\/span><\/p><\/h1>\t\t<\/div>\n\t\t\t\t<\/div>\n\t\t\t\t<div class=\"elementor-element elementor-element-5833ee8 elementor-widget elementor-widget-image\" data-id=\"5833ee8\" data-element_type=\"widget\" data-widget_type=\"image.default\">\n\t\t\t\t<div class=\"elementor-widget-container\">\n\t\t\t\t\t\t\t\t<div class=\"elementor-image\">\n\t\t\t\t\t\t\t\t\t\t\t\t<img width=\"1280\" height=\"252\" src=\"https:\/\/www.medellin.gov.co\/es\/wp-content\/uploads\/2025\/07\/Festival-Buen-Comienzo-5.jpg\" class=\"attachment-full size-full\" alt=\"\" loading=\"lazy\" srcset=\"https:\/\/www.medellin.gov.co\/es\/wp-content\/uploads\/2025\/07\/Festival-Buen-Comienzo-5.jpg 1280w, https:\/\/www.medellin.gov.co\/es\/wp-content\/uploads\/2025\/07\/Festival-Buen-Comienzo-5-300x59.jpg 300w, https:\/\/www.medellin.gov.co\/es\/wp-content\/uploads\/2025\/07\/Festival-Buen-Comienzo-5-1024x202.jpg 1024w, https:\/\/www.medellin.gov.co\/es\/wp-content\/uploads\/2025\/07\/Festival-Buen-Comienzo-5-150x30.jpg 150w, https:\/\/www.medellin.gov.co\/es\/wp-content\/uploads\/2025\/07\/Festival-Buen-Comienzo-5-768x151.jpg 768w\" sizes=\"(max-width: 1280px) 100vw, 1280px\" \/>\t\t\t\t\t\t\t\t\t\t\t\t\t\t<\/div>\n\t\t\t\t\t\t<\/div>\n\t\t\t\t<\/div>\n\t\t<\/div><div class=\"elementor-element elementor-element-139e99c e-container--column e-container\" data-id=\"139e99c\" data-element_type=\"container\">\t\t\t\t<div class=\"elementor-element elementor-element-8fd7e29 elementor-widget elementor-widget-image\" data-id=\"8fd7e29\" data-element_type=\"widget\" data-widget_type=\"image.default\">\n\t\t\t\t<div class=\"elementor-widget-container\">\n\t\t\t\t\t\t\t\t<div class=\"elementor-image\">\n\t\t\t\t\t\t\t\t\t\t\t\t<img width=\"1280\" height=\"251\" src=\"https:\/\/www.medellin.gov.co\/es\/wp-content\/uploads\/2025\/07\/Festival-Buen-Comienzo-4.jpg\" class=\"attachment-full size-full\" alt=\"\" loading=\"lazy\" srcset=\"https:\/\/www.medellin.gov.co\/es\/wp-content\/uploads\/2025\/07\/Festival-Buen-Comienzo-4.jpg 1280w, https:\/\/www.medellin.gov.co\/es\/wp-content\/uploads\/2025\/07\/Festival-Buen-Comienzo-4-300x59.jpg 300w, https:\/\/www.medellin.gov.co\/es\/wp-content\/uploads\/2025\/07\/Festival-Buen-Comienzo-4-1024x201.jpg 1024w, https:\/\/www.medellin.gov.co\/es\/wp-content\/uploads\/2025\/07\/Festival-Buen-Comienzo-4-150x29.jpg 150w, https:\/\/www.medellin.gov.co\/es\/wp-content\/uploads\/2025\/07\/Festival-Buen-Comienzo-4-768x151.jpg 768w\" sizes=\"(max-width: 1280px) 100vw, 1280px\" \/>\t\t\t\t\t\t\t\t\t\t\t\t\t\t<\/div>\n\t\t\t\t\t\t<\/div>\n\t\t\t\t<\/div>\n\t\t<\/div><div class=\"elementor-element elementor-element-45e0d7f e-container--column e-container\" data-id=\"45e0d7f\" data-element_type=\"container\">\t\t\t\t<div class=\"elementor-element elementor-element-84a6b5e elementor-widget elementor-widget-image\" data-id=\"84a6b5e\" data-element_type=\"widget\" data-widget_type=\"image.default\">\n\t\t\t\t<div class=\"elementor-widget-container\">\n\t\t\t\t\t\t\t\t<div class=\"elementor-image\">\n\t\t\t\t\t\t\t\t\t\t\t\t<img width=\"1280\" height=\"251\" src=\"https:\/\/www.medellin.gov.co\/es\/wp-content\/uploads\/2025\/07\/Festival-Buen-Comienzo-3.jpg\" class=\"attachment-full size-full\" alt=\"\" loading=\"lazy\" srcset=\"https:\/\/www.medellin.gov.co\/es\/wp-content\/uploads\/2025\/07\/Festival-Buen-Comienzo-3.jpg 1280w, https:\/\/www.medellin.gov.co\/es\/wp-content\/uploads\/2025\/07\/Festival-Buen-Comienzo-3-300x59.jpg 300w, https:\/\/www.medellin.gov.co\/es\/wp-content\/uploads\/2025\/07\/Festival-Buen-Comienzo-3-1024x201.jpg 1024w, https:\/\/www.medellin.gov.co\/es\/wp-content\/uploads\/2025\/07\/Festival-Buen-Comienzo-3-150x29.jpg 150w, https:\/\/www.medellin.gov.co\/es\/wp-content\/uploads\/2025\/07\/Festival-Buen-Comienzo-3-768x151.jpg 768w\" sizes=\"(max-width: 1280px) 100vw, 1280px\" \/>\t\t\t\t\t\t\t\t\t\t\t\t\t\t<\/div>\n\t\t\t\t\t\t<\/div>\n\t\t\t\t<\/div>\n\t\t<\/div><div class=\"elementor-element elementor-element-760af22 e-container--column e-container\" data-id=\"760af22\" data-element_type=\"container\">\t\t\t\t<div class=\"elementor-element elementor-element-4d83f03 elementor-widget elementor-widget-image\" data-id=\"4d83f03\" data-element_type=\"widget\" data-widget_type=\"image.default\">\n\t\t\t\t<div class=\"elementor-widget-container\">\n\t\t\t\t\t\t\t\t<div class=\"elementor-image\">\n\t\t\t\t\t\t\t\t\t\t\t\t<img width=\"1280\" height=\"251\" src=\"https:\/\/www.medellin.gov.co\/es\/wp-content\/uploads\/2025\/07\/Festival-Buen-Comienzo-2.jpg\" class=\"attachment-full size-full\" alt=\"\" loading=\"lazy\" srcset=\"https:\/\/www.medellin.gov.co\/es\/wp-content\/uploads\/2025\/07\/Festival-Buen-Comienzo-2.jpg 1280w, https:\/\/www.medellin.gov.co\/es\/wp-content\/uploads\/2025\/07\/Festival-Buen-Comienzo-2-300x59.jpg 300w, https:\/\/www.medellin.gov.co\/es\/wp-content\/uploads\/2025\/07\/Festival-Buen-Comienzo-2-1024x201.jpg 1024w, https:\/\/www.medellin.gov.co\/es\/wp-content\/uploads\/2025\/07\/Festival-Buen-Comienzo-2-150x29.jpg 150w, https:\/\/www.medellin.gov.co\/es\/wp-content\/uploads\/2025\/07\/Festival-Buen-Comienzo-2-768x151.jpg 768w\" sizes=\"(max-width: 1280px) 100vw, 1280px\" \/>\t\t\t\t\t\t\t\t\t\t\t\t\t\t<\/div>\n\t\t\t\t\t\t<\/div>\n\t\t\t\t<\/div>\n\t\t<\/div><div class=\"elementor-element elementor-element-d1cba1e e-container--column e-container\" data-id=\"d1cba1e\" data-element_type=\"container\">\t\t\t\t<div class=\"elementor-element elementor-element-f6a2c55 elementor-widget elementor-widget-image\" data-id=\"f6a2c55\" data-element_type=\"widget\" data-widget_type=\"image.default\">\n\t\t\t\t<div class=\"elementor-widget-container\">\n\t\t\t\t\t\t\t\t<div class=\"elementor-image\">\n\t\t\t\t\t\t\t\t\t\t\t\t<img width=\"1024\" height=\"436\" src=\"https:\/\/www.medellin.gov.co\/es\/wp-content\/uploads\/2025\/07\/Recurso-6-1-1024x436.png\" class=\"attachment-large size-large\" alt=\"\" loading=\"lazy\" srcset=\"https:\/\/www.medellin.gov.co\/es\/wp-content\/uploads\/2025\/07\/Recurso-6-1-1024x436.png 1024w, https:\/\/www.medellin.gov.co\/es\/wp-content\/uploads\/2025\/07\/Recurso-6-1-300x128.png 300w, https:\/\/www.medellin.gov.co\/es\/wp-content\/uploads\/2025\/07\/Recurso-6-1-150x64.png 150w, https:\/\/www.medellin.gov.co\/es\/wp-content\/uploads\/2025\/07\/Recurso-6-1-768x327.png 768w, https:\/\/www.medellin.gov.co\/es\/wp-content\/uploads\/2025\/07\/Recurso-6-1.png 1080w\" sizes=\"(max-width: 1024px) 100vw, 1024px\" \/>\t\t\t\t\t\t\t\t\t\t\t\t\t\t<\/div>\n\t\t\t\t\t\t<\/div>\n\t\t\t\t<\/div>\n\t\t<\/div>\t\t\t\t\t\t\t<\/div>\n\t\t\t<\/div>\n\t\t\t\t\t<\/div>\n\t\t","protected":false},"excerpt":{"rendered":"<p>Se acerca el Festival Buen Comienzo 2025.<\/p>\n","protected":false},"author":31,"featured_media":422853,"parent":14325,"menu_order":0,"comment_status":"closed","ping_status":"closed","template":"sec-buencomienzo\/elementor.php","meta":[],"acf":[],"_links":{"self":[{"href":"https:\/\/www.medellin.gov.co\/es\/wp-json\/wp\/v2\/pages\/120106"}],"collection":[{"href":"https:\/\/www.medellin.gov.co\/es\/wp-json\/wp\/v2\/pages"}],"about":[{"href":"https:\/\/www.medellin.gov.co\/es\/wp-json\/wp\/v2\/types\/page"}],"author":[{"embeddable":true,"href":"https:\/\/www.medellin.gov.co\/es\/wp-json\/wp\/v2\/users\/31"}],"replies":[{"embeddable":true,"href":"https:\/\/www.medellin.gov.co\/es\/wp-json\/wp\/v2\/comments?post=120106"}],"version-history":[{"count":10,"href":"https:\/\/www.medellin.gov.co\/es\/wp-json\/wp\/v2\/pages\/120106\/revisions"}],"predecessor-version":[{"id":442404,"href":"https:\/\/www.medellin.gov.co\/es\/wp-json\/wp\/v2\/pages\/120106\/revisions\/442404"}],"up":[{"embeddable":true,"href":"https:\/\/www.medellin.gov.co\/es\/wp-json\/wp\/v2\/pages\/14325"}],"wp:featuredmedia":[{"embeddable":true,"href":"https:\/\/www.medellin.gov.co\/es\/wp-json\/wp\/v2\/media\/422853"}],"wp:attachment":[{"href":"https:\/\/www.medellin.gov.co\/es\/wp-json\/wp\/v2\/media?parent=120106"}],"curies":[{"name":"wp","href":"https:\/\/api.w.org\/{rel}","templated":true}]}}