{"id":120186,"date":"2022-10-19T12:28:15","date_gmt":"2022-10-19T17:28:15","guid":{"rendered":"https:\/\/www.medellin.gov.co\/es\/?page_id=120186"},"modified":"2026-04-13T14:21:49","modified_gmt":"2026-04-13T19:21:49","slug":"diagnostico-del-plan-estadistico-distrital-de-medellin","status":"publish","type":"page","link":"https:\/\/www.medellin.gov.co\/es\/departamento-administrativo-de-planeacion\/plan-estadistico-distrital-de-medellin\/diagnostico-del-plan-estadistico-distrital-de-medellin\/","title":{"rendered":"Diagn\u00f3stico del Plan Estad\u00edstico Distrital de Medell\u00edn"},"content":{"rendered":"\t\t<div data-elementor-type=\"wp-page\" data-elementor-id=\"120186\" class=\"elementor elementor-120186\">\n\t\t\t\t\t\t<div class=\"elementor-inner\">\n\t\t\t\t<div class=\"elementor-section-wrap\">\n\t\t\t\t\t\t\t\t\t<section class=\"elementor-section elementor-top-section elementor-element elementor-element-6ff4b68 elementor-section-boxed elementor-section-height-default elementor-section-height-default\" data-id=\"6ff4b68\" data-element_type=\"section\">\n\t\t\t\t\t\t<div class=\"elementor-container elementor-column-gap-default\">\n\t\t\t\t\t\t\t<div class=\"elementor-row\">\n\t\t\t\t\t<div class=\"elementor-column elementor-col-100 elementor-top-column elementor-element elementor-element-337190a\" data-id=\"337190a\" data-element_type=\"column\">\n\t\t\t<div class=\"elementor-column-wrap elementor-element-populated\">\n\t\t\t\t\t\t\t<div class=\"elementor-widget-wrap\">\n\t\t\t\t\t\t<div class=\"elementor-element elementor-element-7620c22 elementor-widget elementor-widget-heading\" data-id=\"7620c22\" data-element_type=\"widget\" data-widget_type=\"heading.default\">\n\t\t\t\t<div class=\"elementor-widget-container\">\n\t\t\t<h1 class=\"elementor-heading-title elementor-size-default\">Diagn\u00f3stico del plan estad\u00edstico distrital de Medell\u00edn<\/h1>\t\t<\/div>\n\t\t\t\t<\/div>\n\t\t\t\t\t\t<\/div>\n\t\t\t\t\t<\/div>\n\t\t<\/div>\n\t\t\t\t\t\t\t\t<\/div>\n\t\t\t\t\t<\/div>\n\t\t<\/section>\n\t\t\t\t<section class=\"elementor-section elementor-top-section elementor-element elementor-element-3609568 elementor-section-boxed elementor-section-height-default elementor-section-height-default\" data-id=\"3609568\" data-element_type=\"section\">\n\t\t\t\t\t\t<div class=\"elementor-container elementor-column-gap-default\">\n\t\t\t\t\t\t\t<div class=\"elementor-row\">\n\t\t\t\t\t<div class=\"elementor-column elementor-col-100 elementor-top-column elementor-element elementor-element-1a05b9c\" data-id=\"1a05b9c\" data-element_type=\"column\">\n\t\t\t<div class=\"elementor-column-wrap elementor-element-populated\">\n\t\t\t\t\t\t\t<div class=\"elementor-widget-wrap\">\n\t\t\t\t\t\t<section class=\"elementor-section elementor-inner-section elementor-element elementor-element-c0b406a elementor-section-boxed elementor-section-height-default elementor-section-height-default\" data-id=\"c0b406a\" data-element_type=\"section\">\n\t\t\t\t\t\t<div class=\"elementor-container elementor-column-gap-default\">\n\t\t\t\t\t\t\t<div class=\"elementor-row\">\n\t\t\t\t\t<div class=\"elementor-column elementor-col-100 elementor-inner-column elementor-element elementor-element-c9cc4dc\" data-id=\"c9cc4dc\" data-element_type=\"column\">\n\t\t\t<div class=\"elementor-column-wrap elementor-element-populated\">\n\t\t\t\t\t\t\t<div class=\"elementor-widget-wrap\">\n\t\t\t\t\t\t<div class=\"elementor-element elementor-element-5313e48 elementor-widget elementor-widget-text-editor\" data-id=\"5313e48\" data-element_type=\"widget\" data-widget_type=\"text-editor.default\">\n\t\t\t\t<div class=\"elementor-widget-container\">\n\t\t\t\t\t\t\t\t<div class=\"elementor-text-editor elementor-clearfix\">\n\t\t\t\t<p>El<strong> diagn\u00f3stico del plan estad\u00edstico<\/strong> que se presenta, corresponde al estado y las caracter\u00edsticas de la actividad estad\u00edstica de la Alcald\u00eda de Medell\u00edn. Para este an\u00e1lisis se adopt\u00f3 la clasificaci\u00f3n tem\u00e1tica utilizada por el DANE.<\/p><p>La informaci\u00f3n estad\u00edstica producida contenida en este inventario incluye 2,747 registros.<\/p><p><a href=\"https:\/\/www.medellin.gov.co\/irj\/go\/km\/docs\/pccdesign\/medellin\/Temas\/PlaneacionMunicipal\/Programas\/Shared%20Content\/Documentos\/2019\/Diagnostico_PEM.pdf\">Aqu\u00ed puedes ver el estado actual de la producci\u00f3n de informaci\u00f3n estad\u00edstica por tema.<\/a><\/p>\t\t\t\t\t<\/div>\n\t\t\t\t\t\t<\/div>\n\t\t\t\t<\/div>\n\t\t\t\t\t\t<\/div>\n\t\t\t\t\t<\/div>\n\t\t<\/div>\n\t\t\t\t\t\t\t\t<\/div>\n\t\t\t\t\t<\/div>\n\t\t<\/section>\n\t\t\t\t<section class=\"elementor-section elementor-inner-section elementor-element elementor-element-76f2b48 elementor-section-boxed elementor-section-height-default elementor-section-height-default\" data-id=\"76f2b48\" data-element_type=\"section\">\n\t\t\t\t\t\t<div class=\"elementor-container elementor-column-gap-default\">\n\t\t\t\t\t\t\t<div class=\"elementor-row\">\n\t\t\t\t\t<div class=\"elementor-column elementor-col-33 elementor-inner-column elementor-element elementor-element-a8c57ac\" data-id=\"a8c57ac\" data-element_type=\"column\" data-settings=\"{&quot;background_background&quot;:&quot;classic&quot;}\">\n\t\t\t<div class=\"elementor-column-wrap elementor-element-populated\">\n\t\t\t\t\t\t\t<div class=\"elementor-widget-wrap\">\n\t\t\t\t\t\t<div class=\"elementor-element elementor-element-1b9c298 elementor-widget elementor-widget-text-editor\" data-id=\"1b9c298\" data-element_type=\"widget\" data-widget_type=\"text-editor.default\">\n\t\t\t\t<div class=\"elementor-widget-container\">\n\t\t\t\t\t\t\t\t<div class=\"elementor-text-editor elementor-clearfix\">\n\t\t\t\t<p><b>\u00c1rea econ\u00f3mica<\/b><\/p>\t\t\t\t\t<\/div>\n\t\t\t\t\t\t<\/div>\n\t\t\t\t<\/div>\n\t\t\t\t<div class=\"elementor-element elementor-element-3aab480 elementor-widget elementor-widget-text-editor\" data-id=\"3aab480\" data-element_type=\"widget\" data-widget_type=\"text-editor.default\">\n\t\t\t\t<div class=\"elementor-widget-container\">\n\t\t\t\t\t\t\t\t<div class=\"elementor-text-editor elementor-clearfix\">\n\t\t\t\t<ul><li>Comercio, industria y servicios<\/li><li>Construcci\u00f3n, vivienda e infraestructura<\/li><li>Transporte<\/li><li>Moneda, banca y finanzas<\/li><li>Cuentas econ\u00f3micas<\/li><li>Tecnolog\u00edas de la informaci\u00f3n y telecomunicaciones<\/li><li>Finanzas p\u00fablicas y estad\u00edsticas fiscales<\/li><li>\u00cdndices de precios<\/li><li>Minero energ\u00e9tico<\/li><li>Agricultura ganader\u00eda y pesca<\/li><\/ul><p>\u00a0<\/p>\t\t\t\t\t<\/div>\n\t\t\t\t\t\t<\/div>\n\t\t\t\t<\/div>\n\t\t\t\t\t\t<\/div>\n\t\t\t\t\t<\/div>\n\t\t<\/div>\n\t\t\t\t<div class=\"elementor-column elementor-col-33 elementor-inner-column elementor-element elementor-element-7048898\" data-id=\"7048898\" data-element_type=\"column\" data-settings=\"{&quot;background_background&quot;:&quot;classic&quot;}\">\n\t\t\t<div class=\"elementor-column-wrap elementor-element-populated\">\n\t\t\t\t\t\t\t<div class=\"elementor-widget-wrap\">\n\t\t\t\t\t\t<div class=\"elementor-element elementor-element-a5c7b19 elementor-widget elementor-widget-text-editor\" data-id=\"a5c7b19\" data-element_type=\"widget\" data-widget_type=\"text-editor.default\">\n\t\t\t\t<div class=\"elementor-widget-container\">\n\t\t\t\t\t\t\t\t<div class=\"elementor-text-editor elementor-clearfix\">\n\t\t\t\t<p><b>\u00c1rea social<\/b><\/p>\t\t\t\t\t<\/div>\n\t\t\t\t\t\t<\/div>\n\t\t\t\t<\/div>\n\t\t\t\t<div class=\"elementor-element elementor-element-b3d5889 elementor-widget elementor-widget-text-editor\" data-id=\"b3d5889\" data-element_type=\"widget\" data-widget_type=\"text-editor.default\">\n\t\t\t\t<div class=\"elementor-widget-container\">\n\t\t\t\t\t\t\t\t<div class=\"elementor-text-editor elementor-clearfix\">\n\t\t\t\t<ul><li>Demograf\u00eda y poblaci\u00f3n<\/li><li>Nivel, calidad y condiciones de vida<\/li><li>Servicios p\u00fablicos domiciliarios<\/li><li>Mercado laboral y seguridad social<\/li><li>Educaci\u00f3n, ciencia, tecnolog\u00eda e innovaci\u00f3n<\/li><li>Cultura, deporte y recreaci\u00f3n<\/li><li>Salud<\/li><li>Administraci\u00f3n p\u00fablica<\/li><li>Actividad pol\u00edtica y asociativa<\/li><li>Justicia y convivencia<\/li><li>Seguridad y defensa<\/li><\/ul>\t\t\t\t\t<\/div>\n\t\t\t\t\t\t<\/div>\n\t\t\t\t<\/div>\n\t\t\t\t\t\t<\/div>\n\t\t\t\t\t<\/div>\n\t\t<\/div>\n\t\t\t\t<div class=\"elementor-column elementor-col-33 elementor-inner-column elementor-element elementor-element-adf2bef\" data-id=\"adf2bef\" data-element_type=\"column\" data-settings=\"{&quot;background_background&quot;:&quot;classic&quot;}\">\n\t\t\t<div class=\"elementor-column-wrap elementor-element-populated\">\n\t\t\t\t\t\t\t<div class=\"elementor-widget-wrap\">\n\t\t\t\t\t\t<div class=\"elementor-element elementor-element-dcac83a elementor-widget elementor-widget-text-editor\" data-id=\"dcac83a\" data-element_type=\"widget\" data-widget_type=\"text-editor.default\">\n\t\t\t\t<div class=\"elementor-widget-container\">\n\t\t\t\t\t\t\t\t<div class=\"elementor-text-editor elementor-clearfix\">\n\t\t\t\t<p><b>\u00c1rea medio ambiente<\/b><\/p>\t\t\t\t\t<\/div>\n\t\t\t\t\t\t<\/div>\n\t\t\t\t<\/div>\n\t\t\t\t<div class=\"elementor-element elementor-element-de3c66b elementor-widget elementor-widget-text-editor\" data-id=\"de3c66b\" data-element_type=\"widget\" data-widget_type=\"text-editor.default\">\n\t\t\t\t<div class=\"elementor-widget-container\">\n\t\t\t\t\t\t\t\t<div class=\"elementor-text-editor elementor-clearfix\">\n\t\t\t\t<ul><li>Gesti\u00f3n ambiental<\/li><li>Recursos naturales<\/li><li>Amenazas y desastres naturales<\/li><li>Residuos<\/li><\/ul><p>\u00a0<\/p><p>\u00a0<\/p><p>\u00a0<\/p><p>\u00a0<\/p><p>\u00a0<\/p><p>\u00a0<\/p><p>\u00a0<\/p>\t\t\t\t\t<\/div>\n\t\t\t\t\t\t<\/div>\n\t\t\t\t<\/div>\n\t\t\t\t\t\t<\/div>\n\t\t\t\t\t<\/div>\n\t\t<\/div>\n\t\t\t\t\t\t\t\t<\/div>\n\t\t\t\t\t<\/div>\n\t\t<\/section>\n\t\t\t\t<div class=\"elementor-element elementor-element-276c90e elementor-widget elementor-widget-heading\" data-id=\"276c90e\" data-element_type=\"widget\" data-widget_type=\"heading.default\">\n\t\t\t\t<div class=\"elementor-widget-container\">\n\t\t\t<h2 class=\"elementor-heading-title elementor-size-default\"><b>Diagn\u00f3stico de la<\/b>  informaci\u00f3n estad\u00edstica producida<\/h2>\t\t<\/div>\n\t\t\t\t<\/div>\n\t\t\t\t<section class=\"elementor-section elementor-inner-section elementor-element elementor-element-ce37166 elementor-section-boxed elementor-section-height-default elementor-section-height-default\" data-id=\"ce37166\" data-element_type=\"section\">\n\t\t\t\t\t\t<div class=\"elementor-container elementor-column-gap-default\">\n\t\t\t\t\t\t\t<div class=\"elementor-row\">\n\t\t\t\t\t<div class=\"elementor-column elementor-col-50 elementor-inner-column elementor-element elementor-element-39b47a2\" data-id=\"39b47a2\" data-element_type=\"column\">\n\t\t\t<div class=\"elementor-column-wrap elementor-element-populated\">\n\t\t\t\t\t\t\t<div class=\"elementor-widget-wrap\">\n\t\t\t\t\t\t<div class=\"elementor-element elementor-element-3357109 elementor-widget elementor-widget-text-editor\" data-id=\"3357109\" data-element_type=\"widget\" data-widget_type=\"text-editor.default\">\n\t\t\t\t<div class=\"elementor-widget-container\">\n\t\t\t\t\t\t\t\t<div class=\"elementor-text-editor elementor-clearfix\">\n\t\t\t\t<p>El objetivo es determinar los atributos de la producci\u00f3n de informaci\u00f3n estad\u00edstica en cada nivel de desagregaci\u00f3n tem\u00e1tica. Para ello, se construy\u00f3 el inventario actualizado de la informaci\u00f3n estad\u00edstica producida en la Alcald\u00eda de Medell\u00edn. Este inventario se estructur\u00f3 y consolid\u00f3 a partir de la informaci\u00f3n estad\u00edstica identificada desde diferentes fuentes, as\u00ed:<\/p><ul><li>Formularios F1 (Formulario de Oferta de Informaci\u00f3n Estad\u00edstica Territorial) establecidos en la metodolog\u00eda para la formulaci\u00f3n de planes estad\u00edsticos territoriales, dise\u00f1ada por el DANE.<\/li><li>Planes de Desarrollo Municipales \u201cMedell\u00edn un Hogar para la Vida\u201d y \u201cMedell\u00edn Cuenta con Vos\u201d.<\/li><li>Indicadores del SSEPOT (Sistema de Seguimiento al Plan de Ordenamiento Territorial).<\/li><li>Informaci\u00f3n estad\u00edstica publicada en el Portal del Municipio de Medell\u00edn.<\/li><\/ul>\t\t\t\t\t<\/div>\n\t\t\t\t\t\t<\/div>\n\t\t\t\t<\/div>\n\t\t\t\t\t\t<\/div>\n\t\t\t\t\t<\/div>\n\t\t<\/div>\n\t\t\t\t<div class=\"elementor-column elementor-col-50 elementor-inner-column elementor-element elementor-element-52f7420\" data-id=\"52f7420\" data-element_type=\"column\">\n\t\t\t<div class=\"elementor-column-wrap elementor-element-populated\">\n\t\t\t\t\t\t\t<div class=\"elementor-widget-wrap\">\n\t\t\t\t\t\t<div class=\"elementor-element elementor-element-c229465 elementor-widget elementor-widget-image\" data-id=\"c229465\" data-element_type=\"widget\" data-widget_type=\"image.default\">\n\t\t\t\t<div class=\"elementor-widget-container\">\n\t\t\t\t\t\t\t\t<div class=\"elementor-image\">\n\t\t\t\t\t\t\t\t\t\t\t\t<img width=\"1024\" height=\"683\" src=\"https:\/\/www.medellin.gov.co\/es\/wp-content\/uploads\/2022\/09\/rendicion-comuna-2.jpg\" class=\"attachment-large size-large\" alt=\"Foros ciudadanos Comuna 2\" loading=\"lazy\" srcset=\"https:\/\/www.medellin.gov.co\/es\/wp-content\/uploads\/2022\/09\/rendicion-comuna-2.jpg 1024w, https:\/\/www.medellin.gov.co\/es\/wp-content\/uploads\/2022\/09\/rendicion-comuna-2-300x200.jpg 300w, https:\/\/www.medellin.gov.co\/es\/wp-content\/uploads\/2022\/09\/rendicion-comuna-2-150x100.jpg 150w, https:\/\/www.medellin.gov.co\/es\/wp-content\/uploads\/2022\/09\/rendicion-comuna-2-768x512.jpg 768w\" sizes=\"(max-width: 1024px) 100vw, 1024px\" \/>\t\t\t\t\t\t\t\t\t\t\t\t\t\t<\/div>\n\t\t\t\t\t\t<\/div>\n\t\t\t\t<\/div>\n\t\t\t\t\t\t<\/div>\n\t\t\t\t\t<\/div>\n\t\t<\/div>\n\t\t\t\t\t\t\t\t<\/div>\n\t\t\t\t\t<\/div>\n\t\t<\/section>\n\t\t\t\t<div class=\"elementor-element elementor-element-c91029d elementor-widget elementor-widget-text-editor\" data-id=\"c91029d\" data-element_type=\"widget\" data-widget_type=\"text-editor.default\">\n\t\t\t\t<div class=\"elementor-widget-container\">\n\t\t\t\t\t\t\t\t<div class=\"elementor-text-editor elementor-clearfix\">\n\t\t\t\t<ul><li>Indicadores definidos en el Modelo de Operaci\u00f3n por Procesos del Municipio de Medell\u00edn.<\/li><li>Informaci\u00f3n estad\u00edstica publicada por la Secretaria de Salud Municipal (Indicadores B\u00e1sicos \u2013 Situaci\u00f3n de Salud en Medell\u00edn).\u00a0<\/li><\/ul>\t\t\t\t\t<\/div>\n\t\t\t\t\t\t<\/div>\n\t\t\t\t<\/div>\n\t\t\t\t<div class=\"elementor-element elementor-element-9bde12d elementor-widget elementor-widget-text-editor\" data-id=\"9bde12d\" data-element_type=\"widget\" data-widget_type=\"text-editor.default\">\n\t\t\t\t<div class=\"elementor-widget-container\">\n\t\t\t\t\t\t\t\t<div class=\"elementor-text-editor elementor-clearfix\">\n\t\t\t\t<p><a href=\"https:\/\/www.medellin.gov.co\/es\/departamento-administrativo-de-planeacion\/plan-estadistico-distrital-de-medellin\/\">Volver al Plan Estad\u00edstico Distrital<\/a><\/p>\t\t\t\t\t<\/div>\n\t\t\t\t\t\t<\/div>\n\t\t\t\t<\/div>\n\t\t\t\t\t\t<\/div>\n\t\t\t\t\t<\/div>\n\t\t<\/div>\n\t\t\t\t\t\t\t\t<\/div>\n\t\t\t\t\t<\/div>\n\t\t<\/section>\n\t\t\t\t\t\t\t\t\t<\/div>\n\t\t\t<\/div>\n\t\t\t\t\t<\/div>\n\t\t","protected":false},"excerpt":{"rendered":"<p>Diagn\u00f3stico del plan estad\u00edstico distrital de Medell\u00edn El diagn\u00f3stico del plan estad\u00edstico que se presenta, corresponde al estado y las caracter\u00edsticas de la actividad estad\u00edstica de la Alcald\u00eda de Medell\u00edn. Para este an\u00e1lisis se adopt\u00f3 &#8230;<\/p>\n","protected":false},"author":31,"featured_media":61614,"parent":120149,"menu_order":0,"comment_status":"closed","ping_status":"closed","template":"sec-planeacion\/elementor17032025.php","meta":[],"acf":[],"_links":{"self":[{"href":"https:\/\/www.medellin.gov.co\/es\/wp-json\/wp\/v2\/pages\/120186"}],"collection":[{"href":"https:\/\/www.medellin.gov.co\/es\/wp-json\/wp\/v2\/pages"}],"about":[{"href":"https:\/\/www.medellin.gov.co\/es\/wp-json\/wp\/v2\/types\/page"}],"author":[{"embeddable":true,"href":"https:\/\/www.medellin.gov.co\/es\/wp-json\/wp\/v2\/users\/31"}],"replies":[{"embeddable":true,"href":"https:\/\/www.medellin.gov.co\/es\/wp-json\/wp\/v2\/comments?post=120186"}],"version-history":[{"count":10,"href":"https:\/\/www.medellin.gov.co\/es\/wp-json\/wp\/v2\/pages\/120186\/revisions"}],"predecessor-version":[{"id":517037,"href":"https:\/\/www.medellin.gov.co\/es\/wp-json\/wp\/v2\/pages\/120186\/revisions\/517037"}],"up":[{"embeddable":true,"href":"https:\/\/www.medellin.gov.co\/es\/wp-json\/wp\/v2\/pages\/120149"}],"wp:featuredmedia":[{"embeddable":true,"href":"https:\/\/www.medellin.gov.co\/es\/wp-json\/wp\/v2\/media\/61614"}],"wp:attachment":[{"href":"https:\/\/www.medellin.gov.co\/es\/wp-json\/wp\/v2\/media?parent=120186"}],"curies":[{"name":"wp","href":"https:\/\/api.w.org\/{rel}","templated":true}]}}