{"id":120357,"date":"2022-10-19T14:25:16","date_gmt":"2022-10-19T19:25:16","guid":{"rendered":"https:\/\/www.medellin.gov.co\/es\/?page_id=120357"},"modified":"2023-05-26T13:52:37","modified_gmt":"2023-05-26T18:52:37","slug":"glosario-del-plan-estadistico-distrital","status":"publish","type":"page","link":"https:\/\/www.medellin.gov.co\/es\/departamento-administrativo-de-planeacion\/plan-estadistico-distrital-de-medellin\/glosario-del-plan-estadistico-distrital\/","title":{"rendered":"Glosario del Plan Estad\u00edstico Distrital"},"content":{"rendered":"\t\t<div data-elementor-type=\"wp-page\" data-elementor-id=\"120357\" class=\"elementor elementor-120357\">\n\t\t\t\t\t\t<div class=\"elementor-inner\">\n\t\t\t\t<div class=\"elementor-section-wrap\">\n\t\t\t\t\t\t\t\t\t<section class=\"elementor-section elementor-top-section elementor-element elementor-element-ded25fd elementor-section-boxed elementor-section-height-default elementor-section-height-default\" data-id=\"ded25fd\" data-element_type=\"section\">\n\t\t\t\t\t\t<div class=\"elementor-container elementor-column-gap-default\">\n\t\t\t\t\t\t\t<div class=\"elementor-row\">\n\t\t\t\t\t<div class=\"elementor-column elementor-col-100 elementor-top-column elementor-element elementor-element-38edeeb\" data-id=\"38edeeb\" data-element_type=\"column\">\n\t\t\t<div class=\"elementor-column-wrap elementor-element-populated\">\n\t\t\t\t\t\t\t<div class=\"elementor-widget-wrap\">\n\t\t\t\t\t\t<div class=\"elementor-element elementor-element-62b1924 elementor-widget elementor-widget-heading\" data-id=\"62b1924\" data-element_type=\"widget\" data-widget_type=\"heading.default\">\n\t\t\t\t<div class=\"elementor-widget-container\">\n\t\t\t<h1 class=\"elementor-heading-title elementor-size-default\">Glosario del Plan Estad\u00edstico Distrital<\/h1>\t\t<\/div>\n\t\t\t\t<\/div>\n\t\t\t\t\t\t<\/div>\n\t\t\t\t\t<\/div>\n\t\t<\/div>\n\t\t\t\t\t\t\t\t<\/div>\n\t\t\t\t\t<\/div>\n\t\t<\/section>\n\t\t\t\t<section class=\"elementor-section elementor-top-section elementor-element elementor-element-a044fc7 elementor-section-boxed elementor-section-height-default elementor-section-height-default\" data-id=\"a044fc7\" data-element_type=\"section\">\n\t\t\t\t\t\t<div class=\"elementor-container elementor-column-gap-default\">\n\t\t\t\t\t\t\t<div class=\"elementor-row\">\n\t\t\t\t\t<div class=\"elementor-column elementor-col-100 elementor-top-column elementor-element elementor-element-bef38e3\" data-id=\"bef38e3\" data-element_type=\"column\">\n\t\t\t<div class=\"elementor-column-wrap elementor-element-populated\">\n\t\t\t\t\t\t\t<div class=\"elementor-widget-wrap\">\n\t\t\t\t\t\t<div class=\"elementor-element elementor-element-704ff69 elementor-widget elementor-widget-text-editor\" data-id=\"704ff69\" data-element_type=\"widget\" data-widget_type=\"text-editor.default\">\n\t\t\t\t<div class=\"elementor-widget-container\">\n\t\t\t\t\t\t\t\t<div class=\"elementor-text-editor elementor-clearfix\">\n\t\t\t\t<p>En el\u00a0<strong>Glosario del Plan Estad\u00edstico Distrital\u200b <\/strong>se relacionan t\u00e9rminos especializados contenidos en el documento de formulaci\u00f3n del PEM. La fuente principal de las definiciones son las publicaciones del DANE, muchas de las cuales tienen sus propios glosarios. Para consultar otros t\u00e9rminos usados en las metodolog\u00edas, lineamientos, procesos y planificaci\u00f3n estad\u00edstica emitidas por el DANE, se recomienda la revisi\u00f3n peri\u00f3dica de los conceptos en el Sistema de Consulta de Conceptos Armonizados de Colombia, <a href=\"http:\/\/sen.dane.gov.co:8080\/senApp\/module\/conceptosModule\/index.html\">que se encuentra aqu\u00ed<\/a><\/p><p>Tambi\u00e9n se puede acceder por el bot\u00f3n de conceptos armonizados <a href=\"https:\/\/www.dane.gov.co\/index.php\/sistema-estadistico-nacional-sen\/normas-yestandares\/sistema-de-consulta\">dando clic aqu\u00ed<\/a><\/p>\t\t\t\t\t<\/div>\n\t\t\t\t\t\t<\/div>\n\t\t\t\t<\/div>\n\t\t\t\t<div class=\"elementor-element elementor-element-ee84d4f elementor-widget elementor-widget-heading\" data-id=\"ee84d4f\" data-element_type=\"widget\" data-widget_type=\"heading.default\">\n\t\t\t\t<div class=\"elementor-widget-container\">\n\t\t\t<h2 class=\"elementor-heading-title elementor-size-default\"><b>Siglas<\/b> del Plan Estad\u00edstico Distrital<\/h2>\t\t<\/div>\n\t\t\t\t<\/div>\n\t\t\t\t<div class=\"elementor-element elementor-element-543452b elementor-widget elementor-widget-text-editor\" data-id=\"543452b\" data-element_type=\"widget\" data-widget_type=\"text-editor.default\">\n\t\t\t\t<div class=\"elementor-widget-container\">\n\t\t\t\t\t\t\t\t<div class=\"elementor-text-editor elementor-clearfix\">\n\t\t\t\t<p>CANE: Consejo Asesor Nacional de Estad\u00edstica.<br \/>DANE: Departamento Administrativo Nacional de Estad\u00edstica.<br \/>EFET: Estrategia de fortalecimiento de las estad\u00edsticas territoriales.<br \/>OCDE: Organizaci\u00f3n para la Cooperaci\u00f3n y el Desarrollo Econ\u00f3mico.<br \/>NTC PE 1000: Norma t\u00e9cnica de calidad del proceso estad\u00edstico 1000.<br \/>PEM: Plan Estad\u00edstico Municipal.<br \/>PEN: Plan estad\u00edstico nacional.<br \/>PET: Plan estad\u00edstico territorial.<br \/>SEN: Sistema Estad\u00edstico Nacional.<\/p>\t\t\t\t\t<\/div>\n\t\t\t\t\t\t<\/div>\n\t\t\t\t<\/div>\n\t\t\t\t<div class=\"elementor-element elementor-element-235b96d elementor-widget elementor-widget-heading\" data-id=\"235b96d\" data-element_type=\"widget\" data-widget_type=\"heading.default\">\n\t\t\t\t<div class=\"elementor-widget-container\">\n\t\t\t<h2 class=\"elementor-heading-title elementor-size-default\"><b>Glosario de palabras<\/b> del Plan Estad\u00edstico Distrital<\/h2>\t\t<\/div>\n\t\t\t\t<\/div>\n\t\t\t\t<div class=\"elementor-element elementor-element-c8bdd7a elementor-tablet-align-left elementor-mobile-align-center elementor-widget elementor-widget-button\" data-id=\"c8bdd7a\" data-element_type=\"widget\" data-widget_type=\"button.default\">\n\t\t\t\t<div class=\"elementor-widget-container\">\n\t\t\t\t\t<div class=\"elementor-button-wrapper\">\n\t\t\t<a href=\"https:\/\/www.medellin.gov.co\/es\/wp-content\/uploads\/2023\/05\/GLOSARIO-DE-TERMINOS_PED.pdf\" target=\"_blank\" class=\"elementor-button-link elementor-button elementor-size-sm\" role=\"button\">\n\t\t\t\t\t\t<span class=\"elementor-button-content-wrapper\">\n\t\t\t\t\t\t<span class=\"elementor-button-text\">Descarga el glosario<\/span>\n\t\t<\/span>\n\t\t\t\t\t<\/a>\n\t\t<\/div>\n\t\t\t\t<\/div>\n\t\t\t\t<\/div>\n\t\t\t\t<div class=\"elementor-element elementor-element-dc1a7b0 elementor-widget elementor-widget-text-editor\" data-id=\"dc1a7b0\" data-element_type=\"widget\" data-widget_type=\"text-editor.default\">\n\t\t\t\t<div class=\"elementor-widget-container\">\n\t\t\t\t\t\t\t\t<div class=\"elementor-text-editor elementor-clearfix\">\n\t\t\t\t<p><a href=\"https:\/\/www.medellin.gov.co\/es\/departamento-administrativo-de-planeacion\/plan-estadistico-distrital-de-medellin\/\">Volver al Plan Estad\u00edstico Distrital<\/a><\/p>\t\t\t\t\t<\/div>\n\t\t\t\t\t\t<\/div>\n\t\t\t\t<\/div>\n\t\t\t\t\t\t<\/div>\n\t\t\t\t\t<\/div>\n\t\t<\/div>\n\t\t\t\t\t\t\t\t<\/div>\n\t\t\t\t\t<\/div>\n\t\t<\/section>\n\t\t\t\t\t\t\t\t\t<\/div>\n\t\t\t<\/div>\n\t\t\t\t\t<\/div>\n\t\t","protected":false},"excerpt":{"rendered":"<p>Glosario del Plan Estad\u00edstico Distrital En el\u00a0Glosario del Plan Estad\u00edstico Distrital\u200b se relacionan t\u00e9rminos especializados contenidos en el documento de formulaci\u00f3n del PEM. La fuente principal de las definiciones son las publicaciones del DANE, muchas &#8230;<\/p>\n","protected":false},"author":31,"featured_media":61614,"parent":120149,"menu_order":0,"comment_status":"closed","ping_status":"closed","template":"sec-planeacion\/elementor.php","meta":[],"acf":[],"_links":{"self":[{"href":"https:\/\/www.medellin.gov.co\/es\/wp-json\/wp\/v2\/pages\/120357"}],"collection":[{"href":"https:\/\/www.medellin.gov.co\/es\/wp-json\/wp\/v2\/pages"}],"about":[{"href":"https:\/\/www.medellin.gov.co\/es\/wp-json\/wp\/v2\/types\/page"}],"author":[{"embeddable":true,"href":"https:\/\/www.medellin.gov.co\/es\/wp-json\/wp\/v2\/users\/31"}],"replies":[{"embeddable":true,"href":"https:\/\/www.medellin.gov.co\/es\/wp-json\/wp\/v2\/comments?post=120357"}],"version-history":[{"count":10,"href":"https:\/\/www.medellin.gov.co\/es\/wp-json\/wp\/v2\/pages\/120357\/revisions"}],"predecessor-version":[{"id":201051,"href":"https:\/\/www.medellin.gov.co\/es\/wp-json\/wp\/v2\/pages\/120357\/revisions\/201051"}],"up":[{"embeddable":true,"href":"https:\/\/www.medellin.gov.co\/es\/wp-json\/wp\/v2\/pages\/120149"}],"wp:featuredmedia":[{"embeddable":true,"href":"https:\/\/www.medellin.gov.co\/es\/wp-json\/wp\/v2\/media\/61614"}],"wp:attachment":[{"href":"https:\/\/www.medellin.gov.co\/es\/wp-json\/wp\/v2\/media?parent=120357"}],"curies":[{"name":"wp","href":"https:\/\/api.w.org\/{rel}","templated":true}]}}