{"id":120488,"date":"2022-10-19T16:35:09","date_gmt":"2022-10-19T21:35:09","guid":{"rendered":"https:\/\/www.medellin.gov.co\/es\/?page_id=120488"},"modified":"2022-11-18T12:22:29","modified_gmt":"2022-11-18T17:22:29","slug":"estimulos-para-el-fortalecimiento-a-grupos-artisticos-y-culturales-de-la-poblacion-negra-afrocolombiana-raizal-palenquera","status":"publish","type":"page","link":"https:\/\/www.medellin.gov.co\/es\/gerencia-etnica\/estimulos-para-el-fortalecimiento-a-grupos-artisticos-y-culturales-de-la-poblacion-negra-afrocolombiana-raizal-palenquera\/","title":{"rendered":"Est\u00edmulos para el fortalecimiento a grupos art\u00edsticos y culturales de la poblaci\u00f3n Negra, Afrocolombiana, Raizal y Palenquera"},"content":{"rendered":"\t\t<div data-elementor-type=\"wp-page\" data-elementor-id=\"120488\" class=\"elementor elementor-120488\">\n\t\t\t\t\t\t<div class=\"elementor-inner\">\n\t\t\t\t<div class=\"elementor-section-wrap\">\n\t\t\t\t\t\t\t\t\t<section class=\"elementor-section elementor-top-section elementor-element elementor-element-21f71f3 elementor-section-boxed elementor-section-height-default elementor-section-height-default\" data-id=\"21f71f3\" data-element_type=\"section\">\n\t\t\t\t\t\t<div class=\"elementor-container elementor-column-gap-default\">\n\t\t\t\t\t\t\t<div class=\"elementor-row\">\n\t\t\t\t\t<div class=\"elementor-column elementor-col-100 elementor-top-column elementor-element elementor-element-a62d81f\" data-id=\"a62d81f\" data-element_type=\"column\">\n\t\t\t<div class=\"elementor-column-wrap elementor-element-populated\">\n\t\t\t\t\t\t\t<div class=\"elementor-widget-wrap\">\n\t\t\t\t\t\t<div class=\"elementor-element elementor-element-183b03f elementor-widget elementor-widget-heading\" data-id=\"183b03f\" data-element_type=\"widget\" data-widget_type=\"heading.default\">\n\t\t\t\t<div class=\"elementor-widget-container\">\n\t\t\t<h1 class=\"elementor-heading-title elementor-size-default\">Convocatoria de est\u00edmulos para el fortalecimiento a grupos art\u00edsticos y culturales de la poblaci\u00f3n Negra, Afrodescendiente, Raizal y Palenquera<\/h1>\t\t<\/div>\n\t\t\t\t<\/div>\n\t\t\t\t<section class=\"elementor-section elementor-inner-section elementor-element elementor-element-1e12bf6 elementor-section-boxed elementor-section-height-default elementor-section-height-default\" data-id=\"1e12bf6\" data-element_type=\"section\">\n\t\t\t\t\t\t<div class=\"elementor-container elementor-column-gap-default\">\n\t\t\t\t\t\t\t<div class=\"elementor-row\">\n\t\t\t\t\t<div class=\"elementor-column elementor-col-50 elementor-inner-column elementor-element elementor-element-f43f2c0\" data-id=\"f43f2c0\" data-element_type=\"column\">\n\t\t\t<div class=\"elementor-column-wrap elementor-element-populated\">\n\t\t\t\t\t\t\t<div class=\"elementor-widget-wrap\">\n\t\t\t\t\t\t<div class=\"elementor-element elementor-element-f0b7628 elementor-widget elementor-widget-text-editor\" data-id=\"f0b7628\" data-element_type=\"widget\" data-widget_type=\"text-editor.default\">\n\t\t\t\t<div class=\"elementor-widget-container\">\n\t\t\t\t\t\t\t\t<div class=\"elementor-text-editor elementor-clearfix\">\n\t\t\t\t<p>La Gerencia \u00c9tnica de la Alcald\u00eda de Medell\u00edn presenta la convocatoria Est\u00edmulos para el fortalecimiento a grupos art\u00edsticos y culturales de la poblaci\u00f3n Negra, Afrodescendiente, Raizal y Palenquera, en el marco de la celebraci\u00f3n del mes de las diversidades \u00e9tnicas y culturales.<\/p>\t\t\t\t\t<\/div>\n\t\t\t\t\t\t<\/div>\n\t\t\t\t<\/div>\n\t\t\t\t<div class=\"elementor-element elementor-element-c52cda1 elementor-tablet-align-left elementor-mobile-align-center elementor-widget elementor-widget-button\" data-id=\"c52cda1\" data-element_type=\"widget\" data-widget_type=\"button.default\">\n\t\t\t\t<div class=\"elementor-widget-container\">\n\t\t\t\t\t<div class=\"elementor-button-wrapper\">\n\t\t\t<a href=\"https:\/\/www.medellin.gov.co\/es\/wp-content\/uploads\/2022\/11\/Resultados-Convocatoria-de-estimulos-para-el-fortalecimiento-de-grupos-artisticos-y-culturales-de-la-poblacion-NARP.pdf\" target=\"_blank\" class=\"elementor-button-link elementor-button elementor-size-sm\" role=\"button\">\n\t\t\t\t\t\t<span class=\"elementor-button-content-wrapper\">\n\t\t\t\t\t\t<span class=\"elementor-button-text\">CONOCE LOS RESULTADOS<\/span>\n\t\t<\/span>\n\t\t\t\t\t<\/a>\n\t\t<\/div>\n\t\t\t\t<\/div>\n\t\t\t\t<\/div>\n\t\t\t\t\t\t<\/div>\n\t\t\t\t\t<\/div>\n\t\t<\/div>\n\t\t\t\t<div class=\"elementor-column elementor-col-50 elementor-inner-column elementor-element elementor-element-617a6b6\" data-id=\"617a6b6\" data-element_type=\"column\">\n\t\t\t<div class=\"elementor-column-wrap elementor-element-populated\">\n\t\t\t\t\t\t\t<div class=\"elementor-widget-wrap\">\n\t\t\t\t\t\t<div class=\"elementor-element elementor-element-d703784 elementor-widget elementor-widget-image\" data-id=\"d703784\" data-element_type=\"widget\" data-widget_type=\"image.default\">\n\t\t\t\t<div class=\"elementor-widget-container\">\n\t\t\t\t\t\t\t\t<div class=\"elementor-image\">\n\t\t\t\t\t\t\t\t\t\t\t\t<img width=\"1000\" height=\"450\" src=\"https:\/\/www.medellin.gov.co\/es\/wp-content\/uploads\/2022\/03\/20200916-Equipo-Etnias.jpg\" class=\"attachment-large size-large\" alt=\"\" loading=\"lazy\" srcset=\"https:\/\/www.medellin.gov.co\/es\/wp-content\/uploads\/2022\/03\/20200916-Equipo-Etnias.jpg 1000w, https:\/\/www.medellin.gov.co\/es\/wp-content\/uploads\/2022\/03\/20200916-Equipo-Etnias-300x135.jpg 300w, https:\/\/www.medellin.gov.co\/es\/wp-content\/uploads\/2022\/03\/20200916-Equipo-Etnias-150x68.jpg 150w, https:\/\/www.medellin.gov.co\/es\/wp-content\/uploads\/2022\/03\/20200916-Equipo-Etnias-768x346.jpg 768w\" sizes=\"(max-width: 1000px) 100vw, 1000px\" \/>\t\t\t\t\t\t\t\t\t\t\t\t\t\t<\/div>\n\t\t\t\t\t\t<\/div>\n\t\t\t\t<\/div>\n\t\t\t\t\t\t<\/div>\n\t\t\t\t\t<\/div>\n\t\t<\/div>\n\t\t\t\t\t\t\t\t<\/div>\n\t\t\t\t\t<\/div>\n\t\t<\/section>\n\t\t\t\t<div class=\"elementor-element elementor-element-11171be elementor-widget elementor-widget-heading\" data-id=\"11171be\" data-element_type=\"widget\" data-widget_type=\"heading.default\">\n\t\t\t\t<div class=\"elementor-widget-container\">\n\t\t\t<h2 class=\"elementor-heading-title elementor-size-default\"><b>Resultados de<\/b> la convocatoria de est\u00edmulos<\/h2>\t\t<\/div>\n\t\t\t\t<\/div>\n\t\t\t\t<div class=\"elementor-element elementor-element-9b89d49 elementor-widget elementor-widget-text-editor\" data-id=\"9b89d49\" data-element_type=\"widget\" data-widget_type=\"text-editor.default\">\n\t\t\t\t<div class=\"elementor-widget-container\">\n\t\t\t\t\t\t\t\t<div class=\"elementor-text-editor elementor-clearfix\">\n\t\t\t\t<p>Conoce los resultados de la convocatoria de est\u00edmulos para el fortalecimiento a grupos art\u00edsticos y culturales de la poblaci\u00f3n Negra, Afrodescendiente, Raizal y Palenquera.<\/p>\t\t\t\t\t<\/div>\n\t\t\t\t\t\t<\/div>\n\t\t\t\t<\/div>\n\t\t\t\t<div class=\"elementor-element elementor-element-aff77a1 elementor-tablet-align-left elementor-mobile-align-center elementor-widget elementor-widget-button\" data-id=\"aff77a1\" data-element_type=\"widget\" data-widget_type=\"button.default\">\n\t\t\t\t<div class=\"elementor-widget-container\">\n\t\t\t\t\t<div class=\"elementor-button-wrapper\">\n\t\t\t<a href=\"https:\/\/www.medellin.gov.co\/es\/wp-content\/uploads\/2022\/11\/Resultados-Convocatoria-de-estimulos-para-el-fortalecimiento-de-grupos-artisticos-y-culturales-de-la-poblacion-NARP.pdf\" target=\"_blank\" class=\"elementor-button-link elementor-button elementor-size-sm\" role=\"button\">\n\t\t\t\t\t\t<span class=\"elementor-button-content-wrapper\">\n\t\t\t\t\t\t<span class=\"elementor-button-text\">CONOCE LOS RESULTADOS<\/span>\n\t\t<\/span>\n\t\t\t\t\t<\/a>\n\t\t<\/div>\n\t\t\t\t<\/div>\n\t\t\t\t<\/div>\n\t\t\t\t<div class=\"elementor-element elementor-element-38c7783 elementor-widget elementor-widget-heading\" data-id=\"38c7783\" data-element_type=\"widget\" data-widget_type=\"heading.default\">\n\t\t\t\t<div class=\"elementor-widget-container\">\n\t\t\t<h2 class=\"elementor-heading-title elementor-size-default\"><b>\u00bfEn qu\u00e9 consiste<\/b> la convocatoria de est\u00edmulos?<\/h2>\t\t<\/div>\n\t\t\t\t<\/div>\n\t\t\t\t<div class=\"elementor-element elementor-element-35c8889 elementor-widget elementor-widget-text-editor\" data-id=\"35c8889\" data-element_type=\"widget\" data-widget_type=\"text-editor.default\">\n\t\t\t\t<div class=\"elementor-widget-container\">\n\t\t\t\t\t\t\t\t<div class=\"elementor-text-editor elementor-clearfix\">\n\t\t\t\t<p>La convocatoria busca impulsar y fortalecer grupos art\u00edsticos y culturales conformados mayoritariamente por personas de la poblaci\u00f3n Negra, Afrocolombiana, Raizal y Palenquera que reivindican y visibilizan la cultura afrocolombiana a trav\u00e9s del arte en las diecis\u00e9is comunas de Medell\u00edn y sus cinco corregimientos.<\/p>\t\t\t\t\t<\/div>\n\t\t\t\t\t\t<\/div>\n\t\t\t\t<\/div>\n\t\t\t\t<div class=\"elementor-element elementor-element-d92a13b elementor-widget elementor-widget-heading\" data-id=\"d92a13b\" data-element_type=\"widget\" data-widget_type=\"heading.default\">\n\t\t\t\t<div class=\"elementor-widget-container\">\n\t\t\t<h2 class=\"elementor-heading-title elementor-size-default\"><b>\u00bfQui\u00e9nes pueden<\/b> participar de la convocatoria de est\u00edmulos?<\/h2>\t\t<\/div>\n\t\t\t\t<\/div>\n\t\t\t\t<div class=\"elementor-element elementor-element-1de5405 elementor-widget elementor-widget-text-editor\" data-id=\"1de5405\" data-element_type=\"widget\" data-widget_type=\"text-editor.default\">\n\t\t\t\t<div class=\"elementor-widget-container\">\n\t\t\t\t\t\t\t\t<div class=\"elementor-text-editor elementor-clearfix\">\n\t\t\t\t<p>La convocatoria est\u00e1 dirigida a grupos art\u00edsticos (musicales y de danza) conformados por personas de la poblaci\u00f3n Negra, Afrodescendiente, Raizal y Palenquera que residan en la ciudad de Medell\u00edn y que cumplan con las caracter\u00edsticas y requisitos descritos en el documento de lineamientos generales de la convocatoria.<\/p>\t\t\t\t\t<\/div>\n\t\t\t\t\t\t<\/div>\n\t\t\t\t<\/div>\n\t\t\t\t<div class=\"elementor-element elementor-element-708b059 elementor-widget elementor-widget-heading\" data-id=\"708b059\" data-element_type=\"widget\" data-widget_type=\"heading.default\">\n\t\t\t\t<div class=\"elementor-widget-container\">\n\t\t\t<h2 class=\"elementor-heading-title elementor-size-default\"><b>Reconocimientos de la<\/b> convocatoria de est\u00edmulos<\/h2>\t\t<\/div>\n\t\t\t\t<\/div>\n\t\t\t\t<div class=\"elementor-element elementor-element-9dab346 elementor-widget elementor-widget-text-editor\" data-id=\"9dab346\" data-element_type=\"widget\" data-widget_type=\"text-editor.default\">\n\t\t\t\t<div class=\"elementor-widget-container\">\n\t\t\t\t\t\t\t\t<div class=\"elementor-text-editor elementor-clearfix\">\n\t\t\t\t<p>Los grupos que se hagan merecedores de este est\u00edmulo recibir\u00e1n un reconocimiento econ\u00f3mico y tendr\u00e1n la posibilidad de mostrarle a la ciudad de Medell\u00edn su trabajo art\u00edstico a trav\u00e9s de una puesta en escena.<\/p>\t\t\t\t\t<\/div>\n\t\t\t\t\t\t<\/div>\n\t\t\t\t<\/div>\n\t\t\t\t<div class=\"elementor-element elementor-element-4ccbfb6 elementor-widget elementor-widget-heading\" data-id=\"4ccbfb6\" data-element_type=\"widget\" data-widget_type=\"heading.default\">\n\t\t\t\t<div class=\"elementor-widget-container\">\n\t\t\t<h2 class=\"elementor-heading-title elementor-size-default\"><b>Cronograma de la<\/b> convocatoria de est\u00edmulos<\/h2>\t\t<\/div>\n\t\t\t\t<\/div>\n\t\t\t\t<div class=\"elementor-element elementor-element-29bc532 pp-table-center elementor-widget elementor-widget-pp-table\" data-id=\"29bc532\" data-element_type=\"widget\" data-settings=\"{&quot;table_type&quot;:&quot;responsive&quot;}\" data-widget_type=\"pp-table.default\">\n\t\t\t\t<div class=\"elementor-widget-container\">\n\t\t\t\t\t<div class=\"pp-table-container\">\n\t\t\t<table \n\t\t\tclass=\"pp-table tablesaw\" data-tablesaw-mode=\"stack\"\t\t\t\t>\n\t\t\t\t\t\t\t<colgroup>\n\t\t\t\t\t\t\t\t<col\n\t\t\t\t\tspan=\"1\"\n\t\t\t\t\tclass=\"elementor-repeater-item-91ee3ad\"\n\t\t\t\t\t\t\t\t\t\t\tstyle=\"\n\t\t\t\t\t\t\t\t\t\t\t\t\t\t\t\t\t\t\t\t\"\n\t\t\t\t\t\t\t\t\t\t>\n\t\t\t\t\t\t\t<\/colgroup>\n\t\t\t\t\t\t<thead>\n\t\t\t\t<tr class=\"pp-table-row\">\n\t\t\t\t\t<th class=\"pp-table-cell pp-table-cell-8cc7ff3\"><span class=\"pp-table-cell-content\"><span class=\"pp-table-cell-text\">Actividad<\/span><\/span><\/th><th class=\"pp-table-cell pp-table-cell-b66129c\" colspan=\"4\"><span class=\"pp-table-cell-content\"><span class=\"pp-table-cell-text\">Fecha<\/span><\/span><\/th>\t\t\t\t<\/tr>\n\t\t\t<\/thead>\n\t\t\t\t\t<tfoot>\n\t\t\t<\/tr>\t\t<\/tfoot>\n\t\t\t\t<tbody>\n\t\t\t<tr><td class=\"pp-table-cell pp-table-cell-e39f6d1\" rowspan=\"2\"><span class=\"pp-table-cell-content\"><span class=\"pp-table-cell-text\">Publicaci\u00f3n de convocatoria<\/span><\/span><\/td><\/tr><tr><td class=\"pp-table-cell pp-table-cell-434a5c5\"><span class=\"pp-table-cell-content\"><span class=\"pp-table-cell-text\">S\u00e1bado 22 de octubre<\/span><\/span><\/td><\/tr><tr><td class=\"pp-table-cell pp-table-cell-5e86765\"><span class=\"pp-table-cell-content\"><span class=\"pp-table-cell-text\">Cierre de la convocatoria<\/span><\/span><\/td><td class=\"pp-table-cell pp-table-cell-80bbb63\"><span class=\"pp-table-cell-content\"><span class=\"pp-table-cell-text\">Jueves 3 de noviembre 2:00 p. m.<\/span><\/span><\/td><\/tr><tr><td class=\"pp-table-cell pp-table-cell-4aae83a\"><span class=\"pp-table-cell-content\"><span class=\"pp-table-cell-text\">Anuncio de propuestas inscritas y reporte de documentos por subsanar<\/span><\/span><\/td><td class=\"pp-table-cell pp-table-cell-e33f156\"><span class=\"pp-table-cell-content\"><span class=\"pp-table-cell-text\">Viernes 4 de noviembre<\/span><\/span><\/td><\/tr><tr><td class=\"pp-table-cell pp-table-cell-d015a62\"><span class=\"pp-table-cell-content\"><span class=\"pp-table-cell-text\">Plazo para subsanar documentos<\/span><\/span><\/td><td class=\"pp-table-cell pp-table-cell-318ddf8\"><span class=\"pp-table-cell-content\"><span class=\"pp-table-cell-text\">Lunes 7 de noviembre<\/span><\/span><\/td><\/tr><tr><td class=\"pp-table-cell pp-table-cell-512ef19\"><span class=\"pp-table-cell-content\"><span class=\"pp-table-cell-text\">Anuncio definitivo de propuestas inscritas<\/span><\/span><\/td><td class=\"pp-table-cell pp-table-cell-5bcca94\"><span class=\"pp-table-cell-content\"><span class=\"pp-table-cell-text\">Martes 8 de noviembre<\/span><\/span><\/td><\/tr><tr><td class=\"pp-table-cell pp-table-cell-d4d64df\"><span class=\"pp-table-cell-content\"><span class=\"pp-table-cell-text\">Informe de evaluaci\u00f3n<\/span><\/span><\/td><td class=\"pp-table-cell pp-table-cell-033581a\"><span class=\"pp-table-cell-content\"><span class=\"pp-table-cell-text\">Viernes 11 de noviembre<\/span><\/span><\/td><\/tr><tr><td class=\"pp-table-cell pp-table-cell-9f4d5f3\"><span class=\"pp-table-cell-content\"><span class=\"pp-table-cell-text\">Publicaci\u00f3n de resultados<\/span><\/span><\/td><td class=\"pp-table-cell pp-table-cell-e0ff8be\"><span class=\"pp-table-cell-content\"><span class=\"pp-table-cell-text\">Lunes 14 de noviembre<\/span><\/span><\/td><\/tr><tr><td class=\"pp-table-cell pp-table-cell-8996f73\"><span class=\"pp-table-cell-content\"><span class=\"pp-table-cell-text\">Ejecuci\u00f3n de la propuesta<\/span><\/span><\/td><td class=\"pp-table-cell pp-table-cell-b911b1a\"><span class=\"pp-table-cell-content\"><span class=\"pp-table-cell-text\">Antes de terminar el 2022<\/span><\/span><\/td><\/tr>\t\t<\/tbody>\n\t\t\t\t\t<\/table>\n\t\t<\/div>\n\t\t\t\t<\/div>\n\t\t\t\t<\/div>\n\t\t\t\t<div class=\"elementor-element elementor-element-ca124a9 elementor-widget elementor-widget-heading\" data-id=\"ca124a9\" data-element_type=\"widget\" data-widget_type=\"heading.default\">\n\t\t\t\t<div class=\"elementor-widget-container\">\n\t\t\t<h2 class=\"elementor-heading-title elementor-size-default\"><b>T\u00e9rminos y documentos<\/b> de la convocatoria <\/h2>\t\t<\/div>\n\t\t\t\t<\/div>\n\t\t\t\t<div class=\"elementor-element elementor-element-39de1fc elementor-widget elementor-widget-text-editor\" data-id=\"39de1fc\" data-element_type=\"widget\" data-widget_type=\"text-editor.default\">\n\t\t\t\t<div class=\"elementor-widget-container\">\n\t\t\t\t\t\t\t\t<div class=\"elementor-text-editor elementor-clearfix\">\n\t\t\t\t<p>Conoce aqu\u00ed los t\u00e9rminos, condiciones y lineamientos. Descarga los formatos que debes diligenciar para participar de la Convocatoria de est\u00edmulos para el fortalecimiento a grupos art\u00edsticos y culturales de la poblaci\u00f3n Negra, Afrodescendiente, Raizal y Palenquera.<\/p>\t\t\t\t\t<\/div>\n\t\t\t\t\t\t<\/div>\n\t\t\t\t<\/div>\n\t\t\t\t\t\t<\/div>\n\t\t\t\t\t<\/div>\n\t\t<\/div>\n\t\t\t\t\t\t\t\t<\/div>\n\t\t\t\t\t<\/div>\n\t\t<\/section>\n\t\t\t\t<section class=\"elementor-section elementor-top-section elementor-element elementor-element-be31b71 elementor-section-boxed elementor-section-height-default elementor-section-height-default\" data-id=\"be31b71\" data-element_type=\"section\">\n\t\t\t\t\t\t<div class=\"elementor-container elementor-column-gap-default\">\n\t\t\t\t\t\t\t<div class=\"elementor-row\">\n\t\t\t\t\t<div class=\"elementor-column elementor-col-100 elementor-top-column elementor-element elementor-element-e648283\" data-id=\"e648283\" data-element_type=\"column\">\n\t\t\t<div class=\"elementor-column-wrap elementor-element-populated\">\n\t\t\t\t\t\t\t<div class=\"elementor-widget-wrap\">\n\t\t\t\t\t\t<section class=\"elementor-section elementor-inner-section elementor-element elementor-element-0a70b95 elementor-section-boxed elementor-section-height-default elementor-section-height-default\" data-id=\"0a70b95\" data-element_type=\"section\">\n\t\t\t\t\t\t<div class=\"elementor-container elementor-column-gap-default\">\n\t\t\t\t\t\t\t<div class=\"elementor-row\">\n\t\t\t\t\t<div class=\"elementor-column elementor-col-25 elementor-inner-column elementor-element elementor-element-bac8a06\" data-id=\"bac8a06\" data-element_type=\"column\" data-settings=\"{&quot;background_background&quot;:&quot;classic&quot;}\">\n\t\t\t<div class=\"elementor-column-wrap elementor-element-populated\">\n\t\t\t\t\t\t\t<div class=\"elementor-widget-wrap\">\n\t\t\t\t\t\t<div class=\"elementor-element elementor-element-aea2435 elementor-widget elementor-widget-text-editor\" data-id=\"aea2435\" data-element_type=\"widget\" data-widget_type=\"text-editor.default\">\n\t\t\t\t<div class=\"elementor-widget-container\">\n\t\t\t\t\t\t\t\t<div class=\"elementor-text-editor elementor-clearfix\">\n\t\t\t\t<p><a href=\"https:\/\/www.medellin.gov.co\/es\/wp-content\/uploads\/2022\/10\/Terminos-y-condiciones-de-la-convocatoria-de-estimulos-para-el-fortalecimiento-a-grupos-artisticos-y-culturales-de-la-poblacion-NARP-revis-1.pdf\"><strong>T\u00e9rminos y condiciones de la convocatoria<\/strong><\/a><\/p>\t\t\t\t\t<\/div>\n\t\t\t\t\t\t<\/div>\n\t\t\t\t<\/div>\n\t\t\t\t\t\t<\/div>\n\t\t\t\t\t<\/div>\n\t\t<\/div>\n\t\t\t\t<div class=\"elementor-column elementor-col-25 elementor-inner-column elementor-element elementor-element-cd02595\" data-id=\"cd02595\" data-element_type=\"column\" data-settings=\"{&quot;background_background&quot;:&quot;classic&quot;}\">\n\t\t\t<div class=\"elementor-column-wrap elementor-element-populated\">\n\t\t\t\t\t\t\t<div class=\"elementor-widget-wrap\">\n\t\t\t\t\t\t<div class=\"elementor-element elementor-element-9c2d2c7 elementor-widget elementor-widget-text-editor\" data-id=\"9c2d2c7\" data-element_type=\"widget\" data-widget_type=\"text-editor.default\">\n\t\t\t\t<div class=\"elementor-widget-container\">\n\t\t\t\t\t\t\t\t<div class=\"elementor-text-editor elementor-clearfix\">\n\t\t\t\t<p><strong><a href=\"https:\/\/www.medellin.gov.co\/es\/wp-content\/uploads\/2022\/10\/Formato-de-carta-de-presentacion-Anexo-1-Convocatoria-estimulos-para-el-fortalecimiento-de-grupos-artisticos-y-cultural.pdf\" target=\"_blank\" rel=\"noopener\">Formato de carta de presentaci\u00f3n<\/a><\/strong><\/p>\t\t\t\t\t<\/div>\n\t\t\t\t\t\t<\/div>\n\t\t\t\t<\/div>\n\t\t\t\t\t\t<\/div>\n\t\t\t\t\t<\/div>\n\t\t<\/div>\n\t\t\t\t<div class=\"elementor-column elementor-col-25 elementor-inner-column elementor-element elementor-element-db3c66f\" data-id=\"db3c66f\" data-element_type=\"column\" data-settings=\"{&quot;background_background&quot;:&quot;classic&quot;}\">\n\t\t\t<div class=\"elementor-column-wrap elementor-element-populated\">\n\t\t\t\t\t\t\t<div class=\"elementor-widget-wrap\">\n\t\t\t\t\t\t<div class=\"elementor-element elementor-element-6d95c4f elementor-widget elementor-widget-text-editor\" data-id=\"6d95c4f\" data-element_type=\"widget\" data-widget_type=\"text-editor.default\">\n\t\t\t\t<div class=\"elementor-widget-container\">\n\t\t\t\t\t\t\t\t<div class=\"elementor-text-editor elementor-clearfix\">\n\t\t\t\t<p><strong><a href=\"https:\/\/www.medellin.gov.co\/es\/wp-content\/uploads\/2022\/10\/Formato-de-carta-de-compromiso-Anexo-2-Convocatoria-de-estimulos-para-el-fortalecimiento-de-grupos-artisticos-y-cultural.pdf\" target=\"_blank\" rel=\"noopener\">Formato de carta de compromiso\u00a0<\/a><\/strong><\/p>\t\t\t\t\t<\/div>\n\t\t\t\t\t\t<\/div>\n\t\t\t\t<\/div>\n\t\t\t\t\t\t<\/div>\n\t\t\t\t\t<\/div>\n\t\t<\/div>\n\t\t\t\t<div class=\"elementor-column elementor-col-25 elementor-inner-column elementor-element elementor-element-6d6c959\" data-id=\"6d6c959\" data-element_type=\"column\" data-settings=\"{&quot;background_background&quot;:&quot;classic&quot;}\">\n\t\t\t<div class=\"elementor-column-wrap elementor-element-populated\">\n\t\t\t\t\t\t\t<div class=\"elementor-widget-wrap\">\n\t\t\t\t\t\t<div class=\"elementor-element elementor-element-dcb70cd elementor-widget elementor-widget-text-editor\" data-id=\"dcb70cd\" data-element_type=\"widget\" data-widget_type=\"text-editor.default\">\n\t\t\t\t<div class=\"elementor-widget-container\">\n\t\t\t\t\t\t\t\t<div class=\"elementor-text-editor elementor-clearfix\">\n\t\t\t\t<p><strong><a href=\"https:\/\/www.medellin.gov.co\/es\/wp-content\/uploads\/2022\/10\/Formato-de-propuesta-tecnica-Anexo-3-Convocatoria-de-estimulos-para-el-fortalecimiento-de-grupos-artisticos-y-cu.pdf\" target=\"_blank\" rel=\"noopener\">Formato de propuesta t\u00e9cnica\u00a0<\/a><\/strong><\/p>\t\t\t\t\t<\/div>\n\t\t\t\t\t\t<\/div>\n\t\t\t\t<\/div>\n\t\t\t\t\t\t<\/div>\n\t\t\t\t\t<\/div>\n\t\t<\/div>\n\t\t\t\t\t\t\t\t<\/div>\n\t\t\t\t\t<\/div>\n\t\t<\/section>\n\t\t\t\t\t\t<\/div>\n\t\t\t\t\t<\/div>\n\t\t<\/div>\n\t\t\t\t\t\t\t\t<\/div>\n\t\t\t\t\t<\/div>\n\t\t<\/section>\n\t\t\t\t\t\t\t\t\t<\/div>\n\t\t\t<\/div>\n\t\t\t\t\t<\/div>\n\t\t","protected":false},"excerpt":{"rendered":"<p>Convocatoria de est\u00edmulos para el fortalecimiento a grupos art\u00edsticos y culturales de la poblaci\u00f3n Negra, Afrodescendiente, Raizal y Palenquera La Gerencia \u00c9tnica de la Alcald\u00eda de Medell\u00edn presenta la convocatoria Est\u00edmulos para el fortalecimiento a &#8230;<\/p>\n","protected":false},"author":31,"featured_media":83461,"parent":21616,"menu_order":0,"comment_status":"closed","ping_status":"closed","template":"sec-etnica\/elementor.php","meta":[],"acf":[],"_links":{"self":[{"href":"https:\/\/www.medellin.gov.co\/es\/wp-json\/wp\/v2\/pages\/120488"}],"collection":[{"href":"https:\/\/www.medellin.gov.co\/es\/wp-json\/wp\/v2\/pages"}],"about":[{"href":"https:\/\/www.medellin.gov.co\/es\/wp-json\/wp\/v2\/types\/page"}],"author":[{"embeddable":true,"href":"https:\/\/www.medellin.gov.co\/es\/wp-json\/wp\/v2\/users\/31"}],"replies":[{"embeddable":true,"href":"https:\/\/www.medellin.gov.co\/es\/wp-json\/wp\/v2\/comments?post=120488"}],"version-history":[{"count":10,"href":"https:\/\/www.medellin.gov.co\/es\/wp-json\/wp\/v2\/pages\/120488\/revisions"}],"predecessor-version":[{"id":132955,"href":"https:\/\/www.medellin.gov.co\/es\/wp-json\/wp\/v2\/pages\/120488\/revisions\/132955"}],"up":[{"embeddable":true,"href":"https:\/\/www.medellin.gov.co\/es\/wp-json\/wp\/v2\/pages\/21616"}],"wp:featuredmedia":[{"embeddable":true,"href":"https:\/\/www.medellin.gov.co\/es\/wp-json\/wp\/v2\/media\/83461"}],"wp:attachment":[{"href":"https:\/\/www.medellin.gov.co\/es\/wp-json\/wp\/v2\/media?parent=120488"}],"curies":[{"name":"wp","href":"https:\/\/api.w.org\/{rel}","templated":true}]}}