{"id":121327,"date":"2022-10-21T09:24:51","date_gmt":"2022-10-21T14:24:51","guid":{"rendered":"https:\/\/www.medellin.gov.co\/es\/?page_id=121327"},"modified":"2025-06-16T10:55:45","modified_gmt":"2025-06-16T15:55:45","slug":"formatos-para-tramites-de-enajenacion","status":"publish","type":"page","link":"https:\/\/www.medellin.gov.co\/es\/secretaria-gestion-y-control-territorial\/subsecretaria-de-control-urbanistico\/enajenaciones\/formatos-para-tramites-de-enajenacion\/","title":{"rendered":"Formatos para tr\u00e1mites de enajenaci\u00f3n"},"content":{"rendered":"\t\t<div data-elementor-type=\"wp-page\" data-elementor-id=\"121327\" class=\"elementor elementor-121327\">\n\t\t\t\t\t\t<div class=\"elementor-inner\">\n\t\t\t\t<div class=\"elementor-section-wrap\">\n\t\t\t\t\t\t\t\t\t<section class=\"elementor-section elementor-top-section elementor-element elementor-element-f04c738 elementor-section-boxed elementor-section-height-default elementor-section-height-default\" data-id=\"f04c738\" data-element_type=\"section\">\n\t\t\t\t\t\t<div class=\"elementor-container elementor-column-gap-default\">\n\t\t\t\t\t\t\t<div class=\"elementor-row\">\n\t\t\t\t\t<div class=\"elementor-column elementor-col-100 elementor-top-column elementor-element elementor-element-7088b84\" data-id=\"7088b84\" data-element_type=\"column\">\n\t\t\t<div class=\"elementor-column-wrap elementor-element-populated\">\n\t\t\t\t\t\t\t<div class=\"elementor-widget-wrap\">\n\t\t\t\t\t\t<div class=\"elementor-element elementor-element-3b1d19a elementor-widget elementor-widget-heading\" data-id=\"3b1d19a\" data-element_type=\"widget\" data-widget_type=\"heading.default\">\n\t\t\t\t<div class=\"elementor-widget-container\">\n\t\t\t<h1 class=\"elementor-heading-title elementor-size-default\">Formatos para tr\u00e1mites de enajenaci\u00f3n<\/h1>\t\t<\/div>\n\t\t\t\t<\/div>\n\t\t\t\t<div class=\"elementor-element elementor-element-82fa28a elementor-widget elementor-widget-text-editor\" data-id=\"82fa28a\" data-element_type=\"widget\" data-widget_type=\"text-editor.default\">\n\t\t\t\t<div class=\"elementor-widget-container\">\n\t\t\t\t\t\t\t\t<div class=\"elementor-text-editor elementor-clearfix\">\n\t\t\t\t<p>A continuaci\u00f3n podr\u00e1s descargar todos los formatos relacionados con el tr\u00e1mite del proceso de enajenaci\u00f3n de bienes.<\/p><p><strong>\u2022 <\/strong><a href=\"https:\/\/www.medellin.gov.co\/es\/wp-content\/uploads\/2024\/07\/Solicitud-de-inscripcion-como-enajenador-persona-natural-juridica-OPVs_V3.docx\" target=\"_blank\" rel=\"noopener\"><span style=\"color: #0000fa;\">Solicitud de inscripci\u00f3n como enajenador persona natural-jur\u00eddica-OPVs<\/span><\/a><strong><br \/><\/strong>Con el prop\u00f3sito de obtener inscripci\u00f3n para realizar actividades de enajenaci\u00f3n de bienes inmuebles ante la Subsecretar\u00eda de Control Urban\u00edstico adscrita a la Secretar\u00eda de Gesti\u00f3n y Control Territorial, se solicita la Inscripci\u00f3n como enajenador, de acuerdo a lo establecido en el art\u00edculo 3 del Decreto 2610 de 1979, art\u00edculo 7\u00b0 Decreto 2391 de 1989, art\u00edculo 4\u00b0 Decreto Municipal 341 de 2018 y el art\u00edculo 345\u00b0 numeral 9 del Decreto Municipal 883. El presente registro o inscripci\u00f3n no constituye autorizaci\u00f3n para anunciar o enajenar.<\/p><p><strong>\u2022 <\/strong><a href=\"https:\/\/www.medellin.gov.co\/es\/wp-content\/uploads\/2025\/06\/Radicaciondedocumentosactividadesdepromocionanunciodesarrollodeactividadesdeenaje.xlsx\" target=\"_blank\" rel=\"noopener\"><span style=\"color: #0000fa;\">Solicitud radicado de ventas<\/span><\/a>\u00a0<strong><br \/><\/strong>Documentos necesarios para solicitar el radicado de ventas.\u00a0<\/p><p><strong>\u2022 <\/strong><a href=\"https:\/\/www.medellin.gov.co\/es\/wp-content\/uploads\/2023\/06\/Autorizacion-notificacion-por-correo-electronico.docx\" target=\"_blank\" rel=\"noopener\"><span style=\"color: #0000fa;\">Autorizaci\u00f3n notificaci\u00f3n por correo electr\u00f3nico<\/span><\/a>\u00a0<strong><br \/><\/strong>Autorizaci\u00f3n para que los solicitantes reciban notificaciones v\u00eda correo electr\u00f3nico.\u00a0<\/p><p><strong>\u2022 <\/strong><a href=\"https:\/\/www.medellin.gov.co\/es\/wp-content\/uploads\/2023\/06\/Solicituddepermisoderecepcinanticipadadedineros.docx\" target=\"_blank\" rel=\"noopener\"><span style=\"color: #0000fa;\">Solicitud de permiso de recepci\u00f3n anticipada de dineros<\/span><\/a>\u00a0<strong><br \/><\/strong>Para los proyectos que sean adelantados directamente por las Organizaciones Populares de Vivienda, conforme a la Ley 66 de 1968, Decreto 078 de 1987, Decreto 2391 de 1989 y el Decreto Municipal 341 de 2018, se deber\u00e1 solicitar el permiso de recepci\u00f3n anticipada de dineros con destino al desarrollo de programas de vivienda para los afiliados de las organizaciones populares de vivienda.\u00a0<\/p><p><strong>\u2022 <\/strong><a href=\"https:\/\/www.medellin.gov.co\/es\/wp-content\/uploads\/2023\/06\/Solicitud-de-permiso-de-Escrituracion.doc\" target=\"_blank\" rel=\"noopener\"><span style=\"color: #0000fa;\">Solicitud de permiso de escrituraci\u00f3n<\/span><\/a>\u00a0<strong><br \/><\/strong>Para los proyectos que sean adelantados directamente por las Organizaciones Populares de Vivienda, conforme a lo expuesto en el numeral 13.9 del art\u00edculo 13 del Decreto 341 de 2018, se deber\u00e1 solicitar el permiso de escrituraci\u00f3n, con el fin de transferir del dominio a los afiliados beneficiarios del programa o proyecto de vivienda, el cual se otorgar\u00e1 previa solicitud del interesado, siempre y cuando se haya acreditado el cumplimiento de las obras de urbanismo y construcci\u00f3n y cumplido con las dem\u00e1s obligaciones definidas en este Decreto.\u00a0<em>El otorgamiento de este permiso se encuentra supeditado a la visita del profesional t\u00e9cnico de zona para verificar que los proyectos cumplen con los criterios de seguridad y habitabilidad.\u00a0<\/em><\/p>\t\t\t\t\t<\/div>\n\t\t\t\t\t\t<\/div>\n\t\t\t\t<\/div>\n\t\t\t\t\t\t<\/div>\n\t\t\t\t\t<\/div>\n\t\t<\/div>\n\t\t\t\t\t\t\t\t<\/div>\n\t\t\t\t\t<\/div>\n\t\t<\/section>\n\t\t\t\t\t\t\t\t\t<\/div>\n\t\t\t<\/div>\n\t\t\t\t\t<\/div>\n\t\t","protected":false},"excerpt":{"rendered":"<p>Formatos para tr\u00e1mites de enajenaci\u00f3n A continuaci\u00f3n podr\u00e1s descargar todos los formatos relacionados con el tr\u00e1mite del proceso de enajenaci\u00f3n de bienes. \u2022 Solicitud de inscripci\u00f3n como enajenador persona natural-jur\u00eddica-OPVsCon el prop\u00f3sito de obtener inscripci\u00f3n &#8230;<\/p>\n","protected":false},"author":31,"featured_media":113560,"parent":120826,"menu_order":0,"comment_status":"closed","ping_status":"closed","template":"sec-gestion-y-control\/elementor.php","meta":[],"acf":[],"_links":{"self":[{"href":"https:\/\/www.medellin.gov.co\/es\/wp-json\/wp\/v2\/pages\/121327"}],"collection":[{"href":"https:\/\/www.medellin.gov.co\/es\/wp-json\/wp\/v2\/pages"}],"about":[{"href":"https:\/\/www.medellin.gov.co\/es\/wp-json\/wp\/v2\/types\/page"}],"author":[{"embeddable":true,"href":"https:\/\/www.medellin.gov.co\/es\/wp-json\/wp\/v2\/users\/31"}],"replies":[{"embeddable":true,"href":"https:\/\/www.medellin.gov.co\/es\/wp-json\/wp\/v2\/comments?post=121327"}],"version-history":[{"count":10,"href":"https:\/\/www.medellin.gov.co\/es\/wp-json\/wp\/v2\/pages\/121327\/revisions"}],"predecessor-version":[{"id":420097,"href":"https:\/\/www.medellin.gov.co\/es\/wp-json\/wp\/v2\/pages\/121327\/revisions\/420097"}],"up":[{"embeddable":true,"href":"https:\/\/www.medellin.gov.co\/es\/wp-json\/wp\/v2\/pages\/120826"}],"wp:featuredmedia":[{"embeddable":true,"href":"https:\/\/www.medellin.gov.co\/es\/wp-json\/wp\/v2\/media\/113560"}],"wp:attachment":[{"href":"https:\/\/www.medellin.gov.co\/es\/wp-json\/wp\/v2\/media?parent=121327"}],"curies":[{"name":"wp","href":"https:\/\/api.w.org\/{rel}","templated":true}]}}