{"id":122488,"date":"2022-10-24T12:02:46","date_gmt":"2022-10-24T17:02:46","guid":{"rendered":"https:\/\/www.medellin.gov.co\/es\/?page_id=122488"},"modified":"2025-12-04T12:59:40","modified_gmt":"2025-12-04T17:59:40","slug":"ingreso-subsidiado-a-museos-y-parques","status":"publish","type":"page","link":"https:\/\/www.medellin.gov.co\/es\/secretaria-cultura-ciudadana\/nos-mueve-la-cultura\/ingreso-subsidiado-a-museos-y-parques\/","title":{"rendered":"Ingreso subsidiado a museos y parques"},"content":{"rendered":"\t\t<div data-elementor-type=\"wp-page\" data-elementor-id=\"122488\" class=\"elementor elementor-122488\">\n\t\t\t\t\t\t<div class=\"elementor-inner\">\n\t\t\t\t<div class=\"elementor-section-wrap\">\n\t\t\t\t\t\t\t\t\t<section class=\"elementor-section elementor-top-section elementor-element elementor-element-7a48fbd elementor-section-boxed elementor-section-height-default elementor-section-height-default\" data-id=\"7a48fbd\" data-element_type=\"section\">\n\t\t\t\t\t\t<div class=\"elementor-container elementor-column-gap-default\">\n\t\t\t\t\t\t\t<div class=\"elementor-row\">\n\t\t\t\t\t<div class=\"elementor-column elementor-col-100 elementor-top-column elementor-element elementor-element-ce4ff77\" data-id=\"ce4ff77\" data-element_type=\"column\">\n\t\t\t<div class=\"elementor-column-wrap elementor-element-populated\">\n\t\t\t\t\t\t\t<div class=\"elementor-widget-wrap\">\n\t\t\t\t\t\t<div class=\"elementor-element elementor-element-ab42086 elementor-widget elementor-widget-heading\" data-id=\"ab42086\" data-element_type=\"widget\" data-widget_type=\"heading.default\">\n\t\t\t\t<div class=\"elementor-widget-container\">\n\t\t\t<h1 class=\"elementor-heading-title elementor-size-default\">Ingreso subsidiado a museos y parques<\/h1>\t\t<\/div>\n\t\t\t\t<\/div>\n\t\t\t\t<section class=\"elementor-section elementor-inner-section elementor-element elementor-element-a0dd67f elementor-section-boxed elementor-section-height-default elementor-section-height-default\" data-id=\"a0dd67f\" data-element_type=\"section\">\n\t\t\t\t\t\t<div class=\"elementor-container elementor-column-gap-default\">\n\t\t\t\t\t\t\t<div class=\"elementor-row\">\n\t\t\t\t\t<div class=\"elementor-column elementor-col-50 elementor-inner-column elementor-element elementor-element-0c58d97\" data-id=\"0c58d97\" data-element_type=\"column\">\n\t\t\t<div class=\"elementor-column-wrap elementor-element-populated\">\n\t\t\t\t\t\t\t<div class=\"elementor-widget-wrap\">\n\t\t\t\t\t\t<div class=\"elementor-element elementor-element-161e9ed elementor-widget elementor-widget-text-editor\" data-id=\"161e9ed\" data-element_type=\"widget\" data-widget_type=\"text-editor.default\">\n\t\t\t\t<div class=\"elementor-widget-container\">\n\t\t\t\t\t\t\t\t<div class=\"elementor-text-editor elementor-clearfix\">\n\t\t\t\t<p>Por este programa se posibilita la entrada gratuita de diferentes grupos de la comunidad a los principales museos de la ciudad, as\u00ed como a otros sitios de inter\u00e9s como el Parque Explora y el Jard\u00edn Bot\u00e1nico. De esta forma se busca que la ciudadan\u00eda tenga mayores posibilidades de acceso a los espacios culturales que brinda la ciudad.<\/p>\t\t\t\t\t<\/div>\n\t\t\t\t\t\t<\/div>\n\t\t\t\t<\/div>\n\t\t\t\t\t\t<\/div>\n\t\t\t\t\t<\/div>\n\t\t<\/div>\n\t\t\t\t<div class=\"elementor-column elementor-col-50 elementor-inner-column elementor-element elementor-element-90be7ef\" data-id=\"90be7ef\" data-element_type=\"column\">\n\t\t\t<div class=\"elementor-column-wrap elementor-element-populated\">\n\t\t\t\t\t\t\t<div class=\"elementor-widget-wrap\">\n\t\t\t\t\t\t<div class=\"elementor-element elementor-element-17de860 elementor-widget elementor-widget-image\" data-id=\"17de860\" data-element_type=\"widget\" data-widget_type=\"image.default\">\n\t\t\t\t<div class=\"elementor-widget-container\">\n\t\t\t\t\t\t\t\t<div class=\"elementor-image\">\n\t\t\t\t\t\t\t\t\t\t\t\t<img width=\"500\" height=\"400\" src=\"https:\/\/www.medellin.gov.co\/es\/wp-content\/uploads\/2022\/02\/Museo-de-Antioquia.jpg\" class=\"attachment-large size-large\" alt=\"Museo-de-Antioquia\" loading=\"lazy\" srcset=\"https:\/\/www.medellin.gov.co\/es\/wp-content\/uploads\/2022\/02\/Museo-de-Antioquia.jpg 500w, https:\/\/www.medellin.gov.co\/es\/wp-content\/uploads\/2022\/02\/Museo-de-Antioquia-300x240.jpg 300w, https:\/\/www.medellin.gov.co\/es\/wp-content\/uploads\/2022\/02\/Museo-de-Antioquia-150x120.jpg 150w\" sizes=\"(max-width: 500px) 100vw, 500px\" \/>\t\t\t\t\t\t\t\t\t\t\t\t\t\t<\/div>\n\t\t\t\t\t\t<\/div>\n\t\t\t\t<\/div>\n\t\t\t\t\t\t<\/div>\n\t\t\t\t\t<\/div>\n\t\t<\/div>\n\t\t\t\t\t\t\t\t<\/div>\n\t\t\t\t\t<\/div>\n\t\t<\/section>\n\t\t\t\t<div class=\"elementor-element elementor-element-ad19b16 elementor-widget elementor-widget-heading\" data-id=\"ad19b16\" data-element_type=\"widget\" data-widget_type=\"heading.default\">\n\t\t\t\t<div class=\"elementor-widget-container\">\n\t\t\t<h2 class=\"elementor-heading-title elementor-size-default\"><b>\u00bfQui\u00e9nes est\u00e1n <\/b> beneficiados con el acceso libre y c\u00f3mo acceder al beneficio?<\/h2>\t\t<\/div>\n\t\t\t\t<\/div>\n\t\t\t\t<section class=\"elementor-section elementor-inner-section elementor-element elementor-element-8cdd938 elementor-section-boxed elementor-section-height-default elementor-section-height-default\" data-id=\"8cdd938\" data-element_type=\"section\">\n\t\t\t\t\t\t<div class=\"elementor-container elementor-column-gap-default\">\n\t\t\t\t\t\t\t<div class=\"elementor-row\">\n\t\t\t\t\t<div class=\"elementor-column elementor-col-50 elementor-inner-column elementor-element elementor-element-2a097e7\" data-id=\"2a097e7\" data-element_type=\"column\">\n\t\t\t<div class=\"elementor-column-wrap elementor-element-populated\">\n\t\t\t\t\t\t\t<div class=\"elementor-widget-wrap\">\n\t\t\t\t\t\t<div class=\"elementor-element elementor-element-d4a109f elementor-widget elementor-widget-heading\" data-id=\"d4a109f\" data-element_type=\"widget\" data-widget_type=\"heading.default\">\n\t\t\t\t<div class=\"elementor-widget-container\">\n\t\t\t<h3 class=\"elementor-heading-title elementor-size-default\">Museo de Antioquia<\/h3>\t\t<\/div>\n\t\t\t\t<\/div>\n\t\t\t\t<div class=\"elementor-element elementor-element-e410a27 elementor-widget elementor-widget-text-editor\" data-id=\"e410a27\" data-element_type=\"widget\" data-widget_type=\"text-editor.default\">\n\t\t\t\t<div class=\"elementor-widget-container\">\n\t\t\t\t\t\t\t\t<div class=\"elementor-text-editor elementor-clearfix\">\n\t\t\t\t<p>La entrada es gratuita para los siguientes grupos:<\/p><p>Ni\u00f1os menores de 12 a\u00f1os, <br \/>Estratos 1,2 y 3<br \/>Personas mayores de 60 a\u00f1os, <br \/>Personas de comunidades ind\u00edgenas<br \/>Discapacitados<br \/>Estudiantes de todos los niveles que presenten carnet.<\/p><p>Para ingresar no se necesita ning\u00fan tipo de boleta. S\u00f3lo es necesario ir en los horarios establecidos que son de lunes a s\u00e1bado de 10:00 a.m. a 6:00 p.m. y los domingos y festivos de 10:00 a.m. a 4:00 p.m.<\/p><p>Contacto:<br \/>Mauricio Turriago <br \/>Carrera 52 N\u00b0 52 &#8211; 43 <br \/>Tel\u00e9fono: 6042513636<\/p>\t\t\t\t\t<\/div>\n\t\t\t\t\t\t<\/div>\n\t\t\t\t<\/div>\n\t\t\t\t\t\t<\/div>\n\t\t\t\t\t<\/div>\n\t\t<\/div>\n\t\t\t\t<div class=\"elementor-column elementor-col-50 elementor-inner-column elementor-element elementor-element-4da4452\" data-id=\"4da4452\" data-element_type=\"column\">\n\t\t\t<div class=\"elementor-column-wrap elementor-element-populated\">\n\t\t\t\t\t\t\t<div class=\"elementor-widget-wrap\">\n\t\t\t\t\t\t<div class=\"elementor-element elementor-element-68f82f4 elementor-widget elementor-widget-heading\" data-id=\"68f82f4\" data-element_type=\"widget\" data-widget_type=\"heading.default\">\n\t\t\t\t<div class=\"elementor-widget-container\">\n\t\t\t<h3 class=\"elementor-heading-title elementor-size-default\">Museo de Arte Moderno-MAMM <\/h3>\t\t<\/div>\n\t\t\t\t<\/div>\n\t\t\t\t<div class=\"elementor-element elementor-element-7e4befa elementor-widget elementor-widget-text-editor\" data-id=\"7e4befa\" data-element_type=\"widget\" data-widget_type=\"text-editor.default\">\n\t\t\t\t<div class=\"elementor-widget-container\">\n\t\t\t\t\t\t\t\t<div class=\"elementor-text-editor elementor-clearfix\">\n\t\t\t\t<p>La entrada es gratuita para los siguientes grupos:<\/p><ul><li>Ni\u00f1os y ni\u00f1as menores de 6 a\u00f1os<\/li><li>Estratos 1,2 y 3 de la ciudad de Medell\u00edn<\/li><li>Categor\u00eda A,B y C del SISBEN<br \/><br \/>Hay descuento en la boleter\u00eda para estudiantes con carnet vigente, mayores de 60 a\u00f1os, ni\u00f1as y ni\u00f1os entre los 6 y los 12 a\u00f1os y afiliados a Comfama.<\/li><\/ul><p>Los horarios habilitados son:<\/p><ul><li>De martes a viernes de 11:00 a.m. a 7:00 p.m.<\/li><li>S\u00e1bados, domingos y festivos de 11:00 a.m. a 6:00 p.m.\u00a0<\/li><li>Los lunes y martes despu\u00e9s de festivo, el Museo cierra sus puertas.<\/li><\/ul><p>Est\u00e1 ubicado en Ciudad del R\u00edo.<\/p><p>Contacto:<br \/>Mar\u00eda Mercedes Gonz\u00e1lez<br \/>Directora MAMM<br \/>Carrera 44 # 19 A \u2013 100. (Av. Los Industriales)<br \/>Tel: 6044442622<\/p>\t\t\t\t\t<\/div>\n\t\t\t\t\t\t<\/div>\n\t\t\t\t<\/div>\n\t\t\t\t\t\t<\/div>\n\t\t\t\t\t<\/div>\n\t\t<\/div>\n\t\t\t\t\t\t\t\t<\/div>\n\t\t\t\t\t<\/div>\n\t\t<\/section>\n\t\t\t\t<section class=\"elementor-section elementor-inner-section elementor-element elementor-element-6f9588a elementor-section-boxed elementor-section-height-default elementor-section-height-default\" data-id=\"6f9588a\" data-element_type=\"section\">\n\t\t\t\t\t\t<div class=\"elementor-container elementor-column-gap-default\">\n\t\t\t\t\t\t\t<div class=\"elementor-row\">\n\t\t\t\t\t<div class=\"elementor-column elementor-col-50 elementor-inner-column elementor-element elementor-element-415e284\" data-id=\"415e284\" data-element_type=\"column\">\n\t\t\t<div class=\"elementor-column-wrap elementor-element-populated\">\n\t\t\t\t\t\t\t<div class=\"elementor-widget-wrap\">\n\t\t\t\t\t\t<div class=\"elementor-element elementor-element-1854426 elementor-widget elementor-widget-heading\" data-id=\"1854426\" data-element_type=\"widget\" data-widget_type=\"heading.default\">\n\t\t\t\t<div class=\"elementor-widget-container\">\n\t\t\t<h3 class=\"elementor-heading-title elementor-size-default\">Casa Museo Pedro Nel G\u00f3mez<\/h3>\t\t<\/div>\n\t\t\t\t<\/div>\n\t\t\t\t<div class=\"elementor-element elementor-element-5a82f60 elementor-widget elementor-widget-text-editor\" data-id=\"5a82f60\" data-element_type=\"widget\" data-widget_type=\"text-editor.default\">\n\t\t\t\t<div class=\"elementor-widget-container\">\n\t\t\t\t\t\t\t\t<div class=\"elementor-text-editor elementor-clearfix\">\n\t\t\t\t<p>La ciudadan\u00eda en general tiene ingreso gratuito a la casa museo durante todo el a\u00f1o.<\/p><p>Los horarios son de lunes a s\u00e1bado de 9:00 a.m. a 5:00 p.m.; domingos y festivos de 10:00 a.m. a 4:00 p.m.<\/p><p>Contacto:<br \/>Carlos Vel\u00e1squez <br \/>Carrera 51B N\u00ba 85 \u2013 24, Barrio Aranjuez <br \/>Tel\u00e9fono: 6042332633<\/p>\t\t\t\t\t<\/div>\n\t\t\t\t\t\t<\/div>\n\t\t\t\t<\/div>\n\t\t\t\t\t\t<\/div>\n\t\t\t\t\t<\/div>\n\t\t<\/div>\n\t\t\t\t<div class=\"elementor-column elementor-col-50 elementor-inner-column elementor-element elementor-element-c8b7a11\" data-id=\"c8b7a11\" data-element_type=\"column\">\n\t\t\t<div class=\"elementor-column-wrap elementor-element-populated\">\n\t\t\t\t\t\t\t<div class=\"elementor-widget-wrap\">\n\t\t\t\t\t\t<div class=\"elementor-element elementor-element-6134839 elementor-widget elementor-widget-heading\" data-id=\"6134839\" data-element_type=\"widget\" data-widget_type=\"heading.default\">\n\t\t\t\t<div class=\"elementor-widget-container\">\n\t\t\t<h3 class=\"elementor-heading-title elementor-size-default\">Jard\u00edn Bot\u00e1nico<\/h3>\t\t<\/div>\n\t\t\t\t<\/div>\n\t\t\t\t<div class=\"elementor-element elementor-element-ff61f29 elementor-widget elementor-widget-text-editor\" data-id=\"ff61f29\" data-element_type=\"widget\" data-widget_type=\"text-editor.default\">\n\t\t\t\t<div class=\"elementor-widget-container\">\n\t\t\t\t\t\t\t\t<div class=\"elementor-text-editor elementor-clearfix\">\n\t\t\t\t<p>Durante todo el a\u00f1o la entrada es libre para la ciudadan\u00eda en general, sin embargo en ocasiones se realizan eventos especiales que s\u00ed tienen un valor de ingreso.<\/p><p>Para ir al Jard\u00edn Bot\u00e1nico no hay que hacer reserva, pero si es importante confirmar antes para que no coincida con un evento privado. El lugar est\u00e1 abierto durante toda la semana.<\/p><p>Contacto:<br \/>Lina P\u00e9rez Sabala <br \/>Carrera 52 N\u00ba 73 &#8211; 298 <br \/>Tel\u00e9fono: 6044445500<\/p>\t\t\t\t\t<\/div>\n\t\t\t\t\t\t<\/div>\n\t\t\t\t<\/div>\n\t\t\t\t\t\t<\/div>\n\t\t\t\t\t<\/div>\n\t\t<\/div>\n\t\t\t\t\t\t\t\t<\/div>\n\t\t\t\t\t<\/div>\n\t\t<\/section>\n\t\t\t\t\t\t<\/div>\n\t\t\t\t\t<\/div>\n\t\t<\/div>\n\t\t\t\t\t\t\t\t<\/div>\n\t\t\t\t\t<\/div>\n\t\t<\/section>\n\t\t\t\t\t\t\t\t\t<\/div>\n\t\t\t<\/div>\n\t\t\t\t\t<\/div>\n\t\t","protected":false},"excerpt":{"rendered":"<p>Ingreso subsidiado a museos y parques Por este programa se posibilita la entrada gratuita de diferentes grupos de la comunidad a los principales museos de la ciudad, as\u00ed como a otros sitios de inter\u00e9s como &#8230;<\/p>\n","protected":false},"author":31,"featured_media":45669,"parent":7567,"menu_order":0,"comment_status":"closed","ping_status":"closed","template":"sec-cultura\/elementor.php","meta":[],"acf":[],"_links":{"self":[{"href":"https:\/\/www.medellin.gov.co\/es\/wp-json\/wp\/v2\/pages\/122488"}],"collection":[{"href":"https:\/\/www.medellin.gov.co\/es\/wp-json\/wp\/v2\/pages"}],"about":[{"href":"https:\/\/www.medellin.gov.co\/es\/wp-json\/wp\/v2\/types\/page"}],"author":[{"embeddable":true,"href":"https:\/\/www.medellin.gov.co\/es\/wp-json\/wp\/v2\/users\/31"}],"replies":[{"embeddable":true,"href":"https:\/\/www.medellin.gov.co\/es\/wp-json\/wp\/v2\/comments?post=122488"}],"version-history":[{"count":10,"href":"https:\/\/www.medellin.gov.co\/es\/wp-json\/wp\/v2\/pages\/122488\/revisions"}],"predecessor-version":[{"id":485277,"href":"https:\/\/www.medellin.gov.co\/es\/wp-json\/wp\/v2\/pages\/122488\/revisions\/485277"}],"up":[{"embeddable":true,"href":"https:\/\/www.medellin.gov.co\/es\/wp-json\/wp\/v2\/pages\/7567"}],"wp:featuredmedia":[{"embeddable":true,"href":"https:\/\/www.medellin.gov.co\/es\/wp-json\/wp\/v2\/media\/45669"}],"wp:attachment":[{"href":"https:\/\/www.medellin.gov.co\/es\/wp-json\/wp\/v2\/media?parent=122488"}],"curies":[{"name":"wp","href":"https:\/\/api.w.org\/{rel}","templated":true}]}}