{"id":12358,"date":"2021-09-03T12:02:16","date_gmt":"2021-09-03T17:02:16","guid":{"rendered":"https:\/\/www.medellin.gov.co\/es\/?page_id=12358"},"modified":"2025-03-13T17:28:30","modified_gmt":"2025-03-13T22:28:30","slug":"que-hace","status":"publish","type":"page","link":"https:\/\/www.medellin.gov.co\/es\/secretaria-privada\/que-hace\/","title":{"rendered":"Funciones y composici\u00f3n de la Secretar\u00eda Privada"},"content":{"rendered":"\t\t<div data-elementor-type=\"wp-page\" data-elementor-id=\"12358\" class=\"elementor elementor-12358\">\n\t\t\t\t\t\t<div class=\"elementor-inner\">\n\t\t\t\t<div class=\"elementor-section-wrap\">\n\t\t\t\t\t\t\t\t\t<section class=\"elementor-section elementor-top-section elementor-element elementor-element-3142d15 elementor-section-boxed elementor-section-height-default elementor-section-height-default\" data-id=\"3142d15\" data-element_type=\"section\">\n\t\t\t\t\t\t<div class=\"elementor-container elementor-column-gap-default\">\n\t\t\t\t\t\t\t<div class=\"elementor-row\">\n\t\t\t\t\t<div class=\"elementor-column elementor-col-100 elementor-top-column elementor-element elementor-element-2ec4f96\" data-id=\"2ec4f96\" data-element_type=\"column\">\n\t\t\t<div class=\"elementor-column-wrap elementor-element-populated\">\n\t\t\t\t\t\t\t<div class=\"elementor-widget-wrap\">\n\t\t\t\t\t\t<div class=\"elementor-element elementor-element-989eb98 elementor-widget elementor-widget-heading\" data-id=\"989eb98\" data-element_type=\"widget\" data-widget_type=\"heading.default\">\n\t\t\t\t<div class=\"elementor-widget-container\">\n\t\t\t<h1 class=\"elementor-heading-title elementor-size-default\">Funciones y composici\u00f3n de la Secretar\u00eda Privada<\/h1>\t\t<\/div>\n\t\t\t\t<\/div>\n\t\t\t\t<div class=\"elementor-element elementor-element-8a36c7c elementor-widget elementor-widget-heading\" data-id=\"8a36c7c\" data-element_type=\"widget\" id=\"func_secre\" data-widget_type=\"heading.default\">\n\t\t\t\t<div class=\"elementor-widget-container\">\n\t\t\t<h2 class=\"elementor-heading-title elementor-size-default\">\u00bf<b>Qu\u00e9 hace<\/b> la Secretar\u00eda Privada?<\/h2>\t\t<\/div>\n\t\t\t\t<\/div>\n\t\t\t\t<div class=\"elementor-element elementor-element-9980773 elementor-widget elementor-widget-image\" data-id=\"9980773\" data-element_type=\"widget\" data-widget_type=\"image.default\">\n\t\t\t\t<div class=\"elementor-widget-container\">\n\t\t\t\t\t\t\t\t<div class=\"elementor-image\">\n\t\t\t\t\t\t\t\t\t\t\t\t<img width=\"1024\" height=\"683\" src=\"https:\/\/www.medellin.gov.co\/es\/wp-content\/uploads\/2021\/08\/centro-medellin-1024x683.jpg\" class=\"attachment-large size-large\" alt=\"Centro de Medell\u00edn\" loading=\"lazy\" srcset=\"https:\/\/www.medellin.gov.co\/es\/wp-content\/uploads\/2021\/08\/centro-medellin-1024x683.jpg 1024w, https:\/\/www.medellin.gov.co\/es\/wp-content\/uploads\/2021\/08\/centro-medellin-300x200.jpg 300w, https:\/\/www.medellin.gov.co\/es\/wp-content\/uploads\/2021\/08\/centro-medellin-150x100.jpg 150w, https:\/\/www.medellin.gov.co\/es\/wp-content\/uploads\/2021\/08\/centro-medellin-768x512.jpg 768w, https:\/\/www.medellin.gov.co\/es\/wp-content\/uploads\/2021\/08\/centro-medellin.jpg 1200w\" sizes=\"(max-width: 1024px) 100vw, 1024px\" \/>\t\t\t\t\t\t\t\t\t\t\t\t\t\t<\/div>\n\t\t\t\t\t\t<\/div>\n\t\t\t\t<\/div>\n\t\t\t\t<div class=\"elementor-element elementor-element-cb7dcd0 elementor-widget elementor-widget-text-editor\" data-id=\"cb7dcd0\" data-element_type=\"widget\" data-widget_type=\"text-editor.default\">\n\t\t\t\t<div class=\"elementor-widget-container\">\n\t\t\t\t\t\t\t\t<div class=\"elementor-text-editor elementor-clearfix\">\n\t\t\t\t<p>La Secretar\u00eda Privada tiene la funci\u00f3n de articular, coordinar y hacer seguimiento al modelo de Conglomerado P\u00fablico de Medell\u00edn, conforme a las l\u00edneas estrat\u00e9gicas que imparta el alcalde. Tambi\u00e9n une puntos para hacer que las cosas pasen de manera articulada entre el sector central y descentralizado, buscando una mayor eficiencia y eficacia; logrando de esta forma sinergias que generen valor social y econ\u00f3mico, un mayor impacto en el territorio, satisfacer las necesidades de la ciudadan\u00eda y el cumplimiento del Plan de Desarrollo Medell\u00edn Futuro.<\/p>\t\t\t\t\t<\/div>\n\t\t\t\t\t\t<\/div>\n\t\t\t\t<\/div>\n\t\t\t\t<div class=\"elementor-element elementor-element-9e7b53b elementor-widget elementor-widget-heading\" data-id=\"9e7b53b\" data-element_type=\"widget\" data-widget_type=\"heading.default\">\n\t\t\t\t<div class=\"elementor-widget-container\">\n\t\t\t<h2 class=\"elementor-heading-title elementor-size-default\"><b>Funciones <\/b>de la Secretar\u00eda Privada<\/h2>\t\t<\/div>\n\t\t\t\t<\/div>\n\t\t\t\t<div class=\"elementor-element elementor-element-71bf52b elementor-widget elementor-widget-text-editor\" data-id=\"71bf52b\" data-element_type=\"widget\" data-widget_type=\"text-editor.default\">\n\t\t\t\t<div class=\"elementor-widget-container\">\n\t\t\t\t\t\t\t\t<div class=\"elementor-text-editor elementor-clearfix\">\n\t\t\t\t<ol><li>Organizar y asistir las actividades necesarias que demande el alcalde para el ejercicio de las facultades constitucionales y legales que le corresponden como primera autoridad del Municipio.<\/li><li>Asesorar al alcalde en la recepci\u00f3n, tr\u00e1mite y seguimiento de comunicaciones dirigidas a su despacho por entidades p\u00fablicas y privadas, nacionales y extranjeras y por los ciudadanos en general.<\/li><li>Ejercer la secretar\u00eda t\u00e9cnica del Consejo de Gobierno e instancias de coordinaci\u00f3n que presida el alcalde y realizar el seguimiento de las decisiones adoptadas.<\/li><\/ol><ol start=\"4\"><li>Liderar los procedimientos de manejo de la agenda y tr\u00e1mites de comunicaciones del alcalde.<\/li><\/ol><ol start=\"5\"><li>Prestar el apoyo log\u00edstico y administrativo al Despacho del Alcalde para el ejercicio de las facultades y funciones municipales.<\/li><\/ol><ol start=\"6\"><li>Asistir a las Juntas Directivas o Consejos Directivos que el alcalde le delegue.<\/li><\/ol><ol start=\"7\"><li>Realizar seguimiento a los asuntos pendientes de resoluci\u00f3n que corresponda decidir al alcalde en los temas de su competencia o por expresa delegaci\u00f3n de \u00e9ste.<\/li><\/ol><ol start=\"8\"><li>Dar tr\u00e1mite a las solicitudes de audiencias protocolarias con el alcalde que presenten los jefes de misiones extranjeras, servidores oficiales extranjeros y servidores de organismos internacionales.<\/li><\/ol><ol start=\"9\"><li>Articular, coordinar y hacer seguimiento a la operaci\u00f3n del modelo del Conglomerado P\u00fablico\u00a0 Municipio de Medell\u00edn, bajo las l\u00edneas estrat\u00e9gicas que imparta el alcalde y sin perjuicio de la competencia de los responsables de cada pilar del modelo.<\/li><\/ol><ol start=\"10\"><li>Liderar, direccionar y hacer seguimiento a la implementaci\u00f3n y operaci\u00f3n del pilar de Gobierno Corporativo, conforme a los lineamientos del Modelo Conglomerado P\u00fablico Municipio de Medell\u00edn.<\/li><\/ol><ol start=\"11\"><li>Direccionar el manejo de las relaciones p\u00fablicas del alcalde con los diferentes grupos de inter\u00e9s o p\u00fablicos objetivos.<\/li><\/ol><ol start=\"12\"><li>Coordinar con la Secretar\u00eda de Suministros y Servicios la realizaci\u00f3n de los contratos necesarios para obtener los bienes y servicios requeridos y ejercer la supervisi\u00f3n t\u00e9cnica de los mismos.<\/li><\/ol><ol start=\"13\"><li>Implementar y ejecutar las pol\u00edticas y directrices que orienten los procesos de apoyo.<\/li><\/ol><ol start=\"14\"><li>Implementar y ejecutar las pol\u00edticas y directrices que establezca la Secretar\u00eda de Gesti\u00f3n Humana y Servicio a la Ciudadan\u00eda, en materia de gesti\u00f3n de tr\u00e1mites, procedimientos administrativos, peticiones, quejas, reclamos y sugerencias.<\/li><\/ol><ol start=\"15\"><li>Implementar y ejecutar las pol\u00edticas y directrices que orienten el Plan de Ordenamiento Territorial en el \u00e1mbito de sus funciones.<\/li><\/ol><ol start=\"16\"><li>Implementar, mantener y mejorar el Sistema Integral de Gesti\u00f3n para los procesos que dirige o participa, de acuerdo con las directrices definidas por la entidad.<\/li><\/ol>\t\t\t\t\t<\/div>\n\t\t\t\t\t\t<\/div>\n\t\t\t\t<\/div>\n\t\t\t\t<div class=\"elementor-element elementor-element-1056f87 elementor-tablet-align-left elementor-mobile-align-center elementor-widget elementor-widget-button\" data-id=\"1056f87\" data-element_type=\"widget\" data-widget_type=\"button.default\">\n\t\t\t\t<div class=\"elementor-widget-container\">\n\t\t\t\t\t<div class=\"elementor-button-wrapper\">\n\t\t\t<a href=\"https:\/\/www.medellin.gov.co\/normograma\/docs\/astrea\/docs\/d_alcamed_0883_2015.htm\" target=\"_blank\" class=\"elementor-button-link elementor-button elementor-size-sm\" role=\"button\">\n\t\t\t\t\t\t<span class=\"elementor-button-content-wrapper\">\n\t\t\t\t\t\t<span class=\"elementor-button-text\">Conoce el decreto<\/span>\n\t\t<\/span>\n\t\t\t\t\t<\/a>\n\t\t<\/div>\n\t\t\t\t<\/div>\n\t\t\t\t<\/div>\n\t\t\t\t<div class=\"elementor-element elementor-element-0a781ad elementor-widget elementor-widget-heading\" data-id=\"0a781ad\" data-element_type=\"widget\" id=\"comp_secre\" data-widget_type=\"heading.default\">\n\t\t\t\t<div class=\"elementor-widget-container\">\n\t\t\t<h2 class=\"elementor-heading-title elementor-size-default\"><b>Composici\u00f3n <\/b>de la Secretar\u00eda Privada<\/h2>\t\t<\/div>\n\t\t\t\t<\/div>\n\t\t\t\t<div class=\"elementor-element elementor-element-1cc9bcb elementor-widget elementor-widget-text-editor\" data-id=\"1cc9bcb\" data-element_type=\"widget\" data-widget_type=\"text-editor.default\">\n\t\t\t\t<div class=\"elementor-widget-container\">\n\t\t\t\t\t\t\t\t<div class=\"elementor-text-editor elementor-clearfix\">\n\t\t\t\t<p>La estructura administrativa de la Secretar\u00eda Privada est\u00e1 conformada por:<\/p>\t\t\t\t\t<\/div>\n\t\t\t\t\t\t<\/div>\n\t\t\t\t<\/div>\n\t\t\t\t<section class=\"elementor-section elementor-inner-section elementor-element elementor-element-0baaceb elementor-reverse-tablet elementor-reverse-mobile elementor-section-boxed elementor-section-height-default elementor-section-height-default\" data-id=\"0baaceb\" data-element_type=\"section\">\n\t\t\t\t\t\t<div class=\"elementor-container elementor-column-gap-default\">\n\t\t\t\t\t\t\t<div class=\"elementor-row\">\n\t\t\t\t\t<div class=\"elementor-column elementor-col-50 elementor-inner-column elementor-element elementor-element-c16dfc4\" data-id=\"c16dfc4\" data-element_type=\"column\">\n\t\t\t<div class=\"elementor-column-wrap elementor-element-populated\">\n\t\t\t\t\t\t\t<div class=\"elementor-widget-wrap\">\n\t\t\t\t\t\t<div class=\"elementor-element elementor-element-dfc5b2a elementor-widget elementor-widget-heading\" data-id=\"dfc5b2a\" data-element_type=\"widget\" data-widget_type=\"heading.default\">\n\t\t\t\t<div class=\"elementor-widget-container\">\n\t\t\t<h3 class=\"elementor-heading-title elementor-size-default\">Despacho de la Secretar\u00eda Privada<\/h3>\t\t<\/div>\n\t\t\t\t<\/div>\n\t\t\t\t<div class=\"elementor-element elementor-element-6b9335b elementor-widget elementor-widget-heading\" data-id=\"6b9335b\" data-element_type=\"widget\" data-widget_type=\"heading.default\">\n\t\t\t\t<div class=\"elementor-widget-container\">\n\t\t\t<h4 class=\"elementor-heading-title elementor-size-default\">Secretaria Privada, Ver\u00f3nica Su\u00e1rez Restrepo<\/h4>\t\t<\/div>\n\t\t\t\t<\/div>\n\t\t\t\t<div class=\"elementor-element elementor-element-3722415 elementor-widget elementor-widget-text-editor\" data-id=\"3722415\" data-element_type=\"widget\" data-widget_type=\"text-editor.default\">\n\t\t\t\t<div class=\"elementor-widget-container\">\n\t\t\t\t\t\t\t\t<div class=\"elementor-text-editor elementor-clearfix\">\n\t\t\t\t<p>Comunicadora Social con maestr\u00eda en Educaci\u00f3n Internacional y Desarrollo. Tiene experiencia en los sectores p\u00fablico y acad\u00e9mico, con formaci\u00f3n en estructuraci\u00f3n de proyectos educativos en zonas de conflicto, en monitoreo y evaluaci\u00f3n de programas, y en educaci\u00f3n para la paz.<\/p><p>Trayectoria en desarrollo de estrategias de comunicaci\u00f3n pol\u00edtica Se ha desempe\u00f1ado como docente universitaria en el \u00e1rea de teor\u00eda de la argumentaci\u00f3n, y como educadora en entornos no-formales en artes y ciencias para ni\u00f1os.<\/p>\t\t\t\t\t<\/div>\n\t\t\t\t\t\t<\/div>\n\t\t\t\t<\/div>\n\t\t\t\t<div class=\"elementor-element elementor-element-66dc0b9 elementor-mobile-align-center elementor-widget elementor-widget-button\" data-id=\"66dc0b9\" data-element_type=\"widget\" data-widget_type=\"button.default\">\n\t\t\t\t<div class=\"elementor-widget-container\">\n\t\t\t\t\t<div class=\"elementor-button-wrapper\">\n\t\t\t<a href=\"https:\/\/www.funcionpublica.gov.co\/web\/sigep2\/directorio\" target=\"_blank\" class=\"elementor-button-link elementor-button elementor-size-sm\" role=\"button\">\n\t\t\t\t\t\t<span class=\"elementor-button-content-wrapper\">\n\t\t\t\t\t\t<span class=\"elementor-button-text\">Hoja de vida SIGEP<\/span>\n\t\t<\/span>\n\t\t\t\t\t<\/a>\n\t\t<\/div>\n\t\t\t\t<\/div>\n\t\t\t\t<\/div>\n\t\t\t\t<div class=\"elementor-element elementor-element-f7b7705 elementor-mobile-align-center elementor-tablet-align-center elementor-widget elementor-widget-button\" data-id=\"f7b7705\" data-element_type=\"widget\" data-widget_type=\"button.default\">\n\t\t\t\t<div class=\"elementor-widget-container\">\n\t\t\t\t\t<div class=\"elementor-button-wrapper\">\n\t\t\t<a href=\"https:\/\/www.funcionpublica.gov.co\/fdci\/consultaCiudadana\" target=\"_blank\" class=\"elementor-button-link elementor-button elementor-size-sm\" role=\"button\">\n\t\t\t\t\t\t<span class=\"elementor-button-content-wrapper\">\n\t\t\t\t\t\t<span class=\"elementor-button-text\">Declaraci\u00f3n de bienes y rentas<\/span>\n\t\t<\/span>\n\t\t\t\t\t<\/a>\n\t\t<\/div>\n\t\t\t\t<\/div>\n\t\t\t\t<\/div>\n\t\t\t\t\t\t<\/div>\n\t\t\t\t\t<\/div>\n\t\t<\/div>\n\t\t\t\t<div class=\"elementor-column elementor-col-50 elementor-inner-column elementor-element elementor-element-13fac67\" data-id=\"13fac67\" data-element_type=\"column\">\n\t\t\t<div class=\"elementor-column-wrap elementor-element-populated\">\n\t\t\t\t\t\t\t<div class=\"elementor-widget-wrap\">\n\t\t\t\t\t\t<div class=\"elementor-element elementor-element-0a0fd66 elementor-widget elementor-widget-image\" data-id=\"0a0fd66\" data-element_type=\"widget\" data-widget_type=\"image.default\">\n\t\t\t\t<div class=\"elementor-widget-container\">\n\t\t\t\t\t\t\t\t<div class=\"elementor-image\">\n\t\t\t\t\t\t\t\t\t\t\t\t<img width=\"800\" height=\"600\" src=\"https:\/\/www.medellin.gov.co\/es\/wp-content\/uploads\/2023\/12\/Veronica_Suarez_Restrepo_1.jpg\" class=\"attachment-full size-full\" alt=\"Ver\u00f3nica Su\u00e1rez Restrepo\" loading=\"lazy\" srcset=\"https:\/\/www.medellin.gov.co\/es\/wp-content\/uploads\/2023\/12\/Veronica_Suarez_Restrepo_1.jpg 800w, https:\/\/www.medellin.gov.co\/es\/wp-content\/uploads\/2023\/12\/Veronica_Suarez_Restrepo_1-300x225.jpg 300w, https:\/\/www.medellin.gov.co\/es\/wp-content\/uploads\/2023\/12\/Veronica_Suarez_Restrepo_1-150x113.jpg 150w, https:\/\/www.medellin.gov.co\/es\/wp-content\/uploads\/2023\/12\/Veronica_Suarez_Restrepo_1-768x576.jpg 768w\" sizes=\"(max-width: 800px) 100vw, 800px\" \/>\t\t\t\t\t\t\t\t\t\t\t\t\t\t<\/div>\n\t\t\t\t\t\t<\/div>\n\t\t\t\t<\/div>\n\t\t\t\t\t\t<\/div>\n\t\t\t\t\t<\/div>\n\t\t<\/div>\n\t\t\t\t\t\t\t\t<\/div>\n\t\t\t\t\t<\/div>\n\t\t<\/section>\n\t\t\t\t\t\t<\/div>\n\t\t\t\t\t<\/div>\n\t\t<\/div>\n\t\t\t\t\t\t\t\t<\/div>\n\t\t\t\t\t<\/div>\n\t\t<\/section>\n\t\t\t\t\t\t\t\t\t<\/div>\n\t\t\t<\/div>\n\t\t\t\t\t<\/div>\n\t\t","protected":false},"excerpt":{"rendered":"<p>Funciones y composici\u00f3n de la Secretar\u00eda Privada \u00bfQu\u00e9 hace la Secretar\u00eda Privada? La Secretar\u00eda Privada tiene la funci\u00f3n de articular, coordinar y hacer seguimiento al modelo de Conglomerado P\u00fablico de Medell\u00edn, conforme a las l\u00edneas &#8230;<\/p>\n","protected":false},"author":31,"featured_media":12271,"parent":12360,"menu_order":5,"comment_status":"closed","ping_status":"closed","template":"sec-privada\/elementor.php","meta":[],"acf":[],"_links":{"self":[{"href":"https:\/\/www.medellin.gov.co\/es\/wp-json\/wp\/v2\/pages\/12358"}],"collection":[{"href":"https:\/\/www.medellin.gov.co\/es\/wp-json\/wp\/v2\/pages"}],"about":[{"href":"https:\/\/www.medellin.gov.co\/es\/wp-json\/wp\/v2\/types\/page"}],"author":[{"embeddable":true,"href":"https:\/\/www.medellin.gov.co\/es\/wp-json\/wp\/v2\/users\/31"}],"replies":[{"embeddable":true,"href":"https:\/\/www.medellin.gov.co\/es\/wp-json\/wp\/v2\/comments?post=12358"}],"version-history":[{"count":10,"href":"https:\/\/www.medellin.gov.co\/es\/wp-json\/wp\/v2\/pages\/12358\/revisions"}],"predecessor-version":[{"id":392781,"href":"https:\/\/www.medellin.gov.co\/es\/wp-json\/wp\/v2\/pages\/12358\/revisions\/392781"}],"up":[{"embeddable":true,"href":"https:\/\/www.medellin.gov.co\/es\/wp-json\/wp\/v2\/pages\/12360"}],"wp:featuredmedia":[{"embeddable":true,"href":"https:\/\/www.medellin.gov.co\/es\/wp-json\/wp\/v2\/media\/12271"}],"wp:attachment":[{"href":"https:\/\/www.medellin.gov.co\/es\/wp-json\/wp\/v2\/media?parent=12358"}],"curies":[{"name":"wp","href":"https:\/\/api.w.org\/{rel}","templated":true}]}}