{"id":12364,"date":"2021-09-03T12:05:51","date_gmt":"2021-09-03T17:05:51","guid":{"rendered":"https:\/\/www.medellin.gov.co\/es\/?page_id=12364"},"modified":"2024-04-17T10:20:20","modified_gmt":"2024-04-17T15:20:20","slug":"consejo-de-gobierno","status":"publish","type":"page","link":"https:\/\/www.medellin.gov.co\/es\/secretaria-privada\/consejo-de-gobierno\/","title":{"rendered":"Consejo de Gobierno de Medell\u00edn"},"content":{"rendered":"\t\t<div data-elementor-type=\"wp-page\" data-elementor-id=\"12364\" class=\"elementor elementor-12364\">\n\t\t\t\t\t\t<div class=\"elementor-inner\">\n\t\t\t\t<div class=\"elementor-section-wrap\">\n\t\t\t\t\t\t\t\t\t<section class=\"elementor-section elementor-top-section elementor-element elementor-element-e7c5588 elementor-section-boxed elementor-section-height-default elementor-section-height-default\" data-id=\"e7c5588\" data-element_type=\"section\">\n\t\t\t\t\t\t<div class=\"elementor-container elementor-column-gap-default\">\n\t\t\t\t\t\t\t<div class=\"elementor-row\">\n\t\t\t\t\t<div class=\"elementor-column elementor-col-100 elementor-top-column elementor-element elementor-element-7d1414a\" data-id=\"7d1414a\" data-element_type=\"column\">\n\t\t\t<div class=\"elementor-column-wrap elementor-element-populated\">\n\t\t\t\t\t\t\t<div class=\"elementor-widget-wrap\">\n\t\t\t\t\t\t<div class=\"elementor-element elementor-element-544481d elementor-widget elementor-widget-heading\" data-id=\"544481d\" data-element_type=\"widget\" data-widget_type=\"heading.default\">\n\t\t\t\t<div class=\"elementor-widget-container\">\n\t\t\t<h1 class=\"elementor-heading-title elementor-size-default\">Consejo de Gobierno de Medell\u00edn<\/h1>\t\t<\/div>\n\t\t\t\t<\/div>\n\t\t\t\t<div class=\"elementor-element elementor-element-e4fea46 elementor-widget elementor-widget-heading\" data-id=\"e4fea46\" data-element_type=\"widget\" data-widget_type=\"heading.default\">\n\t\t\t\t<div class=\"elementor-widget-container\">\n\t\t\t<h2 class=\"elementor-heading-title elementor-size-default\">\u00bf<b>Qu\u00e9 es el Consejo<\/b> de Gobierno?<\/h2>\t\t<\/div>\n\t\t\t\t<\/div>\n\t\t\t\t<div class=\"elementor-element elementor-element-fe43a34 elementor-widget elementor-widget-text-editor\" data-id=\"fe43a34\" data-element_type=\"widget\" data-widget_type=\"text-editor.default\">\n\t\t\t\t<div class=\"elementor-widget-container\">\n\t\t\t\t\t\t\t\t<div class=\"elementor-text-editor elementor-clearfix\">\n\t\t\t\t<p>Es la m\u00e1xima instancia de formulaci\u00f3n de pol\u00edticas y el \u00f3rgano asesor del Gobierno en todos los temas relacionados con la gesti\u00f3n administrativa y la Pol\u00edtica P\u00fablica. Act\u00faa como escenario de coordinaci\u00f3n y articulaci\u00f3n de los organismos y entidades municipales en el nivel central y descentralizado y ejerce las funciones que le asigne la Ley y el Decreto 883 de 2015.<\/p>\t\t\t\t\t<\/div>\n\t\t\t\t\t\t<\/div>\n\t\t\t\t<\/div>\n\t\t\t\t<div class=\"elementor-element elementor-element-07a260b elementor-widget elementor-widget-heading\" data-id=\"07a260b\" data-element_type=\"widget\" data-widget_type=\"heading.default\">\n\t\t\t\t<div class=\"elementor-widget-container\">\n\t\t\t<h2 class=\"elementor-heading-title elementor-size-default\"><b>Funciones<\/b> del Consejo de Gobierno<\/h2>\t\t<\/div>\n\t\t\t\t<\/div>\n\t\t\t\t<section class=\"elementor-section elementor-inner-section elementor-element elementor-element-eda5a45 elementor-reverse-tablet elementor-reverse-mobile elementor-section-boxed elementor-section-height-default elementor-section-height-default\" data-id=\"eda5a45\" data-element_type=\"section\">\n\t\t\t\t\t\t<div class=\"elementor-container elementor-column-gap-default\">\n\t\t\t\t\t\t\t<div class=\"elementor-row\">\n\t\t\t\t\t<div class=\"elementor-column elementor-col-100 elementor-inner-column elementor-element elementor-element-6577498\" data-id=\"6577498\" data-element_type=\"column\">\n\t\t\t<div class=\"elementor-column-wrap elementor-element-populated\">\n\t\t\t\t\t\t\t<div class=\"elementor-widget-wrap\">\n\t\t\t\t\t\t<div class=\"elementor-element elementor-element-ae323c2 elementor-widget elementor-widget-text-editor\" data-id=\"ae323c2\" data-element_type=\"widget\" data-widget_type=\"text-editor.default\">\n\t\t\t\t<div class=\"elementor-widget-container\">\n\t\t\t\t\t\t\t\t<div class=\"elementor-text-editor elementor-clearfix\">\n\t\t\t\t<ol><li aria-level=\"1\">Asistir al alcalde en la orientaci\u00f3n de pol\u00edticas econ\u00f3micas y sociales para el desarrollo del Municipio.<\/li><li aria-level=\"1\">Estudiar el proyecto del Plan de Desarrollo Municipal, recomendar ajustes, y aprobarlo en la oportunidad que corresponda dentro del procedimiento establecido por la Ley Org\u00e1nica del Plan de Desarrollo y dem\u00e1s disposiciones legales para la adopci\u00f3n de dicho Plan.<\/li><li aria-level=\"1\">Estudiar el proyecto del Plan de Ordenamiento Territorial Municipal, recomendar ajustes, y aprobarlo de conformidad con lo establecido en el Art\u00edculo 24 de la Ley 388 de 1997, o la norma que la modifique, complemente o sustituya.<\/li><li aria-level=\"1\">Se\u00f1alar y coordinar las orientaciones generales que deber\u00e1n seguir los distintos organismos, dependencias centrales y entidades municipales responsables de las pol\u00edticas, planes y programas de car\u00e1cter econ\u00f3mico y social, en especial para la definici\u00f3n de estrategias, prioridades y acciones del Plan de Desarrollo Municipal.<\/li><li aria-level=\"1\">Orientar, coordinar y articular las pol\u00edticas del Conglomerado P\u00fablico Municipio de Medell\u00edn.<\/li><li aria-level=\"1\">Orientar, coordinar y articular los planes, programas y proyectos que se formulen para atender las necesidades de la comunidad y cumplir con las competencias propias de la Administraci\u00f3n Municipal.<\/li><li aria-level=\"1\">Coordinar las acciones orientadas a la ejecuci\u00f3n de planes y programas que involucren directamente a una o varias secretar\u00edas, departamentos, direcciones u oficinas.<\/li><li aria-level=\"1\">Recomendar la declaraci\u00f3n de una urgencia manifiesta y declarar como estrat\u00e9gicos los proyectos pertinentes acatando los requerimientos de la Ley 1483 de 2011.<\/li><\/ol>\t\t\t\t\t<\/div>\n\t\t\t\t\t\t<\/div>\n\t\t\t\t<\/div>\n\t\t\t\t\t\t<\/div>\n\t\t\t\t\t<\/div>\n\t\t<\/div>\n\t\t\t\t\t\t\t\t<\/div>\n\t\t\t\t\t<\/div>\n\t\t<\/section>\n\t\t\t\t<div class=\"elementor-element elementor-element-b26d31b elementor-widget elementor-widget-text-editor\" data-id=\"b26d31b\" data-element_type=\"widget\" data-widget_type=\"text-editor.default\">\n\t\t\t\t<div class=\"elementor-widget-container\">\n\t\t\t\t\t\t\t\t<div class=\"elementor-text-editor elementor-clearfix\">\n\t\t\t\t<ol start=\"9\">\n<li>Asesorar en la elaboraci\u00f3n del Proyecto de Presupuesto Municipal y conceptuar sobre el Plan Operativo Anual de Inversiones.<\/li>\n<li>Estudiar los informes peri\u00f3dicos que se le presenten sobre el desarrollo de los planes, programas y pol\u00edticas generales, sectoriales, regionales y urbanas, y recomendar las medidas que deban adoptarse para su cumplimiento.<\/li>\n<li>Autorizar reducciones presupu\u00e9stales que el Comfis proponga.<\/li>\n<li>Aprobar la meta de super\u00e1vit primario, el Plan Operativo Anual de Inversiones y el Plan Financiero contenido en el Marco fiscal de mediano plazo.<\/li>\n<li>Asesorar en la determinaci\u00f3n de las pautas a seguir en los procesos de adquisici\u00f3n de cr\u00e9ditos nacionales o internacionales, en concordancia con los t\u00e9rminos legales.<\/li>\n<li>Asesorar al alcalde en el estudio y celebraci\u00f3n de contratos y convenios interinstitucionales que le sean propuestos a la administraci\u00f3n o en los que tenga inter\u00e9s el Municipio.<\/li>\n<li>Coordinar los planes de acci\u00f3n que se adopten en materia de orden p\u00fablico o de prevenci\u00f3n de desastres y calamidades que se presenten en el Municipio.<\/li>\n<li>Asistir al alcalde en el estudio y adopci\u00f3n de pol\u00edticas de gesti\u00f3n del talento humano y bienestar social para los servidores de la Administraci\u00f3n Municipal.<\/li>\n<li>Proponer al alcalde mecanismos que permitan la adopci\u00f3n de pol\u00edticas del orden nacional y departamental al nivel municipal, as\u00ed como la mejor forma de asumir los compromisos que la naci\u00f3n y el departamento le transfieran al Municipio.<\/li>\n<li>Asesorar al alcalde en el estudio de proyectos de venta, cesi\u00f3n o transferencia de bienes de propiedad del Municipio o de sus entes descentralizados.<\/li>\n<\/ol>\t\t\t\t\t<\/div>\n\t\t\t\t\t\t<\/div>\n\t\t\t\t<\/div>\n\t\t\t\t\t\t<\/div>\n\t\t\t\t\t<\/div>\n\t\t<\/div>\n\t\t\t\t\t\t\t\t<\/div>\n\t\t\t\t\t<\/div>\n\t\t<\/section>\n\t\t\t\t\t\t\t\t\t<\/div>\n\t\t\t<\/div>\n\t\t\t\t\t<\/div>\n\t\t","protected":false},"excerpt":{"rendered":"<p>Consejo de Gobierno de Medell\u00edn \u00bfQu\u00e9 es el Consejo de Gobierno? Es la m\u00e1xima instancia de formulaci\u00f3n de pol\u00edticas y el \u00f3rgano asesor del Gobierno en todos los temas relacionados con la gesti\u00f3n administrativa y &#8230;<\/p>\n","protected":false},"author":31,"featured_media":12271,"parent":12360,"menu_order":15,"comment_status":"closed","ping_status":"closed","template":"sec-privada\/elementor.php","meta":[],"acf":[],"_links":{"self":[{"href":"https:\/\/www.medellin.gov.co\/es\/wp-json\/wp\/v2\/pages\/12364"}],"collection":[{"href":"https:\/\/www.medellin.gov.co\/es\/wp-json\/wp\/v2\/pages"}],"about":[{"href":"https:\/\/www.medellin.gov.co\/es\/wp-json\/wp\/v2\/types\/page"}],"author":[{"embeddable":true,"href":"https:\/\/www.medellin.gov.co\/es\/wp-json\/wp\/v2\/users\/31"}],"replies":[{"embeddable":true,"href":"https:\/\/www.medellin.gov.co\/es\/wp-json\/wp\/v2\/comments?post=12364"}],"version-history":[{"count":10,"href":"https:\/\/www.medellin.gov.co\/es\/wp-json\/wp\/v2\/pages\/12364\/revisions"}],"predecessor-version":[{"id":308020,"href":"https:\/\/www.medellin.gov.co\/es\/wp-json\/wp\/v2\/pages\/12364\/revisions\/308020"}],"up":[{"embeddable":true,"href":"https:\/\/www.medellin.gov.co\/es\/wp-json\/wp\/v2\/pages\/12360"}],"wp:featuredmedia":[{"embeddable":true,"href":"https:\/\/www.medellin.gov.co\/es\/wp-json\/wp\/v2\/media\/12271"}],"wp:attachment":[{"href":"https:\/\/www.medellin.gov.co\/es\/wp-json\/wp\/v2\/media?parent=12364"}],"curies":[{"name":"wp","href":"https:\/\/api.w.org\/{rel}","templated":true}]}}