{"id":124268,"date":"2022-10-27T14:21:59","date_gmt":"2022-10-27T19:21:59","guid":{"rendered":"https:\/\/www.medellin.gov.co\/es\/?page_id=124268"},"modified":"2022-11-21T16:31:09","modified_gmt":"2022-11-21T21:31:09","slug":"estimulos-al-arte-y-al-emprendimiento-memoria-y-rituales-de-fin-de-ano-con-toque-afrodescendiente","status":"publish","type":"page","link":"https:\/\/www.medellin.gov.co\/es\/gerencia-etnica\/estimulos-al-arte-y-al-emprendimiento-memoria-y-rituales-de-fin-de-ano-con-toque-afrodescendiente\/","title":{"rendered":"Est\u00edmulos al arte y al emprendimiento: Memoria y rituales de fin de a\u00f1o con toque afrodescendiente"},"content":{"rendered":"\t\t<div data-elementor-type=\"wp-page\" data-elementor-id=\"124268\" class=\"elementor elementor-124268\">\n\t\t\t\t\t\t<div class=\"elementor-inner\">\n\t\t\t\t<div class=\"elementor-section-wrap\">\n\t\t\t\t\t\t\t\t\t<section class=\"elementor-section elementor-top-section elementor-element elementor-element-54f83fc elementor-section-boxed elementor-section-height-default elementor-section-height-default\" data-id=\"54f83fc\" data-element_type=\"section\">\n\t\t\t\t\t\t<div class=\"elementor-container elementor-column-gap-default\">\n\t\t\t\t\t\t\t<div class=\"elementor-row\">\n\t\t\t\t\t<div class=\"elementor-column elementor-col-100 elementor-top-column elementor-element elementor-element-13652b2\" data-id=\"13652b2\" data-element_type=\"column\">\n\t\t\t<div class=\"elementor-column-wrap elementor-element-populated\">\n\t\t\t\t\t\t\t<div class=\"elementor-widget-wrap\">\n\t\t\t\t\t\t<div class=\"elementor-element elementor-element-c5a7310 elementor-widget elementor-widget-heading\" data-id=\"c5a7310\" data-element_type=\"widget\" data-widget_type=\"heading.default\">\n\t\t\t\t<div class=\"elementor-widget-container\">\n\t\t\t<h1 class=\"elementor-heading-title elementor-size-default\">Est\u00edmulos al arte y al emprendimiento: Memoria y rituales de fin de a\u00f1o con toque afrodescendiente<\/h1>\t\t<\/div>\n\t\t\t\t<\/div>\n\t\t\t\t<section class=\"elementor-section elementor-inner-section elementor-element elementor-element-92d19c8 elementor-section-boxed elementor-section-height-default elementor-section-height-default\" data-id=\"92d19c8\" data-element_type=\"section\">\n\t\t\t\t\t\t<div class=\"elementor-container elementor-column-gap-default\">\n\t\t\t\t\t\t\t<div class=\"elementor-row\">\n\t\t\t\t\t<div class=\"elementor-column elementor-col-50 elementor-inner-column elementor-element elementor-element-0afe9ab\" data-id=\"0afe9ab\" data-element_type=\"column\">\n\t\t\t<div class=\"elementor-column-wrap elementor-element-populated\">\n\t\t\t\t\t\t\t<div class=\"elementor-widget-wrap\">\n\t\t\t\t\t\t<div class=\"elementor-element elementor-element-4ca6e1a elementor-widget elementor-widget-text-editor\" data-id=\"4ca6e1a\" data-element_type=\"widget\" data-widget_type=\"text-editor.default\">\n\t\t\t\t<div class=\"elementor-widget-container\">\n\t\t\t\t\t\t\t\t<div class=\"elementor-text-editor elementor-clearfix\">\n\t\t\t\t<p>La Alcald\u00eda de Medell\u00edn, a trav\u00e9s de su gerencia \u00c9tnica, presenta la convocatoria Memoria y rituales de fin de a\u00f1o con toque afrodescendiente, dirigida a unidades de negocio artesanal de la poblaci\u00f3n Negra, Afrodescendiente, Raizal y Palenquera (NARP).<\/p>\t\t\t\t\t<\/div>\n\t\t\t\t\t\t<\/div>\n\t\t\t\t<\/div>\n\t\t\t\t<div class=\"elementor-element elementor-element-7957787 elementor-tablet-align-left elementor-mobile-align-center elementor-widget elementor-widget-button\" data-id=\"7957787\" data-element_type=\"widget\" data-widget_type=\"button.default\">\n\t\t\t\t<div class=\"elementor-widget-container\">\n\t\t\t\t\t<div class=\"elementor-button-wrapper\">\n\t\t\t<a href=\"https:\/\/www.medellin.gov.co\/es\/wp-content\/uploads\/2022\/11\/Resultados-convocatoria-memoria-y-rituales-de-fin-de-ano-con-toque-afrodescendiente.pdf\" target=\"_blank\" class=\"elementor-button-link elementor-button elementor-size-sm\" role=\"button\">\n\t\t\t\t\t\t<span class=\"elementor-button-content-wrapper\">\n\t\t\t\t\t\t<span class=\"elementor-button-text\">Conoce los resultados<\/span>\n\t\t<\/span>\n\t\t\t\t\t<\/a>\n\t\t<\/div>\n\t\t\t\t<\/div>\n\t\t\t\t<\/div>\n\t\t\t\t\t\t<\/div>\n\t\t\t\t\t<\/div>\n\t\t<\/div>\n\t\t\t\t<div class=\"elementor-column elementor-col-50 elementor-inner-column elementor-element elementor-element-da40cea\" data-id=\"da40cea\" data-element_type=\"column\">\n\t\t\t<div class=\"elementor-column-wrap elementor-element-populated\">\n\t\t\t\t\t\t\t<div class=\"elementor-widget-wrap\">\n\t\t\t\t\t\t<div class=\"elementor-element elementor-element-5e07aae elementor-widget elementor-widget-image\" data-id=\"5e07aae\" data-element_type=\"widget\" data-widget_type=\"image.default\">\n\t\t\t\t<div class=\"elementor-widget-container\">\n\t\t\t\t\t\t\t\t<div class=\"elementor-image\">\n\t\t\t\t\t\t\t\t\t\t\t\t<img width=\"1024\" height=\"683\" src=\"https:\/\/www.medellin.gov.co\/es\/wp-content\/uploads\/2022\/07\/Pblaciones-indigenas-1-1024x683.jpg\" class=\"attachment-large size-large\" alt=\"Convocatoria para fomentar la creatividad y el arte en poblaciones ind\u00edgenas\" loading=\"lazy\" srcset=\"https:\/\/www.medellin.gov.co\/es\/wp-content\/uploads\/2022\/07\/Pblaciones-indigenas-1-1024x683.jpg 1024w, https:\/\/www.medellin.gov.co\/es\/wp-content\/uploads\/2022\/07\/Pblaciones-indigenas-1-300x200.jpg 300w, https:\/\/www.medellin.gov.co\/es\/wp-content\/uploads\/2022\/07\/Pblaciones-indigenas-1-150x100.jpg 150w, https:\/\/www.medellin.gov.co\/es\/wp-content\/uploads\/2022\/07\/Pblaciones-indigenas-1-768x512.jpg 768w, https:\/\/www.medellin.gov.co\/es\/wp-content\/uploads\/2022\/07\/Pblaciones-indigenas-1.jpg 1400w\" sizes=\"(max-width: 1024px) 100vw, 1024px\" \/>\t\t\t\t\t\t\t\t\t\t\t\t\t\t<\/div>\n\t\t\t\t\t\t<\/div>\n\t\t\t\t<\/div>\n\t\t\t\t\t\t<\/div>\n\t\t\t\t\t<\/div>\n\t\t<\/div>\n\t\t\t\t\t\t\t\t<\/div>\n\t\t\t\t\t<\/div>\n\t\t<\/section>\n\t\t\t\t<div class=\"elementor-element elementor-element-cdf00e9 elementor-widget elementor-widget-heading\" data-id=\"cdf00e9\" data-element_type=\"widget\" data-widget_type=\"heading.default\">\n\t\t\t\t<div class=\"elementor-widget-container\">\n\t\t\t<h2 class=\"elementor-heading-title elementor-size-default\"><b>\u00bfEn qu\u00e9 consiste<\/b> la convocatoria?<\/h2>\t\t<\/div>\n\t\t\t\t<\/div>\n\t\t\t\t<div class=\"elementor-element elementor-element-d308f28 elementor-widget elementor-widget-text-editor\" data-id=\"d308f28\" data-element_type=\"widget\" data-widget_type=\"text-editor.default\">\n\t\t\t\t<div class=\"elementor-widget-container\">\n\t\t\t\t\t\t\t\t<div class=\"elementor-text-editor elementor-clearfix\">\n\t\t\t\t<p>La Alcald\u00eda de Medell\u00edn, a trav\u00e9s de su gerencia \u00c9tnica, presenta la convocatoria <em>Memoria y rituales de fin de a\u00f1o con toque afrodescendiente<\/em>, dirigida a unidades de negocio artesanal de la poblaci\u00f3n Negra, Afrodescendiente, Raizal y Palenquera (NARP).<\/p>\t\t\t\t\t<\/div>\n\t\t\t\t\t\t<\/div>\n\t\t\t\t<\/div>\n\t\t\t\t<div class=\"elementor-element elementor-element-34cc4c5 elementor-widget elementor-widget-heading\" data-id=\"34cc4c5\" data-element_type=\"widget\" data-widget_type=\"heading.default\">\n\t\t\t\t<div class=\"elementor-widget-container\">\n\t\t\t<h2 class=\"elementor-heading-title elementor-size-default\"><b>\u00bfQui\u00e9nes pueden<\/b> participar de la convocatoria?<\/h2>\t\t<\/div>\n\t\t\t\t<\/div>\n\t\t\t\t<div class=\"elementor-element elementor-element-fe342a3 elementor-widget elementor-widget-text-editor\" data-id=\"fe342a3\" data-element_type=\"widget\" data-widget_type=\"text-editor.default\">\n\t\t\t\t<div class=\"elementor-widget-container\">\n\t\t\t\t\t\t\t\t<div class=\"elementor-text-editor elementor-clearfix\">\n\t\t\t\t<p>La convocatoria est\u00e1 dirigida a grupos conformados por tres (3) unidades de negocio NARP que creen productos artesanales con diferentes materiales y\/o t\u00e9cnicas tradicionales especificadas en los lineamientos de la convocatoria. En total se seleccionar\u00e1n dos propuestas que est\u00e9n compuestas por tres unidades de negocio cada una.<\/p>\t\t\t\t\t<\/div>\n\t\t\t\t\t\t<\/div>\n\t\t\t\t<\/div>\n\t\t\t\t<div class=\"elementor-element elementor-element-78f1d76 elementor-widget elementor-widget-heading\" data-id=\"78f1d76\" data-element_type=\"widget\" data-widget_type=\"heading.default\">\n\t\t\t\t<div class=\"elementor-widget-container\">\n\t\t\t<h2 class=\"elementor-heading-title elementor-size-default\"><b>Reconocimientos de la<\/b> convocatoria<\/h2>\t\t<\/div>\n\t\t\t\t<\/div>\n\t\t\t\t<div class=\"elementor-element elementor-element-23b6bd4 elementor-widget elementor-widget-text-editor\" data-id=\"23b6bd4\" data-element_type=\"widget\" data-widget_type=\"text-editor.default\">\n\t\t\t\t<div class=\"elementor-widget-container\">\n\t\t\t\t\t\t\t\t<div class=\"elementor-text-editor elementor-clearfix\">\n\t\t\t\t<p>Los ganadores recibir\u00e1n un incentivo econ\u00f3mico y la posibilidad de que sus obras hagan parte de la instalaci\u00f3n expuesta en el Centro de Integraci\u00f3n Afrodescendiente (Casa Afro) durante las festividades decembrinas.<\/p>\t\t\t\t\t<\/div>\n\t\t\t\t\t\t<\/div>\n\t\t\t\t<\/div>\n\t\t\t\t<div class=\"elementor-element elementor-element-6abce66 elementor-widget elementor-widget-heading\" data-id=\"6abce66\" data-element_type=\"widget\" data-widget_type=\"heading.default\">\n\t\t\t\t<div class=\"elementor-widget-container\">\n\t\t\t<h2 class=\"elementor-heading-title elementor-size-default\"><b>Cronograma de la<\/b> convocatoria<\/h2>\t\t<\/div>\n\t\t\t\t<\/div>\n\t\t\t\t<div class=\"elementor-element elementor-element-679cec5 pp-table-center elementor-widget elementor-widget-pp-table\" data-id=\"679cec5\" data-element_type=\"widget\" data-settings=\"{&quot;table_type&quot;:&quot;responsive&quot;}\" data-widget_type=\"pp-table.default\">\n\t\t\t\t<div class=\"elementor-widget-container\">\n\t\t\t\t\t<div class=\"pp-table-container\">\n\t\t\t<table \n\t\t\tclass=\"pp-table tablesaw\" data-tablesaw-mode=\"stack\"\t\t\t\t>\n\t\t\t\t\t\t\t<colgroup>\n\t\t\t\t\t\t\t\t<col\n\t\t\t\t\tspan=\"1\"\n\t\t\t\t\tclass=\"elementor-repeater-item-91ee3ad\"\n\t\t\t\t\t\t\t\t\t\t\tstyle=\"\n\t\t\t\t\t\t\t\t\t\t\t\t\t\t\t\t\t\t\t\t\"\n\t\t\t\t\t\t\t\t\t\t>\n\t\t\t\t\t\t\t<\/colgroup>\n\t\t\t\t\t\t<thead>\n\t\t\t\t<tr class=\"pp-table-row\">\n\t\t\t\t\t<th class=\"pp-table-cell pp-table-cell-8cc7ff3\"><span class=\"pp-table-cell-content\"><span class=\"pp-table-cell-text\">Actividad<\/span><\/span><\/th><th class=\"pp-table-cell pp-table-cell-b66129c\" colspan=\"4\"><span class=\"pp-table-cell-content\"><span class=\"pp-table-cell-text\">Fecha<\/span><\/span><\/th>\t\t\t\t<\/tr>\n\t\t\t<\/thead>\n\t\t\t\t\t<tfoot>\n\t\t\t<\/tr>\t\t<\/tfoot>\n\t\t\t\t<tbody>\n\t\t\t<tr><td class=\"pp-table-cell pp-table-cell-e39f6d1\" rowspan=\"2\"><span class=\"pp-table-cell-content\"><span class=\"pp-table-cell-text\">Publicaci\u00f3n de convocatoria<\/span><\/span><\/td><\/tr><tr><td class=\"pp-table-cell pp-table-cell-434a5c5\"><span class=\"pp-table-cell-content\"><span class=\"pp-table-cell-text\">Viernes 28 de octubre<\/span><\/span><\/td><\/tr><tr><td class=\"pp-table-cell pp-table-cell-5e86765\"><span class=\"pp-table-cell-content\"><span class=\"pp-table-cell-text\">Cierre de la convocatoria<\/span><\/span><\/td><td class=\"pp-table-cell pp-table-cell-80bbb63\"><span class=\"pp-table-cell-content\"><span class=\"pp-table-cell-text\">Viernes 11 de noviembre<\/span><\/span><\/td><\/tr><tr><td class=\"pp-table-cell pp-table-cell-4aae83a\"><span class=\"pp-table-cell-content\"><span class=\"pp-table-cell-text\">Informe de propuestas inscritas y reportes de documentos por subsanar<\/span><\/span><\/td><td class=\"pp-table-cell pp-table-cell-e33f156\"><span class=\"pp-table-cell-content\"><span class=\"pp-table-cell-text\">Lunes 14 de noviembre<\/span><\/span><\/td><\/tr><tr><td class=\"pp-table-cell pp-table-cell-d015a62\"><span class=\"pp-table-cell-content\"><span class=\"pp-table-cell-text\">Plazo para subsanar documentos<\/span><\/span><\/td><td class=\"pp-table-cell pp-table-cell-318ddf8\"><span class=\"pp-table-cell-content\"><span class=\"pp-table-cell-text\">Martes 15 de noviembre<\/span><\/span><\/td><\/tr><tr><td class=\"pp-table-cell pp-table-cell-512ef19\"><span class=\"pp-table-cell-content\"><span class=\"pp-table-cell-text\">Anuncio definitivo de propuestas inscritas<\/span><\/span><\/td><td class=\"pp-table-cell pp-table-cell-5bcca94\"><span class=\"pp-table-cell-content\"><span class=\"pp-table-cell-text\">Mi\u00e9rcoles 16 de noviembre<\/span><\/span><\/td><\/tr><tr><td class=\"pp-table-cell pp-table-cell-d4d64df\"><span class=\"pp-table-cell-content\"><span class=\"pp-table-cell-text\">Informe de evaluaci\u00f3n<\/span><\/span><\/td><td class=\"pp-table-cell pp-table-cell-033581a\"><span class=\"pp-table-cell-content\"><span class=\"pp-table-cell-text\">Viernes 18 de noviembre<\/span><\/span><\/td><\/tr><tr><td class=\"pp-table-cell pp-table-cell-9f4d5f3\"><span class=\"pp-table-cell-content\"><span class=\"pp-table-cell-text\">Publicaci\u00f3n de resultados<\/span><\/span><\/td><td class=\"pp-table-cell pp-table-cell-e0ff8be\"><span class=\"pp-table-cell-content\"><span class=\"pp-table-cell-text\">Lunes 21 de noviembre<\/span><\/span><\/td><\/tr><tr><td class=\"pp-table-cell pp-table-cell-8996f73\"><span class=\"pp-table-cell-content\"><span class=\"pp-table-cell-text\">Ejecuci\u00f3n de la propuesta<\/span><\/span><\/td><td class=\"pp-table-cell pp-table-cell-b911b1a\"><span class=\"pp-table-cell-content\"><span class=\"pp-table-cell-text\">22 de noviembre al 13 de diciembre<\/span><\/span><\/td><\/tr><tr><td class=\"pp-table-cell pp-table-cell-55fbab0\"><span class=\"pp-table-cell-content\"><span class=\"pp-table-cell-text\">Entrega de objetos<\/span><\/span><\/td><td class=\"pp-table-cell pp-table-cell-862e489\"><span class=\"pp-table-cell-content\"><span class=\"pp-table-cell-text\">Martes 13 de diciembre<\/span><\/span><\/td><\/tr>\t\t<\/tbody>\n\t\t\t\t\t<\/table>\n\t\t<\/div>\n\t\t\t\t<\/div>\n\t\t\t\t<\/div>\n\t\t\t\t<div class=\"elementor-element elementor-element-41e851d elementor-widget elementor-widget-heading\" data-id=\"41e851d\" data-element_type=\"widget\" data-widget_type=\"heading.default\">\n\t\t\t\t<div class=\"elementor-widget-container\">\n\t\t\t<h2 class=\"elementor-heading-title elementor-size-default\"><b>Resultados<\/b> de la convocatoria<\/h2>\t\t<\/div>\n\t\t\t\t<\/div>\n\t\t\t\t<div class=\"elementor-element elementor-element-dd028dc elementor-widget elementor-widget-text-editor\" data-id=\"dd028dc\" data-element_type=\"widget\" data-widget_type=\"text-editor.default\">\n\t\t\t\t<div class=\"elementor-widget-container\">\n\t\t\t\t\t\t\t\t<div class=\"elementor-text-editor elementor-clearfix\">\n\t\t\t\t<p><a href=\"https:\/\/www.medellin.gov.co\/es\/wp-content\/uploads\/2022\/11\/Resultados-convocatoria-memoria-y-rituales-de-fin-de-ano-con-toque-afrodescendiente.pdf\" target=\"_blank\" rel=\"noopener\">Descarga los resultados de la convocatoria aqu\u00ed<\/a><\/p>\t\t\t\t\t<\/div>\n\t\t\t\t\t\t<\/div>\n\t\t\t\t<\/div>\n\t\t\t\t<div class=\"elementor-element elementor-element-72ffcef elementor-widget elementor-widget-heading\" data-id=\"72ffcef\" data-element_type=\"widget\" data-widget_type=\"heading.default\">\n\t\t\t\t<div class=\"elementor-widget-container\">\n\t\t\t<h2 class=\"elementor-heading-title elementor-size-default\"><b>T\u00e9rminos y documentos<\/b> de la convocatoria <\/h2>\t\t<\/div>\n\t\t\t\t<\/div>\n\t\t\t\t<div class=\"elementor-element elementor-element-dbfa839 elementor-widget elementor-widget-text-editor\" data-id=\"dbfa839\" data-element_type=\"widget\" data-widget_type=\"text-editor.default\">\n\t\t\t\t<div class=\"elementor-widget-container\">\n\t\t\t\t\t\t\t\t<div class=\"elementor-text-editor elementor-clearfix\">\n\t\t\t\t<p>Conoce aqu\u00ed los t\u00e9rminos, condiciones y lineamientos. Descarga los formatos que debes diligenciar para participar de la Convocatoria de est\u00edmulos al arte y al emprendimiento: Memoria y rituales de fin de a\u00f1o con toque afrodescendiente<\/p>\t\t\t\t\t<\/div>\n\t\t\t\t\t\t<\/div>\n\t\t\t\t<\/div>\n\t\t\t\t\t\t<\/div>\n\t\t\t\t\t<\/div>\n\t\t<\/div>\n\t\t\t\t\t\t\t\t<\/div>\n\t\t\t\t\t<\/div>\n\t\t<\/section>\n\t\t\t\t<section class=\"elementor-section elementor-top-section elementor-element elementor-element-98a45cd elementor-section-boxed elementor-section-height-default elementor-section-height-default\" data-id=\"98a45cd\" data-element_type=\"section\">\n\t\t\t\t\t\t<div class=\"elementor-container elementor-column-gap-default\">\n\t\t\t\t\t\t\t<div class=\"elementor-row\">\n\t\t\t\t\t<div class=\"elementor-column elementor-col-100 elementor-top-column elementor-element elementor-element-5bc08a6\" data-id=\"5bc08a6\" data-element_type=\"column\">\n\t\t\t<div class=\"elementor-column-wrap elementor-element-populated\">\n\t\t\t\t\t\t\t<div class=\"elementor-widget-wrap\">\n\t\t\t\t\t\t<section class=\"elementor-section elementor-inner-section elementor-element elementor-element-4e8b831 elementor-section-boxed elementor-section-height-default elementor-section-height-default\" data-id=\"4e8b831\" data-element_type=\"section\">\n\t\t\t\t\t\t<div class=\"elementor-container elementor-column-gap-default\">\n\t\t\t\t\t\t\t<div class=\"elementor-row\">\n\t\t\t\t\t<div class=\"elementor-column elementor-col-20 elementor-inner-column elementor-element elementor-element-e2a4f98\" data-id=\"e2a4f98\" data-element_type=\"column\" data-settings=\"{&quot;background_background&quot;:&quot;classic&quot;}\">\n\t\t\t<div class=\"elementor-column-wrap elementor-element-populated\">\n\t\t\t\t\t\t\t<div class=\"elementor-widget-wrap\">\n\t\t\t\t\t\t<div class=\"elementor-element elementor-element-f33eb2b elementor-widget elementor-widget-text-editor\" data-id=\"f33eb2b\" data-element_type=\"widget\" data-widget_type=\"text-editor.default\">\n\t\t\t\t<div class=\"elementor-widget-container\">\n\t\t\t\t\t\t\t\t<div class=\"elementor-text-editor elementor-clearfix\">\n\t\t\t\t<p><a href=\"https:\/\/www.medellin.gov.co\/es\/wp-content\/uploads\/2022\/10\/2.Carta-de-presentacion_Anexo-1_-Convocatoria-memoria-y-rituales-de-fin-de-ano.pdf\" target=\"_blank\" rel=\"noopener\"><strong>Formato de carta de presentaci\u00f3n<\/strong><\/a><\/p>\t\t\t\t\t<\/div>\n\t\t\t\t\t\t<\/div>\n\t\t\t\t<\/div>\n\t\t\t\t\t\t<\/div>\n\t\t\t\t\t<\/div>\n\t\t<\/div>\n\t\t\t\t<div class=\"elementor-column elementor-col-20 elementor-inner-column elementor-element elementor-element-e54d29e\" data-id=\"e54d29e\" data-element_type=\"column\" data-settings=\"{&quot;background_background&quot;:&quot;classic&quot;}\">\n\t\t\t<div class=\"elementor-column-wrap elementor-element-populated\">\n\t\t\t\t\t\t\t<div class=\"elementor-widget-wrap\">\n\t\t\t\t\t\t<div class=\"elementor-element elementor-element-5019d48 elementor-widget elementor-widget-text-editor\" data-id=\"5019d48\" data-element_type=\"widget\" data-widget_type=\"text-editor.default\">\n\t\t\t\t<div class=\"elementor-widget-container\">\n\t\t\t\t\t\t\t\t<div class=\"elementor-text-editor elementor-clearfix\">\n\t\t\t\t<p><a href=\"https:\/\/www.medellin.gov.co\/es\/wp-content\/uploads\/2022\/10\/3.-Carta-de-compromiso-de-cumplimiento-y-de-socializacion_Anexo-2_-convocatoria-memoria-y-rituales-de-fin-de-ano.pdf\" target=\"_blank\" rel=\"noopener\"><strong>Formato de carta de compromiso\u00a0<\/strong><\/a><\/p>\t\t\t\t\t<\/div>\n\t\t\t\t\t\t<\/div>\n\t\t\t\t<\/div>\n\t\t\t\t\t\t<\/div>\n\t\t\t\t\t<\/div>\n\t\t<\/div>\n\t\t\t\t<div class=\"elementor-column elementor-col-20 elementor-inner-column elementor-element elementor-element-0ffe057\" data-id=\"0ffe057\" data-element_type=\"column\" data-settings=\"{&quot;background_background&quot;:&quot;classic&quot;}\">\n\t\t\t<div class=\"elementor-column-wrap elementor-element-populated\">\n\t\t\t\t\t\t\t<div class=\"elementor-widget-wrap\">\n\t\t\t\t\t\t<div class=\"elementor-element elementor-element-06875ab elementor-widget elementor-widget-text-editor\" data-id=\"06875ab\" data-element_type=\"widget\" data-widget_type=\"text-editor.default\">\n\t\t\t\t<div class=\"elementor-widget-container\">\n\t\t\t\t\t\t\t\t<div class=\"elementor-text-editor elementor-clearfix\">\n\t\t\t\t<p><a href=\"https:\/\/www.medellin.gov.co\/es\/wp-content\/uploads\/2022\/10\/4.-Propuesta-tecnica_Anexo-3_-Convocatoria-memoria-y-rituales-de-fin-de-ano.pdf\" target=\"_blank\" rel=\"noopener\"><strong>Formato de propuesta t\u00e9cnica\u00a0<\/strong><\/a><\/p>\t\t\t\t\t<\/div>\n\t\t\t\t\t\t<\/div>\n\t\t\t\t<\/div>\n\t\t\t\t\t\t<\/div>\n\t\t\t\t\t<\/div>\n\t\t<\/div>\n\t\t\t\t<div class=\"elementor-column elementor-col-20 elementor-inner-column elementor-element elementor-element-4688e89\" data-id=\"4688e89\" data-element_type=\"column\" data-settings=\"{&quot;background_background&quot;:&quot;classic&quot;}\">\n\t\t\t<div class=\"elementor-column-wrap elementor-element-populated\">\n\t\t\t\t\t\t\t<div class=\"elementor-widget-wrap\">\n\t\t\t\t\t\t<div class=\"elementor-element elementor-element-126996a elementor-widget elementor-widget-text-editor\" data-id=\"126996a\" data-element_type=\"widget\" data-widget_type=\"text-editor.default\">\n\t\t\t\t<div class=\"elementor-widget-container\">\n\t\t\t\t\t\t\t\t<div class=\"elementor-text-editor elementor-clearfix\">\n\t\t\t\t<p><a href=\"https:\/\/www.medellin.gov.co\/es\/wp-content\/uploads\/2022\/10\/5.Descripciones-de-los-objetos_-Anexo-4_Convocatoria-memoria-y-rituales-de-fin-de-ano.pdf\" target=\"_blank\" rel=\"noopener\"><strong>Formato de descripciones de los objetos<\/strong><\/a><\/p>\t\t\t\t\t<\/div>\n\t\t\t\t\t\t<\/div>\n\t\t\t\t<\/div>\n\t\t\t\t\t\t<\/div>\n\t\t\t\t\t<\/div>\n\t\t<\/div>\n\t\t\t\t<div class=\"elementor-column elementor-col-20 elementor-inner-column elementor-element elementor-element-47b8822\" data-id=\"47b8822\" data-element_type=\"column\" data-settings=\"{&quot;background_background&quot;:&quot;classic&quot;}\">\n\t\t\t<div class=\"elementor-column-wrap elementor-element-populated\">\n\t\t\t\t\t\t\t<div class=\"elementor-widget-wrap\">\n\t\t\t\t\t\t<div class=\"elementor-element elementor-element-50fea20 elementor-widget elementor-widget-text-editor\" data-id=\"50fea20\" data-element_type=\"widget\" data-widget_type=\"text-editor.default\">\n\t\t\t\t<div class=\"elementor-widget-container\">\n\t\t\t\t\t\t\t\t<div class=\"elementor-text-editor elementor-clearfix\">\n\t\t\t\t<p><a href=\"https:\/\/www.medellin.gov.co\/es\/wp-content\/uploads\/2022\/10\/6.-Cronograma_Anexo-5_Convocatoria-memoria-y-rituales-de-fin-de-ano.pdf\" target=\"_blank\" rel=\"noopener\"><strong>Formato de cronograma<\/strong><\/a><\/p>\t\t\t\t\t<\/div>\n\t\t\t\t\t\t<\/div>\n\t\t\t\t<\/div>\n\t\t\t\t\t\t<\/div>\n\t\t\t\t\t<\/div>\n\t\t<\/div>\n\t\t\t\t\t\t\t\t<\/div>\n\t\t\t\t\t<\/div>\n\t\t<\/section>\n\t\t\t\t\t\t<\/div>\n\t\t\t\t\t<\/div>\n\t\t<\/div>\n\t\t\t\t\t\t\t\t<\/div>\n\t\t\t\t\t<\/div>\n\t\t<\/section>\n\t\t\t\t\t\t\t\t\t<\/div>\n\t\t\t<\/div>\n\t\t\t\t\t<\/div>\n\t\t","protected":false},"excerpt":{"rendered":"<p>Est\u00edmulos al arte y al emprendimiento: Memoria y rituales de fin de a\u00f1o con toque afrodescendiente La Alcald\u00eda de Medell\u00edn, a trav\u00e9s de su gerencia \u00c9tnica, presenta la convocatoria Memoria y rituales de fin de &#8230;<\/p>\n","protected":false},"author":31,"featured_media":0,"parent":21616,"menu_order":0,"comment_status":"closed","ping_status":"closed","template":"sec-etnica\/elementor.php","meta":[],"acf":[],"_links":{"self":[{"href":"https:\/\/www.medellin.gov.co\/es\/wp-json\/wp\/v2\/pages\/124268"}],"collection":[{"href":"https:\/\/www.medellin.gov.co\/es\/wp-json\/wp\/v2\/pages"}],"about":[{"href":"https:\/\/www.medellin.gov.co\/es\/wp-json\/wp\/v2\/types\/page"}],"author":[{"embeddable":true,"href":"https:\/\/www.medellin.gov.co\/es\/wp-json\/wp\/v2\/users\/31"}],"replies":[{"embeddable":true,"href":"https:\/\/www.medellin.gov.co\/es\/wp-json\/wp\/v2\/comments?post=124268"}],"version-history":[{"count":10,"href":"https:\/\/www.medellin.gov.co\/es\/wp-json\/wp\/v2\/pages\/124268\/revisions"}],"predecessor-version":[{"id":133664,"href":"https:\/\/www.medellin.gov.co\/es\/wp-json\/wp\/v2\/pages\/124268\/revisions\/133664"}],"up":[{"embeddable":true,"href":"https:\/\/www.medellin.gov.co\/es\/wp-json\/wp\/v2\/pages\/21616"}],"wp:attachment":[{"href":"https:\/\/www.medellin.gov.co\/es\/wp-json\/wp\/v2\/media?parent=124268"}],"curies":[{"name":"wp","href":"https:\/\/api.w.org\/{rel}","templated":true}]}}