{"id":12497,"date":"2021-09-05T22:46:44","date_gmt":"2021-09-06T03:46:44","guid":{"rendered":"https:\/\/www.medellin.gov.co\/es\/?page_id=12497"},"modified":"2022-05-30T19:55:07","modified_gmt":"2022-05-31T00:55:07","slug":"tramites-y-servicios-docentes","status":"publish","type":"page","link":"https:\/\/www.medellin.gov.co\/es\/secretaria-de-educacion\/maestros\/tramites-y-servicios-docentes\/","title":{"rendered":"Secretar\u00eda de Educaci\u00f3n: tr\u00e1mites y servicios para docentes"},"content":{"rendered":"\t\t<div data-elementor-type=\"wp-page\" data-elementor-id=\"12497\" class=\"elementor elementor-12497\">\n\t\t\t\t\t\t<div class=\"elementor-inner\">\n\t\t\t\t<div class=\"elementor-section-wrap\">\n\t\t\t\t\t\t\t\t\t<section class=\"elementor-section elementor-top-section elementor-element elementor-element-a64ab2c elementor-section-boxed elementor-section-height-default elementor-section-height-default\" data-id=\"a64ab2c\" data-element_type=\"section\">\n\t\t\t\t\t\t<div class=\"elementor-container elementor-column-gap-default\">\n\t\t\t\t\t\t\t<div class=\"elementor-row\">\n\t\t\t\t\t<div class=\"elementor-column elementor-col-100 elementor-top-column elementor-element elementor-element-481f9a6\" data-id=\"481f9a6\" data-element_type=\"column\">\n\t\t\t<div class=\"elementor-column-wrap elementor-element-populated\">\n\t\t\t\t\t\t\t<div class=\"elementor-widget-wrap\">\n\t\t\t\t\t\t<div class=\"elementor-element elementor-element-4dcded5 elementor-widget elementor-widget-heading\" data-id=\"4dcded5\" data-element_type=\"widget\" data-widget_type=\"heading.default\">\n\t\t\t\t<div class=\"elementor-widget-container\">\n\t\t\t<h1 class=\"elementor-heading-title elementor-size-default\">Tr\u00e1mites y servicios de la Secretar\u00eda de Educaci\u00f3n para maestros<\/h1>\t\t<\/div>\n\t\t\t\t<\/div>\n\t\t\t\t<div class=\"elementor-element elementor-element-40671cb elementor-widget elementor-widget-text-editor\" data-id=\"40671cb\" data-element_type=\"widget\" data-widget_type=\"text-editor.default\">\n\t\t\t\t<div class=\"elementor-widget-container\">\n\t\t\t\t\t\t\t\t<div class=\"elementor-text-editor elementor-clearfix\">\n\t\t\t\t<p>A continuaci\u00f3n, te presentamos los tr\u00e1mites y servicios espec\u00edficos para maestros:<\/p>\t\t\t\t\t<\/div>\n\t\t\t\t\t\t<\/div>\n\t\t\t\t<\/div>\n\t\t\t\t<div class=\"elementor-element elementor-element-737912e elementor-widget elementor-widget-heading\" data-id=\"737912e\" data-element_type=\"widget\" id=\"tra_perdida\" data-widget_type=\"heading.default\">\n\t\t\t\t<div class=\"elementor-widget-container\">\n\t\t\t<h2 class=\"elementor-heading-title elementor-size-default\"><b>P\u00e9rdida <\/b>de Capacidad Laboral<\/h2>\t\t<\/div>\n\t\t\t\t<\/div>\n\t\t\t\t<div class=\"elementor-element elementor-element-c2ca167 elementor-widget elementor-widget-heading\" data-id=\"c2ca167\" data-element_type=\"widget\" data-widget_type=\"heading.default\">\n\t\t\t\t<div class=\"elementor-widget-container\">\n\t\t\t<h3 class=\"elementor-heading-title elementor-size-default\">\u00bfQu\u00e9 es una P\u00e9rdida de Capacidad Laboral (PCL)?<\/h3>\t\t<\/div>\n\t\t\t\t<\/div>\n\t\t\t\t<div class=\"elementor-element elementor-element-4cc932f elementor-widget elementor-widget-text-editor\" data-id=\"4cc932f\" data-element_type=\"widget\" data-widget_type=\"text-editor.default\">\n\t\t\t\t<div class=\"elementor-widget-container\">\n\t\t\t\t\t\t\t\t<div class=\"elementor-text-editor elementor-clearfix\">\n\t\t\t\t<p>Se entiende por calificaci\u00f3n de P\u00e9rdida de Capacidad Laboral al mecanismo que permite establecer el porcentaje de afectaci\u00f3n del conjunto de las habilidades, destrezas, aptitudes y\/o potencialidades de orden f\u00edsico, mental y social que le permiten al individuo desempe\u00f1arse en su trabajo habitual.<\/p>\t\t\t\t\t<\/div>\n\t\t\t\t\t\t<\/div>\n\t\t\t\t<\/div>\n\t\t\t\t<div class=\"elementor-element elementor-element-b39d834 elementor-widget elementor-widget-heading\" data-id=\"b39d834\" data-element_type=\"widget\" data-widget_type=\"heading.default\">\n\t\t\t\t<div class=\"elementor-widget-container\">\n\t\t\t<h3 class=\"elementor-heading-title elementor-size-default\">\u00bfEn qu\u00e9 consiste la PCL?<\/h3>\t\t<\/div>\n\t\t\t\t<\/div>\n\t\t\t\t<div class=\"elementor-element elementor-element-042032a elementor-widget elementor-widget-text-editor\" data-id=\"042032a\" data-element_type=\"widget\" data-widget_type=\"text-editor.default\">\n\t\t\t\t<div class=\"elementor-widget-container\">\n\t\t\t\t\t\t\t\t<div class=\"elementor-text-editor elementor-clearfix\">\n\t\t\t\t<p>La P\u00e9rdida de Capacidad Laboral es un proceso que emite el m\u00e9dico laboral de la IPS o EPS que atiende a los docentes y directivos docentes. La IPS Red Vital emite dictamen de p\u00e9rdida de capacidad, se da PCL laboral total cuando el porcentaje es mayor al 50 % y p\u00e9rdida de capacidad parcial cuando es menor del 49.9 %; el dictamen que supere el 50 % debe ser renovado cada tres a\u00f1os por el \u00e1rea de medicina laboral de la entidad prestadora de salud.<\/p>\t\t\t\t\t<\/div>\n\t\t\t\t\t\t<\/div>\n\t\t\t\t<\/div>\n\t\t\t\t<div class=\"elementor-element elementor-element-541b18f elementor-widget elementor-widget-heading\" data-id=\"541b18f\" data-element_type=\"widget\" data-widget_type=\"heading.default\">\n\t\t\t\t<div class=\"elementor-widget-container\">\n\t\t\t<h3 class=\"elementor-heading-title elementor-size-default\">Tr\u00e1mites<\/h3>\t\t<\/div>\n\t\t\t\t<\/div>\n\t\t\t\t<div class=\"elementor-element elementor-element-f7a543b elementor-widget elementor-widget-text-editor\" data-id=\"f7a543b\" data-element_type=\"widget\" data-widget_type=\"text-editor.default\">\n\t\t\t\t<div class=\"elementor-widget-container\">\n\t\t\t\t\t\t\t\t<div class=\"elementor-text-editor elementor-clearfix\">\n\t\t\t\t<p>La IPS Red Vital emite el dictamen y lo socializa con el paciente y la Secretar\u00eda de Educaci\u00f3n. El empleador indica al docente y\/o directivo docente los documentos que debe suministrar para iniciar el tr\u00e1mite de pensi\u00f3n.<\/p>\t\t\t\t\t<\/div>\n\t\t\t\t\t\t<\/div>\n\t\t\t\t<\/div>\n\t\t\t\t<div class=\"elementor-element elementor-element-17bb59a elementor-widget elementor-widget-heading\" data-id=\"17bb59a\" data-element_type=\"widget\" data-widget_type=\"heading.default\">\n\t\t\t\t<div class=\"elementor-widget-container\">\n\t\t\t<h3 class=\"elementor-heading-title elementor-size-default\">Documentos requeridos<\/h3>\t\t<\/div>\n\t\t\t\t<\/div>\n\t\t\t\t<div class=\"elementor-element elementor-element-24f9cd0 elementor-widget elementor-widget-text-editor\" data-id=\"24f9cd0\" data-element_type=\"widget\" data-widget_type=\"text-editor.default\">\n\t\t\t\t<div class=\"elementor-widget-container\">\n\t\t\t\t\t\t\t\t<div class=\"elementor-text-editor elementor-clearfix\">\n\t\t\t\t<p>Diligenciar el formulario de documentos de la IPS<\/p>\t\t\t\t\t<\/div>\n\t\t\t\t\t\t<\/div>\n\t\t\t\t<\/div>\n\t\t\t\t<div class=\"elementor-element elementor-element-e4223ee elementor-widget elementor-widget-image\" data-id=\"e4223ee\" data-element_type=\"widget\" data-widget_type=\"image.default\">\n\t\t\t\t<div class=\"elementor-widget-container\">\n\t\t\t\t\t\t\t\t<div class=\"elementor-image\">\n\t\t\t\t\t\t\t\t\t\t\t\t<img width=\"937\" height=\"402\" src=\"https:\/\/www.medellin.gov.co\/es\/wp-content\/uploads\/2021\/09\/profesora-balon.jpg\" class=\"attachment-1536x1536 size-1536x1536\" alt=\"Profesora con bal\u00f3n\" loading=\"lazy\" srcset=\"https:\/\/www.medellin.gov.co\/es\/wp-content\/uploads\/2021\/09\/profesora-balon.jpg 937w, https:\/\/www.medellin.gov.co\/es\/wp-content\/uploads\/2021\/09\/profesora-balon-300x129.jpg 300w, https:\/\/www.medellin.gov.co\/es\/wp-content\/uploads\/2021\/09\/profesora-balon-150x64.jpg 150w, https:\/\/www.medellin.gov.co\/es\/wp-content\/uploads\/2021\/09\/profesora-balon-768x329.jpg 768w\" sizes=\"(max-width: 937px) 100vw, 937px\" \/>\t\t\t\t\t\t\t\t\t\t\t\t\t\t<\/div>\n\t\t\t\t\t\t<\/div>\n\t\t\t\t<\/div>\n\t\t\t\t<div class=\"elementor-element elementor-element-42ded28 elementor-widget elementor-widget-heading\" data-id=\"42ded28\" data-element_type=\"widget\" id=\"tra_vital\" data-widget_type=\"heading.default\">\n\t\t\t\t<div class=\"elementor-widget-container\">\n\t\t\t<h2 class=\"elementor-heading-title elementor-size-default\"><b>Afiliaci\u00f3n <\/b>a Red Vital<\/h2>\t\t<\/div>\n\t\t\t\t<\/div>\n\t\t\t\t<div class=\"elementor-element elementor-element-4e3ca29 elementor-widget elementor-widget-text-editor\" data-id=\"4e3ca29\" data-element_type=\"widget\" data-widget_type=\"text-editor.default\">\n\t\t\t\t<div class=\"elementor-widget-container\">\n\t\t\t\t\t\t\t\t<div class=\"elementor-text-editor elementor-clearfix\">\n\t\t\t\t<p>A continuaci\u00f3n, encontrar\u00e1s los requisitos para realizar la afiliaci\u00f3n de beneficiarios:<\/p>\t\t\t\t\t<\/div>\n\t\t\t\t\t\t<\/div>\n\t\t\t\t<\/div>\n\t\t\t\t<section class=\"elementor-section elementor-inner-section elementor-element elementor-element-f08146b elementor-section-boxed elementor-section-height-default elementor-section-height-default\" data-id=\"f08146b\" data-element_type=\"section\">\n\t\t\t\t\t\t<div class=\"elementor-container elementor-column-gap-default\">\n\t\t\t\t\t\t\t<div class=\"elementor-row\">\n\t\t\t\t\t<div class=\"elementor-column elementor-col-50 elementor-inner-column elementor-element elementor-element-39d9320\" data-id=\"39d9320\" data-element_type=\"column\" data-settings=\"{&quot;background_background&quot;:&quot;classic&quot;}\">\n\t\t\t<div class=\"elementor-column-wrap elementor-element-populated\">\n\t\t\t\t\t\t\t<div class=\"elementor-widget-wrap\">\n\t\t\t\t\t\t<div class=\"elementor-element elementor-element-d543b4b elementor-widget elementor-widget-heading\" data-id=\"d543b4b\" data-element_type=\"widget\" data-widget_type=\"heading.default\">\n\t\t\t\t<div class=\"elementor-widget-container\">\n\t\t\t<h3 class=\"elementor-heading-title elementor-size-default\">Hijo mayor de edad:<\/h3>\t\t<\/div>\n\t\t\t\t<\/div>\n\t\t\t\t<div class=\"elementor-element elementor-element-747de88 elementor-widget elementor-widget-text-editor\" data-id=\"747de88\" data-element_type=\"widget\" data-widget_type=\"text-editor.default\">\n\t\t\t\t<div class=\"elementor-widget-container\">\n\t\t\t\t\t\t\t\t<div class=\"elementor-text-editor elementor-clearfix\">\n\t\t\t\t<ul><li>Copia del documento del cotizante al 150 %.<\/li><li>Copia del documento beneficiario al 150 %.<\/li><li>Copia Registro Civil de nacimiento beneficiario.<\/li><li>Copia certificada ADRES donde conste que no est\u00e1 afiliado a ninguna otra entidad de salud.<\/li><li>Declaraci\u00f3n de dependencia econ\u00f3mica <a href=\"https:\/\/redvitalut.com\/docs\/declaracion-juramentada-de-dependencia-economica.pdf\" target=\"_blank\" rel=\"noopener\">(formato disponible en el sitio Web).<\/a><\/li><li>Formulario \u00fanico de afiliaci\u00f3n <a href=\"https:\/\/redvitalut.com\/docs\/FUA.pdf\" target=\"_blank\" rel=\"noopener\">(formato disponible en el sitio Web).<\/a><\/li><\/ul>\t\t\t\t\t<\/div>\n\t\t\t\t\t\t<\/div>\n\t\t\t\t<\/div>\n\t\t\t\t\t\t<\/div>\n\t\t\t\t\t<\/div>\n\t\t<\/div>\n\t\t\t\t<div class=\"elementor-column elementor-col-50 elementor-inner-column elementor-element elementor-element-bfe339a\" data-id=\"bfe339a\" data-element_type=\"column\" data-settings=\"{&quot;background_background&quot;:&quot;classic&quot;}\">\n\t\t\t<div class=\"elementor-column-wrap elementor-element-populated\">\n\t\t\t\t\t\t\t<div class=\"elementor-widget-wrap\">\n\t\t\t\t\t\t<div class=\"elementor-element elementor-element-ba73fbb elementor-widget elementor-widget-heading\" data-id=\"ba73fbb\" data-element_type=\"widget\" data-widget_type=\"heading.default\">\n\t\t\t\t<div class=\"elementor-widget-container\">\n\t\t\t<h3 class=\"elementor-heading-title elementor-size-default\">Hijo menor de edad:<\/h3>\t\t<\/div>\n\t\t\t\t<\/div>\n\t\t\t\t<div class=\"elementor-element elementor-element-ea75530 elementor-widget elementor-widget-text-editor\" data-id=\"ea75530\" data-element_type=\"widget\" data-widget_type=\"text-editor.default\">\n\t\t\t\t<div class=\"elementor-widget-container\">\n\t\t\t\t\t\t\t\t<div class=\"elementor-text-editor elementor-clearfix\">\n\t\t\t\t<ul><li>Copia del documento del cotizante al 150 %.<\/li><li>Copia del documento del beneficiario al 150 %.<\/li><li>Copia Registro Civil de nacimiento del beneficiario.<\/li><li>Copia certificada ADRES donde conste que no est\u00e1 afiliado a ninguna otra entidad de salud.<\/li><li>Formulario \u00fanico de afiliaci\u00f3n <a href=\"https:\/\/redvitalut.com\/docs\/FUA.pdf\" target=\"_blank\" rel=\"noopener\">(formato disponible en el sitio Web).<\/a><\/li><li>Para hijos adoptivos copia certificada de adopci\u00f3n.<\/li><\/ul>\t\t\t\t\t<\/div>\n\t\t\t\t\t\t<\/div>\n\t\t\t\t<\/div>\n\t\t\t\t\t\t<\/div>\n\t\t\t\t\t<\/div>\n\t\t<\/div>\n\t\t\t\t\t\t\t\t<\/div>\n\t\t\t\t\t<\/div>\n\t\t<\/section>\n\t\t\t\t<section class=\"elementor-section elementor-inner-section elementor-element elementor-element-1485a96 elementor-section-boxed elementor-section-height-default elementor-section-height-default\" data-id=\"1485a96\" data-element_type=\"section\">\n\t\t\t\t\t\t<div class=\"elementor-container elementor-column-gap-default\">\n\t\t\t\t\t\t\t<div class=\"elementor-row\">\n\t\t\t\t\t<div class=\"elementor-column elementor-col-50 elementor-inner-column elementor-element elementor-element-4cd790e\" data-id=\"4cd790e\" data-element_type=\"column\" data-settings=\"{&quot;background_background&quot;:&quot;classic&quot;}\">\n\t\t\t<div class=\"elementor-column-wrap elementor-element-populated\">\n\t\t\t\t\t\t\t<div class=\"elementor-widget-wrap\">\n\t\t\t\t\t\t<div class=\"elementor-element elementor-element-61bf8e0 elementor-widget elementor-widget-heading\" data-id=\"61bf8e0\" data-element_type=\"widget\" data-widget_type=\"heading.default\">\n\t\t\t\t<div class=\"elementor-widget-container\">\n\t\t\t<h3 class=\"elementor-heading-title elementor-size-default\">C\u00f3nyuge o compa\u00f1ero permanente:<\/h3>\t\t<\/div>\n\t\t\t\t<\/div>\n\t\t\t\t<div class=\"elementor-element elementor-element-99f29a6 elementor-widget elementor-widget-text-editor\" data-id=\"99f29a6\" data-element_type=\"widget\" data-widget_type=\"text-editor.default\">\n\t\t\t\t<div class=\"elementor-widget-container\">\n\t\t\t\t\t\t\t\t<div class=\"elementor-text-editor elementor-clearfix\">\n\t\t\t\t<ul><li>Copia del documento del cotizante al 150 %.<\/li><li>Copia del documento del beneficiario al 150 %.<\/li><li>Copia Registro Civil de matrimonio o declaraci\u00f3n de convivencia.<\/li><li>Copia certificada ADRES donde conste que no est\u00e1 afiliado a ninguna otra entidad de salud.<\/li><li>Declaraci\u00f3n de dependencia econ\u00f3mica <a href=\"https:\/\/redvitalut.com\/docs\/declaracion-juramentada-de-dependencia-economica.pdf\" target=\"_blank\" rel=\"noopener\">(formato disponible en el sitio Web).<\/a><\/li><li>Formulario \u00fanico de afiliaci\u00f3n <a href=\"https:\/\/redvitalut.com\/docs\/FUA.pdf\" target=\"_blank\" rel=\"noopener\">(formato disponible en el sitio Web).<\/a><\/li><\/ul>\t\t\t\t\t<\/div>\n\t\t\t\t\t\t<\/div>\n\t\t\t\t<\/div>\n\t\t\t\t\t\t<\/div>\n\t\t\t\t\t<\/div>\n\t\t<\/div>\n\t\t\t\t<div class=\"elementor-column elementor-col-50 elementor-inner-column elementor-element elementor-element-342612a\" data-id=\"342612a\" data-element_type=\"column\" data-settings=\"{&quot;background_background&quot;:&quot;classic&quot;}\">\n\t\t\t<div class=\"elementor-column-wrap elementor-element-populated\">\n\t\t\t\t\t\t\t<div class=\"elementor-widget-wrap\">\n\t\t\t\t\t\t<div class=\"elementor-element elementor-element-3f90f64 elementor-widget elementor-widget-heading\" data-id=\"3f90f64\" data-element_type=\"widget\" data-widget_type=\"heading.default\">\n\t\t\t\t<div class=\"elementor-widget-container\">\n\t\t\t<h3 class=\"elementor-heading-title elementor-size-default\">Madre o Padre:<\/h3>\t\t<\/div>\n\t\t\t\t<\/div>\n\t\t\t\t<div class=\"elementor-element elementor-element-996e237 elementor-widget elementor-widget-text-editor\" data-id=\"996e237\" data-element_type=\"widget\" data-widget_type=\"text-editor.default\">\n\t\t\t\t<div class=\"elementor-widget-container\">\n\t\t\t\t\t\t\t\t<div class=\"elementor-text-editor elementor-clearfix\">\n\t\t\t\t<ul><li>Copia del documento del cotizante al 150 %.<\/li><li>Copia del documento del beneficiario al 150 %.<\/li><li>Copia del Registro Civil de nacimiento del cotizante.<\/li><li>Declaraci\u00f3n de dependencia econ\u00f3mica <a href=\"https:\/\/redvitalut.com\/docs\/declaracion-juramentada-de-dependencia-economica.pdf\" target=\"_blank\" rel=\"noopener\">(formato disponible en el sitio Web).<\/a><\/li><li>Formulario \u00fanico de afiliaci\u00f3n <a href=\"https:\/\/redvitalut.com\/docs\/FUA.pdf\" target=\"_blank\" rel=\"noopener\">(formato disponible en el sitio Web).<\/a><\/li><\/ul>\t\t\t\t\t<\/div>\n\t\t\t\t\t\t<\/div>\n\t\t\t\t<\/div>\n\t\t\t\t\t\t<\/div>\n\t\t\t\t\t<\/div>\n\t\t<\/div>\n\t\t\t\t\t\t\t\t<\/div>\n\t\t\t\t\t<\/div>\n\t\t<\/section>\n\t\t\t\t<div class=\"elementor-element elementor-element-fe5628f elementor-widget elementor-widget-text-editor\" data-id=\"fe5628f\" data-element_type=\"widget\" data-widget_type=\"text-editor.default\">\n\t\t\t\t<div class=\"elementor-widget-container\">\n\t\t\t\t\t\t\t\t<div class=\"elementor-text-editor elementor-clearfix\">\n\t\t\t\t<p>Para efectuar reintegros, traslados o cualquier novedad son necesarios los mismos documentos que para efectuar una afiliaci\u00f3n.<\/p><p>Estos documentos pueden ser entregados en:<\/p><p>CAU Fiduprevisor, carrera 43b # 14 &#8211; 59, Edificio Alcal\u00e1, local 102.<\/p><p>Sede administrativa RedVital UT, calle 33 # 74e &#8211; 31.<\/p><p>O enviados al correo <a href=\"mailto:afiliaciones@sumimedical.com\" target=\"_blank\" rel=\"noopener\">afiliaciones@sumimedical.com<\/a>.<\/p><p>Lo que debes conocer sobre el proceso de afiliaciones:<\/p>\t\t\t\t\t<\/div>\n\t\t\t\t\t\t<\/div>\n\t\t\t\t<\/div>\n\t\t\t\t<div class=\"elementor-element elementor-element-52293ec elementor-widget elementor-widget-text-editor\" data-id=\"52293ec\" data-element_type=\"widget\" data-widget_type=\"text-editor.default\">\n\t\t\t\t<div class=\"elementor-widget-container\">\n\t\t\t\t\t\t\t\t<div class=\"elementor-text-editor elementor-clearfix\">\n\t\t\t\t<ul><li>Todos los usuarios deben mantener actualizados sus documentos con el fin de evitar la suspensi\u00f3n del servicio.<\/li><li>Los beneficiarios mayores de veinticinco (25) a\u00f1os pueden estar activos hasta el d\u00eda antes de cumplir veintis\u00e9is (26) a\u00f1os, siempre y cuando tengan su documentaci\u00f3n en orden y actualizada (declaraci\u00f3n de dependencia econ\u00f3mica anual).<\/li><li>Todos los ni\u00f1os mayores de 7 a\u00f1os deben tener actualizado su documento de identidad (tarjeta de identidad).<\/li><li>Recuerda que puedes solicitar el cambio de sede de atenci\u00f3n a trav\u00e9s del correo electr\u00f3nico:\u00a0 afiliaciones@sumimedical.com o\u00a0 acerc\u00e1ndote a la sede administrativa ubicada en la Avenida 33 # 74e &#8211; 31 en la ciudad de Medell\u00edn.<\/li><\/ul>\t\t\t\t\t<\/div>\n\t\t\t\t\t\t<\/div>\n\t\t\t\t<\/div>\n\t\t\t\t<div class=\"elementor-element elementor-element-b5a7b46 elementor-widget elementor-widget-heading\" data-id=\"b5a7b46\" data-element_type=\"widget\" data-widget_type=\"heading.default\">\n\t\t\t\t<div class=\"elementor-widget-container\">\n\t\t\t<h3 class=\"elementor-heading-title elementor-size-default\">Formato para el tr\u00e1mite de afiliaciones<\/h3>\t\t<\/div>\n\t\t\t\t<\/div>\n\t\t\t\t<div class=\"elementor-element elementor-element-527ef81 elementor-widget elementor-widget-text-editor\" data-id=\"527ef81\" data-element_type=\"widget\" data-widget_type=\"text-editor.default\">\n\t\t\t\t<div class=\"elementor-widget-container\">\n\t\t\t\t\t\t\t\t<div class=\"elementor-text-editor elementor-clearfix\">\n\t\t\t\t<p>Para tramitar tus afiliaciones puedes descargar los siguientes formatos, diligenciarlos y presentarlos en nuestra sede administrativa, ubicada en la Avenida 33 # 74e &#8211; 31 o en las oficinas de la Fiduprevisora, ubicadas en la carrera 43b # 14 &#8211; 59, Edificio Alcal\u00e1.<\/p>\t\t\t\t\t<\/div>\n\t\t\t\t\t\t<\/div>\n\t\t\t\t<\/div>\n\t\t\t\t<div class=\"elementor-element elementor-element-524b8b6 elementor-widget elementor-widget-heading\" data-id=\"524b8b6\" data-element_type=\"widget\" id=\"tra_accidentes\" data-widget_type=\"heading.default\">\n\t\t\t\t<div class=\"elementor-widget-container\">\n\t\t\t<h2 class=\"elementor-heading-title elementor-size-default\"><b>Accidentes <\/b>laborales<\/h2>\t\t<\/div>\n\t\t\t\t<\/div>\n\t\t\t\t<div class=\"elementor-element elementor-element-469b5b1 elementor-widget elementor-widget-text-editor\" data-id=\"469b5b1\" data-element_type=\"widget\" data-widget_type=\"text-editor.default\">\n\t\t\t\t<div class=\"elementor-widget-container\">\n\t\t\t\t\t\t\t\t<div class=\"elementor-text-editor elementor-clearfix\">\n\t\t\t\t<p>Para tramitar tus afiliaciones puedes descargar los siguientes formatos, diligenciarlos y presentarlos en nuestra sede administrativa, ubicada en la Avenida 33 # 74e &#8211; 31 o en las oficinas de la Fiduprevisora, ubicadas en la carrera 43b # 14 &#8211; 59, Edificio Alcal\u00e1.<\/p>\t\t\t\t\t<\/div>\n\t\t\t\t\t\t<\/div>\n\t\t\t\t<\/div>\n\t\t\t\t<div class=\"elementor-element elementor-element-7fb65a9 elementor-widget elementor-widget-text-editor\" data-id=\"7fb65a9\" data-element_type=\"widget\" data-widget_type=\"text-editor.default\">\n\t\t\t\t<div class=\"elementor-widget-container\">\n\t\t\t\t\t\t\t\t<div class=\"elementor-text-editor elementor-clearfix\">\n\t\t\t\t<p>A continuaci\u00f3n, te explicamos de forma detallada el paso a paso sobre un accidente laboral de docente y\/o directivo docente:<\/p>\t\t\t\t\t<\/div>\n\t\t\t\t\t\t<\/div>\n\t\t\t\t<\/div>\n\t\t\t\t<div class=\"elementor-element elementor-element-3f14a3d elementor-widget elementor-widget-text-editor\" data-id=\"3f14a3d\" data-element_type=\"widget\" data-widget_type=\"text-editor.default\">\n\t\t\t\t<div class=\"elementor-widget-container\">\n\t\t\t\t\t\t\t\t<div class=\"elementor-text-editor elementor-clearfix\">\n\t\t\t\t<ol><li>El docente o directivo docente al sufrir un accidente debe dirigirse a un centro hospitalario para tener atenci\u00f3n por el servicio de urgencias.<\/li><li>Luego de la atenci\u00f3n el maestro sale con la incapacidad por enfermedad general.<\/li><li>Debes remitir el formato de reporte de accidente laboral firmado por el directivo docente al correo <a href=\"mailto:accidentelaboral@sumimedical.com\">accidentelaboral@sumimedical.com<\/a> y <a href=\"mailto:ana.vasquez@medellin.gov.co\">ana.vasquez@medellin.gov.co<\/a><\/li><\/ol>\t\t\t\t\t<\/div>\n\t\t\t\t\t\t<\/div>\n\t\t\t\t<\/div>\n\t\t\t\t<div class=\"elementor-element elementor-element-b62b044 elementor-widget elementor-widget-text-editor\" data-id=\"b62b044\" data-element_type=\"widget\" data-widget_type=\"text-editor.default\">\n\t\t\t\t<div class=\"elementor-widget-container\">\n\t\t\t\t\t\t\t\t<div class=\"elementor-text-editor elementor-clearfix\">\n\t\t\t\t<p>Formato de reporte de accidente laboral:<\/p>\t\t\t\t\t<\/div>\n\t\t\t\t\t\t<\/div>\n\t\t\t\t<\/div>\n\t\t\t\t<div class=\"elementor-element elementor-element-a76d369 elementor-widget elementor-widget-text-editor\" data-id=\"a76d369\" data-element_type=\"widget\" data-widget_type=\"text-editor.default\">\n\t\t\t\t<div class=\"elementor-widget-container\">\n\t\t\t\t\t\t\t\t<div class=\"elementor-text-editor elementor-clearfix\">\n\t\t\t\t<ol start=\"4\"><li>La empresa contratada por Fiduprevisora realizar\u00e1 la investigaci\u00f3n del presunto accidente laboral.<\/li><li>Dicha investigaci\u00f3n se env\u00eda a Red Vital quien es la entidad que realiza el dictamen.<\/li><li>Cuando la investigaci\u00f3n d\u00e9 como resultado que es accidente laboral, RedVital enviar\u00e1 dictamen e incapacidades modificadas al docente o directivo docente afectado.<\/li><li>Cuando las incapacidades registren accidente laboral, el docente o directivo debe acercarse a la oficina de n\u00f3mina, para realizar el respectivo tr\u00e1mite a fin del reintegro del dinero (esto no se hace efectivo de forma inmediata).<\/li><li>Cuando la investigaci\u00f3n del accidente laboral no sea catalogado como tal, RedVital le informa al docente o directivo docente.<\/li><\/ol><p>Cuando el accidente no es catalogado como tal no se realiza reintegro de dinero.<\/p>\t\t\t\t\t<\/div>\n\t\t\t\t\t\t<\/div>\n\t\t\t\t<\/div>\n\t\t\t\t\t\t<\/div>\n\t\t\t\t\t<\/div>\n\t\t<\/div>\n\t\t\t\t\t\t\t\t<\/div>\n\t\t\t\t\t<\/div>\n\t\t<\/section>\n\t\t\t\t\t\t\t\t\t<\/div>\n\t\t\t<\/div>\n\t\t\t\t\t<\/div>\n\t\t","protected":false},"excerpt":{"rendered":"<p>Tr\u00e1mites y servicios de la Secretar\u00eda de Educaci\u00f3n para maestros A continuaci\u00f3n, te presentamos los tr\u00e1mites y servicios espec\u00edficos para maestros: P\u00e9rdida de Capacidad Laboral \u00bfQu\u00e9 es una P\u00e9rdida de Capacidad Laboral (PCL)? Se entiende &#8230;<\/p>\n","protected":false},"author":31,"featured_media":12623,"parent":12493,"menu_order":10,"comment_status":"closed","ping_status":"closed","template":"sec-educacion\/elementor.php","meta":[],"acf":[],"_links":{"self":[{"href":"https:\/\/www.medellin.gov.co\/es\/wp-json\/wp\/v2\/pages\/12497"}],"collection":[{"href":"https:\/\/www.medellin.gov.co\/es\/wp-json\/wp\/v2\/pages"}],"about":[{"href":"https:\/\/www.medellin.gov.co\/es\/wp-json\/wp\/v2\/types\/page"}],"author":[{"embeddable":true,"href":"https:\/\/www.medellin.gov.co\/es\/wp-json\/wp\/v2\/users\/31"}],"replies":[{"embeddable":true,"href":"https:\/\/www.medellin.gov.co\/es\/wp-json\/wp\/v2\/comments?post=12497"}],"version-history":[{"count":26,"href":"https:\/\/www.medellin.gov.co\/es\/wp-json\/wp\/v2\/pages\/12497\/revisions"}],"predecessor-version":[{"id":64690,"href":"https:\/\/www.medellin.gov.co\/es\/wp-json\/wp\/v2\/pages\/12497\/revisions\/64690"}],"up":[{"embeddable":true,"href":"https:\/\/www.medellin.gov.co\/es\/wp-json\/wp\/v2\/pages\/12493"}],"wp:featuredmedia":[{"embeddable":true,"href":"https:\/\/www.medellin.gov.co\/es\/wp-json\/wp\/v2\/media\/12623"}],"wp:attachment":[{"href":"https:\/\/www.medellin.gov.co\/es\/wp-json\/wp\/v2\/media?parent=12497"}],"curies":[{"name":"wp","href":"https:\/\/api.w.org\/{rel}","templated":true}]}}