{"id":12510,"date":"2021-09-05T22:51:17","date_gmt":"2021-09-06T03:51:17","guid":{"rendered":"https:\/\/www.medellin.gov.co\/es\/?page_id=12510"},"modified":"2022-03-22T09:42:20","modified_gmt":"2022-03-22T14:42:20","slug":"transporte-escolar","status":"publish","type":"page","link":"https:\/\/www.medellin.gov.co\/es\/secretaria-de-educacion\/estudiantes\/transporte-escolar\/","title":{"rendered":"Programa de Transporte Escolar de la Secretar\u00eda de Educaci\u00f3n de Medell\u00edn"},"content":{"rendered":"\t\t<div data-elementor-type=\"wp-page\" data-elementor-id=\"12510\" class=\"elementor elementor-12510\">\n\t\t\t\t\t\t<div class=\"elementor-inner\">\n\t\t\t\t<div class=\"elementor-section-wrap\">\n\t\t\t\t\t\t\t\t\t<section class=\"elementor-section elementor-top-section elementor-element elementor-element-611d9f5b elementor-section-boxed elementor-section-height-default elementor-section-height-default\" data-id=\"611d9f5b\" data-element_type=\"section\">\n\t\t\t\t\t\t<div class=\"elementor-container elementor-column-gap-default\">\n\t\t\t\t\t\t\t<div class=\"elementor-row\">\n\t\t\t\t\t<div class=\"elementor-column elementor-col-100 elementor-top-column elementor-element elementor-element-2badae85\" data-id=\"2badae85\" data-element_type=\"column\">\n\t\t\t<div class=\"elementor-column-wrap elementor-element-populated\">\n\t\t\t\t\t\t\t<div class=\"elementor-widget-wrap\">\n\t\t\t\t\t\t<div class=\"elementor-element elementor-element-13e78fa4 elementor-widget elementor-widget-heading\" data-id=\"13e78fa4\" data-element_type=\"widget\" data-widget_type=\"heading.default\">\n\t\t\t\t<div class=\"elementor-widget-container\">\n\t\t\t<h1 class=\"elementor-heading-title elementor-size-default\">Programa de Transporte Escolar de la Secretar\u00eda de Educaci\u00f3n de Medell\u00edn<\/h1>\t\t<\/div>\n\t\t\t\t<\/div>\n\t\t\t\t<div class=\"elementor-element elementor-element-13d96f0 elementor-widget elementor-widget-image\" data-id=\"13d96f0\" data-element_type=\"widget\" data-widget_type=\"image.default\">\n\t\t\t\t<div class=\"elementor-widget-container\">\n\t\t\t\t\t\t\t\t<div class=\"elementor-image\">\n\t\t\t\t\t\t\t\t\t\t\t\t<img width=\"800\" height=\"279\" src=\"https:\/\/www.medellin.gov.co\/es\/wp-content\/uploads\/2021\/09\/nino-transporte-escolar.jpeg\" class=\"attachment-full size-full\" alt=\"Ni\u00f1o en transporte escolar\" loading=\"lazy\" srcset=\"https:\/\/www.medellin.gov.co\/es\/wp-content\/uploads\/2021\/09\/nino-transporte-escolar.jpeg 800w, https:\/\/www.medellin.gov.co\/es\/wp-content\/uploads\/2021\/09\/nino-transporte-escolar-300x105.jpeg 300w, https:\/\/www.medellin.gov.co\/es\/wp-content\/uploads\/2021\/09\/nino-transporte-escolar-150x52.jpeg 150w, https:\/\/www.medellin.gov.co\/es\/wp-content\/uploads\/2021\/09\/nino-transporte-escolar-768x268.jpeg 768w\" sizes=\"(max-width: 800px) 100vw, 800px\" \/>\t\t\t\t\t\t\t\t\t\t\t\t\t\t<\/div>\n\t\t\t\t\t\t<\/div>\n\t\t\t\t<\/div>\n\t\t\t\t<div class=\"elementor-element elementor-element-9b43129 elementor-widget elementor-widget-heading\" data-id=\"9b43129\" data-element_type=\"widget\" id=\"tiquete_estudiantil\" data-widget_type=\"heading.default\">\n\t\t\t\t<div class=\"elementor-widget-container\">\n\t\t\t<h2 class=\"elementor-heading-title elementor-size-default\"><b>Modalidad<\/b> Tiquete Estudiantil en Medell\u00edn<\/h2>\t\t<\/div>\n\t\t\t\t<\/div>\n\t\t\t\t<section class=\"elementor-section elementor-inner-section elementor-element elementor-element-33cdaee elementor-reverse-tablet elementor-reverse-mobile elementor-section-boxed elementor-section-height-default elementor-section-height-default\" data-id=\"33cdaee\" data-element_type=\"section\">\n\t\t\t\t\t\t<div class=\"elementor-container elementor-column-gap-default\">\n\t\t\t\t\t\t\t<div class=\"elementor-row\">\n\t\t\t\t\t<div class=\"elementor-column elementor-col-50 elementor-inner-column elementor-element elementor-element-fd67d22\" data-id=\"fd67d22\" data-element_type=\"column\">\n\t\t\t<div class=\"elementor-column-wrap elementor-element-populated\">\n\t\t\t\t\t\t\t<div class=\"elementor-widget-wrap\">\n\t\t\t\t\t\t<div class=\"elementor-element elementor-element-9cd15ca elementor-widget elementor-widget-image\" data-id=\"9cd15ca\" data-element_type=\"widget\" data-widget_type=\"image.default\">\n\t\t\t\t<div class=\"elementor-widget-container\">\n\t\t\t\t\t\t\t\t<div class=\"elementor-image\">\n\t\t\t\t\t\t\t\t\t\t\t\t<img width=\"1200\" height=\"800\" src=\"https:\/\/www.medellin.gov.co\/es\/wp-content\/uploads\/2021\/09\/ninos-reunidos.jpg\" class=\"attachment-full size-full\" alt=\"Ni\u00f1os reunidos\" loading=\"lazy\" srcset=\"https:\/\/www.medellin.gov.co\/es\/wp-content\/uploads\/2021\/09\/ninos-reunidos.jpg 1200w, https:\/\/www.medellin.gov.co\/es\/wp-content\/uploads\/2021\/09\/ninos-reunidos-300x200.jpg 300w, https:\/\/www.medellin.gov.co\/es\/wp-content\/uploads\/2021\/09\/ninos-reunidos-1024x683.jpg 1024w, https:\/\/www.medellin.gov.co\/es\/wp-content\/uploads\/2021\/09\/ninos-reunidos-150x100.jpg 150w, https:\/\/www.medellin.gov.co\/es\/wp-content\/uploads\/2021\/09\/ninos-reunidos-768x512.jpg 768w\" sizes=\"(max-width: 1200px) 100vw, 1200px\" \/>\t\t\t\t\t\t\t\t\t\t\t\t\t\t<\/div>\n\t\t\t\t\t\t<\/div>\n\t\t\t\t<\/div>\n\t\t\t\t\t\t<\/div>\n\t\t\t\t\t<\/div>\n\t\t<\/div>\n\t\t\t\t<div class=\"elementor-column elementor-col-50 elementor-inner-column elementor-element elementor-element-edf9391\" data-id=\"edf9391\" data-element_type=\"column\">\n\t\t\t<div class=\"elementor-column-wrap elementor-element-populated\">\n\t\t\t\t\t\t\t<div class=\"elementor-widget-wrap\">\n\t\t\t\t\t\t<div class=\"elementor-element elementor-element-7c53315 elementor-widget elementor-widget-text-editor\" data-id=\"7c53315\" data-element_type=\"widget\" data-widget_type=\"text-editor.default\">\n\t\t\t\t<div class=\"elementor-widget-container\">\n\t\t\t\t\t\t\t\t<div class=\"elementor-text-editor elementor-clearfix\">\n\t\t\t\t<p>Esta modalidad es articulada por la Secretar\u00eda de Educaci\u00f3n de Medell\u00edn y se implementa gracias a los aportes de algunas empresas de transporte del Municipio de Medell\u00edn y el Municipio de Bello que, como parte de su responsabilidad social empresarial, deciden vincularse y apoyar a los estudiantes en edad escolar, universitarios de Medell\u00edn y a sus familias, ofreciendo una tarifa diferencial que subsidia el 50 % del valor de la tarifa vigente en el transporte p\u00fablico colectivo de pasajeros.<\/p>\t\t\t\t\t<\/div>\n\t\t\t\t\t\t<\/div>\n\t\t\t\t<\/div>\n\t\t\t\t\t\t<\/div>\n\t\t\t\t\t<\/div>\n\t\t<\/div>\n\t\t\t\t\t\t\t\t<\/div>\n\t\t\t\t\t<\/div>\n\t\t<\/section>\n\t\t\t\t<div class=\"elementor-element elementor-element-dcaa405 elementor-widget elementor-widget-heading\" data-id=\"dcaa405\" data-element_type=\"widget\" data-widget_type=\"heading.default\">\n\t\t\t\t<div class=\"elementor-widget-container\">\n\t\t\t<h3 class=\"elementor-heading-title elementor-size-default\">Requisitos para tu solicitud<\/h3>\t\t<\/div>\n\t\t\t\t<\/div>\n\t\t\t\t<div class=\"elementor-element elementor-element-9b4bbef elementor-widget elementor-widget-text-editor\" data-id=\"9b4bbef\" data-element_type=\"widget\" data-widget_type=\"text-editor.default\">\n\t\t\t\t<div class=\"elementor-widget-container\">\n\t\t\t\t\t\t\t\t<div class=\"elementor-text-editor elementor-clearfix\">\n\t\t\t\t<p>Para solicitar el beneficio de Tiquete Estudiantil es indispensable que cumplas con todos los requisitos enunciados a continuaci\u00f3n, acorde a lo establecido en la normatividad vigente:<\/p>\t\t\t\t\t<\/div>\n\t\t\t\t\t\t<\/div>\n\t\t\t\t<\/div>\n\t\t\t\t<div class=\"elementor-element elementor-element-749349c elementor-widget elementor-widget-text-editor\" data-id=\"749349c\" data-element_type=\"widget\" data-widget_type=\"text-editor.default\">\n\t\t\t\t<div class=\"elementor-widget-container\">\n\t\t\t\t\t\t\t\t<div class=\"elementor-text-editor elementor-clearfix\">\n\t\t\t\t<ul><li>Ser estudiante de educaci\u00f3n b\u00e1sica y media, residente en el municipio de Medell\u00edn y estudiante de educaci\u00f3n superior residente en Medell\u00edn.<\/li><li>Estar matriculado en una instituci\u00f3n educativa oficial de Medell\u00edn.<\/li><li>Si estudia en educaci\u00f3n superior, demostrar que est\u00e1 cursando como m\u00ednimo el primer semestre.<\/li><li>Pertenecer a los niveles de Sisb\u00e9n I, II, III; sin embargo, quienes no est\u00e9n clasificados en el Sisb\u00e9n pero residan en viviendas de estratos 1, 2 o 3, se integrar\u00e1n al programa, seg\u00fan la disponibilidad de cupos.<\/li><li>Tener entre 10 y 24 a\u00f1os de edad en el momento de la inscripci\u00f3n o que se demuestre que el estudiante tiene alguna discapacidad.<\/li><li>Requerir el transporte p\u00fablico para trasladarse (m\u00e1s de mil metros, o sea m\u00e1s de 12.5 cuadras, entre su residencia y su lugar de estudio).<\/li><\/ul>\t\t\t\t\t<\/div>\n\t\t\t\t\t\t<\/div>\n\t\t\t\t<\/div>\n\t\t\t\t<div class=\"elementor-element elementor-element-cee4b9b elementor-widget elementor-widget-heading\" data-id=\"cee4b9b\" data-element_type=\"widget\" id=\"sistema_metro\" data-widget_type=\"heading.default\">\n\t\t\t\t<div class=\"elementor-widget-container\">\n\t\t\t<h2 class=\"elementor-heading-title elementor-size-default\"><b>Modalidad estrategia<\/b> Perfil Estudiante Municipio (Sistema Metro)<\/h2>\t\t<\/div>\n\t\t\t\t<\/div>\n\t\t\t\t<section class=\"elementor-section elementor-inner-section elementor-element elementor-element-c03d71a elementor-section-boxed elementor-section-height-default elementor-section-height-default\" data-id=\"c03d71a\" data-element_type=\"section\">\n\t\t\t\t\t\t<div class=\"elementor-container elementor-column-gap-default\">\n\t\t\t\t\t\t\t<div class=\"elementor-row\">\n\t\t\t\t\t<div class=\"elementor-column elementor-col-50 elementor-inner-column elementor-element elementor-element-3d3b444\" data-id=\"3d3b444\" data-element_type=\"column\">\n\t\t\t<div class=\"elementor-column-wrap elementor-element-populated\">\n\t\t\t\t\t\t\t<div class=\"elementor-widget-wrap\">\n\t\t\t\t\t\t<div class=\"elementor-element elementor-element-dc7749b elementor-widget elementor-widget-text-editor\" data-id=\"dc7749b\" data-element_type=\"widget\" data-widget_type=\"text-editor.default\">\n\t\t\t\t<div class=\"elementor-widget-container\">\n\t\t\t\t\t\t\t\t<div class=\"elementor-text-editor elementor-clearfix\">\n\t\t\t\t<p>Por medio de esta modalidad se asigna una tarifa diferencial a estudiantes en edad escolar y universitarios de Medell\u00edn, que utilizan el Sistema de Transporte Masivo de la Ciudad (Metro, Metropl\u00fas, Metrocable, Alimentadores, Metro y Tranv\u00eda), como medio para trasladarse hasta la instituci\u00f3n educativa y de regreso hacia su residencia.<\/p>\t\t\t\t\t<\/div>\n\t\t\t\t\t\t<\/div>\n\t\t\t\t<\/div>\n\t\t\t\t\t\t<\/div>\n\t\t\t\t\t<\/div>\n\t\t<\/div>\n\t\t\t\t<div class=\"elementor-column elementor-col-50 elementor-inner-column elementor-element elementor-element-8f08e46\" data-id=\"8f08e46\" data-element_type=\"column\">\n\t\t\t<div class=\"elementor-column-wrap elementor-element-populated\">\n\t\t\t\t\t\t\t<div class=\"elementor-widget-wrap\">\n\t\t\t\t\t\t<div class=\"elementor-element elementor-element-fb4b75b elementor-widget elementor-widget-image\" data-id=\"fb4b75b\" data-element_type=\"widget\" data-widget_type=\"image.default\">\n\t\t\t\t<div class=\"elementor-widget-container\">\n\t\t\t\t\t\t\t\t<div class=\"elementor-image\">\n\t\t\t\t\t\t\t\t\t\t\t\t<img width=\"951\" height=\"410\" src=\"https:\/\/www.medellin.gov.co\/es\/wp-content\/uploads\/2021\/09\/estacion-metroplus-barrio-san-diego.jpg\" class=\"attachment-full size-full\" alt=\"Estaci\u00f3n Metropl\u00fas Barrio San Diego\" loading=\"lazy\" srcset=\"https:\/\/www.medellin.gov.co\/es\/wp-content\/uploads\/2021\/09\/estacion-metroplus-barrio-san-diego.jpg 951w, https:\/\/www.medellin.gov.co\/es\/wp-content\/uploads\/2021\/09\/estacion-metroplus-barrio-san-diego-300x129.jpg 300w, https:\/\/www.medellin.gov.co\/es\/wp-content\/uploads\/2021\/09\/estacion-metroplus-barrio-san-diego-150x65.jpg 150w, https:\/\/www.medellin.gov.co\/es\/wp-content\/uploads\/2021\/09\/estacion-metroplus-barrio-san-diego-768x331.jpg 768w\" sizes=\"(max-width: 951px) 100vw, 951px\" \/>\t\t\t\t\t\t\t\t\t\t\t\t\t\t<\/div>\n\t\t\t\t\t\t<\/div>\n\t\t\t\t<\/div>\n\t\t\t\t\t\t<\/div>\n\t\t\t\t\t<\/div>\n\t\t<\/div>\n\t\t\t\t\t\t\t\t<\/div>\n\t\t\t\t\t<\/div>\n\t\t<\/section>\n\t\t\t\t<div class=\"elementor-element elementor-element-edd3680 elementor-widget elementor-widget-heading\" data-id=\"edd3680\" data-element_type=\"widget\" data-widget_type=\"heading.default\">\n\t\t\t\t<div class=\"elementor-widget-container\">\n\t\t\t<h3 class=\"elementor-heading-title elementor-size-default\">Requisitos para tu solicitud<\/h3>\t\t<\/div>\n\t\t\t\t<\/div>\n\t\t\t\t<div class=\"elementor-element elementor-element-42bba34 elementor-widget elementor-widget-text-editor\" data-id=\"42bba34\" data-element_type=\"widget\" data-widget_type=\"text-editor.default\">\n\t\t\t\t<div class=\"elementor-widget-container\">\n\t\t\t\t\t\t\t\t<div class=\"elementor-text-editor elementor-clearfix\">\n\t\t\t\t<p>Para que solicites el beneficio de Perfil Estudiante Municipio &#8211; Sistema Metro es indispensable que cumplas con todos los requisitos enunciados a continuaci\u00f3n, acorde a lo establecido en la normatividad vigente:<\/p>\t\t\t\t\t<\/div>\n\t\t\t\t\t\t<\/div>\n\t\t\t\t<\/div>\n\t\t\t\t<div class=\"elementor-element elementor-element-f094b55 elementor-widget elementor-widget-text-editor\" data-id=\"f094b55\" data-element_type=\"widget\" data-widget_type=\"text-editor.default\">\n\t\t\t\t<div class=\"elementor-widget-container\">\n\t\t\t\t\t\t\t\t<div class=\"elementor-text-editor elementor-clearfix\">\n\t\t\t\t<ul><li>Ser estudiante matriculado en instituciones educativas oficiales del Municipio de Medell\u00edn.<\/li><li>Residir en viviendas de estratos 1, 2 o 3.<\/li><li>Tener entre 10 y 28 a\u00f1os de edad en el momento de la inscripci\u00f3n, o que se demuestre que el estudiante tenga alguna discapacidad.<\/li><li>Se podr\u00e1 considerar previo an\u00e1lisis a los estudiantes en condiciones de desplazamiento y los que se encuentren matriculados en instituciones educativas privadas becados al 100 %.<\/li><\/ul>\t\t\t\t\t<\/div>\n\t\t\t\t\t\t<\/div>\n\t\t\t\t<\/div>\n\t\t\t\t<div class=\"elementor-element elementor-element-be3b36f elementor-widget elementor-widget-heading\" data-id=\"be3b36f\" data-element_type=\"widget\" id=\"transporte_escolar\" data-widget_type=\"heading.default\">\n\t\t\t\t<div class=\"elementor-widget-container\">\n\t\t\t<h2 class=\"elementor-heading-title elementor-size-default\"><b>Estrategia<\/b> de transporte escolar<\/h2>\t\t<\/div>\n\t\t\t\t<\/div>\n\t\t\t\t<section class=\"elementor-section elementor-inner-section elementor-element elementor-element-6ee8792 elementor-reverse-tablet elementor-reverse-mobile elementor-section-boxed elementor-section-height-default elementor-section-height-default\" data-id=\"6ee8792\" data-element_type=\"section\">\n\t\t\t\t\t\t<div class=\"elementor-container elementor-column-gap-default\">\n\t\t\t\t\t\t\t<div class=\"elementor-row\">\n\t\t\t\t\t<div class=\"elementor-column elementor-col-50 elementor-inner-column elementor-element elementor-element-fe890da\" data-id=\"fe890da\" data-element_type=\"column\">\n\t\t\t<div class=\"elementor-column-wrap elementor-element-populated\">\n\t\t\t\t\t\t\t<div class=\"elementor-widget-wrap\">\n\t\t\t\t\t\t<div class=\"elementor-element elementor-element-5c4ced9 elementor-widget elementor-widget-image\" data-id=\"5c4ced9\" data-element_type=\"widget\" data-widget_type=\"image.default\">\n\t\t\t\t<div class=\"elementor-widget-container\">\n\t\t\t\t\t\t\t\t<div class=\"elementor-image\">\n\t\t\t\t\t\t\t\t\t\t\t\t<img width=\"702\" height=\"417\" src=\"https:\/\/www.medellin.gov.co\/es\/wp-content\/uploads\/2021\/09\/nino-transporte-escolar-1.jpg\" class=\"attachment-full size-full\" alt=\"Ni\u00f1o en transporte escolar\" loading=\"lazy\" srcset=\"https:\/\/www.medellin.gov.co\/es\/wp-content\/uploads\/2021\/09\/nino-transporte-escolar-1.jpg 702w, https:\/\/www.medellin.gov.co\/es\/wp-content\/uploads\/2021\/09\/nino-transporte-escolar-1-300x178.jpg 300w, https:\/\/www.medellin.gov.co\/es\/wp-content\/uploads\/2021\/09\/nino-transporte-escolar-1-150x89.jpg 150w\" sizes=\"(max-width: 702px) 100vw, 702px\" \/>\t\t\t\t\t\t\t\t\t\t\t\t\t\t<\/div>\n\t\t\t\t\t\t<\/div>\n\t\t\t\t<\/div>\n\t\t\t\t\t\t<\/div>\n\t\t\t\t\t<\/div>\n\t\t<\/div>\n\t\t\t\t<div class=\"elementor-column elementor-col-50 elementor-inner-column elementor-element elementor-element-9aaa2e7\" data-id=\"9aaa2e7\" data-element_type=\"column\">\n\t\t\t<div class=\"elementor-column-wrap elementor-element-populated\">\n\t\t\t\t\t\t\t<div class=\"elementor-widget-wrap\">\n\t\t\t\t\t\t<div class=\"elementor-element elementor-element-c23a040 elementor-widget elementor-widget-text-editor\" data-id=\"c23a040\" data-element_type=\"widget\" data-widget_type=\"text-editor.default\">\n\t\t\t\t<div class=\"elementor-widget-container\">\n\t\t\t\t\t\t\t\t<div class=\"elementor-text-editor elementor-clearfix\">\n\t\t\t\t<p>Esta modalidad es un servicio que contrata la Secretar\u00eda de Educaci\u00f3n de Medell\u00edn con el objetivo de facilitar la movilidad de los estudiantes desde su residencia hacia la instituci\u00f3n educativa y viceversa, en aquellos sectores donde no es posible atender esta necesidad con el transporte p\u00fablico colectivo y masivo de pasajeros.<\/p>\t\t\t\t\t<\/div>\n\t\t\t\t\t\t<\/div>\n\t\t\t\t<\/div>\n\t\t\t\t\t\t<\/div>\n\t\t\t\t\t<\/div>\n\t\t<\/div>\n\t\t\t\t\t\t\t\t<\/div>\n\t\t\t\t\t<\/div>\n\t\t<\/section>\n\t\t\t\t<div class=\"elementor-element elementor-element-7439993 elementor-widget elementor-widget-heading\" data-id=\"7439993\" data-element_type=\"widget\" data-widget_type=\"heading.default\">\n\t\t\t\t<div class=\"elementor-widget-container\">\n\t\t\t<h3 class=\"elementor-heading-title elementor-size-default\">Requisitos para tu solicitud<\/h3>\t\t<\/div>\n\t\t\t\t<\/div>\n\t\t\t\t<div class=\"elementor-element elementor-element-9397a4d elementor-widget elementor-widget-text-editor\" data-id=\"9397a4d\" data-element_type=\"widget\" data-widget_type=\"text-editor.default\">\n\t\t\t\t<div class=\"elementor-widget-container\">\n\t\t\t\t\t\t\t\t<div class=\"elementor-text-editor elementor-clearfix\">\n\t\t\t\t<p>Para que solicites el beneficio de Transporte Escolar Contratado es indispensable que cumplas con todos los requisitos enunciados a continuaci\u00f3n:<\/p>\t\t\t\t\t<\/div>\n\t\t\t\t\t\t<\/div>\n\t\t\t\t<\/div>\n\t\t\t\t<div class=\"elementor-element elementor-element-32f1474 elementor-widget elementor-widget-text-editor\" data-id=\"32f1474\" data-element_type=\"widget\" data-widget_type=\"text-editor.default\">\n\t\t\t\t<div class=\"elementor-widget-container\">\n\t\t\t\t\t\t\t\t<div class=\"elementor-text-editor elementor-clearfix\">\n\t\t\t\t<ul>\n<li>Ser residente del municipio de Medell\u00edn.<\/li>\n<li>Estar matriculado en una instituci\u00f3n educativa de Medell\u00edn, con su debido registro en el Simat (verificar y actualizar sus datos en la instituci\u00f3n educativa).<\/li>\n<li>Residir en viviendas de estrato 1, 2 o 3.<\/li>\n<li>Vivir a m\u00e1s de 12.5 cuadras y\/o a un kil\u00f3metro de distancia de la instituci\u00f3n educativa.<\/li>\n<li>Tener entre 5 y 13 a\u00f1os con 11 meses de edad<sup>*<\/sup>.<\/li>\n<li>No existe oferta educativa con disponibilidad de cupos para el grado que el estudiante est\u00e1 cursando o aspira cursar en un rango menor de 12.5 cuadras o 1 kil\u00f3metro al lugar de residencia.<\/li>\n<\/ul>\t\t\t\t\t<\/div>\n\t\t\t\t\t\t<\/div>\n\t\t\t\t<\/div>\n\t\t\t\t<div class=\"elementor-element elementor-element-2f1d8c2 elementor-widget elementor-widget-text-editor\" data-id=\"2f1d8c2\" data-element_type=\"widget\" data-widget_type=\"text-editor.default\">\n\t\t\t\t<div class=\"elementor-widget-container\">\n\t\t\t\t\t\t\t\t<div class=\"elementor-text-editor elementor-clearfix\">\n\t\t\t\t<p>*Solo en zonas rurales y donde no exista la prestaci\u00f3n del servicio de transporte p\u00fablico en un \u00e1rea cercana a su residencia o colegio se atender\u00e1 a los j\u00f3venes hasta los 18 a\u00f1os.<\/p>\t\t\t\t\t<\/div>\n\t\t\t\t\t\t<\/div>\n\t\t\t\t<\/div>\n\t\t\t\t\t\t<\/div>\n\t\t\t\t\t<\/div>\n\t\t<\/div>\n\t\t\t\t\t\t\t\t<\/div>\n\t\t\t\t\t<\/div>\n\t\t<\/section>\n\t\t\t\t\t\t\t\t\t<\/div>\n\t\t\t<\/div>\n\t\t\t\t\t<\/div>\n\t\t","protected":false},"excerpt":{"rendered":"<p>Programa de Transporte Escolar de la Secretar\u00eda de Educaci\u00f3n de Medell\u00edn Modalidad Tiquete Estudiantil en Medell\u00edn Esta modalidad es articulada por la Secretar\u00eda de Educaci\u00f3n de Medell\u00edn y se implementa gracias a los aportes de &#8230;<\/p>\n","protected":false},"author":1,"featured_media":12623,"parent":12504,"menu_order":15,"comment_status":"closed","ping_status":"closed","template":"sec-educacion\/elementor.php","meta":[],"acf":[],"_links":{"self":[{"href":"https:\/\/www.medellin.gov.co\/es\/wp-json\/wp\/v2\/pages\/12510"}],"collection":[{"href":"https:\/\/www.medellin.gov.co\/es\/wp-json\/wp\/v2\/pages"}],"about":[{"href":"https:\/\/www.medellin.gov.co\/es\/wp-json\/wp\/v2\/types\/page"}],"author":[{"embeddable":true,"href":"https:\/\/www.medellin.gov.co\/es\/wp-json\/wp\/v2\/users\/1"}],"replies":[{"embeddable":true,"href":"https:\/\/www.medellin.gov.co\/es\/wp-json\/wp\/v2\/comments?post=12510"}],"version-history":[{"count":21,"href":"https:\/\/www.medellin.gov.co\/es\/wp-json\/wp\/v2\/pages\/12510\/revisions"}],"predecessor-version":[{"id":55974,"href":"https:\/\/www.medellin.gov.co\/es\/wp-json\/wp\/v2\/pages\/12510\/revisions\/55974"}],"up":[{"embeddable":true,"href":"https:\/\/www.medellin.gov.co\/es\/wp-json\/wp\/v2\/pages\/12504"}],"wp:featuredmedia":[{"embeddable":true,"href":"https:\/\/www.medellin.gov.co\/es\/wp-json\/wp\/v2\/media\/12623"}],"wp:attachment":[{"href":"https:\/\/www.medellin.gov.co\/es\/wp-json\/wp\/v2\/media?parent=12510"}],"curies":[{"name":"wp","href":"https:\/\/api.w.org\/{rel}","templated":true}]}}