{"id":12512,"date":"2021-09-05T23:00:20","date_gmt":"2021-09-06T04:00:20","guid":{"rendered":"https:\/\/www.medellin.gov.co\/es\/?page_id=12512"},"modified":"2022-03-16T15:50:44","modified_gmt":"2022-03-16T20:50:44","slug":"donaton-tecnologica","status":"publish","type":"page","link":"https:\/\/www.medellin.gov.co\/es\/secretaria-de-educacion\/donaton-tecnologica\/","title":{"rendered":"Donat\u00f3n Tecnol\u00f3gica para estudiantes de Medell\u00edn"},"content":{"rendered":"\t\t<div data-elementor-type=\"wp-page\" data-elementor-id=\"12512\" class=\"elementor elementor-12512\">\n\t\t\t\t\t\t<div class=\"elementor-inner\">\n\t\t\t\t<div class=\"elementor-section-wrap\">\n\t\t\t\t\t\t\t\t\t<section class=\"elementor-section elementor-top-section elementor-element elementor-element-2aed9425 elementor-section-boxed elementor-section-height-default elementor-section-height-default\" data-id=\"2aed9425\" data-element_type=\"section\">\n\t\t\t\t\t\t<div class=\"elementor-container elementor-column-gap-default\">\n\t\t\t\t\t\t\t<div class=\"elementor-row\">\n\t\t\t\t\t<div class=\"elementor-column elementor-col-100 elementor-top-column elementor-element elementor-element-5e282a6a\" data-id=\"5e282a6a\" data-element_type=\"column\">\n\t\t\t<div class=\"elementor-column-wrap elementor-element-populated\">\n\t\t\t\t\t\t\t<div class=\"elementor-widget-wrap\">\n\t\t\t\t\t\t<div class=\"elementor-element elementor-element-26bde9bc elementor-widget elementor-widget-heading\" data-id=\"26bde9bc\" data-element_type=\"widget\" data-widget_type=\"heading.default\">\n\t\t\t\t<div class=\"elementor-widget-container\">\n\t\t\t<h1 class=\"elementor-heading-title elementor-size-default\">Donat\u00f3n tecnol\u00f3gica para estudiantes de Medell\u00edn<\/h1>\t\t<\/div>\n\t\t\t\t<\/div>\n\t\t\t\t<section class=\"elementor-section elementor-inner-section elementor-element elementor-element-ef9fcd2 elementor-reverse-tablet elementor-reverse-mobile elementor-section-boxed elementor-section-height-default elementor-section-height-default\" data-id=\"ef9fcd2\" data-element_type=\"section\">\n\t\t\t\t\t\t<div class=\"elementor-container elementor-column-gap-default\">\n\t\t\t\t\t\t\t<div class=\"elementor-row\">\n\t\t\t\t\t<div class=\"elementor-column elementor-col-50 elementor-inner-column elementor-element elementor-element-5c1e4fb\" data-id=\"5c1e4fb\" data-element_type=\"column\">\n\t\t\t<div class=\"elementor-column-wrap elementor-element-populated\">\n\t\t\t\t\t\t\t<div class=\"elementor-widget-wrap\">\n\t\t\t\t\t\t<div class=\"elementor-element elementor-element-21ffb0b elementor-widget elementor-widget-image\" data-id=\"21ffb0b\" data-element_type=\"widget\" data-widget_type=\"image.default\">\n\t\t\t\t<div class=\"elementor-widget-container\">\n\t\t\t\t\t\t\t\t<div class=\"elementor-image\">\n\t\t\t\t\t\t\t\t\t\t\t\t<img width=\"1024\" height=\"1280\" src=\"https:\/\/www.medellin.gov.co\/es\/wp-content\/uploads\/2021\/11\/laptop-clase.jpg\" class=\"attachment-full size-full\" alt=\"Laptop para clase\" loading=\"lazy\" srcset=\"https:\/\/www.medellin.gov.co\/es\/wp-content\/uploads\/2021\/11\/laptop-clase.jpg 1024w, https:\/\/www.medellin.gov.co\/es\/wp-content\/uploads\/2021\/11\/laptop-clase-240x300.jpg 240w, https:\/\/www.medellin.gov.co\/es\/wp-content\/uploads\/2021\/11\/laptop-clase-819x1024.jpg 819w, https:\/\/www.medellin.gov.co\/es\/wp-content\/uploads\/2021\/11\/laptop-clase-120x150.jpg 120w, https:\/\/www.medellin.gov.co\/es\/wp-content\/uploads\/2021\/11\/laptop-clase-768x960.jpg 768w\" sizes=\"(max-width: 1024px) 100vw, 1024px\" \/>\t\t\t\t\t\t\t\t\t\t\t\t\t\t<\/div>\n\t\t\t\t\t\t<\/div>\n\t\t\t\t<\/div>\n\t\t\t\t\t\t<\/div>\n\t\t\t\t\t<\/div>\n\t\t<\/div>\n\t\t\t\t<div class=\"elementor-column elementor-col-50 elementor-inner-column elementor-element elementor-element-2a4e445\" data-id=\"2a4e445\" data-element_type=\"column\">\n\t\t\t<div class=\"elementor-column-wrap elementor-element-populated\">\n\t\t\t\t\t\t\t<div class=\"elementor-widget-wrap\">\n\t\t\t\t\t\t<div class=\"elementor-element elementor-element-ee4149d elementor-widget elementor-widget-text-editor\" data-id=\"ee4149d\" data-element_type=\"widget\" data-widget_type=\"text-editor.default\">\n\t\t\t\t<div class=\"elementor-widget-container\">\n\t\t\t\t\t\t\t\t<div class=\"elementor-text-editor elementor-clearfix\">\n\t\t\t\t<p>El coronavirus ha cambiado la vida de todos, especialmente la de los ni\u00f1os, ni\u00f1as y j\u00f3venes de nuestra ciudad. Seguir conectados a sus clases de manera virtual, continuar aprendiendo, seguir relacion\u00e1ndose con sus profesores y con sus compa\u00f1eros se convierte para ellos en un ancla de esperanza en estos tiempos de incertidumbre.<\/p><p>Con la Donat\u00f3n Tecnol\u00f3gica buscamos conseguir 70.000 equipos, para que todos tengan un computador, una tablet o un celular que les permita continuar con su din\u00e1mica escolar y alimentarse de esa relaci\u00f3n \u00fanica que se crea con la pertenencia a las aulas.<\/p><p>Gracias a tu deseo de unirte a este prop\u00f3sito, juntos vamos a lograr que ning\u00fan ni\u00f1o se quede sin estudiar.<\/p>\t\t\t\t\t<\/div>\n\t\t\t\t\t\t<\/div>\n\t\t\t\t<\/div>\n\t\t\t\t\t\t<\/div>\n\t\t\t\t\t<\/div>\n\t\t<\/div>\n\t\t\t\t\t\t\t\t<\/div>\n\t\t\t\t\t<\/div>\n\t\t<\/section>\n\t\t\t\t<div class=\"elementor-element elementor-element-8f94a04 elementor-widget elementor-widget-pp-table\" data-id=\"8f94a04\" data-element_type=\"widget\" data-settings=\"{&quot;scrollable&quot;:&quot;yes&quot;,&quot;table_type&quot;:&quot;responsive&quot;}\" data-widget_type=\"pp-table.default\">\n\t\t\t\t<div class=\"elementor-widget-container\">\n\t\t\t\t\t<div class=\"pp-table-container\">\n\t\t\t<table \n\t\t\tclass=\"pp-table tablesaw\" data-tablesaw-mode=\"swipe\"\t\t\t\t>\n\t\t\t\t\t\t\t<colgroup>\n\t\t\t\t\t\t\t\t<col\n\t\t\t\t\tspan=\"1\"\n\t\t\t\t\tclass=\"elementor-repeater-item-e3e013d\"\n\t\t\t\t\t\t\t\t\t\t\tstyle=\"\n\t\t\t\t\t\t\t\t\t\t\t\t\t\t\t\t\t\t\t\t\"\n\t\t\t\t\t\t\t\t\t\t>\n\t\t\t\t\t\t\t<\/colgroup>\n\t\t\t\t\t\t<thead>\n\t\t\t\t<tr class=\"pp-table-row\">\n\t\t\t\t\t<th class=\"pp-table-cell pp-table-cell-8cc7ff3\"><span class=\"pp-table-cell-content\"><span class=\"pp-table-cell-text\">520 Herramientas tecnol\u00f3gicas entregadas<\/span><\/span><\/th><th class=\"pp-table-cell pp-table-cell-b66129c\"><span class=\"pp-table-cell-content\"><span class=\"pp-table-cell-text\">1.020 Herramientas tecnol\u00f3gicas donadas por empresas y ciudadanos<\/span><\/span><\/th>\t\t\t\t<\/tr>\n\t\t\t<\/thead>\n\t\t\t\t\t<tfoot>\n\t\t\t<\/tr>\t\t<\/tfoot>\n\t\t\t\t<tbody>\n\t\t\t<tr><td class=\"pp-table-cell pp-table-cell-e39f6d1\"><span class=\"pp-table-cell-content\"><span class=\"pp-table-cell-text\">148\nInstituciones educativas beneficiadas\n<\/span><\/span><\/td><td class=\"pp-table-cell pp-table-cell-07f0a60\"><span class=\"pp-table-cell-content\"><span class=\"pp-table-cell-text\">1.149\nEstudiantes beneficiados\n<\/span><\/span><\/td><\/tr><tr><td class=\"pp-table-cell pp-table-cell-1c3b956\"><span class=\"pp-table-cell-content\"><span class=\"pp-table-cell-text\">16\nComunas beneficiadas\n<\/span><\/span><\/td><td class=\"pp-table-cell pp-table-cell-ebacbe5\"><span class=\"pp-table-cell-content\"><span class=\"pp-table-cell-text\">5\nCorregimientos beneficiadas\n<\/span><\/span><\/td><\/tr>\t\t<\/tbody>\n\t\t\t\t\t<\/table>\n\t\t<\/div>\n\t\t\t\t<\/div>\n\t\t\t\t<\/div>\n\t\t\t\t<div class=\"elementor-element elementor-element-d10b32f elementor-widget elementor-widget-text-editor\" data-id=\"d10b32f\" data-element_type=\"widget\" data-widget_type=\"text-editor.default\">\n\t\t\t\t<div class=\"elementor-widget-container\">\n\t\t\t\t\t\t\t\t<div class=\"elementor-text-editor elementor-clearfix\">\n\t\t\t\t<p><strong>Recuerda<\/strong><\/p><p>\u00a1No tienes que moverte, te los recogemos en tu casa y si prefieres te acompa\u00f1amos a entregarlo, para que est\u00e9s seguro de que quedaron en buenas manos!\u00a0<\/p><p>Si requieres m\u00e1s informaci\u00f3n podemos contactarnos por este medio:<\/p><p>WhatsApp 311 768 82 29<\/p>\t\t\t\t\t<\/div>\n\t\t\t\t\t\t<\/div>\n\t\t\t\t<\/div>\n\t\t\t\t<div class=\"elementor-element elementor-element-cda2736 elementor-widget elementor-widget-heading\" data-id=\"cda2736\" data-element_type=\"widget\" data-widget_type=\"heading.default\">\n\t\t\t\t<div class=\"elementor-widget-container\">\n\t\t\t<h2 class=\"elementor-heading-title elementor-size-default\"><b>Quiero <\/b>donar<\/h2>\t\t<\/div>\n\t\t\t\t<\/div>\n\t\t\t\t<section class=\"elementor-section elementor-inner-section elementor-element elementor-element-adab0e6 elementor-section-boxed elementor-section-height-default elementor-section-height-default\" data-id=\"adab0e6\" data-element_type=\"section\">\n\t\t\t\t\t\t<div class=\"elementor-container elementor-column-gap-default\">\n\t\t\t\t\t\t\t<div class=\"elementor-row\">\n\t\t\t\t\t<div data-pp-wrapper-link=\"{&quot;url&quot;:&quot;https:\\\/\\\/www.medellin.gov.co\\\/es\\\/secretaria-de-educacion\\\/donaton-tecnologica\\\/computadores-tablets-y-celulares\\\/&quot;,&quot;is_external&quot;:&quot;&quot;,&quot;nofollow&quot;:&quot;&quot;}\" class=\"pp-wrapper-link elementor-column elementor-col-33 elementor-inner-column elementor-element elementor-element-732dce5\" data-id=\"732dce5\" data-element_type=\"column\" data-settings=\"{&quot;background_background&quot;:&quot;classic&quot;}\">\n\t\t\t<div class=\"elementor-column-wrap elementor-element-populated\">\n\t\t\t\t\t\t\t<div class=\"elementor-widget-wrap\">\n\t\t\t\t\t\t<div class=\"elementor-element elementor-element-fbb1531 elementor-widget elementor-widget-heading\" data-id=\"fbb1531\" data-element_type=\"widget\" data-widget_type=\"heading.default\">\n\t\t\t\t<div class=\"elementor-widget-container\">\n\t\t\t<h3 class=\"elementor-heading-title elementor-size-default\">Quiero donar computadores, tablets o celulares nuevos o usados.<\/h3>\t\t<\/div>\n\t\t\t\t<\/div>\n\t\t\t\t\t\t<\/div>\n\t\t\t\t\t<\/div>\n\t\t<\/div>\n\t\t\t\t<div data-pp-wrapper-link=\"{&quot;url&quot;:&quot;https:\\\/\\\/www.medellin.gov.co\\\/es\\\/secretaria-de-educacion\\\/donaton-tecnologica\\\/residuos-electronicos\\\/&quot;,&quot;is_external&quot;:&quot;&quot;,&quot;nofollow&quot;:&quot;&quot;}\" class=\"pp-wrapper-link elementor-column elementor-col-33 elementor-inner-column elementor-element elementor-element-1a7ee93\" data-id=\"1a7ee93\" data-element_type=\"column\" data-settings=\"{&quot;background_background&quot;:&quot;classic&quot;}\">\n\t\t\t<div class=\"elementor-column-wrap elementor-element-populated\">\n\t\t\t\t\t\t\t<div class=\"elementor-widget-wrap\">\n\t\t\t\t\t\t<div class=\"elementor-element elementor-element-54b4fef elementor-widget elementor-widget-heading\" data-id=\"54b4fef\" data-element_type=\"widget\" data-widget_type=\"heading.default\">\n\t\t\t\t<div class=\"elementor-widget-container\">\n\t\t\t<h3 class=\"elementor-heading-title elementor-size-default\">Quiero donar residuos electr\u00f3nicos que se convertir\u00e1n en computadores, tablets o celulares nuevos.<\/h3>\t\t<\/div>\n\t\t\t\t<\/div>\n\t\t\t\t\t\t<\/div>\n\t\t\t\t\t<\/div>\n\t\t<\/div>\n\t\t\t\t<div data-pp-wrapper-link=\"{&quot;url&quot;:&quot;https:\\\/\\\/unitedwaycolombia.org\\\/donaton_medellin\\\/&quot;,&quot;is_external&quot;:&quot;on&quot;,&quot;nofollow&quot;:&quot;&quot;}\" class=\"pp-wrapper-link elementor-column elementor-col-33 elementor-inner-column elementor-element elementor-element-d87d0ef\" data-id=\"d87d0ef\" data-element_type=\"column\" data-settings=\"{&quot;background_background&quot;:&quot;classic&quot;}\">\n\t\t\t<div class=\"elementor-column-wrap elementor-element-populated\">\n\t\t\t\t\t\t\t<div class=\"elementor-widget-wrap\">\n\t\t\t\t\t\t<div class=\"elementor-element elementor-element-07c2713 elementor-widget elementor-widget-heading\" data-id=\"07c2713\" data-element_type=\"widget\" data-widget_type=\"heading.default\">\n\t\t\t\t<div class=\"elementor-widget-container\">\n\t\t\t<h3 class=\"elementor-heading-title elementor-size-default\">Quiero donar dinero para la compra de computadores, tablets o celulares nuevos.<\/h3>\t\t<\/div>\n\t\t\t\t<\/div>\n\t\t\t\t\t\t<\/div>\n\t\t\t\t\t<\/div>\n\t\t<\/div>\n\t\t\t\t\t\t\t\t<\/div>\n\t\t\t\t\t<\/div>\n\t\t<\/section>\n\t\t\t\t\t\t<\/div>\n\t\t\t\t\t<\/div>\n\t\t<\/div>\n\t\t\t\t\t\t\t\t<\/div>\n\t\t\t\t\t<\/div>\n\t\t<\/section>\n\t\t\t\t\t\t\t\t\t<\/div>\n\t\t\t<\/div>\n\t\t\t\t\t<\/div>\n\t\t","protected":false},"excerpt":{"rendered":"<p>Donat\u00f3n tecnol\u00f3gica para estudiantes de Medell\u00edn El coronavirus ha cambiado la vida de todos, especialmente la de los ni\u00f1os, ni\u00f1as y j\u00f3venes de nuestra ciudad. Seguir conectados a sus clases de manera virtual, continuar aprendiendo, &#8230;<\/p>\n","protected":false},"author":31,"featured_media":12623,"parent":12491,"menu_order":20,"comment_status":"closed","ping_status":"closed","template":"sec-educacion\/elementor.php","meta":[],"acf":[],"_links":{"self":[{"href":"https:\/\/www.medellin.gov.co\/es\/wp-json\/wp\/v2\/pages\/12512"}],"collection":[{"href":"https:\/\/www.medellin.gov.co\/es\/wp-json\/wp\/v2\/pages"}],"about":[{"href":"https:\/\/www.medellin.gov.co\/es\/wp-json\/wp\/v2\/types\/page"}],"author":[{"embeddable":true,"href":"https:\/\/www.medellin.gov.co\/es\/wp-json\/wp\/v2\/users\/31"}],"replies":[{"embeddable":true,"href":"https:\/\/www.medellin.gov.co\/es\/wp-json\/wp\/v2\/comments?post=12512"}],"version-history":[{"count":47,"href":"https:\/\/www.medellin.gov.co\/es\/wp-json\/wp\/v2\/pages\/12512\/revisions"}],"predecessor-version":[{"id":55134,"href":"https:\/\/www.medellin.gov.co\/es\/wp-json\/wp\/v2\/pages\/12512\/revisions\/55134"}],"up":[{"embeddable":true,"href":"https:\/\/www.medellin.gov.co\/es\/wp-json\/wp\/v2\/pages\/12491"}],"wp:featuredmedia":[{"embeddable":true,"href":"https:\/\/www.medellin.gov.co\/es\/wp-json\/wp\/v2\/media\/12623"}],"wp:attachment":[{"href":"https:\/\/www.medellin.gov.co\/es\/wp-json\/wp\/v2\/media?parent=12512"}],"curies":[{"name":"wp","href":"https:\/\/api.w.org\/{rel}","templated":true}]}}