{"id":12516,"date":"2021-09-05T23:02:47","date_gmt":"2021-09-06T04:02:47","guid":{"rendered":"https:\/\/www.medellin.gov.co\/es\/?page_id=12516"},"modified":"2022-03-16T16:47:18","modified_gmt":"2022-03-16T21:47:18","slug":"residuos-electronicos","status":"publish","type":"page","link":"https:\/\/www.medellin.gov.co\/es\/secretaria-de-educacion\/donaton-tecnologica\/residuos-electronicos\/","title":{"rendered":"Quiero donar residuos electr\u00f3nicos que convertir\u00e1n en computadores, tablets o celulares nuevos"},"content":{"rendered":"\t\t<div data-elementor-type=\"wp-page\" data-elementor-id=\"12516\" class=\"elementor elementor-12516\">\n\t\t\t\t\t\t<div class=\"elementor-inner\">\n\t\t\t\t<div class=\"elementor-section-wrap\">\n\t\t\t\t\t\t\t\t\t<section class=\"elementor-section elementor-top-section elementor-element elementor-element-63ba1bf elementor-section-boxed elementor-section-height-default elementor-section-height-default\" data-id=\"63ba1bf\" data-element_type=\"section\">\n\t\t\t\t\t\t<div class=\"elementor-container elementor-column-gap-default\">\n\t\t\t\t\t\t\t<div class=\"elementor-row\">\n\t\t\t\t\t<div class=\"elementor-column elementor-col-100 elementor-top-column elementor-element elementor-element-c7503d2\" data-id=\"c7503d2\" data-element_type=\"column\">\n\t\t\t<div class=\"elementor-column-wrap elementor-element-populated\">\n\t\t\t\t\t\t\t<div class=\"elementor-widget-wrap\">\n\t\t\t\t\t\t<div class=\"elementor-element elementor-element-7b4ce13 elementor-widget elementor-widget-heading\" data-id=\"7b4ce13\" data-element_type=\"widget\" data-widget_type=\"heading.default\">\n\t\t\t\t<div class=\"elementor-widget-container\">\n\t\t\t<h1 class=\"elementor-heading-title elementor-size-default\">Quiero donar residuos electr\u00f3nicos que convertir\u00e1n en computadores, tablets o celulares nuevos<\/h1>\t\t<\/div>\n\t\t\t\t<\/div>\n\t\t\t\t<section class=\"elementor-section elementor-inner-section elementor-element elementor-element-41859ea elementor-section-boxed elementor-section-height-default elementor-section-height-default\" data-id=\"41859ea\" data-element_type=\"section\">\n\t\t\t\t\t\t<div class=\"elementor-container elementor-column-gap-default\">\n\t\t\t\t\t\t\t<div class=\"elementor-row\">\n\t\t\t\t\t<div class=\"elementor-column elementor-col-50 elementor-inner-column elementor-element elementor-element-31cad0b\" data-id=\"31cad0b\" data-element_type=\"column\">\n\t\t\t<div class=\"elementor-column-wrap elementor-element-populated\">\n\t\t\t\t\t\t\t<div class=\"elementor-widget-wrap\">\n\t\t\t\t\t\t<div class=\"elementor-element elementor-element-3e15fc2 elementor-widget elementor-widget-image\" data-id=\"3e15fc2\" data-element_type=\"widget\" data-widget_type=\"image.default\">\n\t\t\t\t<div class=\"elementor-widget-container\">\n\t\t\t\t\t\t\t\t<div class=\"elementor-image\">\n\t\t\t\t\t\t\t\t\t\t\t\t<img width=\"400\" height=\"307\" src=\"https:\/\/www.medellin.gov.co\/es\/wp-content\/uploads\/2021\/09\/docente-entregando-laptop.jpeg\" class=\"attachment-full size-full\" alt=\"Docente entregando laptop\" loading=\"lazy\" srcset=\"https:\/\/www.medellin.gov.co\/es\/wp-content\/uploads\/2021\/09\/docente-entregando-laptop.jpeg 400w, https:\/\/www.medellin.gov.co\/es\/wp-content\/uploads\/2021\/09\/docente-entregando-laptop-300x230.jpeg 300w, https:\/\/www.medellin.gov.co\/es\/wp-content\/uploads\/2021\/09\/docente-entregando-laptop-150x115.jpeg 150w\" sizes=\"(max-width: 400px) 100vw, 400px\" \/>\t\t\t\t\t\t\t\t\t\t\t\t\t\t<\/div>\n\t\t\t\t\t\t<\/div>\n\t\t\t\t<\/div>\n\t\t\t\t\t\t<\/div>\n\t\t\t\t\t<\/div>\n\t\t<\/div>\n\t\t\t\t<div class=\"elementor-column elementor-col-50 elementor-inner-column elementor-element elementor-element-ae789b2\" data-id=\"ae789b2\" data-element_type=\"column\">\n\t\t\t<div class=\"elementor-column-wrap elementor-element-populated\">\n\t\t\t\t\t\t\t<div class=\"elementor-widget-wrap\">\n\t\t\t\t\t\t<div class=\"elementor-element elementor-element-195a52a elementor-widget elementor-widget-text-editor\" data-id=\"195a52a\" data-element_type=\"widget\" data-widget_type=\"text-editor.default\">\n\t\t\t\t<div class=\"elementor-widget-container\">\n\t\t\t\t\t\t\t\t<div class=\"elementor-text-editor elementor-clearfix\">\n\t\t\t\t<p>Gracias a tu solidaridad, el apoyo de Empresas Varias de Medell\u00edn y la Fundaci\u00f3n Puntos Verdes, tus residuos electr\u00f3nicos se convertir\u00e1n en oportunidades, pues podremos canjearlos por puntos verdes que a su vez se conviertir\u00e1n en computadores, tablets o celulares nuevos, los cuales permitir\u00e1n que los ni\u00f1os, ni\u00f1as y j\u00f3venes de nuestra ciudad sigan conectados a sus clases y contin\u00faen sus estudios de manera virtual.<\/p><p>Ten en cuenta que los Aparatos El\u00e9ctricos y Electr\u00f3nicos (AEE) son todos aquellos aparatos que para funcionar necesitan de una corriente el\u00e9ctrica o una pila, as\u00ed como los aparatos necesarios para generar, transmitir y medir dichas corrientes. Una vez dejan de funcionar se consideran Residuos de Aparatos El\u00e9ctricos y Electr\u00f3nicos (RAEE) y por sus caracter\u00edsticas deben ser dispuestos de una manera ambientalmente responsable con gestores autorizados.<\/p>\t\t\t\t\t<\/div>\n\t\t\t\t\t\t<\/div>\n\t\t\t\t<\/div>\n\t\t\t\t\t\t<\/div>\n\t\t\t\t\t<\/div>\n\t\t<\/div>\n\t\t\t\t\t\t\t\t<\/div>\n\t\t\t\t\t<\/div>\n\t\t<\/section>\n\t\t\t\t<div class=\"elementor-element elementor-element-495b573 elementor-widget elementor-widget-heading\" data-id=\"495b573\" data-element_type=\"widget\" data-widget_type=\"heading.default\">\n\t\t\t\t<div class=\"elementor-widget-container\">\n\t\t\t<h2 class=\"elementor-heading-title elementor-size-default\">Si eres una empresa puedes donar los siguientes RAEE:<\/h2>\t\t<\/div>\n\t\t\t\t<\/div>\n\t\t\t\t<section class=\"elementor-section elementor-inner-section elementor-element elementor-element-a5b180c elementor-reverse-tablet elementor-reverse-mobile elementor-section-boxed elementor-section-height-default elementor-section-height-default\" data-id=\"a5b180c\" data-element_type=\"section\">\n\t\t\t\t\t\t<div class=\"elementor-container elementor-column-gap-default\">\n\t\t\t\t\t\t\t<div class=\"elementor-row\">\n\t\t\t\t\t<div class=\"elementor-column elementor-col-50 elementor-inner-column elementor-element elementor-element-eea565a\" data-id=\"eea565a\" data-element_type=\"column\">\n\t\t\t<div class=\"elementor-column-wrap elementor-element-populated\">\n\t\t\t\t\t\t\t<div class=\"elementor-widget-wrap\">\n\t\t\t\t\t\t<div class=\"elementor-element elementor-element-c915533 elementor-widget elementor-widget-text-editor\" data-id=\"c915533\" data-element_type=\"widget\" data-widget_type=\"text-editor.default\">\n\t\t\t\t<div class=\"elementor-widget-container\">\n\t\t\t\t\t\t\t\t<div class=\"elementor-text-editor elementor-clearfix\">\n\t\t\t\t<ul>\n<li>Equipos de inform\u00e1tica y telecomunicaciones: computadores, discos duros, teclados, mouse, auriculares, aud\u00edfonos, m\u00e1quinas de escribir el\u00e9ctricas y electr\u00f3nicas, calculadoras, tel\u00e9fonos celulares, tel\u00e9fonos fijos, radios, tarjetas electr\u00f3nicas, racks, m\u00f3dems.<\/li>\n<li>Equipos el\u00e9ctricos y electrodom\u00e9sticos: plantas de circuitos, herramientas el\u00e9ctricas en general, motores, medidores el\u00e9ctricos, medidores, transformadores libres de PCB, medidores por clasificar, detectores de fuego, termostatos, reguladores de calefacci\u00f3n, aparatos de medici\u00f3n, pesaje y reglaje para el hogar o laboratorios, mult\u00edmetro, otros instrumentos de control, balastos, fuentes de poder, condensadores, unidades de neveras y electrodom\u00e9sticos de todo tipo.<\/li>\n<li>Pilas, bater\u00edas y bombillas.<\/li>\n<li>Excedentes: metales ferrosos y no ferrosos (cobre, aluminio, acero, hierro).<\/li>\n<\/ul>\t\t\t\t\t<\/div>\n\t\t\t\t\t\t<\/div>\n\t\t\t\t<\/div>\n\t\t\t\t\t\t<\/div>\n\t\t\t\t\t<\/div>\n\t\t<\/div>\n\t\t\t\t<div class=\"elementor-column elementor-col-50 elementor-inner-column elementor-element elementor-element-0539146\" data-id=\"0539146\" data-element_type=\"column\">\n\t\t\t<div class=\"elementor-column-wrap elementor-element-populated\">\n\t\t\t\t\t\t\t<div class=\"elementor-widget-wrap\">\n\t\t\t\t\t\t<div class=\"elementor-element elementor-element-e21cec3 elementor-widget elementor-widget-image\" data-id=\"e21cec3\" data-element_type=\"widget\" data-widget_type=\"image.default\">\n\t\t\t\t<div class=\"elementor-widget-container\">\n\t\t\t\t\t\t\t\t<div class=\"elementor-image\">\n\t\t\t\t\t\t\t\t\t\t\t\t<img width=\"400\" height=\"307\" src=\"https:\/\/www.medellin.gov.co\/es\/wp-content\/uploads\/2021\/09\/computadora-mesa.jpeg\" class=\"attachment-full size-full\" alt=\"Computadora de mesa\" loading=\"lazy\" srcset=\"https:\/\/www.medellin.gov.co\/es\/wp-content\/uploads\/2021\/09\/computadora-mesa.jpeg 400w, https:\/\/www.medellin.gov.co\/es\/wp-content\/uploads\/2021\/09\/computadora-mesa-300x230.jpeg 300w, https:\/\/www.medellin.gov.co\/es\/wp-content\/uploads\/2021\/09\/computadora-mesa-150x115.jpeg 150w\" sizes=\"(max-width: 400px) 100vw, 400px\" \/>\t\t\t\t\t\t\t\t\t\t\t\t\t\t<\/div>\n\t\t\t\t\t\t<\/div>\n\t\t\t\t<\/div>\n\t\t\t\t\t\t<\/div>\n\t\t\t\t\t<\/div>\n\t\t<\/div>\n\t\t\t\t\t\t\t\t<\/div>\n\t\t\t\t\t<\/div>\n\t\t<\/section>\n\t\t\t\t<div class=\"elementor-element elementor-element-b385ae9 elementor-tablet-align-left elementor-mobile-align-center elementor-widget elementor-widget-button\" data-id=\"b385ae9\" data-element_type=\"widget\" data-widget_type=\"button.default\">\n\t\t\t\t<div class=\"elementor-widget-container\">\n\t\t\t\t\t<div class=\"elementor-button-wrapper\">\n\t\t\t<a href=\"https:\/\/bit.ly\/31Niv0C\" target=\"_blank\" class=\"elementor-button-link elementor-button elementor-size-sm\" role=\"button\">\n\t\t\t\t\t\t<span class=\"elementor-button-content-wrapper\">\n\t\t\t\t\t\t<span class=\"elementor-button-text\">Diligencia el formulario<\/span>\n\t\t<\/span>\n\t\t\t\t\t<\/a>\n\t\t<\/div>\n\t\t\t\t<\/div>\n\t\t\t\t<\/div>\n\t\t\t\t<div class=\"elementor-element elementor-element-f53672c elementor-widget elementor-widget-text-editor\" data-id=\"f53672c\" data-element_type=\"widget\" data-widget_type=\"text-editor.default\">\n\t\t\t\t<div class=\"elementor-widget-container\">\n\t\t\t\t\t\t\t\t<div class=\"elementor-text-editor elementor-clearfix\">\n\t\t\t\t<p>NOTA: Los residuos electr\u00f3nicos donados ser\u00e1n certificados para efectos de los requisitos de la autoridad ambiental.<\/p>\t\t\t\t\t<\/div>\n\t\t\t\t\t\t<\/div>\n\t\t\t\t<\/div>\n\t\t\t\t<div class=\"elementor-element elementor-element-dd0f4b5 elementor-widget elementor-widget-heading\" data-id=\"dd0f4b5\" data-element_type=\"widget\" data-widget_type=\"heading.default\">\n\t\t\t\t<div class=\"elementor-widget-container\">\n\t\t\t<h2 class=\"elementor-heading-title elementor-size-default\">Si eres una personal natural:<\/h2>\t\t<\/div>\n\t\t\t\t<\/div>\n\t\t\t\t<div class=\"elementor-element elementor-element-cb71a6b elementor-widget elementor-widget-text-editor\" data-id=\"cb71a6b\" data-element_type=\"widget\" data-widget_type=\"text-editor.default\">\n\t\t\t\t<div class=\"elementor-widget-container\">\n\t\t\t\t\t\t\t\t<div class=\"elementor-text-editor elementor-clearfix\">\n\t\t\t\t<ul><li>Si no cuentas con esa cantidad, los puede llevar a los puntos m\u00e1s cercanos. (Puntos Naranja de Emvarias,Punto Limpio del Centro, CC Premium Plaza, CC Mayorca, CC Monterey, CC Los Molinos, CC El tesoro, etc).<\/li><li>Equipos de inform\u00e1tica y telecomunicaciones: computadores de escritorio, CPU, computadores port\u00e1tiles, teclados, mouse, auriculares, aud\u00edfonos, m\u00e1quinas de escribir el\u00e9ctricas y electr\u00f3nicas, calculadoras, tel\u00e9fonos celulares, tel\u00e9fonos fijos, radios.<\/li><li>Equipos el\u00e9ctricos y electrodom\u00e9sticos: neveras, lavadoras, hornos microondas, planchas, secadoras, televisores, herramientas el\u00e9ctricas, m\u00e1quinas de coser, balastos, fuentes de poder.<\/li><li>Pilas, bater\u00edas y bombillas.<\/li><\/ul>\t\t\t\t\t<\/div>\n\t\t\t\t\t\t<\/div>\n\t\t\t\t<\/div>\n\t\t\t\t<div class=\"elementor-element elementor-element-b46c427 elementor-tablet-align-left elementor-mobile-align-center elementor-widget elementor-widget-button\" data-id=\"b46c427\" data-element_type=\"widget\" data-widget_type=\"button.default\">\n\t\t\t\t<div class=\"elementor-widget-container\">\n\t\t\t\t\t<div class=\"elementor-button-wrapper\">\n\t\t\t<a href=\"https:\/\/bit.ly\/31Niv0C\" target=\"_blank\" class=\"elementor-button-link elementor-button elementor-size-sm\" role=\"button\">\n\t\t\t\t\t\t<span class=\"elementor-button-content-wrapper\">\n\t\t\t\t\t\t<span class=\"elementor-button-text\">Diligencia el formulario<\/span>\n\t\t<\/span>\n\t\t\t\t\t<\/a>\n\t\t<\/div>\n\t\t\t\t<\/div>\n\t\t\t\t<\/div>\n\t\t\t\t<div class=\"elementor-element elementor-element-4448a75 elementor-widget elementor-widget-text-editor\" data-id=\"4448a75\" data-element_type=\"widget\" data-widget_type=\"text-editor.default\">\n\t\t\t\t<div class=\"elementor-widget-container\">\n\t\t\t\t\t\t\t\t<div class=\"elementor-text-editor elementor-clearfix\">\n\t\t\t\t<p>Si requieres m\u00e1s informaci\u00f3n, podemos contactarnos por estos medios: WhatsApp 311 768 82 29 \/ L\u00ednea Amiga del Aseo 444 56 36.<\/p>\t\t\t\t\t<\/div>\n\t\t\t\t\t\t<\/div>\n\t\t\t\t<\/div>\n\t\t\t\t\t\t<\/div>\n\t\t\t\t\t<\/div>\n\t\t<\/div>\n\t\t\t\t\t\t\t\t<\/div>\n\t\t\t\t\t<\/div>\n\t\t<\/section>\n\t\t\t\t\t\t\t\t\t<\/div>\n\t\t\t<\/div>\n\t\t\t\t\t<\/div>\n\t\t","protected":false},"excerpt":{"rendered":"<p>Quiero donar residuos electr\u00f3nicos que convertir\u00e1n en computadores, tablets o celulares nuevos Gracias a tu solidaridad, el apoyo de Empresas Varias de Medell\u00edn y la Fundaci\u00f3n Puntos Verdes, tus residuos electr\u00f3nicos se convertir\u00e1n en oportunidades, &#8230;<\/p>\n","protected":false},"author":31,"featured_media":12623,"parent":12512,"menu_order":10,"comment_status":"closed","ping_status":"closed","template":"sec-educacion\/elementor.php","meta":[],"acf":[],"_links":{"self":[{"href":"https:\/\/www.medellin.gov.co\/es\/wp-json\/wp\/v2\/pages\/12516"}],"collection":[{"href":"https:\/\/www.medellin.gov.co\/es\/wp-json\/wp\/v2\/pages"}],"about":[{"href":"https:\/\/www.medellin.gov.co\/es\/wp-json\/wp\/v2\/types\/page"}],"author":[{"embeddable":true,"href":"https:\/\/www.medellin.gov.co\/es\/wp-json\/wp\/v2\/users\/31"}],"replies":[{"embeddable":true,"href":"https:\/\/www.medellin.gov.co\/es\/wp-json\/wp\/v2\/comments?post=12516"}],"version-history":[{"count":15,"href":"https:\/\/www.medellin.gov.co\/es\/wp-json\/wp\/v2\/pages\/12516\/revisions"}],"predecessor-version":[{"id":55149,"href":"https:\/\/www.medellin.gov.co\/es\/wp-json\/wp\/v2\/pages\/12516\/revisions\/55149"}],"up":[{"embeddable":true,"href":"https:\/\/www.medellin.gov.co\/es\/wp-json\/wp\/v2\/pages\/12512"}],"wp:featuredmedia":[{"embeddable":true,"href":"https:\/\/www.medellin.gov.co\/es\/wp-json\/wp\/v2\/media\/12623"}],"wp:attachment":[{"href":"https:\/\/www.medellin.gov.co\/es\/wp-json\/wp\/v2\/media?parent=12516"}],"curies":[{"name":"wp","href":"https:\/\/api.w.org\/{rel}","templated":true}]}}