{"id":12560,"date":"2021-09-06T16:42:43","date_gmt":"2021-09-06T21:42:43","guid":{"rendered":"https:\/\/www.medellin.gov.co\/es\/?page_id=12560"},"modified":"2022-03-16T14:48:00","modified_gmt":"2022-03-16T19:48:00","slug":"ser-stem","status":"publish","type":"page","link":"https:\/\/www.medellin.gov.co\/es\/secretaria-de-educacion\/estudiantes\/unidad-media-tecnica\/ser-stem\/","title":{"rendered":"Programa Ser + STEM de la Secretar\u00eda de Educaci\u00f3n"},"content":{"rendered":"\t\t<div data-elementor-type=\"wp-page\" data-elementor-id=\"12560\" class=\"elementor elementor-12560\">\n\t\t\t\t\t\t<div class=\"elementor-inner\">\n\t\t\t\t<div class=\"elementor-section-wrap\">\n\t\t\t\t\t\t\t\t\t<section class=\"elementor-section elementor-top-section elementor-element elementor-element-6f5962a1 elementor-section-boxed elementor-section-height-default elementor-section-height-default\" data-id=\"6f5962a1\" data-element_type=\"section\">\n\t\t\t\t\t\t<div class=\"elementor-container elementor-column-gap-default\">\n\t\t\t\t\t\t\t<div class=\"elementor-row\">\n\t\t\t\t\t<div class=\"elementor-column elementor-col-100 elementor-top-column elementor-element elementor-element-c5e3077\" data-id=\"c5e3077\" data-element_type=\"column\">\n\t\t\t<div class=\"elementor-column-wrap elementor-element-populated\">\n\t\t\t\t\t\t\t<div class=\"elementor-widget-wrap\">\n\t\t\t\t\t\t<div class=\"elementor-element elementor-element-258d186c elementor-widget elementor-widget-heading\" data-id=\"258d186c\" data-element_type=\"widget\" data-widget_type=\"heading.default\">\n\t\t\t\t<div class=\"elementor-widget-container\">\n\t\t\t<h1 class=\"elementor-heading-title elementor-size-default\">Programa Ser + STEM de la Secretar\u00eda de Educaci\u00f3n<\/h1>\t\t<\/div>\n\t\t\t\t<\/div>\n\t\t\t\t<div class=\"elementor-element elementor-element-73555c7 elementor-widget elementor-widget-heading\" data-id=\"73555c7\" data-element_type=\"widget\" data-widget_type=\"heading.default\">\n\t\t\t\t<div class=\"elementor-widget-container\">\n\t\t\t<h2 class=\"elementor-heading-title elementor-size-default\">\u00bf<b>Qu\u00e9 es<\/b> Ser + STEM?<\/h2>\t\t<\/div>\n\t\t\t\t<\/div>\n\t\t\t\t<section class=\"elementor-section elementor-inner-section elementor-element elementor-element-7ce0a42 elementor-reverse-tablet elementor-reverse-mobile elementor-section-boxed elementor-section-height-default elementor-section-height-default\" data-id=\"7ce0a42\" data-element_type=\"section\">\n\t\t\t\t\t\t<div class=\"elementor-container elementor-column-gap-default\">\n\t\t\t\t\t\t\t<div class=\"elementor-row\">\n\t\t\t\t\t<div class=\"elementor-column elementor-col-50 elementor-inner-column elementor-element elementor-element-fb43c0e\" data-id=\"fb43c0e\" data-element_type=\"column\">\n\t\t\t<div class=\"elementor-column-wrap elementor-element-populated\">\n\t\t\t\t\t\t\t<div class=\"elementor-widget-wrap\">\n\t\t\t\t\t\t<div class=\"elementor-element elementor-element-7273f98 elementor-widget elementor-widget-image\" data-id=\"7273f98\" data-element_type=\"widget\" data-widget_type=\"image.default\">\n\t\t\t\t<div class=\"elementor-widget-container\">\n\t\t\t\t\t\t\t\t<div class=\"elementor-image\">\n\t\t\t\t\t\t\t\t\t\t\t\t<img width=\"1200\" height=\"1392\" src=\"https:\/\/www.medellin.gov.co\/es\/wp-content\/uploads\/2021\/09\/estudiante-usando-microscopio.jpg\" class=\"attachment-full size-full\" alt=\"Estudiante usando microscopio\" loading=\"lazy\" srcset=\"https:\/\/www.medellin.gov.co\/es\/wp-content\/uploads\/2021\/09\/estudiante-usando-microscopio.jpg 1200w, https:\/\/www.medellin.gov.co\/es\/wp-content\/uploads\/2021\/09\/estudiante-usando-microscopio-259x300.jpg 259w, https:\/\/www.medellin.gov.co\/es\/wp-content\/uploads\/2021\/09\/estudiante-usando-microscopio-883x1024.jpg 883w, https:\/\/www.medellin.gov.co\/es\/wp-content\/uploads\/2021\/09\/estudiante-usando-microscopio-129x150.jpg 129w, https:\/\/www.medellin.gov.co\/es\/wp-content\/uploads\/2021\/09\/estudiante-usando-microscopio-768x891.jpg 768w\" sizes=\"(max-width: 1200px) 100vw, 1200px\" \/>\t\t\t\t\t\t\t\t\t\t\t\t\t\t<\/div>\n\t\t\t\t\t\t<\/div>\n\t\t\t\t<\/div>\n\t\t\t\t\t\t<\/div>\n\t\t\t\t\t<\/div>\n\t\t<\/div>\n\t\t\t\t<div class=\"elementor-column elementor-col-50 elementor-inner-column elementor-element elementor-element-ab0c606\" data-id=\"ab0c606\" data-element_type=\"column\">\n\t\t\t<div class=\"elementor-column-wrap elementor-element-populated\">\n\t\t\t\t\t\t\t<div class=\"elementor-widget-wrap\">\n\t\t\t\t\t\t<div class=\"elementor-element elementor-element-3d89473 elementor-widget elementor-widget-text-editor\" data-id=\"3d89473\" data-element_type=\"widget\" data-widget_type=\"text-editor.default\">\n\t\t\t\t<div class=\"elementor-widget-container\">\n\t\t\t\t\t\t\t\t<div class=\"elementor-text-editor elementor-clearfix\">\n\t\t\t\t<p>STEM es un enfoque educativo interdisciplinario centrado en el aprendizaje a trav\u00e9s de proyectos sustentados en problem\u00e1ticas del mundo real, b\u00e1sicamente en las \u00e1reas de ciencia, tecnolog\u00eda, ingenier\u00eda y matem\u00e1ticas (STEM).<\/p><p>En Medell\u00edn se llama Ser + STEM, entendiendo el \u201cSer\u201d como la integraci\u00f3n de la persona en todas sus facetas y el signo \u201c+\u201d como un plus del enfoque que trae consigo todas las \u00e1reas humanas y art\u00edsticas.<\/p><p>El enfoque Ser + STEM se fundamenta en competencias cient\u00edficas que deben desarrollar los estudiantes seg\u00fan la Ley 1286 de 2009 que fortalece el Sistema Nacional de Ciencia, Tecnolog\u00eda e Innovaci\u00f3n en Colombia.<\/p>\t\t\t\t\t<\/div>\n\t\t\t\t\t\t<\/div>\n\t\t\t\t<\/div>\n\t\t\t\t\t\t<\/div>\n\t\t\t\t\t<\/div>\n\t\t<\/div>\n\t\t\t\t\t\t\t\t<\/div>\n\t\t\t\t\t<\/div>\n\t\t<\/section>\n\t\t\t\t<div class=\"elementor-element elementor-element-6fc87ff elementor-widget elementor-widget-heading\" data-id=\"6fc87ff\" data-element_type=\"widget\" data-widget_type=\"heading.default\">\n\t\t\t\t<div class=\"elementor-widget-container\">\n\t\t\t<h2 class=\"elementor-heading-title elementor-size-default\"><b>Objetivos<\/b> del programa Ser + STEM<\/h2>\t\t<\/div>\n\t\t\t\t<\/div>\n\t\t\t\t<div class=\"elementor-element elementor-element-30d0fbe elementor-widget elementor-widget-text-editor\" data-id=\"30d0fbe\" data-element_type=\"widget\" data-widget_type=\"text-editor.default\">\n\t\t\t\t<div class=\"elementor-widget-container\">\n\t\t\t\t\t\t\t\t<div class=\"elementor-text-editor elementor-clearfix\">\n\t\t\t\t<ul><li>Fortalecer una cultura basada en la generaci\u00f3n, apropiaci\u00f3n y divulgaci\u00f3n del conocimiento e investigaci\u00f3n cient\u00edfica, desarrollo tecnol\u00f3gico, innovaci\u00f3n y aprendizaje permanente. <\/li><li>Fortalecer el desarrollo regional con pol\u00edticas integrales de descentralizaci\u00f3n e internacionalizaci\u00f3n de actividades cient\u00edficas, tecnol\u00f3gicas y de innovaci\u00f3n, de acuerdo con las din\u00e1micas internacionales.<\/li><li>Promover la calidad de la educaci\u00f3n formal y no formal, particularmente en la media t\u00e9cnica y superior para la participaci\u00f3n y el desarrollo de nuevas generaciones de investigadores, emprendedores, desarrolladores tecnol\u00f3gicos e innovadores (Colombia. Congreso de la Rep\u00fablica, 2009, pp. 1 &#8211; 2).<\/li><\/ul>\t\t\t\t\t<\/div>\n\t\t\t\t\t\t<\/div>\n\t\t\t\t<\/div>\n\t\t\t\t<div class=\"elementor-element elementor-element-4175f0e elementor-widget elementor-widget-heading\" data-id=\"4175f0e\" data-element_type=\"widget\" data-widget_type=\"heading.default\">\n\t\t\t\t<div class=\"elementor-widget-container\">\n\t\t\t<h2 class=\"elementor-heading-title elementor-size-default\"><b>Objetivos<\/b> del programa Ser + STEM<\/h2>\t\t<\/div>\n\t\t\t\t<\/div>\n\t\t\t\t<section class=\"elementor-section elementor-inner-section elementor-element elementor-element-5e6da2b elementor-reverse-tablet elementor-reverse-mobile elementor-section-boxed elementor-section-height-default elementor-section-height-default\" data-id=\"5e6da2b\" data-element_type=\"section\">\n\t\t\t\t\t\t<div class=\"elementor-container elementor-column-gap-default\">\n\t\t\t\t\t\t\t<div class=\"elementor-row\">\n\t\t\t\t\t<div class=\"elementor-column elementor-col-50 elementor-inner-column elementor-element elementor-element-1740b01\" data-id=\"1740b01\" data-element_type=\"column\">\n\t\t\t<div class=\"elementor-column-wrap elementor-element-populated\">\n\t\t\t\t\t\t\t<div class=\"elementor-widget-wrap\">\n\t\t\t\t\t\t<div class=\"elementor-element elementor-element-aeda9b6 elementor-widget elementor-widget-text-editor\" data-id=\"aeda9b6\" data-element_type=\"widget\" data-widget_type=\"text-editor.default\">\n\t\t\t\t<div class=\"elementor-widget-container\">\n\t\t\t\t\t\t\t\t<div class=\"elementor-text-editor elementor-clearfix\">\n\t\t\t\t<p>El enfoque Ser + STEM busca que los ni\u00f1os y j\u00f3venes se entusiasmen con los retos de la sociedad a trav\u00e9s de proyectos, as\u00ed se lograr\u00e1 la Medell\u00edn Futuro que deseamos. Esto impacta en los cinco pilares del Plan de Desarrollo de Medell\u00edn de la siguiente manera:<\/p>\t\t\t\t\t<\/div>\n\t\t\t\t\t\t<\/div>\n\t\t\t\t<\/div>\n\t\t\t\t<div class=\"elementor-element elementor-element-65f4fdb elementor-widget elementor-widget-heading\" data-id=\"65f4fdb\" data-element_type=\"widget\" data-widget_type=\"heading.default\">\n\t\t\t\t<div class=\"elementor-widget-container\">\n\t\t\t<h3 class=\"elementor-heading-title elementor-size-default\">Transformaci\u00f3n Educativa<\/h3>\t\t<\/div>\n\t\t\t\t<\/div>\n\t\t\t\t<div class=\"elementor-element elementor-element-c2121fb elementor-widget elementor-widget-text-editor\" data-id=\"c2121fb\" data-element_type=\"widget\" data-widget_type=\"text-editor.default\">\n\t\t\t\t<div class=\"elementor-widget-container\">\n\t\t\t\t\t\t\t\t<div class=\"elementor-text-editor elementor-clearfix\">\n\t\t\t\t<p>El desarrollo y empoderamiento cognitivo implica la transformaci\u00f3n y la renovaci\u00f3n expl\u00edcita del sistema educativo de la ciudad, permitiendo que los ni\u00f1os y j\u00f3venes sean m\u00e1s aut\u00f3nomos, claros y responsables con su entorno.<\/p>\t\t\t\t\t<\/div>\n\t\t\t\t\t\t<\/div>\n\t\t\t\t<\/div>\n\t\t\t\t<div class=\"elementor-element elementor-element-be47c7c elementor-widget elementor-widget-heading\" data-id=\"be47c7c\" data-element_type=\"widget\" data-widget_type=\"heading.default\">\n\t\t\t\t<div class=\"elementor-widget-container\">\n\t\t\t<h3 class=\"elementor-heading-title elementor-size-default\">Ecociudad<\/h3>\t\t<\/div>\n\t\t\t\t<\/div>\n\t\t\t\t<div class=\"elementor-element elementor-element-edb1b8b elementor-widget elementor-widget-text-editor\" data-id=\"edb1b8b\" data-element_type=\"widget\" data-widget_type=\"text-editor.default\">\n\t\t\t\t<div class=\"elementor-widget-container\">\n\t\t\t\t\t\t\t\t<div class=\"elementor-text-editor elementor-clearfix\">\n\t\t\t\t<p>El enfoque Ser + STEM permite sensibilizar a los estudiantes desde proyectos de aula multidisciplinares en diferentes temas que impactan a la ciudad, en procura de mayor sensibilizaci\u00f3n y creaci\u00f3n de soluciones, como ayudar a cuidar el medio ambiente y trabajar por una Ecociudad.<\/p>\t\t\t\t\t<\/div>\n\t\t\t\t\t\t<\/div>\n\t\t\t\t<\/div>\n\t\t\t\t\t\t<\/div>\n\t\t\t\t\t<\/div>\n\t\t<\/div>\n\t\t\t\t<div class=\"elementor-column elementor-col-50 elementor-inner-column elementor-element elementor-element-187f8e8\" data-id=\"187f8e8\" data-element_type=\"column\">\n\t\t\t<div class=\"elementor-column-wrap elementor-element-populated\">\n\t\t\t\t\t\t\t<div class=\"elementor-widget-wrap\">\n\t\t\t\t\t\t<div class=\"elementor-element elementor-element-4ab9322 elementor-widget elementor-widget-image\" data-id=\"4ab9322\" data-element_type=\"widget\" data-widget_type=\"image.default\">\n\t\t\t\t<div class=\"elementor-widget-container\">\n\t\t\t\t\t\t\t\t<div class=\"elementor-image\">\n\t\t\t\t\t\t\t\t\t\t\t\t<img width=\"1200\" height=\"800\" src=\"https:\/\/www.medellin.gov.co\/es\/wp-content\/uploads\/2021\/09\/companeras-de-clase-trabajando-en-equipo.jpg\" class=\"attachment-full size-full\" alt=\"Compa\u00f1eras de clase trabajando en equipo\" loading=\"lazy\" srcset=\"https:\/\/www.medellin.gov.co\/es\/wp-content\/uploads\/2021\/09\/companeras-de-clase-trabajando-en-equipo.jpg 1200w, https:\/\/www.medellin.gov.co\/es\/wp-content\/uploads\/2021\/09\/companeras-de-clase-trabajando-en-equipo-300x200.jpg 300w, https:\/\/www.medellin.gov.co\/es\/wp-content\/uploads\/2021\/09\/companeras-de-clase-trabajando-en-equipo-1024x683.jpg 1024w, https:\/\/www.medellin.gov.co\/es\/wp-content\/uploads\/2021\/09\/companeras-de-clase-trabajando-en-equipo-150x100.jpg 150w, https:\/\/www.medellin.gov.co\/es\/wp-content\/uploads\/2021\/09\/companeras-de-clase-trabajando-en-equipo-768x512.jpg 768w\" sizes=\"(max-width: 1200px) 100vw, 1200px\" \/>\t\t\t\t\t\t\t\t\t\t\t\t\t\t<\/div>\n\t\t\t\t\t\t<\/div>\n\t\t\t\t<\/div>\n\t\t\t\t\t\t<\/div>\n\t\t\t\t\t<\/div>\n\t\t<\/div>\n\t\t\t\t\t\t\t\t<\/div>\n\t\t\t\t\t<\/div>\n\t\t<\/section>\n\t\t\t\t<div class=\"elementor-element elementor-element-9a7ed2b elementor-widget elementor-widget-heading\" data-id=\"9a7ed2b\" data-element_type=\"widget\" data-widget_type=\"heading.default\">\n\t\t\t\t<div class=\"elementor-widget-container\">\n\t\t\t<h3 class=\"elementor-heading-title elementor-size-default\">Recuperemos lo social<\/h3>\t\t<\/div>\n\t\t\t\t<\/div>\n\t\t\t\t<div class=\"elementor-element elementor-element-e2f2e44 elementor-widget elementor-widget-text-editor\" data-id=\"e2f2e44\" data-element_type=\"widget\" data-widget_type=\"text-editor.default\">\n\t\t\t\t<div class=\"elementor-widget-container\">\n\t\t\t\t\t\t\t\t<div class=\"elementor-text-editor elementor-clearfix\">\n\t\t\t\t<p>Ser + STEM tiene un alto componente de trabajo en equipo y resoluci\u00f3n de problemas colectivos, estas habilidades requieren de un relacionamiento colaborativo entre los hacedores de la educaci\u00f3n y el entorno social.<\/p>\t\t\t\t\t<\/div>\n\t\t\t\t\t\t<\/div>\n\t\t\t\t<\/div>\n\t\t\t\t<div class=\"elementor-element elementor-element-ac1c30b elementor-widget elementor-widget-heading\" data-id=\"ac1c30b\" data-element_type=\"widget\" data-widget_type=\"heading.default\">\n\t\t\t\t<div class=\"elementor-widget-container\">\n\t\t\t<h3 class=\"elementor-heading-title elementor-size-default\">Valle del Software<\/h3>\t\t<\/div>\n\t\t\t\t<\/div>\n\t\t\t\t<div class=\"elementor-element elementor-element-39dda43 elementor-widget elementor-widget-text-editor\" data-id=\"39dda43\" data-element_type=\"widget\" data-widget_type=\"text-editor.default\">\n\t\t\t\t<div class=\"elementor-widget-container\">\n\t\t\t\t\t\t\t\t<div class=\"elementor-text-editor elementor-clearfix\">\n\t\t\t\t<p>Ambos pilares del enfoque Ser + STEM juegan un papel fundamental dentro de esta macro propuesta, porque m\u00e1s que formar excelentes programadores o expertos en inteligencia artificial y ciencia de datos, el deber es fomentar la inteligencia cognitiva y seres integrales.<\/p><p>En Medell\u00edn existen adelantos significativos en la construcci\u00f3n de este Valle del Software, prueba de ello es la media t\u00e9cnica enfocada a las TIC, la cual busca formar a los j\u00f3venes que cursan d\u00e9cimo y und\u00e9cimo grado en capacidades laborales con programas como: Desarrollo de Software, Dise\u00f1o e Integraci\u00f3n Multimedia, Sistemas, entre otros.<\/p>\t\t\t\t\t<\/div>\n\t\t\t\t\t\t<\/div>\n\t\t\t\t<\/div>\n\t\t\t\t<div class=\"elementor-element elementor-element-efb5c4a elementor-widget elementor-widget-heading\" data-id=\"efb5c4a\" data-element_type=\"widget\" data-widget_type=\"heading.default\">\n\t\t\t\t<div class=\"elementor-widget-container\">\n\t\t\t<h3 class=\"elementor-heading-title elementor-size-default\">Gobernabilidad<\/h3>\t\t<\/div>\n\t\t\t\t<\/div>\n\t\t\t\t<div class=\"elementor-element elementor-element-1e94d85 elementor-widget elementor-widget-text-editor\" data-id=\"1e94d85\" data-element_type=\"widget\" data-widget_type=\"text-editor.default\">\n\t\t\t\t<div class=\"elementor-widget-container\">\n\t\t\t\t\t\t\t\t<div class=\"elementor-text-editor elementor-clearfix\">\n\t\t\t\t<p>Uno de los componentes b\u00e1sicos de Ser + STEM es la potencializaci\u00f3n de Seres + conscientes de su responsabilidad en todo aspecto de sus vidas, formar seres que saben gobernarse a s\u00ed mismos y aportan a la gobernabilidad de la ciudad.<\/p>\t\t\t\t\t<\/div>\n\t\t\t\t\t\t<\/div>\n\t\t\t\t<\/div>\n\t\t\t\t<div class=\"elementor-element elementor-element-cf434c8 elementor-widget elementor-widget-heading\" data-id=\"cf434c8\" data-element_type=\"widget\" data-widget_type=\"heading.default\">\n\t\t\t\t<div class=\"elementor-widget-container\">\n\t\t\t<h2 class=\"elementor-heading-title elementor-size-default\"><b>Foro<\/b> Ser + STEM<\/h2>\t\t<\/div>\n\t\t\t\t<\/div>\n\t\t\t\t<div class=\"elementor-element elementor-element-37fb3f8 elementor-widget elementor-widget-image\" data-id=\"37fb3f8\" data-element_type=\"widget\" data-widget_type=\"image.default\">\n\t\t\t\t<div class=\"elementor-widget-container\">\n\t\t\t\t\t\t\t\t<div class=\"elementor-image\">\n\t\t\t\t\t\t\t\t\t\t\t\t<img width=\"1200\" height=\"800\" src=\"https:\/\/www.medellin.gov.co\/es\/wp-content\/uploads\/2021\/09\/ninos-tomando-clase.jpg\" class=\"attachment-full size-full\" alt=\"Ni\u00f1os tomando la clase\" loading=\"lazy\" srcset=\"https:\/\/www.medellin.gov.co\/es\/wp-content\/uploads\/2021\/09\/ninos-tomando-clase.jpg 1200w, https:\/\/www.medellin.gov.co\/es\/wp-content\/uploads\/2021\/09\/ninos-tomando-clase-300x200.jpg 300w, https:\/\/www.medellin.gov.co\/es\/wp-content\/uploads\/2021\/09\/ninos-tomando-clase-1024x683.jpg 1024w, https:\/\/www.medellin.gov.co\/es\/wp-content\/uploads\/2021\/09\/ninos-tomando-clase-150x100.jpg 150w, https:\/\/www.medellin.gov.co\/es\/wp-content\/uploads\/2021\/09\/ninos-tomando-clase-768x512.jpg 768w\" sizes=\"(max-width: 1200px) 100vw, 1200px\" \/>\t\t\t\t\t\t\t\t\t\t\t\t\t\t<\/div>\n\t\t\t\t\t\t<\/div>\n\t\t\t\t<\/div>\n\t\t\t\t<div class=\"elementor-element elementor-element-6649f93 elementor-widget elementor-widget-text-editor\" data-id=\"6649f93\" data-element_type=\"widget\" data-widget_type=\"text-editor.default\">\n\t\t\t\t<div class=\"elementor-widget-container\">\n\t\t\t\t\t\t\t\t<div class=\"elementor-text-editor elementor-clearfix\">\n\t\t\t\t<p>Durante los \u00faltimos a\u00f1os se ha realizado el Foro Internacional STEM+H. A partir de 2020 ser\u00e1 llamado Ser + STEM y se invitar\u00e1 a panelistas nacionales e internacionales para enriquecer la experiencia de este enfoque en la ciudad.<\/p>\t\t\t\t\t<\/div>\n\t\t\t\t\t\t<\/div>\n\t\t\t\t<\/div>\n\t\t\t\t<div class=\"elementor-element elementor-element-de97a52 elementor-widget elementor-widget-heading\" data-id=\"de97a52\" data-element_type=\"widget\" data-widget_type=\"heading.default\">\n\t\t\t\t<div class=\"elementor-widget-container\">\n\t\t\t<h2 class=\"elementor-heading-title elementor-size-default\"><b>Formaci\u00f3n<\/b> y semilleros<\/h2>\t\t<\/div>\n\t\t\t\t<\/div>\n\t\t\t\t<div class=\"elementor-element elementor-element-bf16ab8 elementor-widget elementor-widget-heading\" data-id=\"bf16ab8\" data-element_type=\"widget\" data-widget_type=\"heading.default\">\n\t\t\t\t<div class=\"elementor-widget-container\">\n\t\t\t<h3 class=\"elementor-heading-title elementor-size-default\">Semillero j\u00f3venes creativos con fundaci\u00f3n ROF\u00c9<\/h3>\t\t<\/div>\n\t\t\t\t<\/div>\n\t\t\t\t<div class=\"elementor-element elementor-element-fbc864c elementor-widget elementor-widget-text-editor\" data-id=\"fbc864c\" data-element_type=\"widget\" data-widget_type=\"text-editor.default\">\n\t\t\t\t<div class=\"elementor-widget-container\">\n\t\t\t\t\t\t\t\t<div class=\"elementor-text-editor elementor-clearfix\">\n\t\t\t\t<p>La Fundaci\u00f3n ROF\u00c9 &#8211; Toca una Vida, en alianza con Sofka technologies, Sistecr\u00e9dito y la Secretar\u00eda de Educaci\u00f3n de Medell\u00edn le apuestan a los j\u00f3venes y a su formaci\u00f3n en tecnolog\u00eda, para ser part\u00edcipes de la Cuarta Revoluci\u00f3n Industrial, ya que la ciudad es una de las sedes mundiales buscando fomentar el talento humano en la formaci\u00f3n del sector TI y motivar a las mujeres a ingresar a estudios en carreras de tecnolog\u00eda.<\/p>\n<p>El programa J\u00f3venes CreaTIvos busca servir de puente entre los j\u00f3venes de las comunidades m\u00e1s vulnerables de la ciudad para conectarlos con las empresas del sector de tecnolog\u00eda, cerrando la brecha socioecon\u00f3mica y apoyando el plan de ciudad. En el a\u00f1o 2020 se cuenta con nueve estudiantes vinculados laboralmente a las empresas Sofka (5) y a Sistecr\u00e9dito (4), estos participaron el a\u00f1o 2019 en el semillero.<\/p>\t\t\t\t\t<\/div>\n\t\t\t\t\t\t<\/div>\n\t\t\t\t<\/div>\n\t\t\t\t<div class=\"elementor-element elementor-element-8d4489f elementor-widget elementor-widget-heading\" data-id=\"8d4489f\" data-element_type=\"widget\" data-widget_type=\"heading.default\">\n\t\t\t\t<div class=\"elementor-widget-container\">\n\t\t\t<h3 class=\"elementor-heading-title elementor-size-default\">Semillero de programaci\u00f3n competitiva con IU Salazar y Herrera<\/h3>\t\t<\/div>\n\t\t\t\t<\/div>\n\t\t\t\t<div class=\"elementor-element elementor-element-2aa3e2a elementor-widget elementor-widget-text-editor\" data-id=\"2aa3e2a\" data-element_type=\"widget\" data-widget_type=\"text-editor.default\">\n\t\t\t\t<div class=\"elementor-widget-container\">\n\t\t\t\t\t\t\t\t<div class=\"elementor-text-editor elementor-clearfix\">\n\t\t\t\t<p>Los j\u00f3venes de 10\u00b0 y 11\u00b0 durante 10 meses resuelven retos de programaci\u00f3n a trav\u00e9s de la plataforma especializada, en diferentes lenguajes de programaci\u00f3n y participan en una marat\u00f3n de programaci\u00f3n.<\/p>\t\t\t\t\t<\/div>\n\t\t\t\t\t\t<\/div>\n\t\t\t\t<\/div>\n\t\t\t\t<div class=\"elementor-element elementor-element-73eb0bc elementor-widget elementor-widget-image\" data-id=\"73eb0bc\" data-element_type=\"widget\" data-widget_type=\"image.default\">\n\t\t\t\t<div class=\"elementor-widget-container\">\n\t\t\t\t\t\t\t\t<div class=\"elementor-image\">\n\t\t\t\t\t\t\t\t\t\t\t\t<img width=\"800\" height=\"600\" src=\"https:\/\/www.medellin.gov.co\/es\/wp-content\/uploads\/2021\/09\/estudiantes-evento-academico.jpg\" class=\"attachment-full size-full\" alt=\"Estudiantes en evento acad\u00e9mico\" loading=\"lazy\" srcset=\"https:\/\/www.medellin.gov.co\/es\/wp-content\/uploads\/2021\/09\/estudiantes-evento-academico.jpg 800w, https:\/\/www.medellin.gov.co\/es\/wp-content\/uploads\/2021\/09\/estudiantes-evento-academico-300x225.jpg 300w, https:\/\/www.medellin.gov.co\/es\/wp-content\/uploads\/2021\/09\/estudiantes-evento-academico-150x113.jpg 150w, https:\/\/www.medellin.gov.co\/es\/wp-content\/uploads\/2021\/09\/estudiantes-evento-academico-768x576.jpg 768w\" sizes=\"(max-width: 800px) 100vw, 800px\" \/>\t\t\t\t\t\t\t\t\t\t\t\t\t\t<\/div>\n\t\t\t\t\t\t<\/div>\n\t\t\t\t<\/div>\n\t\t\t\t\t\t<\/div>\n\t\t\t\t\t<\/div>\n\t\t<\/div>\n\t\t\t\t\t\t\t\t<\/div>\n\t\t\t\t\t<\/div>\n\t\t<\/section>\n\t\t\t\t\t\t\t\t\t<\/div>\n\t\t\t<\/div>\n\t\t\t\t\t<\/div>\n\t\t","protected":false},"excerpt":{"rendered":"<p>Programa Ser + STEM de la Secretar\u00eda de Educaci\u00f3n \u00bfQu\u00e9 es Ser + STEM? STEM es un enfoque educativo interdisciplinario centrado en el aprendizaje a trav\u00e9s de proyectos sustentados en problem\u00e1ticas del mundo real, b\u00e1sicamente &#8230;<\/p>\n","protected":false},"author":1,"featured_media":12623,"parent":12558,"menu_order":5,"comment_status":"closed","ping_status":"closed","template":"sec-educacion\/elementor.php","meta":[],"acf":[],"_links":{"self":[{"href":"https:\/\/www.medellin.gov.co\/es\/wp-json\/wp\/v2\/pages\/12560"}],"collection":[{"href":"https:\/\/www.medellin.gov.co\/es\/wp-json\/wp\/v2\/pages"}],"about":[{"href":"https:\/\/www.medellin.gov.co\/es\/wp-json\/wp\/v2\/types\/page"}],"author":[{"embeddable":true,"href":"https:\/\/www.medellin.gov.co\/es\/wp-json\/wp\/v2\/users\/1"}],"replies":[{"embeddable":true,"href":"https:\/\/www.medellin.gov.co\/es\/wp-json\/wp\/v2\/comments?post=12560"}],"version-history":[{"count":36,"href":"https:\/\/www.medellin.gov.co\/es\/wp-json\/wp\/v2\/pages\/12560\/revisions"}],"predecessor-version":[{"id":41422,"href":"https:\/\/www.medellin.gov.co\/es\/wp-json\/wp\/v2\/pages\/12560\/revisions\/41422"}],"up":[{"embeddable":true,"href":"https:\/\/www.medellin.gov.co\/es\/wp-json\/wp\/v2\/pages\/12558"}],"wp:featuredmedia":[{"embeddable":true,"href":"https:\/\/www.medellin.gov.co\/es\/wp-json\/wp\/v2\/media\/12623"}],"wp:attachment":[{"href":"https:\/\/www.medellin.gov.co\/es\/wp-json\/wp\/v2\/media?parent=12560"}],"curies":[{"name":"wp","href":"https:\/\/api.w.org\/{rel}","templated":true}]}}