{"id":126779,"date":"2022-11-03T12:40:43","date_gmt":"2022-11-03T17:40:43","guid":{"rendered":"https:\/\/www.medellin.gov.co\/es\/?page_id=126779"},"modified":"2025-03-06T13:17:05","modified_gmt":"2025-03-06T18:17:05","slug":"colecciones-del-centro-de-documentacion","status":"publish","type":"page","link":"https:\/\/www.medellin.gov.co\/es\/departamento-administrativo-de-planeacion\/centro-de-documentacion\/colecciones-del-centro-de-documentacion\/","title":{"rendered":"Colecciones del centro de documentaci\u00f3n"},"content":{"rendered":"\t\t<div data-elementor-type=\"wp-page\" data-elementor-id=\"126779\" class=\"elementor elementor-126779\">\n\t\t\t\t\t\t<div class=\"elementor-inner\">\n\t\t\t\t<div class=\"elementor-section-wrap\">\n\t\t\t\t\t\t\t\t\t<section class=\"elementor-section elementor-top-section elementor-element elementor-element-7cb801f elementor-section-boxed elementor-section-height-default elementor-section-height-default\" data-id=\"7cb801f\" data-element_type=\"section\">\n\t\t\t\t\t\t<div class=\"elementor-container elementor-column-gap-default\">\n\t\t\t\t\t\t\t<div class=\"elementor-row\">\n\t\t\t\t\t<div class=\"elementor-column elementor-col-100 elementor-top-column elementor-element elementor-element-131c458\" data-id=\"131c458\" data-element_type=\"column\">\n\t\t\t<div class=\"elementor-column-wrap elementor-element-populated\">\n\t\t\t\t\t\t\t<div class=\"elementor-widget-wrap\">\n\t\t\t\t\t\t<div class=\"elementor-element elementor-element-d942dc3 elementor-widget elementor-widget-heading\" data-id=\"d942dc3\" data-element_type=\"widget\" data-widget_type=\"heading.default\">\n\t\t\t\t<div class=\"elementor-widget-container\">\n\t\t\t<h1 class=\"elementor-heading-title elementor-size-default\">Colecciones del centro de documentaci\u00f3n del Departamento Administrativo de Planeaci\u00f3n<\/h1>\t\t<\/div>\n\t\t\t\t<\/div>\n\t\t\t\t<section class=\"elementor-section elementor-inner-section elementor-element elementor-element-6e8fd42 elementor-section-boxed elementor-section-height-default elementor-section-height-default\" data-id=\"6e8fd42\" data-element_type=\"section\">\n\t\t\t\t\t\t<div class=\"elementor-container elementor-column-gap-default\">\n\t\t\t\t\t\t\t<div class=\"elementor-row\">\n\t\t\t\t\t<div class=\"elementor-column elementor-col-50 elementor-inner-column elementor-element elementor-element-4ed3ae4\" data-id=\"4ed3ae4\" data-element_type=\"column\">\n\t\t\t<div class=\"elementor-column-wrap elementor-element-populated\">\n\t\t\t\t\t\t\t<div class=\"elementor-widget-wrap\">\n\t\t\t\t\t\t<div class=\"elementor-element elementor-element-cdda476 elementor-widget elementor-widget-image\" data-id=\"cdda476\" data-element_type=\"widget\" data-widget_type=\"image.default\">\n\t\t\t\t<div class=\"elementor-widget-container\">\n\t\t\t\t\t\t\t\t<div class=\"elementor-image\">\n\t\t\t\t\t\t\t\t\t\t\t\t<img width=\"1024\" height=\"576\" src=\"https:\/\/www.medellin.gov.co\/es\/wp-content\/uploads\/2025\/03\/MG_0133.jpg\" class=\"attachment-large size-large\" alt=\"Atenci\u00f3n en biblioteca\" loading=\"lazy\" srcset=\"https:\/\/www.medellin.gov.co\/es\/wp-content\/uploads\/2025\/03\/MG_0133.jpg 1024w, https:\/\/www.medellin.gov.co\/es\/wp-content\/uploads\/2025\/03\/MG_0133-300x169.jpg 300w, https:\/\/www.medellin.gov.co\/es\/wp-content\/uploads\/2025\/03\/MG_0133-150x84.jpg 150w, https:\/\/www.medellin.gov.co\/es\/wp-content\/uploads\/2025\/03\/MG_0133-768x432.jpg 768w\" sizes=\"(max-width: 1024px) 100vw, 1024px\" \/>\t\t\t\t\t\t\t\t\t\t\t\t\t\t<\/div>\n\t\t\t\t\t\t<\/div>\n\t\t\t\t<\/div>\n\t\t\t\t<div class=\"elementor-element elementor-element-8e0baa8 elementor-tablet-align-left elementor-mobile-align-center elementor-widget elementor-widget-button\" data-id=\"8e0baa8\" data-element_type=\"widget\" data-widget_type=\"button.default\">\n\t\t\t\t<div class=\"elementor-widget-container\">\n\t\t\t\t\t<div class=\"elementor-button-wrapper\">\n\t\t\t<a href=\"http:\/\/ahmedellin.janium.net\/opac\" target=\"_blank\" class=\"elementor-button-link elementor-button elementor-size-sm\" role=\"button\">\n\t\t\t\t\t\t<span class=\"elementor-button-content-wrapper\">\n\t\t\t\t\t\t<span class=\"elementor-button-text\">Consulta la colecci\u00f3n de planos<\/span>\n\t\t<\/span>\n\t\t\t\t\t<\/a>\n\t\t<\/div>\n\t\t\t\t<\/div>\n\t\t\t\t<\/div>\n\t\t\t\t\t\t<\/div>\n\t\t\t\t\t<\/div>\n\t\t<\/div>\n\t\t\t\t<div class=\"elementor-column elementor-col-50 elementor-inner-column elementor-element elementor-element-ae591b9\" data-id=\"ae591b9\" data-element_type=\"column\">\n\t\t\t<div class=\"elementor-column-wrap elementor-element-populated\">\n\t\t\t\t\t\t\t<div class=\"elementor-widget-wrap\">\n\t\t\t\t\t\t<div class=\"elementor-element elementor-element-55cd635 elementor-widget elementor-widget-text-editor\" data-id=\"55cd635\" data-element_type=\"widget\" data-widget_type=\"text-editor.default\">\n\t\t\t\t<div class=\"elementor-widget-container\">\n\t\t\t\t\t\t\t\t<div class=\"elementor-text-editor elementor-clearfix\">\n\t\t\t\t<p>El Centro de Documentaci\u00f3n del DAP como unidad de informaci\u00f3n especializada cuenta con una colecci\u00f3n relacionada a temas de planeaci\u00f3n, informes de gesti\u00f3n de alcald\u00edas, proyectos urban\u00edsticos, urbanizaci\u00f3n, transporte, ordenamiento territorial, historia de barrios, entre otras.<\/p><p>En cuanto a los soportes de informaci\u00f3n que se manejan, se cuenta con material bibliogr\u00e1fico (libros y publicaciones seriadas), audiovisuales (filminas y CD\u00b4s), Colecci\u00f3n de fotograf\u00edas a\u00e9reas y una colecci\u00f3n cartogr\u00e1fica (mapas) verdaderamente importante.\u00a0<\/p><p>Se cuenta alrededor con:<\/p><ul><li>6.510 Fotograf\u00edas a\u00e9reas.<\/li><li>6.750 Planos.<\/li><li>10.000 Registros en la base de datos Janium.<\/li><li>4.536 Planos viales.\u00a0<\/li><\/ul>\t\t\t\t\t<\/div>\n\t\t\t\t\t\t<\/div>\n\t\t\t\t<\/div>\n\t\t\t\t\t\t<\/div>\n\t\t\t\t\t<\/div>\n\t\t<\/div>\n\t\t\t\t\t\t\t\t<\/div>\n\t\t\t\t\t<\/div>\n\t\t<\/section>\n\t\t\t\t<div class=\"elementor-element elementor-element-92eaaa7 elementor-widget elementor-widget-text-editor\" data-id=\"92eaaa7\" data-element_type=\"widget\" data-widget_type=\"text-editor.default\">\n\t\t\t\t<div class=\"elementor-widget-container\">\n\t\t\t\t\t\t\t\t<div class=\"elementor-text-editor elementor-clearfix\">\n\t\t\t\t<p>En las colecciones del Centro de Documentaci\u00f3n del Departamento Administrativo de Planeaci\u00f3n podr\u00e1s encontrar adem\u00e1s, la siguiente informaci\u00f3n:<\/p><ul><li>Investigaciones y proyectos que muestran como se ha ido urbanizando la ciudad.<\/li><li>Informes t\u00e9cnicos de los planes y proyectos urban\u00edsticos de ciudad.<\/li><li>Los Planes de Desarrollo e Informes de Gesti\u00f3n de los alcaldes electos.<\/li><li>Informes de los programas que se adelantan en las comunas y corregimientos de la ciudad (presupuesto participativo, encuestas de calidad de vida, adecuaci\u00f3n de espacios de integraci\u00f3n, proyectos estrat\u00e9gicos, entre otros).<\/li><li>Planos del plan regulador y plan director de la ciudad.<\/li><\/ul>\t\t\t\t\t<\/div>\n\t\t\t\t\t\t<\/div>\n\t\t\t\t<\/div>\n\t\t\t\t<div class=\"elementor-element elementor-element-48c766d elementor-widget-divider--view-line elementor-widget elementor-widget-divider\" data-id=\"48c766d\" data-element_type=\"widget\" data-widget_type=\"divider.default\">\n\t\t\t\t<div class=\"elementor-widget-container\">\n\t\t\t\t\t<div class=\"elementor-divider\">\n\t\t\t<span class=\"elementor-divider-separator\">\n\t\t\t\t\t\t<\/span>\n\t\t<\/div>\n\t\t\t\t<\/div>\n\t\t\t\t<\/div>\n\t\t\t\t<section class=\"elementor-section elementor-inner-section elementor-element elementor-element-1c5cc2b elementor-section-boxed elementor-section-height-default elementor-section-height-default\" data-id=\"1c5cc2b\" data-element_type=\"section\">\n\t\t\t\t\t\t<div class=\"elementor-container elementor-column-gap-default\">\n\t\t\t\t\t\t\t<div class=\"elementor-row\">\n\t\t\t\t\t<div class=\"elementor-column elementor-col-50 elementor-inner-column elementor-element elementor-element-944d2d5\" data-id=\"944d2d5\" data-element_type=\"column\">\n\t\t\t<div class=\"elementor-column-wrap elementor-element-populated\">\n\t\t\t\t\t\t\t<div class=\"elementor-widget-wrap\">\n\t\t\t\t\t\t<div class=\"elementor-element elementor-element-4ac45d3 elementor-widget elementor-widget-text-editor\" data-id=\"4ac45d3\" data-element_type=\"widget\" data-widget_type=\"text-editor.default\">\n\t\t\t\t<div class=\"elementor-widget-container\">\n\t\t\t\t\t\t\t\t<div class=\"elementor-text-editor elementor-clearfix\">\n\t\t\t\t<p>Adicionalmente se cuenta con 3.215 planos digitalizados y <a href=\"http:\/\/ahmedellin.janium.net\/opac\" target=\"_blank\" rel=\"noopener\">que pueden ser consultados y descargados aqu\u00ed<\/a> , entre los que se destacan los citados a continuaci\u00f3n:<\/p><ul><li>Planos del Plan Piloto del a\u00f1o 1950.<\/li><li>Planos del Plan Regulador del a\u00f1o 1958.<\/li><li>Planos Aero fotogram\u00e9tricos de los a\u00f1os 1961 y 1962.<\/li><li>Primera Cartograf\u00eda de Medell\u00edn.<\/li><li>Planos del Estadio de Medell\u00edn del a\u00f1o 1951.<\/li><li>Canalizaci\u00f3n del R\u00edo del a\u00f1o 1957.<\/li><li>Cementerio Universal entre los a\u00f1o 1947 y 1955.<\/li><li>Tren Metropolitano del a\u00f1o 1980.<\/li><li>Planos del Palacio Municipal del a\u00f1o 1932.<\/li><li>Planos de Estudio del Centro de la Ciudad del a\u00f1o 1960.<\/li><li>Planos de Medell\u00edn de los a\u00f1os 1875 y 1925, entre otras fechas.<\/li><\/ul>\t\t\t\t\t<\/div>\n\t\t\t\t\t\t<\/div>\n\t\t\t\t<\/div>\n\t\t\t\t\t\t<\/div>\n\t\t\t\t\t<\/div>\n\t\t<\/div>\n\t\t\t\t<div class=\"elementor-column elementor-col-50 elementor-inner-column elementor-element elementor-element-23859fa\" data-id=\"23859fa\" data-element_type=\"column\">\n\t\t\t<div class=\"elementor-column-wrap elementor-element-populated\">\n\t\t\t\t\t\t\t<div class=\"elementor-widget-wrap\">\n\t\t\t\t\t\t<div class=\"elementor-element elementor-element-ffa029f elementor-widget elementor-widget-image\" data-id=\"ffa029f\" data-element_type=\"widget\" data-widget_type=\"image.default\">\n\t\t\t\t<div class=\"elementor-widget-container\">\n\t\t\t\t\t\t\t\t<div class=\"elementor-image\">\n\t\t\t\t\t\t\t\t\t\t\t\t<img width=\"1024\" height=\"683\" src=\"https:\/\/www.medellin.gov.co\/es\/wp-content\/uploads\/2025\/03\/MG_0154.jpg\" class=\"attachment-large size-large\" alt=\"Trabajando en biblioteca\" loading=\"lazy\" srcset=\"https:\/\/www.medellin.gov.co\/es\/wp-content\/uploads\/2025\/03\/MG_0154.jpg 1024w, https:\/\/www.medellin.gov.co\/es\/wp-content\/uploads\/2025\/03\/MG_0154-300x200.jpg 300w, https:\/\/www.medellin.gov.co\/es\/wp-content\/uploads\/2025\/03\/MG_0154-150x100.jpg 150w, https:\/\/www.medellin.gov.co\/es\/wp-content\/uploads\/2025\/03\/MG_0154-768x512.jpg 768w\" sizes=\"(max-width: 1024px) 100vw, 1024px\" \/>\t\t\t\t\t\t\t\t\t\t\t\t\t\t<\/div>\n\t\t\t\t\t\t<\/div>\n\t\t\t\t<\/div>\n\t\t\t\t\t\t<\/div>\n\t\t\t\t\t<\/div>\n\t\t<\/div>\n\t\t\t\t\t\t\t\t<\/div>\n\t\t\t\t\t<\/div>\n\t\t<\/section>\n\t\t\t\t\t\t<\/div>\n\t\t\t\t\t<\/div>\n\t\t<\/div>\n\t\t\t\t\t\t\t\t<\/div>\n\t\t\t\t\t<\/div>\n\t\t<\/section>\n\t\t\t\t\t\t\t\t\t<\/div>\n\t\t\t<\/div>\n\t\t\t\t\t<\/div>\n\t\t","protected":false},"excerpt":{"rendered":"<p>Colecciones del centro de documentaci\u00f3n del Departamento Administrativo de Planeaci\u00f3n Consulta la colecci\u00f3n de planos El Centro de Documentaci\u00f3n del DAP como unidad de informaci\u00f3n especializada cuenta con una colecci\u00f3n relacionada a temas de planeaci\u00f3n, &#8230;<\/p>\n","protected":false},"author":31,"featured_media":108363,"parent":126643,"menu_order":0,"comment_status":"closed","ping_status":"closed","template":"sec-planeacion\/elementor.php","meta":[],"acf":[],"_links":{"self":[{"href":"https:\/\/www.medellin.gov.co\/es\/wp-json\/wp\/v2\/pages\/126779"}],"collection":[{"href":"https:\/\/www.medellin.gov.co\/es\/wp-json\/wp\/v2\/pages"}],"about":[{"href":"https:\/\/www.medellin.gov.co\/es\/wp-json\/wp\/v2\/types\/page"}],"author":[{"embeddable":true,"href":"https:\/\/www.medellin.gov.co\/es\/wp-json\/wp\/v2\/users\/31"}],"replies":[{"embeddable":true,"href":"https:\/\/www.medellin.gov.co\/es\/wp-json\/wp\/v2\/comments?post=126779"}],"version-history":[{"count":10,"href":"https:\/\/www.medellin.gov.co\/es\/wp-json\/wp\/v2\/pages\/126779\/revisions"}],"predecessor-version":[{"id":390513,"href":"https:\/\/www.medellin.gov.co\/es\/wp-json\/wp\/v2\/pages\/126779\/revisions\/390513"}],"up":[{"embeddable":true,"href":"https:\/\/www.medellin.gov.co\/es\/wp-json\/wp\/v2\/pages\/126643"}],"wp:featuredmedia":[{"embeddable":true,"href":"https:\/\/www.medellin.gov.co\/es\/wp-json\/wp\/v2\/media\/108363"}],"wp:attachment":[{"href":"https:\/\/www.medellin.gov.co\/es\/wp-json\/wp\/v2\/media?parent=126779"}],"curies":[{"name":"wp","href":"https:\/\/api.w.org\/{rel}","templated":true}]}}