{"id":133759,"date":"2022-11-21T17:03:06","date_gmt":"2022-11-21T22:03:06","guid":{"rendered":"https:\/\/www.medellin.gov.co\/es\/?page_id=133759"},"modified":"2022-11-21T17:07:21","modified_gmt":"2022-11-21T22:07:21","slug":"formacion-y-socializacion-de-la-politica-publica-de-moradores","status":"publish","type":"page","link":"https:\/\/www.medellin.gov.co\/es\/departamento-administrativo-de-planeacion\/politica-publica-de-proteccion-a-moradores\/formacion-y-socializacion-de-la-politica-publica-de-moradores\/","title":{"rendered":"Formaci\u00f3n y socializaci\u00f3n de la pol\u00edtica p\u00fablica de moradores"},"content":{"rendered":"\t\t<div data-elementor-type=\"wp-page\" data-elementor-id=\"133759\" class=\"elementor elementor-133759\">\n\t\t\t\t\t\t<div class=\"elementor-inner\">\n\t\t\t\t<div class=\"elementor-section-wrap\">\n\t\t\t\t\t\t\t\t\t<section class=\"elementor-section elementor-top-section elementor-element elementor-element-90c455a elementor-section-boxed elementor-section-height-default elementor-section-height-default\" data-id=\"90c455a\" data-element_type=\"section\">\n\t\t\t\t\t\t<div class=\"elementor-container elementor-column-gap-default\">\n\t\t\t\t\t\t\t<div class=\"elementor-row\">\n\t\t\t\t\t<div class=\"elementor-column elementor-col-100 elementor-top-column elementor-element elementor-element-139e3f2\" data-id=\"139e3f2\" data-element_type=\"column\">\n\t\t\t<div class=\"elementor-column-wrap elementor-element-populated\">\n\t\t\t\t\t\t\t<div class=\"elementor-widget-wrap\">\n\t\t\t\t\t\t<div class=\"elementor-element elementor-element-606688e elementor-widget elementor-widget-heading\" data-id=\"606688e\" data-element_type=\"widget\" data-widget_type=\"heading.default\">\n\t\t\t\t<div class=\"elementor-widget-container\">\n\t\t\t<h1 class=\"elementor-heading-title elementor-size-default\">Formaci\u00f3n y socializaci\u00f3n de la pol\u00edtica p\u00fablica de moradores de Medell\u00edn<\/h1>\t\t<\/div>\n\t\t\t\t<\/div>\n\t\t\t\t<section class=\"elementor-section elementor-inner-section elementor-element elementor-element-2022639 elementor-section-boxed elementor-section-height-default elementor-section-height-default\" data-id=\"2022639\" data-element_type=\"section\">\n\t\t\t\t\t\t<div class=\"elementor-container elementor-column-gap-default\">\n\t\t\t\t\t\t\t<div class=\"elementor-row\">\n\t\t\t\t\t<div class=\"elementor-column elementor-col-50 elementor-inner-column elementor-element elementor-element-ecd09b3\" data-id=\"ecd09b3\" data-element_type=\"column\">\n\t\t\t<div class=\"elementor-column-wrap elementor-element-populated\">\n\t\t\t\t\t\t\t<div class=\"elementor-widget-wrap\">\n\t\t\t\t\t\t<div class=\"elementor-element elementor-element-9e7abf9 elementor-widget elementor-widget-image\" data-id=\"9e7abf9\" data-element_type=\"widget\" data-widget_type=\"image.default\">\n\t\t\t\t<div class=\"elementor-widget-container\">\n\t\t\t\t\t\t\t\t<div class=\"elementor-image\">\n\t\t\t\t\t\t\t\t\t\t\t\t<img width=\"1024\" height=\"683\" src=\"https:\/\/www.medellin.gov.co\/es\/wp-content\/uploads\/2022\/11\/proyectos-mediosambientales-2.jpeg\" class=\"attachment-large size-large\" alt=\"Proyectos medioambientales\" loading=\"lazy\" srcset=\"https:\/\/www.medellin.gov.co\/es\/wp-content\/uploads\/2022\/11\/proyectos-mediosambientales-2.jpeg 1024w, https:\/\/www.medellin.gov.co\/es\/wp-content\/uploads\/2022\/11\/proyectos-mediosambientales-2-300x200.jpeg 300w, https:\/\/www.medellin.gov.co\/es\/wp-content\/uploads\/2022\/11\/proyectos-mediosambientales-2-150x100.jpeg 150w, https:\/\/www.medellin.gov.co\/es\/wp-content\/uploads\/2022\/11\/proyectos-mediosambientales-2-768x512.jpeg 768w\" sizes=\"(max-width: 1024px) 100vw, 1024px\" \/>\t\t\t\t\t\t\t\t\t\t\t\t\t\t<\/div>\n\t\t\t\t\t\t<\/div>\n\t\t\t\t<\/div>\n\t\t\t\t\t\t<\/div>\n\t\t\t\t\t<\/div>\n\t\t<\/div>\n\t\t\t\t<div class=\"elementor-column elementor-col-50 elementor-inner-column elementor-element elementor-element-8a8d934\" data-id=\"8a8d934\" data-element_type=\"column\">\n\t\t\t<div class=\"elementor-column-wrap elementor-element-populated\">\n\t\t\t\t\t\t\t<div class=\"elementor-widget-wrap\">\n\t\t\t\t\t\t<div class=\"elementor-element elementor-element-9440503 elementor-widget elementor-widget-text-editor\" data-id=\"9440503\" data-element_type=\"widget\" data-widget_type=\"text-editor.default\">\n\t\t\t\t<div class=\"elementor-widget-container\">\n\t\t\t\t\t\t\t\t<div class=\"elementor-text-editor elementor-clearfix\">\n\t\t\t\t<p>La Alcald\u00eda de Medell\u00edn asume en el 2020 el gran reto de avanzar hacia la reglamentaci\u00f3n e implementaci\u00f3n de la Pol\u00edtica P\u00fablica de Protecci\u00f3n a Moradores, Actividades Econ\u00f3micas y Productivas (PPPMAEP), que fue aprobada mediante el Acuerdo municipal 145 de 2019.<\/p><p>El objetivo general de esta pol\u00edtica es \u201cgarantizar el acceso a la protecci\u00f3n, mejoramiento y sostenibilidad de los modos y medios de vida de los moradores de sectores objeto de intervenci\u00f3n, como fundamento de intervenci\u00f3n en el territorio, bajo un enfoque de derechos individuales y colectivos que contribuya al desarrollo humano integral y al ordenamiento territorial democr\u00e1tico y equitativo, a trav\u00e9s de la aplicaci\u00f3n de estrategias, procesos e instrumentos que direccionen las actuaciones de los actores p\u00fablicos, privados, sociales y comunitarios\u201d, seg\u00fan Art\u00edculo 8 numeral 1 del Acuerdo 145 de 2019.<\/p>\t\t\t\t\t<\/div>\n\t\t\t\t\t\t<\/div>\n\t\t\t\t<\/div>\n\t\t\t\t\t\t<\/div>\n\t\t\t\t\t<\/div>\n\t\t<\/div>\n\t\t\t\t\t\t\t\t<\/div>\n\t\t\t\t\t<\/div>\n\t\t<\/section>\n\t\t\t\t<div class=\"elementor-element elementor-element-132f674 elementor-widget elementor-widget-text-editor\" data-id=\"132f674\" data-element_type=\"widget\" data-widget_type=\"text-editor.default\">\n\t\t\t\t<div class=\"elementor-widget-container\">\n\t\t\t\t\t\t\t\t<div class=\"elementor-text-editor elementor-clearfix\">\n\t\t\t\t<p>Para alcanzar este prop\u00f3sito se est\u00e1n preparando las condiciones necesarias con los distintos grupos de actores relacionados con ella: institucionales, privados, comunitarios, acad\u00e9micos, ONG y otros, a trav\u00e9s de un proceso de formaci\u00f3n, socializaci\u00f3n y aportes a la reglamentaci\u00f3n que tiene como objetivo el reconocimiento y apropiaci\u00f3n de esta pol\u00edtica de ciudad, mediante el convenio interadministrativo No. 4600086753 de 2020 entre el Departamento Administrativo de Planeaci\u00f3n (DAP) de la Alcald\u00eda de Medell\u00edn y la Escuela del H\u00e1bitat de la Facultad de Arquitectura de la Universidad Nacional de Colombia.\u00a0<\/p><p>En este micrositio podr\u00e1n encontrar las memorias de este proceso: presentaciones sobre la pol\u00edtica en PDF y video, im\u00e1genes de algunos encuentros, di\u00e1logos, conversatorios y talleres, y materiales did\u00e1cticos, formativos e informativos sobre la misma, de modo que la ciudadan\u00eda en general pueda aproximarse a ella y a este proceso.<\/p><ul><li><a href=\"\/irj\/go\/km\/docs\/pccdesign\/medellin\/Temas\/PlaneacionMunicipal\/Programas\/Shared%20Content\/Documentos\/2020\/EventoAperturaProyFormaci%c3%b3nySocializaci%c3%b3n%20PPPMAEP.pdf\" target=\"_blank\" rel=\"noopener\"><span style=\"color: #3366ff;\">Presentaci\u00f3n del evento de apertura Pol\u00edtica P\u00fablica de Protecci\u00f3n a Moradores, Actividades Econ\u00f3micas y Productivas 8 de Octubre de 2020<\/span><\/a><\/li><li><a title=\"Grabaci\u00f3n del evento de apertura editado\" href=\"https:\/\/drive.google.com\/file\/d\/1e_N2skMurO19hL-gk42gUsa82mcCSawb\/view?usp=sharing\" target=\"_blank\" rel=\"noopener\"><span style=\"color: #3366ff;\">Grabaci\u00f3n del evento de apertura editado<\/span><\/a><\/li><\/ul>\t\t\t\t\t<\/div>\n\t\t\t\t\t\t<\/div>\n\t\t\t\t<\/div>\n\t\t\t\t<div class=\"elementor-element elementor-element-2246a1c elementor-widget elementor-widget-heading\" data-id=\"2246a1c\" data-element_type=\"widget\" data-widget_type=\"heading.default\">\n\t\t\t\t<div class=\"elementor-widget-container\">\n\t\t\t<h2 class=\"elementor-heading-title elementor-size-default\"><b>Pon en juego tu <\/b> conocimiento sobre esta pol\u00edtica<\/h2>\t\t<\/div>\n\t\t\t\t<\/div>\n\t\t\t\t<section class=\"elementor-section elementor-inner-section elementor-element elementor-element-cb54df6 elementor-section-boxed elementor-section-height-default elementor-section-height-default\" data-id=\"cb54df6\" data-element_type=\"section\">\n\t\t\t\t\t\t<div class=\"elementor-container elementor-column-gap-default\">\n\t\t\t\t\t\t\t<div class=\"elementor-row\">\n\t\t\t\t\t<div class=\"elementor-column elementor-col-50 elementor-inner-column elementor-element elementor-element-dccfb1b\" data-id=\"dccfb1b\" data-element_type=\"column\">\n\t\t\t<div class=\"elementor-column-wrap elementor-element-populated\">\n\t\t\t\t\t\t\t<div class=\"elementor-widget-wrap\">\n\t\t\t\t\t\t<div class=\"elementor-element elementor-element-3da14aa elementor-widget elementor-widget-image\" data-id=\"3da14aa\" data-element_type=\"widget\" data-widget_type=\"image.default\">\n\t\t\t\t<div class=\"elementor-widget-container\">\n\t\t\t\t\t\t\t\t<div class=\"elementor-image\">\n\t\t\t\t\t\t\t\t\t\t\t\t<img width=\"1000\" height=\"450\" src=\"https:\/\/www.medellin.gov.co\/es\/wp-content\/uploads\/2022\/03\/20200923-Proteccion-Moradores.jpg\" class=\"attachment-large size-large\" alt=\"20200923-Proteccion-Moradores\" loading=\"lazy\" srcset=\"https:\/\/www.medellin.gov.co\/es\/wp-content\/uploads\/2022\/03\/20200923-Proteccion-Moradores.jpg 1000w, https:\/\/www.medellin.gov.co\/es\/wp-content\/uploads\/2022\/03\/20200923-Proteccion-Moradores-300x135.jpg 300w, https:\/\/www.medellin.gov.co\/es\/wp-content\/uploads\/2022\/03\/20200923-Proteccion-Moradores-150x68.jpg 150w, https:\/\/www.medellin.gov.co\/es\/wp-content\/uploads\/2022\/03\/20200923-Proteccion-Moradores-768x346.jpg 768w\" sizes=\"(max-width: 1000px) 100vw, 1000px\" \/>\t\t\t\t\t\t\t\t\t\t\t\t\t\t<\/div>\n\t\t\t\t\t\t<\/div>\n\t\t\t\t<\/div>\n\t\t\t\t\t\t<\/div>\n\t\t\t\t\t<\/div>\n\t\t<\/div>\n\t\t\t\t<div class=\"elementor-column elementor-col-50 elementor-inner-column elementor-element elementor-element-98e76a1\" data-id=\"98e76a1\" data-element_type=\"column\">\n\t\t\t<div class=\"elementor-column-wrap elementor-element-populated\">\n\t\t\t\t\t\t\t<div class=\"elementor-widget-wrap\">\n\t\t\t\t\t\t<div class=\"elementor-element elementor-element-22427f5 elementor-widget elementor-widget-text-editor\" data-id=\"22427f5\" data-element_type=\"widget\" data-widget_type=\"text-editor.default\">\n\t\t\t\t<div class=\"elementor-widget-container\">\n\t\t\t\t\t\t\t\t<div class=\"elementor-text-editor elementor-clearfix\">\n\t\t\t\t<ul><li><a title=\"Sopa de letras Principios PPPMAEP\" href=\"https:\/\/pppmoradoresmedellin.com\/mod\/hvp\/view.php?id=9\" target=\"_blank\" rel=\"noopener\"><span style=\"color: #3366ff;\">Sopa de letras Principios PPPMAEP<\/span><\/a><\/li><li><a title=\"Crucigrama Enfoques PPPMAEP\" href=\"https:\/\/pppmoradoresmedellin.com\/mod\/game\/view.php?id=12\" target=\"_blank\" rel=\"noopener\"><span style=\"color: #3366ff;\">Crucigrama Enfoques PPPMAEP<\/span><\/a><\/li><li><a href=\"https:\/\/pppmoradoresmedellin.com\/images\/Actividades-PPPMAEP\/NOCIONES_B_SICAS\/story.html\" target=\"_blank\" rel=\"noopener\"><span style=\"color: #3366ff;\">Reconoce las nociones b\u00e1sicas de la PPPMAEP<\/span><\/a><\/li><li><a title=\"Reconoce las acciones de protecci\u00f3n de la PPPMAEP\" href=\"https:\/\/pppmoradoresmedellin.com\/images\/Actividades-PPPMAEP\/ACCIONES_DE_PROTECCI_N\/story.html\" target=\"_blank\" rel=\"noopener\"><span style=\"color: #3366ff;\">Reconoce las acciones de protecci\u00f3n de la PPPMAEP<\/span><\/a><\/li><li><a title=\"Completa los hechos de reconocimiento de la PPPMAEP\" href=\"https:\/\/pppmoradoresmedellin.com\/images\/Actividades-PPPMAEP\/HECHOS_DE_RECONOCIMIENTO_PPPMAEP\/story.html\" target=\"_blank\" rel=\"noopener\"><span style=\"color: #3366ff;\">Completa los hechos de reconocimiento de la PPPMAEP<\/span><\/a><\/li><li><a title=\"Selecciona las tres l\u00edneas estrat\u00e9gicas de la PPPMAEP\" href=\"https:\/\/pppmoradoresmedellin.com\/images\/Actividades-PPPMAEP\/L_NEAS_ESTRAT_GICAS\/story.html\" target=\"_blank\" rel=\"noopener\"><span style=\"color: #3366ff;\">Selecciona las tres l\u00edneas estrat\u00e9gicas de la PPPMAEP<\/span><\/a><\/li><li><a title=\"Selecciona las cinco modalidades de intervenci\u00f3n de la PPPMAEP\" href=\"https:\/\/pppmoradoresmedellin.com\/images\/Actividades-PPPMAEP\/Modalidades_de_intervenci_n_de_la_PPPMAEP\/story.html\" target=\"_blank\" rel=\"noopener\"><span style=\"color: #3366ff;\">Selecciona las cinco modalidades de intervenci\u00f3n de la PPPMAEP<\/span><\/a><\/li><li><a title=\"Arma el esquema general del marco operativo de la PPPMAEP\" href=\"https:\/\/pppmoradoresmedellin.com\/images\/Actividades-PPPMAEP\/MARCO_OPERATIVO_PPPMAEP\/story.html\" target=\"_blank\" rel=\"noopener\"><span style=\"color: #3366ff;\">Arma el esquema general del marco operativo de la PPPMAEP<\/span><\/a><\/li><\/ul>\t\t\t\t\t<\/div>\n\t\t\t\t\t\t<\/div>\n\t\t\t\t<\/div>\n\t\t\t\t\t\t<\/div>\n\t\t\t\t\t<\/div>\n\t\t<\/div>\n\t\t\t\t\t\t\t\t<\/div>\n\t\t\t\t\t<\/div>\n\t\t<\/section>\n\t\t\t\t\t\t<\/div>\n\t\t\t\t\t<\/div>\n\t\t<\/div>\n\t\t\t\t\t\t\t\t<\/div>\n\t\t\t\t\t<\/div>\n\t\t<\/section>\n\t\t\t\t\t\t\t\t\t<\/div>\n\t\t\t<\/div>\n\t\t\t\t\t<\/div>\n\t\t","protected":false},"excerpt":{"rendered":"<p>Formaci\u00f3n y socializaci\u00f3n de la pol\u00edtica p\u00fablica de moradores de Medell\u00edn La Alcald\u00eda de Medell\u00edn asume en el 2020 el gran reto de avanzar hacia la reglamentaci\u00f3n e implementaci\u00f3n de la Pol\u00edtica P\u00fablica de Protecci\u00f3n &#8230;<\/p>\n","protected":false},"author":31,"featured_media":59300,"parent":133328,"menu_order":0,"comment_status":"closed","ping_status":"closed","template":"sec-planeacion\/elementor.php","meta":[],"acf":[],"_links":{"self":[{"href":"https:\/\/www.medellin.gov.co\/es\/wp-json\/wp\/v2\/pages\/133759"}],"collection":[{"href":"https:\/\/www.medellin.gov.co\/es\/wp-json\/wp\/v2\/pages"}],"about":[{"href":"https:\/\/www.medellin.gov.co\/es\/wp-json\/wp\/v2\/types\/page"}],"author":[{"embeddable":true,"href":"https:\/\/www.medellin.gov.co\/es\/wp-json\/wp\/v2\/users\/31"}],"replies":[{"embeddable":true,"href":"https:\/\/www.medellin.gov.co\/es\/wp-json\/wp\/v2\/comments?post=133759"}],"version-history":[{"count":4,"href":"https:\/\/www.medellin.gov.co\/es\/wp-json\/wp\/v2\/pages\/133759\/revisions"}],"predecessor-version":[{"id":133767,"href":"https:\/\/www.medellin.gov.co\/es\/wp-json\/wp\/v2\/pages\/133759\/revisions\/133767"}],"up":[{"embeddable":true,"href":"https:\/\/www.medellin.gov.co\/es\/wp-json\/wp\/v2\/pages\/133328"}],"wp:featuredmedia":[{"embeddable":true,"href":"https:\/\/www.medellin.gov.co\/es\/wp-json\/wp\/v2\/media\/59300"}],"wp:attachment":[{"href":"https:\/\/www.medellin.gov.co\/es\/wp-json\/wp\/v2\/media?parent=133759"}],"curies":[{"name":"wp","href":"https:\/\/api.w.org\/{rel}","templated":true}]}}