{"id":13697,"date":"2021-09-13T18:49:10","date_gmt":"2021-09-13T23:49:10","guid":{"rendered":"https:\/\/www.medellin.gov.co\/es\/?page_id=13697"},"modified":"2021-11-03T17:06:29","modified_gmt":"2021-11-03T22:06:29","slug":"historico","status":"publish","type":"page","link":"https:\/\/www.medellin.gov.co\/es\/gerencia-del-centro\/territorios\/historico\/","title":{"rendered":"Territorio Hist\u00f3rico del Centro de Medell\u00edn"},"content":{"rendered":"\t\t<div data-elementor-type=\"wp-page\" data-elementor-id=\"13697\" class=\"elementor elementor-13697\">\n\t\t\t\t\t\t<div class=\"elementor-inner\">\n\t\t\t\t<div class=\"elementor-section-wrap\">\n\t\t\t\t\t\t\t\t\t<section class=\"elementor-section elementor-top-section elementor-element elementor-element-572d4afe elementor-section-boxed elementor-section-height-default elementor-section-height-default\" data-id=\"572d4afe\" data-element_type=\"section\">\n\t\t\t\t\t\t<div class=\"elementor-container elementor-column-gap-default\">\n\t\t\t\t\t\t\t<div class=\"elementor-row\">\n\t\t\t\t\t<div class=\"elementor-column elementor-col-100 elementor-top-column elementor-element elementor-element-4e323a84\" data-id=\"4e323a84\" data-element_type=\"column\">\n\t\t\t<div class=\"elementor-column-wrap elementor-element-populated\">\n\t\t\t\t\t\t\t<div class=\"elementor-widget-wrap\">\n\t\t\t\t\t\t<div class=\"elementor-element elementor-element-33cc26bc elementor-widget elementor-widget-heading\" data-id=\"33cc26bc\" data-element_type=\"widget\" data-widget_type=\"heading.default\">\n\t\t\t\t<div class=\"elementor-widget-container\">\n\t\t\t<h1 class=\"elementor-heading-title elementor-size-default\">Territorio Hist\u00f3rico del Centro de Medell\u00edn<\/h1>\t\t<\/div>\n\t\t\t\t<\/div>\n\t\t\t\t<section class=\"elementor-section elementor-inner-section elementor-element elementor-element-be4c9f1 elementor-reverse-tablet elementor-reverse-mobile elementor-section-boxed elementor-section-height-default elementor-section-height-default\" data-id=\"be4c9f1\" data-element_type=\"section\">\n\t\t\t\t\t\t<div class=\"elementor-container elementor-column-gap-default\">\n\t\t\t\t\t\t\t<div class=\"elementor-row\">\n\t\t\t\t\t<div class=\"elementor-column elementor-col-50 elementor-inner-column elementor-element elementor-element-25838f0\" data-id=\"25838f0\" data-element_type=\"column\">\n\t\t\t<div class=\"elementor-column-wrap elementor-element-populated\">\n\t\t\t\t\t\t\t<div class=\"elementor-widget-wrap\">\n\t\t\t\t\t\t<div class=\"elementor-element elementor-element-3fdc314 elementor-widget elementor-widget-image\" data-id=\"3fdc314\" data-element_type=\"widget\" data-widget_type=\"image.default\">\n\t\t\t\t<div class=\"elementor-widget-container\">\n\t\t\t\t\t\t\t\t<div class=\"elementor-image\">\n\t\t\t\t\t\t\t\t\t\t\t\t<img width=\"1024\" height=\"683\" src=\"https:\/\/www.medellin.gov.co\/es\/wp-content\/uploads\/2021\/09\/parque-de-bolivar-medellin.jpg\" class=\"attachment-full size-full\" alt=\"Parque de Bolivar Medell\u00edn\" loading=\"lazy\" srcset=\"https:\/\/www.medellin.gov.co\/es\/wp-content\/uploads\/2021\/09\/parque-de-bolivar-medellin.jpg 1024w, https:\/\/www.medellin.gov.co\/es\/wp-content\/uploads\/2021\/09\/parque-de-bolivar-medellin-300x200.jpg 300w, https:\/\/www.medellin.gov.co\/es\/wp-content\/uploads\/2021\/09\/parque-de-bolivar-medellin-150x100.jpg 150w, https:\/\/www.medellin.gov.co\/es\/wp-content\/uploads\/2021\/09\/parque-de-bolivar-medellin-768x512.jpg 768w\" sizes=\"(max-width: 1024px) 100vw, 1024px\" \/>\t\t\t\t\t\t\t\t\t\t\t\t\t\t<\/div>\n\t\t\t\t\t\t<\/div>\n\t\t\t\t<\/div>\n\t\t\t\t\t\t<\/div>\n\t\t\t\t\t<\/div>\n\t\t<\/div>\n\t\t\t\t<div class=\"elementor-column elementor-col-50 elementor-inner-column elementor-element elementor-element-cfe8fda\" data-id=\"cfe8fda\" data-element_type=\"column\">\n\t\t\t<div class=\"elementor-column-wrap elementor-element-populated\">\n\t\t\t\t\t\t\t<div class=\"elementor-widget-wrap\">\n\t\t\t\t\t\t<div class=\"elementor-element elementor-element-2d05bbb elementor-widget elementor-widget-text-editor\" data-id=\"2d05bbb\" data-element_type=\"widget\" data-widget_type=\"text-editor.default\">\n\t\t\t\t<div class=\"elementor-widget-container\">\n\t\t\t\t\t\t\t\t<div class=\"elementor-text-editor elementor-clearfix\">\n\t\t\t\t<p>El Territorio Hist\u00f3rico de Medell\u00edn comprende el territorio fundacional de la ciudad y sus sectores colindantes, all\u00ed se concentran las mayores evidencias de arte, econom\u00eda y cultura, adem\u00e1s de los antecedentes de la arquitectura bancaria y moderna para la ciudad. Es el sector m\u00e1s activo de Medell\u00edn, con una diversa y polivalente actividad humana.<\/p>\t\t\t\t\t<\/div>\n\t\t\t\t\t\t<\/div>\n\t\t\t\t<\/div>\n\t\t\t\t\t\t<\/div>\n\t\t\t\t\t<\/div>\n\t\t<\/div>\n\t\t\t\t\t\t\t\t<\/div>\n\t\t\t\t\t<\/div>\n\t\t<\/section>\n\t\t\t\t<div class=\"elementor-element elementor-element-c8ef819 elementor-widget elementor-widget-heading\" data-id=\"c8ef819\" data-element_type=\"widget\" data-widget_type=\"heading.default\">\n\t\t\t\t<div class=\"elementor-widget-container\">\n\t\t\t<h2 class=\"elementor-heading-title elementor-size-default\"><b>Productos o servicios<\/b><\/h2>\t\t<\/div>\n\t\t\t\t<\/div>\n\t\t\t\t<div class=\"elementor-element elementor-element-63a94dc elementor-widget elementor-widget-text-editor\" data-id=\"63a94dc\" data-element_type=\"widget\" data-widget_type=\"text-editor.default\">\n\t\t\t\t<div class=\"elementor-widget-container\">\n\t\t\t\t\t\t\t\t<div class=\"elementor-text-editor elementor-clearfix\">\n\t\t\t\t<ul><li>Vivienda<\/li><li>Educaci\u00f3n <\/li><li>Cultura<\/li><li>Econom\u00eda <\/li><li>Comercio<\/li><li>Salud<\/li><li>Bancos<\/li><li>Iglesias<\/li><\/ul>\t\t\t\t\t<\/div>\n\t\t\t\t\t\t<\/div>\n\t\t\t\t<\/div>\n\t\t\t\t<div class=\"elementor-element elementor-element-ba8129a elementor-widget elementor-widget-heading\" data-id=\"ba8129a\" data-element_type=\"widget\" data-widget_type=\"heading.default\">\n\t\t\t\t<div class=\"elementor-widget-container\">\n\t\t\t<h2 class=\"elementor-heading-title elementor-size-default\"><b>Padrinos o actores <\/b><\/h2>\t\t<\/div>\n\t\t\t\t<\/div>\n\t\t\t\t<div class=\"elementor-element elementor-element-c256d9c elementor-widget elementor-widget-text-editor\" data-id=\"c256d9c\" data-element_type=\"widget\" data-widget_type=\"text-editor.default\">\n\t\t\t\t<div class=\"elementor-widget-container\">\n\t\t\t\t\t\t\t\t<div class=\"elementor-text-editor elementor-clearfix\">\n\t\t\t\t<ul>\n<li>Sec. de Desarrollo Econ\u00f3mico<\/li>\n<li>Sec. Espacio P\u00fablico<\/li>\n<li>Sec. de Educaci\u00f3n<\/li>\n<li>Gerencia de APP<\/li>\n<li>Fundaci\u00f3n EPM<\/li>\n<li>Camacol<\/li>\n<li>Fenalco<\/li>\n<li>Comfama<\/li>\n<li>Asoguayaquil<\/li>\n<li>Corbolivar<\/li>\n<li>Centro Comercial Gran Plaza<\/li>\n<li>Grupo GANA<\/li>\n<li>Centro Comercial Palacio Nacional<\/li>\n<li>C\u00e1mara de Comercio<\/li>\n<li>Corpocentro<\/li>\n<li>\u00c9lite de la Moda<\/li>\n<li>Claro<\/li>\n<li>Universidad de Antioquia<\/li>\n<li>Bancos y cooperativas<\/li>\n<li>Museo de Antioquia<\/li>\n<li>Palacio de la Cultura<\/li>\n<li>Banco de la Rep\u00fablica<\/li>\n<li>Catedral Metropolitana<\/li>\n<li>Teatro Lido<\/li>\n<li>Curia<\/li>\n<li>JAC<\/li>\n<li>Villanueva<\/li>\n<li>Coltejer<\/li>\n<li>Versalles<\/li>\n<li>El Astor<\/li>\n<li>Flamingo<\/li>\n<li>Clinica Medellin<\/li>\n<li>Pasajes Comerciales<\/li>\n<li>Metro<\/li>\n<li>Asociaci\u00f3n de Panaderos<\/li>\n<\/ul>\t\t\t\t\t<\/div>\n\t\t\t\t\t\t<\/div>\n\t\t\t\t<\/div>\n\t\t\t\t<div class=\"elementor-element elementor-element-f0848c9 elementor-widget elementor-widget-heading\" data-id=\"f0848c9\" data-element_type=\"widget\" data-widget_type=\"heading.default\">\n\t\t\t\t<div class=\"elementor-widget-container\">\n\t\t\t<h2 class=\"elementor-heading-title elementor-size-default\"><b>Barrios que conforman<\/b> el Territorio Hist\u00f3rico<\/h2>\t\t<\/div>\n\t\t\t\t<\/div>\n\t\t\t\t<div class=\"elementor-element elementor-element-0391961 elementor-widget elementor-widget-text-editor\" data-id=\"0391961\" data-element_type=\"widget\" data-widget_type=\"text-editor.default\">\n\t\t\t\t<div class=\"elementor-widget-container\">\n\t\t\t\t\t\t\t\t<div class=\"elementor-text-editor elementor-clearfix\">\n\t\t\t\t<ul><li>La Candelaria<\/li><li>Villa Nueva<\/li><\/ul>\t\t\t\t\t<\/div>\n\t\t\t\t\t\t<\/div>\n\t\t\t\t<\/div>\n\t\t\t\t\t\t<\/div>\n\t\t\t\t\t<\/div>\n\t\t<\/div>\n\t\t\t\t\t\t\t\t<\/div>\n\t\t\t\t\t<\/div>\n\t\t<\/section>\n\t\t\t\t\t\t\t\t\t<\/div>\n\t\t\t<\/div>\n\t\t\t\t\t<\/div>\n\t\t","protected":false},"excerpt":{"rendered":"<p>Territorio Hist\u00f3rico del Centro de Medell\u00edn El Territorio Hist\u00f3rico de Medell\u00edn comprende el territorio fundacional de la ciudad y sus sectores colindantes, all\u00ed se concentran las mayores evidencias de arte, econom\u00eda y cultura, adem\u00e1s de &#8230;<\/p>\n","protected":false},"author":1,"featured_media":14421,"parent":13694,"menu_order":5,"comment_status":"closed","ping_status":"closed","template":"sec-gerencia-centro\/elementor.php","meta":[],"acf":[],"_links":{"self":[{"href":"https:\/\/www.medellin.gov.co\/es\/wp-json\/wp\/v2\/pages\/13697"}],"collection":[{"href":"https:\/\/www.medellin.gov.co\/es\/wp-json\/wp\/v2\/pages"}],"about":[{"href":"https:\/\/www.medellin.gov.co\/es\/wp-json\/wp\/v2\/types\/page"}],"author":[{"embeddable":true,"href":"https:\/\/www.medellin.gov.co\/es\/wp-json\/wp\/v2\/users\/1"}],"replies":[{"embeddable":true,"href":"https:\/\/www.medellin.gov.co\/es\/wp-json\/wp\/v2\/comments?post=13697"}],"version-history":[{"count":16,"href":"https:\/\/www.medellin.gov.co\/es\/wp-json\/wp\/v2\/pages\/13697\/revisions"}],"predecessor-version":[{"id":26134,"href":"https:\/\/www.medellin.gov.co\/es\/wp-json\/wp\/v2\/pages\/13697\/revisions\/26134"}],"up":[{"embeddable":true,"href":"https:\/\/www.medellin.gov.co\/es\/wp-json\/wp\/v2\/pages\/13694"}],"wp:featuredmedia":[{"embeddable":true,"href":"https:\/\/www.medellin.gov.co\/es\/wp-json\/wp\/v2\/media\/14421"}],"wp:attachment":[{"href":"https:\/\/www.medellin.gov.co\/es\/wp-json\/wp\/v2\/media?parent=13697"}],"curies":[{"name":"wp","href":"https:\/\/api.w.org\/{rel}","templated":true}]}}