{"id":13704,"date":"2021-09-13T18:50:46","date_gmt":"2021-09-13T23:50:46","guid":{"rendered":"https:\/\/www.medellin.gov.co\/es\/?page_id=13704"},"modified":"2022-03-17T09:28:52","modified_gmt":"2022-03-17T14:28:52","slug":"cultural-y-educativo","status":"publish","type":"page","link":"https:\/\/www.medellin.gov.co\/es\/gerencia-del-centro\/territorios\/cultural-y-educativo\/","title":{"rendered":"Territorio Cultural y Educativo del Centro de Medell\u00edn"},"content":{"rendered":"\t\t<div data-elementor-type=\"wp-page\" data-elementor-id=\"13704\" class=\"elementor elementor-13704\">\n\t\t\t\t\t\t<div class=\"elementor-inner\">\n\t\t\t\t<div class=\"elementor-section-wrap\">\n\t\t\t\t\t\t\t\t\t<section class=\"elementor-section elementor-top-section elementor-element elementor-element-888e171 elementor-section-boxed elementor-section-height-default elementor-section-height-default\" data-id=\"888e171\" data-element_type=\"section\">\n\t\t\t\t\t\t<div class=\"elementor-container elementor-column-gap-default\">\n\t\t\t\t\t\t\t<div class=\"elementor-row\">\n\t\t\t\t\t<div class=\"elementor-column elementor-col-100 elementor-top-column elementor-element elementor-element-6500011\" data-id=\"6500011\" data-element_type=\"column\">\n\t\t\t<div class=\"elementor-column-wrap elementor-element-populated\">\n\t\t\t\t\t\t\t<div class=\"elementor-widget-wrap\">\n\t\t\t\t\t\t<div class=\"elementor-element elementor-element-70a3433 elementor-widget elementor-widget-heading\" data-id=\"70a3433\" data-element_type=\"widget\" data-widget_type=\"heading.default\">\n\t\t\t\t<div class=\"elementor-widget-container\">\n\t\t\t<h1 class=\"elementor-heading-title elementor-size-default\">Territorio Cultural y Educativo del Centro de Medell\u00edn <\/h1>\t\t<\/div>\n\t\t\t\t<\/div>\n\t\t\t\t<div class=\"elementor-element elementor-element-25c0a26 elementor-widget elementor-widget-image\" data-id=\"25c0a26\" data-element_type=\"widget\" data-widget_type=\"image.default\">\n\t\t\t\t<div class=\"elementor-widget-container\">\n\t\t\t\t\t\t\t\t<div class=\"elementor-image\">\n\t\t\t\t\t\t\t\t\t\t\t\t<img width=\"1200\" height=\"795\" src=\"https:\/\/www.medellin.gov.co\/es\/wp-content\/uploads\/2021\/09\/tranvia-de-medellin.jpg\" class=\"attachment-full size-full\" alt=\"Tranv\u00eda de Medell\u00edn\" loading=\"lazy\" srcset=\"https:\/\/www.medellin.gov.co\/es\/wp-content\/uploads\/2021\/09\/tranvia-de-medellin.jpg 1200w, https:\/\/www.medellin.gov.co\/es\/wp-content\/uploads\/2021\/09\/tranvia-de-medellin-300x199.jpg 300w, https:\/\/www.medellin.gov.co\/es\/wp-content\/uploads\/2021\/09\/tranvia-de-medellin-1024x678.jpg 1024w, https:\/\/www.medellin.gov.co\/es\/wp-content\/uploads\/2021\/09\/tranvia-de-medellin-150x99.jpg 150w, https:\/\/www.medellin.gov.co\/es\/wp-content\/uploads\/2021\/09\/tranvia-de-medellin-768x509.jpg 768w\" sizes=\"(max-width: 1200px) 100vw, 1200px\" \/>\t\t\t\t\t\t\t\t\t\t\t\t\t\t<\/div>\n\t\t\t\t\t\t<\/div>\n\t\t\t\t<\/div>\n\t\t\t\t<div class=\"elementor-element elementor-element-74822e4 elementor-widget elementor-widget-text-editor\" data-id=\"74822e4\" data-element_type=\"widget\" data-widget_type=\"text-editor.default\">\n\t\t\t\t<div class=\"elementor-widget-container\">\n\t\t\t\t\t\t\t\t<div class=\"elementor-text-editor elementor-clearfix\">\n\t\t\t\t<p>Este territorio posee la oferta cultural y educativa m\u00e1s amplia de la ciudad, con una innumerable cantidad de corporaciones y entidades culturales, adem\u00e1s de la m\u00e1s amplia oferta educativa del territorio centro, su vocaci\u00f3n de alta mixtura permite proyectar un segmento de ciudad con toda la gama de bienes y servicios para el mejoramiento de la calidad de vida del medellinense.<\/p>\t\t\t\t\t<\/div>\n\t\t\t\t\t\t<\/div>\n\t\t\t\t<\/div>\n\t\t\t\t<div class=\"elementor-element elementor-element-834809a elementor-widget elementor-widget-heading\" data-id=\"834809a\" data-element_type=\"widget\" data-widget_type=\"heading.default\">\n\t\t\t\t<div class=\"elementor-widget-container\">\n\t\t\t<h2 class=\"elementor-heading-title elementor-size-default\"><b>Productos o servicios<\/b><\/h2>\t\t<\/div>\n\t\t\t\t<\/div>\n\t\t\t\t<div class=\"elementor-element elementor-element-749a1d0 elementor-widget elementor-widget-text-editor\" data-id=\"749a1d0\" data-element_type=\"widget\" data-widget_type=\"text-editor.default\">\n\t\t\t\t<div class=\"elementor-widget-container\">\n\t\t\t\t\t\t\t\t<div class=\"elementor-text-editor elementor-clearfix\">\n\t\t\t\t<ul><li>Vivienda<\/li><li>Educaci\u00f3n<\/li><li>Cultura<\/li><li>Teatro<\/li><li>M\u00fasica<\/li><li>Turismo patrimonial e hist\u00f3rico<\/li><li>Exposiciones<\/li><li>Restaurantes y caf\u00e9s<\/li><li>Conferencias<\/li><\/ul>\t\t\t\t\t<\/div>\n\t\t\t\t\t\t<\/div>\n\t\t\t\t<\/div>\n\t\t\t\t<div class=\"elementor-element elementor-element-5780554 elementor-widget elementor-widget-heading\" data-id=\"5780554\" data-element_type=\"widget\" data-widget_type=\"heading.default\">\n\t\t\t\t<div class=\"elementor-widget-container\">\n\t\t\t<h2 class=\"elementor-heading-title elementor-size-default\"><b>Padrinos o actores<\/b><\/h2>\t\t<\/div>\n\t\t\t\t<\/div>\n\t\t\t\t<div class=\"elementor-element elementor-element-d830dff elementor-widget elementor-widget-text-editor\" data-id=\"d830dff\" data-element_type=\"widget\" data-widget_type=\"text-editor.default\">\n\t\t\t\t<div class=\"elementor-widget-container\">\n\t\t\t\t\t\t\t\t<div class=\"elementor-text-editor elementor-clearfix\">\n\t\t\t\t<ul>\n<li>Sec. de Cultura Ciudadana<\/li>\n<li>Casa de la Memoria<\/li>\n<li>Lonja<\/li>\n<li>ISVIMED<\/li>\n<li>Placita de Flores<\/li>\n<li>Teatro Pablo Tob\u00f3n<\/li>\n<li>Bellas Artes<\/li>\n<li>Corpocentro<\/li>\n<li>Comfenalco<\/li>\n<li>Cl\u00ednica SOMA<\/li>\n<li>Teatro Popular de Medell\u00edn<\/li>\n<li>Peque\u00f1o Teatro<\/li>\n<li>Teatro Matacandelas<\/li>\n<li>Teatro Ex Fanfarria<\/li>\n<li>Congregaci\u00f3n Mariana<\/li>\n<li>COMFAMA<\/li>\n<li>Centro Colombo Americano<\/li>\n<li>Asociaci\u00f3n de Entidades Culturales &#8211; Asencultura<\/li>\n<li>Directivos de universidades<\/li>\n<li>JAC Candelaria<\/li>\n<li>Colegios<\/li>\n<li>Universidad de Antioquia<\/li>\n<li>Comando de la polic\u00eda<\/li>\n<li>Club Medell\u00edn<\/li>\n<li>Censa<\/li>\n<li>Registradur\u00eda Nacional<\/li>\n<li>Corporaci\u00f3n Ateneo Porfirio Barba Jacob<\/li>\n<li>Torres de Bombona<\/li>\n<li>Asobastilla<\/li>\n<li>Fenalco<\/li>\n<li>JAC Bombona<\/li>\n<\/ul>\t\t\t\t\t<\/div>\n\t\t\t\t\t\t<\/div>\n\t\t\t\t<\/div>\n\t\t\t\t<div class=\"elementor-element elementor-element-d0aafcb elementor-widget elementor-widget-heading\" data-id=\"d0aafcb\" data-element_type=\"widget\" data-widget_type=\"heading.default\">\n\t\t\t\t<div class=\"elementor-widget-container\">\n\t\t\t<h2 class=\"elementor-heading-title elementor-size-default\"><b>Barrios que conforman<\/b> el Territorio Cultural y Educativo<\/h2>\t\t<\/div>\n\t\t\t\t<\/div>\n\t\t\t\t<div class=\"elementor-element elementor-element-97c5033 elementor-widget elementor-widget-text-editor\" data-id=\"97c5033\" data-element_type=\"widget\" data-widget_type=\"text-editor.default\">\n\t\t\t\t<div class=\"elementor-widget-container\">\n\t\t\t\t\t\t\t\t<div class=\"elementor-text-editor elementor-clearfix\">\n\t\t\t\t<ul><li>Boston<\/li><li>La Candelaria<\/li><li>Bombon\u00e1<\/li><li>Col\u00f3n<\/li><li>Las Palmas<\/li><li>San Diego<\/li><\/ul>\t\t\t\t\t<\/div>\n\t\t\t\t\t\t<\/div>\n\t\t\t\t<\/div>\n\t\t\t\t\t\t<\/div>\n\t\t\t\t\t<\/div>\n\t\t<\/div>\n\t\t\t\t\t\t\t\t<\/div>\n\t\t\t\t\t<\/div>\n\t\t<\/section>\n\t\t\t\t\t\t\t\t\t<\/div>\n\t\t\t<\/div>\n\t\t\t\t\t<\/div>\n\t\t","protected":false},"excerpt":{"rendered":"<p>Territorio Cultural y Educativo del Centro de Medell\u00edn Este territorio posee la oferta cultural y educativa m\u00e1s amplia de la ciudad, con una innumerable cantidad de corporaciones y entidades culturales, adem\u00e1s de la m\u00e1s amplia &#8230;<\/p>\n","protected":false},"author":1,"featured_media":14421,"parent":13694,"menu_order":20,"comment_status":"closed","ping_status":"closed","template":"sec-gerencia-centro\/elementor.php","meta":[],"acf":[],"_links":{"self":[{"href":"https:\/\/www.medellin.gov.co\/es\/wp-json\/wp\/v2\/pages\/13704"}],"collection":[{"href":"https:\/\/www.medellin.gov.co\/es\/wp-json\/wp\/v2\/pages"}],"about":[{"href":"https:\/\/www.medellin.gov.co\/es\/wp-json\/wp\/v2\/types\/page"}],"author":[{"embeddable":true,"href":"https:\/\/www.medellin.gov.co\/es\/wp-json\/wp\/v2\/users\/1"}],"replies":[{"embeddable":true,"href":"https:\/\/www.medellin.gov.co\/es\/wp-json\/wp\/v2\/comments?post=13704"}],"version-history":[{"count":12,"href":"https:\/\/www.medellin.gov.co\/es\/wp-json\/wp\/v2\/pages\/13704\/revisions"}],"predecessor-version":[{"id":41500,"href":"https:\/\/www.medellin.gov.co\/es\/wp-json\/wp\/v2\/pages\/13704\/revisions\/41500"}],"up":[{"embeddable":true,"href":"https:\/\/www.medellin.gov.co\/es\/wp-json\/wp\/v2\/pages\/13694"}],"wp:featuredmedia":[{"embeddable":true,"href":"https:\/\/www.medellin.gov.co\/es\/wp-json\/wp\/v2\/media\/14421"}],"wp:attachment":[{"href":"https:\/\/www.medellin.gov.co\/es\/wp-json\/wp\/v2\/media?parent=13704"}],"curies":[{"name":"wp","href":"https:\/\/api.w.org\/{rel}","templated":true}]}}