{"id":13706,"date":"2021-09-13T18:51:18","date_gmt":"2021-09-13T23:51:18","guid":{"rendered":"https:\/\/www.medellin.gov.co\/es\/?page_id=13706"},"modified":"2022-03-17T09:32:26","modified_gmt":"2022-03-17T14:32:26","slug":"ambiental","status":"publish","type":"page","link":"https:\/\/www.medellin.gov.co\/es\/gerencia-del-centro\/territorios\/ambiental\/","title":{"rendered":"Territorio Ambiental del Centro de Medell\u00edn"},"content":{"rendered":"\t\t<div data-elementor-type=\"wp-page\" data-elementor-id=\"13706\" class=\"elementor elementor-13706\">\n\t\t\t\t\t\t<div class=\"elementor-inner\">\n\t\t\t\t<div class=\"elementor-section-wrap\">\n\t\t\t\t\t\t\t\t\t<section class=\"elementor-section elementor-top-section elementor-element elementor-element-72884af elementor-section-boxed elementor-section-height-default elementor-section-height-default\" data-id=\"72884af\" data-element_type=\"section\">\n\t\t\t\t\t\t<div class=\"elementor-container elementor-column-gap-default\">\n\t\t\t\t\t\t\t<div class=\"elementor-row\">\n\t\t\t\t\t<div class=\"elementor-column elementor-col-100 elementor-top-column elementor-element elementor-element-132b4ac\" data-id=\"132b4ac\" data-element_type=\"column\">\n\t\t\t<div class=\"elementor-column-wrap elementor-element-populated\">\n\t\t\t\t\t\t\t<div class=\"elementor-widget-wrap\">\n\t\t\t\t\t\t<div class=\"elementor-element elementor-element-ee73d11 elementor-widget elementor-widget-heading\" data-id=\"ee73d11\" data-element_type=\"widget\" data-widget_type=\"heading.default\">\n\t\t\t\t<div class=\"elementor-widget-container\">\n\t\t\t<h1 class=\"elementor-heading-title elementor-size-default\">Territorio Ambiental del Centro de Medell\u00edn <\/h1>\t\t<\/div>\n\t\t\t\t<\/div>\n\t\t\t\t<div class=\"elementor-element elementor-element-4cbc996 elementor-widget elementor-widget-image\" data-id=\"4cbc996\" data-element_type=\"widget\" data-widget_type=\"image.default\">\n\t\t\t\t<div class=\"elementor-widget-container\">\n\t\t\t\t\t\t\t\t<div class=\"elementor-image\">\n\t\t\t\t\t\t\t\t\t\t\t\t<img width=\"1024\" height=\"768\" src=\"https:\/\/www.medellin.gov.co\/es\/wp-content\/uploads\/2021\/10\/centro-comercial-san-diego.jpg\" class=\"attachment-full size-full\" alt=\"Centro comercial San Diego\" loading=\"lazy\" srcset=\"https:\/\/www.medellin.gov.co\/es\/wp-content\/uploads\/2021\/10\/centro-comercial-san-diego.jpg 1024w, https:\/\/www.medellin.gov.co\/es\/wp-content\/uploads\/2021\/10\/centro-comercial-san-diego-300x225.jpg 300w, https:\/\/www.medellin.gov.co\/es\/wp-content\/uploads\/2021\/10\/centro-comercial-san-diego-150x113.jpg 150w, https:\/\/www.medellin.gov.co\/es\/wp-content\/uploads\/2021\/10\/centro-comercial-san-diego-768x576.jpg 768w\" sizes=\"(max-width: 1024px) 100vw, 1024px\" \/>\t\t\t\t\t\t\t\t\t\t\t\t\t\t<\/div>\n\t\t\t\t\t\t<\/div>\n\t\t\t\t<\/div>\n\t\t\t\t<div class=\"elementor-element elementor-element-475dd5c elementor-widget elementor-widget-text-editor\" data-id=\"475dd5c\" data-element_type=\"widget\" data-widget_type=\"text-editor.default\">\n\t\t\t\t<div class=\"elementor-widget-container\">\n\t\t\t\t\t\t\t\t<div class=\"elementor-text-editor elementor-clearfix\">\n\t\t\t\t<p>Este es un territorio planteado para el disfrute de la naturaleza sin salir de la ciudad, el cerro la asomadera es su entorno principal. Llegar a la Asomadera es encontrarse con un espacio alejado del ruido y adentrarse en lo profundo de la naturaleza, encontrando un microclima producido por las guaduas. Usted puede alejarse y disfrutar de un ambiente tranquilo, adem\u00e1s de conocer el vivero y el banco de germoplasma all\u00ed presente. Tambi\u00e9n tendr\u00e1 una visi\u00f3n de la ciudad m\u00e1s amplia en el mirador y podr\u00e1 apreciar lo que esta nos brinda y toda su riqueza natural.<\/p>\t\t\t\t\t<\/div>\n\t\t\t\t\t\t<\/div>\n\t\t\t\t<\/div>\n\t\t\t\t<div class=\"elementor-element elementor-element-b665d17 elementor-widget elementor-widget-heading\" data-id=\"b665d17\" data-element_type=\"widget\" data-widget_type=\"heading.default\">\n\t\t\t\t<div class=\"elementor-widget-container\">\n\t\t\t<h2 class=\"elementor-heading-title elementor-size-default\"><b>Productos o servicios<\/b><\/h2>\t\t<\/div>\n\t\t\t\t<\/div>\n\t\t\t\t<div class=\"elementor-element elementor-element-af8ad2b elementor-widget elementor-widget-text-editor\" data-id=\"af8ad2b\" data-element_type=\"widget\" data-widget_type=\"text-editor.default\">\n\t\t\t\t<div class=\"elementor-widget-container\">\n\t\t\t\t\t\t\t\t<div class=\"elementor-text-editor elementor-clearfix\">\n\t\t\t\t<ul><li>Mirador natural<\/li><li>Ecoparque de Ciudad<\/li><li>Centro de Arribo para Conexi\u00f3n de Corredores Verdes<\/li><li>Vivienda y usos complementarios<\/li><li>Unidad Deportiva<\/li><li>Comercio<\/li><\/ul>\t\t\t\t\t<\/div>\n\t\t\t\t\t\t<\/div>\n\t\t\t\t<\/div>\n\t\t\t\t<div class=\"elementor-element elementor-element-b92be54 elementor-widget elementor-widget-heading\" data-id=\"b92be54\" data-element_type=\"widget\" data-widget_type=\"heading.default\">\n\t\t\t\t<div class=\"elementor-widget-container\">\n\t\t\t<h2 class=\"elementor-heading-title elementor-size-default\"><b>Padrinos o actores<\/b><\/h2>\t\t<\/div>\n\t\t\t\t<\/div>\n\t\t\t\t<div class=\"elementor-element elementor-element-3714a44 elementor-widget elementor-widget-text-editor\" data-id=\"3714a44\" data-element_type=\"widget\" data-widget_type=\"text-editor.default\">\n\t\t\t\t<div class=\"elementor-widget-container\">\n\t\t\t\t\t\t\t\t<div class=\"elementor-text-editor elementor-clearfix\">\n\t\t\t\t<ul>\n<li>Barrio Las Palmas<\/li>\n<li>Barrio San Diego<\/li>\n<li>\u00c1rea Metropolitana<\/li>\n<li>Alcald\u00eda de Medell\u00edn <\/li>\n<li>Inder<\/li>\n<li>Corantioquia<\/li>\n<li>JAC<\/li>\n<li>Hotel San Diego Plaza<\/li>\n<li>Hotel El Descanso Donde Sara<\/li>\n<li>Merkatronix<\/li>\n<li>Centro Comercial San Diego<\/li>\n<li>Falabella<\/li>\n<li>Casino R\u00edo<\/li>\n<li>Plazuelas de San Diego<\/li>\n<li>Galer\u00edas de San Diego<\/li>\n<li>Spa motor<\/li>\n<li>Mi hotel San Diego<\/li>\n<li>Kia el poblado<\/li>\n<li>Neurom\u00e9dica <\/li>\n<li>Salud Visual San Diego<\/li>\n<li>Parroquia San Anselmo<\/li>\n<li>Instituto Mariano Moren<\/li>\n<\/ul>\t\t\t\t\t<\/div>\n\t\t\t\t\t\t<\/div>\n\t\t\t\t<\/div>\n\t\t\t\t<div class=\"elementor-element elementor-element-9baaa42 elementor-widget elementor-widget-heading\" data-id=\"9baaa42\" data-element_type=\"widget\" data-widget_type=\"heading.default\">\n\t\t\t\t<div class=\"elementor-widget-container\">\n\t\t\t<h2 class=\"elementor-heading-title elementor-size-default\"><b>Barrios que conforman<\/b> el Territorio Ambiental<\/h2>\t\t<\/div>\n\t\t\t\t<\/div>\n\t\t\t\t<div class=\"elementor-element elementor-element-ab98fc0 elementor-widget elementor-widget-text-editor\" data-id=\"ab98fc0\" data-element_type=\"widget\" data-widget_type=\"text-editor.default\">\n\t\t\t\t<div class=\"elementor-widget-container\">\n\t\t\t\t\t\t\t\t<div class=\"elementor-text-editor elementor-clearfix\">\n\t\t\t\t<ul><li>San Diego<\/li><li>Col\u00f3n<\/li><\/ul>\t\t\t\t\t<\/div>\n\t\t\t\t\t\t<\/div>\n\t\t\t\t<\/div>\n\t\t\t\t\t\t<\/div>\n\t\t\t\t\t<\/div>\n\t\t<\/div>\n\t\t\t\t\t\t\t\t<\/div>\n\t\t\t\t\t<\/div>\n\t\t<\/section>\n\t\t\t\t\t\t\t\t\t<\/div>\n\t\t\t<\/div>\n\t\t\t\t\t<\/div>\n\t\t","protected":false},"excerpt":{"rendered":"<p>Territorio Ambiental del Centro de Medell\u00edn Este es un territorio planteado para el disfrute de la naturaleza sin salir de la ciudad, el cerro la asomadera es su entorno principal. Llegar a la Asomadera es &#8230;<\/p>\n","protected":false},"author":1,"featured_media":14421,"parent":13694,"menu_order":25,"comment_status":"closed","ping_status":"closed","template":"sec-gerencia-centro\/elementor.php","meta":[],"acf":[],"_links":{"self":[{"href":"https:\/\/www.medellin.gov.co\/es\/wp-json\/wp\/v2\/pages\/13706"}],"collection":[{"href":"https:\/\/www.medellin.gov.co\/es\/wp-json\/wp\/v2\/pages"}],"about":[{"href":"https:\/\/www.medellin.gov.co\/es\/wp-json\/wp\/v2\/types\/page"}],"author":[{"embeddable":true,"href":"https:\/\/www.medellin.gov.co\/es\/wp-json\/wp\/v2\/users\/1"}],"replies":[{"embeddable":true,"href":"https:\/\/www.medellin.gov.co\/es\/wp-json\/wp\/v2\/comments?post=13706"}],"version-history":[{"count":49,"href":"https:\/\/www.medellin.gov.co\/es\/wp-json\/wp\/v2\/pages\/13706\/revisions"}],"predecessor-version":[{"id":26832,"href":"https:\/\/www.medellin.gov.co\/es\/wp-json\/wp\/v2\/pages\/13706\/revisions\/26832"}],"up":[{"embeddable":true,"href":"https:\/\/www.medellin.gov.co\/es\/wp-json\/wp\/v2\/pages\/13694"}],"wp:featuredmedia":[{"embeddable":true,"href":"https:\/\/www.medellin.gov.co\/es\/wp-json\/wp\/v2\/media\/14421"}],"wp:attachment":[{"href":"https:\/\/www.medellin.gov.co\/es\/wp-json\/wp\/v2\/media?parent=13706"}],"curies":[{"name":"wp","href":"https:\/\/api.w.org\/{rel}","templated":true}]}}