{"id":13715,"date":"2021-09-13T18:52:16","date_gmt":"2021-09-13T23:52:16","guid":{"rendered":"https:\/\/www.medellin.gov.co\/es\/?page_id=13715"},"modified":"2021-11-04T11:49:30","modified_gmt":"2021-11-04T16:49:30","slug":"patrimonial","status":"publish","type":"page","link":"https:\/\/www.medellin.gov.co\/es\/gerencia-del-centro\/territorios\/patrimonial\/","title":{"rendered":"Territorio Patrimonial del Centro de Medell\u00edn"},"content":{"rendered":"\t\t<div data-elementor-type=\"wp-page\" data-elementor-id=\"13715\" class=\"elementor elementor-13715\">\n\t\t\t\t\t\t<div class=\"elementor-inner\">\n\t\t\t\t<div class=\"elementor-section-wrap\">\n\t\t\t\t\t\t\t\t\t<section class=\"elementor-section elementor-top-section elementor-element elementor-element-5d6ad6c elementor-section-boxed elementor-section-height-default elementor-section-height-default\" data-id=\"5d6ad6c\" data-element_type=\"section\">\n\t\t\t\t\t\t<div class=\"elementor-container elementor-column-gap-default\">\n\t\t\t\t\t\t\t<div class=\"elementor-row\">\n\t\t\t\t\t<div class=\"elementor-column elementor-col-100 elementor-top-column elementor-element elementor-element-93e3548\" data-id=\"93e3548\" data-element_type=\"column\">\n\t\t\t<div class=\"elementor-column-wrap elementor-element-populated\">\n\t\t\t\t\t\t\t<div class=\"elementor-widget-wrap\">\n\t\t\t\t\t\t<div class=\"elementor-element elementor-element-4e303b0 elementor-widget elementor-widget-heading\" data-id=\"4e303b0\" data-element_type=\"widget\" data-widget_type=\"heading.default\">\n\t\t\t\t<div class=\"elementor-widget-container\">\n\t\t\t<h1 class=\"elementor-heading-title elementor-size-default\">Territorio Patrimonial del Centro de Medell\u00edn <\/h1>\t\t<\/div>\n\t\t\t\t<\/div>\n\t\t\t\t<div class=\"elementor-element elementor-element-dae4620 elementor-widget elementor-widget-image\" data-id=\"dae4620\" data-element_type=\"widget\" data-widget_type=\"image.default\">\n\t\t\t\t<div class=\"elementor-widget-container\">\n\t\t\t\t\t\t\t\t<div class=\"elementor-image\">\n\t\t\t\t\t\t\t\t\t\t\t\t<img width=\"1024\" height=\"575\" src=\"https:\/\/www.medellin.gov.co\/es\/wp-content\/uploads\/2021\/10\/distrito-patrimonial.jpg\" class=\"attachment-full size-full\" alt=\"Distrito Patrimonial\" loading=\"lazy\" srcset=\"https:\/\/www.medellin.gov.co\/es\/wp-content\/uploads\/2021\/10\/distrito-patrimonial.jpg 1024w, https:\/\/www.medellin.gov.co\/es\/wp-content\/uploads\/2021\/10\/distrito-patrimonial-300x168.jpg 300w, https:\/\/www.medellin.gov.co\/es\/wp-content\/uploads\/2021\/10\/distrito-patrimonial-150x84.jpg 150w, https:\/\/www.medellin.gov.co\/es\/wp-content\/uploads\/2021\/10\/distrito-patrimonial-768x431.jpg 768w\" sizes=\"(max-width: 1024px) 100vw, 1024px\" \/>\t\t\t\t\t\t\t\t\t\t\t\t\t\t<\/div>\n\t\t\t\t\t\t<\/div>\n\t\t\t\t<\/div>\n\t\t\t\t<div class=\"elementor-element elementor-element-c6b776a elementor-widget elementor-widget-text-editor\" data-id=\"c6b776a\" data-element_type=\"widget\" data-widget_type=\"text-editor.default\">\n\t\t\t\t<div class=\"elementor-widget-container\">\n\t\t\t\t\t\t\t\t<div class=\"elementor-text-editor elementor-clearfix\">\n\t\t\t\t<p>Prado Centro es la arteria principal del coraz\u00f3n de Medell\u00edn; la danza, el teatro, la m\u00fasica y la gastronom\u00eda son apenas una muestra de la variedad cultural que ofrece el barrio. Las imponentes casas coloniales son un referente de la riqueza arquitect\u00f3nica del sector y luchan por conservarse para seguir contando la historia del Centro de Medell\u00edn.<\/p>\t\t\t\t\t<\/div>\n\t\t\t\t\t\t<\/div>\n\t\t\t\t<\/div>\n\t\t\t\t<div class=\"elementor-element elementor-element-3a371e4 elementor-widget elementor-widget-heading\" data-id=\"3a371e4\" data-element_type=\"widget\" data-widget_type=\"heading.default\">\n\t\t\t\t<div class=\"elementor-widget-container\">\n\t\t\t<h2 class=\"elementor-heading-title elementor-size-default\"><b>Productos o servicios<\/b><\/h2>\t\t<\/div>\n\t\t\t\t<\/div>\n\t\t\t\t<div class=\"elementor-element elementor-element-1e97bdc elementor-widget elementor-widget-text-editor\" data-id=\"1e97bdc\" data-element_type=\"widget\" data-widget_type=\"text-editor.default\">\n\t\t\t\t<div class=\"elementor-widget-container\">\n\t\t\t\t\t\t\t\t<div class=\"elementor-text-editor elementor-clearfix\">\n\t\t\t\t<ul><li>Cultura<\/li><li>Vivienda<\/li><li>Educativa<\/li><li>Institucional<\/li><li>Salud <\/li><li>Ruta patrimonial<\/li><\/ul>\t\t\t\t\t<\/div>\n\t\t\t\t\t\t<\/div>\n\t\t\t\t<\/div>\n\t\t\t\t<div class=\"elementor-element elementor-element-3a575e3 elementor-widget elementor-widget-heading\" data-id=\"3a575e3\" data-element_type=\"widget\" data-widget_type=\"heading.default\">\n\t\t\t\t<div class=\"elementor-widget-container\">\n\t\t\t<h2 class=\"elementor-heading-title elementor-size-default\"><b>Padrinos o actores<\/b><\/h2>\t\t<\/div>\n\t\t\t\t<\/div>\n\t\t\t\t<div class=\"elementor-element elementor-element-a9133b1 elementor-widget elementor-widget-text-editor\" data-id=\"a9133b1\" data-element_type=\"widget\" data-widget_type=\"text-editor.default\">\n\t\t\t\t<div class=\"elementor-widget-container\">\n\t\t\t\t\t\t\t\t<div class=\"elementor-text-editor elementor-clearfix\">\n\t\t\t\t<ul><li>Mesa Cultural de Prado<\/li><li>M\u00e1s de 30 entidades conforman la pluralidad que integra al sector<\/li><li>Directivas centros culturales y educativos<\/li><li>Grupos de vig\u00eda<\/li><li>Juntas de Acci\u00f3n Comunal<\/li><li>Instituciones educativas<\/li><li>Diferentes grupos \u00e9tnicos<\/li><li>Torre Medica Prado<\/li><li>Iglesia Espiritu Santo<\/li><li>Iglesia Doce Ap\u00f3stoles<\/li><li>Preuniversitario Formarte<\/li><li>Universidad CES<\/li><\/ul>\t\t\t\t\t<\/div>\n\t\t\t\t\t\t<\/div>\n\t\t\t\t<\/div>\n\t\t\t\t<div class=\"elementor-element elementor-element-0196852 elementor-widget elementor-widget-heading\" data-id=\"0196852\" data-element_type=\"widget\" data-widget_type=\"heading.default\">\n\t\t\t\t<div class=\"elementor-widget-container\">\n\t\t\t<h2 class=\"elementor-heading-title elementor-size-default\"><b>Barrios que conforman<\/b> el Territorio Patrimonial<\/h2>\t\t<\/div>\n\t\t\t\t<\/div>\n\t\t\t\t<div class=\"elementor-element elementor-element-d54746f elementor-widget elementor-widget-text-editor\" data-id=\"d54746f\" data-element_type=\"widget\" data-widget_type=\"text-editor.default\">\n\t\t\t\t<div class=\"elementor-widget-container\">\n\t\t\t\t\t\t\t\t<div class=\"elementor-text-editor elementor-clearfix\">\n\t\t\t\t<ul><li>Prado<\/li><\/ul>\t\t\t\t\t<\/div>\n\t\t\t\t\t\t<\/div>\n\t\t\t\t<\/div>\n\t\t\t\t\t\t<\/div>\n\t\t\t\t\t<\/div>\n\t\t<\/div>\n\t\t\t\t\t\t\t\t<\/div>\n\t\t\t\t\t<\/div>\n\t\t<\/section>\n\t\t\t\t\t\t\t\t\t<\/div>\n\t\t\t<\/div>\n\t\t\t\t\t<\/div>\n\t\t","protected":false},"excerpt":{"rendered":"<p>Territorio Patrimonial del Centro de Medell\u00edn Prado Centro es la arteria principal del coraz\u00f3n de Medell\u00edn; la danza, el teatro, la m\u00fasica y la gastronom\u00eda son apenas una muestra de la variedad cultural que ofrece &#8230;<\/p>\n","protected":false},"author":1,"featured_media":14421,"parent":13694,"menu_order":35,"comment_status":"closed","ping_status":"closed","template":"sec-gerencia-centro\/elementor.php","meta":[],"acf":[],"_links":{"self":[{"href":"https:\/\/www.medellin.gov.co\/es\/wp-json\/wp\/v2\/pages\/13715"}],"collection":[{"href":"https:\/\/www.medellin.gov.co\/es\/wp-json\/wp\/v2\/pages"}],"about":[{"href":"https:\/\/www.medellin.gov.co\/es\/wp-json\/wp\/v2\/types\/page"}],"author":[{"embeddable":true,"href":"https:\/\/www.medellin.gov.co\/es\/wp-json\/wp\/v2\/users\/1"}],"replies":[{"embeddable":true,"href":"https:\/\/www.medellin.gov.co\/es\/wp-json\/wp\/v2\/comments?post=13715"}],"version-history":[{"count":18,"href":"https:\/\/www.medellin.gov.co\/es\/wp-json\/wp\/v2\/pages\/13715\/revisions"}],"predecessor-version":[{"id":26828,"href":"https:\/\/www.medellin.gov.co\/es\/wp-json\/wp\/v2\/pages\/13715\/revisions\/26828"}],"up":[{"embeddable":true,"href":"https:\/\/www.medellin.gov.co\/es\/wp-json\/wp\/v2\/pages\/13694"}],"wp:featuredmedia":[{"embeddable":true,"href":"https:\/\/www.medellin.gov.co\/es\/wp-json\/wp\/v2\/media\/14421"}],"wp:attachment":[{"href":"https:\/\/www.medellin.gov.co\/es\/wp-json\/wp\/v2\/media?parent=13715"}],"curies":[{"name":"wp","href":"https:\/\/api.w.org\/{rel}","templated":true}]}}